{"id":15522,"date":"2025-03-26T09:50:32","date_gmt":"2025-03-26T08:50:32","guid":{"rendered":"https:\/\/stage.poppersparadise.eu\/product\/black-label-verdovend-glijmiddel-op-waterbasis-500-ml\/"},"modified":"2025-08-26T10:15:43","modified_gmt":"2025-08-26T08:15:43","slug":"fist-it-black-label-narcotic-lubrykant-na-bazie-wody-500-ml","status":"publish","type":"product","link":"https:\/\/stage.poppersparadise.eu\/pl\/product\/fist-it-black-label-narcotic-lubrykant-na-bazie-wody-500-ml\/","title":{"rendered":"Fist-It Black Label Narkotyczny lubrykant na bazie wody - 500 ml"},"content":{"rendered":"<h2 class=\"font-bold text-h3 leading-[40px] pt-[21px] pb-[2px] [&amp;_a]:underline-offset-[6px] [&amp;_.underline]:underline-offset-[6px]\" dir=\"ltr\">Fist It Black Label Numbing Lubricant - 500 ml<\/h2>\n<p class=\"text-body font-regular leading-[24px] pt-[9px] pb-[2px]\" dir=\"ltr\">Przekraczaj swoje granice dzi\u0119ki <b><strong class=\"font-bold\">Fist It Black Label Numbing Lubricant - 500 ml<\/strong><\/b>. Ten wysokiej jako\u015bci lubrykant zosta\u0142 specjalnie opracowany, aby przenie\u015b\u0107 intymne przygody na nowy poziom. Unikalna formu\u0142a na bazie wody jest cudownie kremowa i zapewnia zar\u00f3wno komfort, jak i intensywn\u0105 przyjemno\u015b\u0107. Idealny dla ka\u017cdego, kto szuka bezpiecznych, luksusowych dozna\u0144.<\/p>\n<h3 class=\"font-bold text-h4 leading-[30px] pt-[15px] pb-[2px] [&amp;_a]:underline-offset-[6px] [&amp;_.underline]:underline-offset-[6px]\" dir=\"ltr\">Specyfikacja:<\/h3>\n<ul class=\"pt-[9px] pb-[2px] pl-[24px] list-inside list-disc pt-[5px]\">\n<li class=\"text-body font-regular leading-[24px] my-[5px] [&amp;&gt;ol]:!pt-0 [&amp;&gt;ol]:!pb-0 [&amp;&gt;ul]:!pt-0 [&amp;&gt;ul]:!pb-0\" value=\"1\"><b><strong class=\"font-bold\">Na bazie wody:<\/strong><\/b> Bezpieczny w u\u017cyciu i \u0142atwy do zmycia.<\/li>\n<li class=\"text-body font-regular leading-[24px] my-[5px] [&amp;&gt;ol]:!pt-0 [&amp;&gt;ol]:!pb-0 [&amp;&gt;ul]:!pt-0 [&amp;&gt;ul]:!pb-0\" value=\"2\"><b><strong class=\"font-bold\">Odpowiedni dla m\u0119\u017cczyzn i kobiet:<\/strong><\/b> Idealny do u\u017cytku indywidualnego lub z partnerem.<\/li>\n<li class=\"text-body font-regular leading-[24px] my-[5px] [&amp;&gt;ol]:!pt-0 [&amp;&gt;ol]:!pb-0 [&amp;&gt;ul]:!pt-0 [&amp;&gt;ul]:!pb-0\" value=\"3\"><b><strong class=\"font-bold\">Kompatybilny z prezerwatywami lateksowymi:<\/strong><\/b> Bezpieczny do stosowania z prezerwatywami.<\/li>\n<li class=\"text-body font-regular leading-[24px] my-[5px] [&amp;&gt;ol]:!pt-0 [&amp;&gt;ol]:!pb-0 [&amp;&gt;ul]:!pt-0 [&amp;&gt;ul]:!pb-0\" value=\"4\"><b><strong class=\"font-bold\">Opakowanie 500 ml:<\/strong><\/b> Du\u017cy rozmiar zapewnia d\u0142ugotrwa\u0142\u0105 zabaw\u0119.<\/li>\n<li class=\"text-body font-regular leading-[24px] my-[5px] [&amp;&gt;ol]:!pt-0 [&amp;&gt;ol]:!pb-0 [&amp;&gt;ul]:!pt-0 [&amp;&gt;ul]:!pb-0\" value=\"5\"><b><strong class=\"font-bold\">Naturalne doznania:<\/strong><\/b> Imituje pe\u0142n\u0105, g\u0142adk\u0105 tekstur\u0119 nasienia, zapewniaj\u0105c realistyczne odczucia.<\/li>\n<li class=\"text-body font-regular leading-[24px] my-[5px] [&amp;&gt;ol]:!pt-0 [&amp;&gt;ol]:!pb-0 [&amp;&gt;ul]:!pt-0 [&amp;&gt;ul]:!pb-0\" value=\"6\"><b><strong class=\"font-bold\">Kremowa konsystencja:<\/strong><\/b> Zapewnia bezwysi\u0142kowy po\u015blizg i maksymalny komfort.<\/li>\n<\/ul>\n<h3 class=\"font-bold text-h4 leading-[30px] pt-[15px] pb-[2px] [&amp;_a]:underline-offset-[6px] [&amp;_.underline]:underline-offset-[6px]\" dir=\"ltr\">Sk\u0142adniki:<\/h3>\n<p class=\"text-body font-regular leading-[24px] pt-[9px] pb-[2px]\" dir=\"ltr\">Aqua, Glycers, Styrene\/Acrylates Copolymer, Phenoxyethanol, Propylene Glycol, Acrylates\/C10-30 Alkyl Acrylate Crosspolymer, Xanthan Gum, Menthol, Sodium Hydroxide, Ethylhexylglycerin.<\/p>\n<p class=\"text-body font-regular leading-[24px] pt-[9px] pb-[2px]\" dir=\"ltr\">Z <b><strong class=\"font-bold\">Fist It Black Label Numbing Lubricant<\/strong><\/b> masz gwarancj\u0119 ekscytuj\u0105cych, dekadenckich dozna\u0144 - ca\u0142kowicie bezpiecznych i profesjonalnie opracowanych. Idealny na wiecz\u00f3r pe\u0142en zabawy i zmys\u0142owej eksploracji.<\/p>","protected":false},"excerpt":{"rendered":"<p>Fist Sprawia, \u017ce sesje fistingu lub fistingu s\u0105 \u0142atwiejsze, lepsze i bardziej intensywne. Nasza kolekcja oferuje r\u00f3\u017cne lubrykanty, w tym analne \u015brodki rozlu\u017aniaj\u0105ce, bardzo g\u0119ste, naturalne i znieczulaj\u0105ce. Ka\u017cdy lubrykant zosta\u0142 zaprojektowany w celu zwi\u0119kszenia dozna\u0144 i przyjemno\u015bci.<\/p>","protected":false},"featured_media":16636,"comment_status":"open","ping_status":"closed","template":"","meta":[],"product_brand":[],"product_cat":[479,671],"product_tag":[],"class_list":{"0":"post-15522","1":"product","2":"type-product","3":"status-publish","4":"has-post-thumbnail","6":"product_cat-drogist","7":"product_cat-glijmiddelen","9":"first","10":"instock","11":"taxable","12":"shipping-taxable","13":"purchasable","14":"product-type-simple"},"_links":{"self":[{"href":"https:\/\/stage.poppersparadise.eu\/pl\/wp-json\/wp\/v2\/product\/15522","targetHints":{"allow":["GET"]}}],"collection":[{"href":"https:\/\/stage.poppersparadise.eu\/pl\/wp-json\/wp\/v2\/product"}],"about":[{"href":"https:\/\/stage.poppersparadise.eu\/pl\/wp-json\/wp\/v2\/types\/product"}],"replies":[{"embeddable":true,"href":"https:\/\/stage.poppersparadise.eu\/pl\/wp-json\/wp\/v2\/comments?post=15522"}],"wp:featuredmedia":[{"embeddable":true,"href":"https:\/\/stage.poppersparadise.eu\/pl\/wp-json\/wp\/v2\/media\/16636"}],"wp:attachment":[{"href":"https:\/\/stage.poppersparadise.eu\/pl\/wp-json\/wp\/v2\/media?parent=15522"}],"wp:term":[{"taxonomy":"product_brand","embeddable":true,"href":"https:\/\/stage.poppersparadise.eu\/pl\/wp-json\/wp\/v2\/product_brand?post=15522"},{"taxonomy":"product_cat","embeddable":true,"href":"https:\/\/stage.poppersparadise.eu\/pl\/wp-json\/wp\/v2\/product_cat?post=15522"},{"taxonomy":"product_tag","embeddable":true,"href":"https:\/\/stage.poppersparadise.eu\/pl\/wp-json\/wp\/v2\/product_tag?post=15522"}],"curies":[{"name":"wp","href":"https:\/\/api.w.org\/{rel}","templated":true}]}}