{"id":15547,"date":"2025-03-26T09:51:42","date_gmt":"2025-03-26T08:51:42","guid":{"rendered":"https:\/\/stage.poppersparadise.eu\/product\/anaal-ontspanner-300-ml\/"},"modified":"2025-09-21T14:16:24","modified_gmt":"2025-09-21T12:16:24","slug":"fist-it-anal-relaxer-300-ml","status":"publish","type":"product","link":"https:\/\/stage.poppersparadise.eu\/pl\/product\/fist-it-anal-relaxer-300-ml\/","title":{"rendered":"Fist-It Anal Relaxer - 300 ml"},"content":{"rendered":"<h2 class=\"font-bold text-h3 leading-[40px] pt-[21px] pb-[2px] [&amp;_a]:underline-offset-[6px] [&amp;_.underline]:underline-offset-[6px]\" dir=\"ltr\">Fist-It rozlu\u017aniacz analny - 300 ml<\/h2>\n<p class=\"text-body font-regular leading-[24px] pt-[9px] pb-[2px]\" dir=\"ltr\">Jeste\u015b fanem fistingu analnego? W takim razie lubrykant analny Fist-It jest idealnym produktem dla Ciebie! Ten lubrykant na bazie wody zosta\u0142 specjalnie zaprojektowany, aby uczyni\u0107 seks analny bardziej komfortowym i mo\u017ce by\u0107 r\u00f3wnie\u017c stosowany dopochwowo. Dzi\u0119ki \u0142agodnemu efektowi znieczulenia jest szczeg\u00f3lnie odpowiedni dla pocz\u0105tkuj\u0105cych, kt\u00f3rzy szukaj\u0105 dodatkowego komfortu. Nasmaruj wybran\u0105 cz\u0119\u015b\u0107 cia\u0142a po\u017c\u0105dan\u0105 ilo\u015bci\u0105 i powtarzaj, je\u015bli to konieczne, tak cz\u0119sto, jak chcesz. Dzi\u0119ki \u015bwie\u017cemu mentolowemu zapachowi i kompatybilno\u015bci z lateksowymi prezerwatywami i r\u0119kawiczkami mo\u017cesz beztrosko cieszy\u0107 si\u0119 ekscytuj\u0105cymi doznaniami. Dzi\u0119ki du\u017cej pojemno\u015bci do 1 litra, produkt ten zapewnia d\u0142ugotrwa\u0142\u0105 przyjemno\u015b\u0107. Kr\u00f3tko m\u00f3wi\u0105c, Fist-It Anal Relaxer - 300 ml to idealny partner dla najwy\u017cszej przyjemno\u015bci. Ciesz si\u0119 jazd\u0105!<\/p>\n<h3 class=\"font-bold text-h4 leading-[30px] pt-[15px] pb-[2px] [&amp;_a]:underline-offset-[6px] [&amp;_.underline]:underline-offset-[6px]\" dir=\"ltr\">Specyfikacja:<\/h3>\n<ul class=\"pt-[9px] pb-[2px] pl-[24px] list-inside list-disc pt-[5px]\">\n<li class=\"text-body font-regular leading-[24px] my-[5px] [&amp;&gt;ol]:!pt-0 [&amp;&gt;ol]:!pb-0 [&amp;&gt;ul]:!pt-0 [&amp;&gt;ul]:!pb-0\" value=\"1\"><b><strong class=\"font-bold\">Marka:<\/strong><\/b> Fist-It<\/li>\n<li class=\"text-body font-regular leading-[24px] my-[5px] [&amp;&gt;ol]:!pt-0 [&amp;&gt;ol]:!pb-0 [&amp;&gt;ul]:!pt-0 [&amp;&gt;ul]:!pb-0\" value=\"2\"><b><strong class=\"font-bold\">Ilo\u015b\u0107:<\/strong><\/b> Do wyboru 300 ml, 500 ml lub 1000 ml<\/li>\n<li class=\"text-body font-regular leading-[24px] my-[5px] [&amp;&gt;ol]:!pt-0 [&amp;&gt;ol]:!pb-0 [&amp;&gt;ul]:!pt-0 [&amp;&gt;ul]:!pb-0\" value=\"3\"><b><strong class=\"font-bold\">Kolor:<\/strong><\/b> Bia\u0142y<\/li>\n<li class=\"text-body font-regular leading-[24px] my-[5px] [&amp;&gt;ol]:!pt-0 [&amp;&gt;ol]:!pb-0 [&amp;&gt;ul]:!pt-0 [&amp;&gt;ul]:!pb-0\" value=\"4\"><b><strong class=\"font-bold\">Typ:<\/strong><\/b> Smar na bazie wody<\/li>\n<li class=\"text-body font-regular leading-[24px] my-[5px] [&amp;&gt;ol]:!pt-0 [&amp;&gt;ol]:!pb-0 [&amp;&gt;ul]:!pt-0 [&amp;&gt;ul]:!pb-0\" value=\"5\"><b><strong class=\"font-bold\">Szczeg\u00f3\u0142y:<\/strong><\/b><\/li>\n<li class=\"text-body font-regular leading-[24px] my-[5px] [&amp;&gt;ol]:!pt-0 [&amp;&gt;ol]:!pb-0 [&amp;&gt;ul]:!pt-0 [&amp;&gt;ul]:!pb-0 list-none\" value=\"6\">\n<ul class=\"pt-[9px] pb-[2px] pl-[24px] list-inside list-disc pt-[5px]\">\n<li class=\"text-body font-regular leading-[24px] my-[5px] [&amp;&gt;ol]:!pt-0 [&amp;&gt;ol]:!pb-0 [&amp;&gt;ul]:!pt-0 [&amp;&gt;ul]:!pb-0\" value=\"1\">Rozlu\u017ania odbyt<\/li>\n<li class=\"text-body font-regular leading-[24px] my-[5px] [&amp;&gt;ol]:!pt-0 [&amp;&gt;ol]:!pb-0 [&amp;&gt;ul]:!pt-0 [&amp;&gt;ul]:!pb-0\" value=\"2\">Nadaje si\u0119 do u\u017cytku analnego i waginalnego<\/li>\n<li class=\"text-body font-regular leading-[24px] my-[5px] [&amp;&gt;ol]:!pt-0 [&amp;&gt;ol]:!pb-0 [&amp;&gt;ul]:!pt-0 [&amp;&gt;ul]:!pb-0\" value=\"3\">Przyjazny dla prezerwatyw i r\u0119kawic<\/li>\n<li class=\"text-body font-regular leading-[24px] my-[5px] [&amp;&gt;ol]:!pt-0 [&amp;&gt;ol]:!pb-0 [&amp;&gt;ul]:!pt-0 [&amp;&gt;ul]:!pb-0\" value=\"4\">\u015awie\u017cy mentolowy zapach<\/li>\n<\/ul>\n<\/li>\n<\/ul>","protected":false},"excerpt":{"rendered":"<p>Fist Sprawia, \u017ce sesje fistingu lub fistingu s\u0105 \u0142atwiejsze, lepsze i bardziej intensywne. Nasza kolekcja oferuje r\u00f3\u017cne lubrykanty, w tym analne \u015brodki rozlu\u017aniaj\u0105ce, bardzo g\u0119ste, naturalne i znieczulaj\u0105ce. Ka\u017cdy lubrykant zosta\u0142 zaprojektowany w celu zwi\u0119kszenia dozna\u0144 i przyjemno\u015bci.<\/p>","protected":false},"featured_media":15546,"comment_status":"open","ping_status":"closed","template":"","meta":[],"product_brand":[],"product_cat":[479,671],"product_tag":[],"class_list":{"0":"post-15547","1":"product","2":"type-product","3":"status-publish","4":"has-post-thumbnail","6":"product_cat-drogist","7":"product_cat-glijmiddelen","9":"first","10":"instock","11":"taxable","12":"shipping-taxable","13":"purchasable","14":"product-type-simple"},"_links":{"self":[{"href":"https:\/\/stage.poppersparadise.eu\/pl\/wp-json\/wp\/v2\/product\/15547","targetHints":{"allow":["GET"]}}],"collection":[{"href":"https:\/\/stage.poppersparadise.eu\/pl\/wp-json\/wp\/v2\/product"}],"about":[{"href":"https:\/\/stage.poppersparadise.eu\/pl\/wp-json\/wp\/v2\/types\/product"}],"replies":[{"embeddable":true,"href":"https:\/\/stage.poppersparadise.eu\/pl\/wp-json\/wp\/v2\/comments?post=15547"}],"wp:featuredmedia":[{"embeddable":true,"href":"https:\/\/stage.poppersparadise.eu\/pl\/wp-json\/wp\/v2\/media\/15546"}],"wp:attachment":[{"href":"https:\/\/stage.poppersparadise.eu\/pl\/wp-json\/wp\/v2\/media?parent=15547"}],"wp:term":[{"taxonomy":"product_brand","embeddable":true,"href":"https:\/\/stage.poppersparadise.eu\/pl\/wp-json\/wp\/v2\/product_brand?post=15547"},{"taxonomy":"product_cat","embeddable":true,"href":"https:\/\/stage.poppersparadise.eu\/pl\/wp-json\/wp\/v2\/product_cat?post=15547"},{"taxonomy":"product_tag","embeddable":true,"href":"https:\/\/stage.poppersparadise.eu\/pl\/wp-json\/wp\/v2\/product_tag?post=15547"}],"curies":[{"name":"wp","href":"https:\/\/api.w.org\/{rel}","templated":true}]}}