{"id":15559,"date":"2025-03-26T09:52:16","date_gmt":"2025-03-26T08:52:16","guid":{"rendered":"https:\/\/stage.poppersparadise.eu\/product\/extra-dik-glijmiddel-500-ml\/"},"modified":"2025-08-29T14:19:17","modified_gmt":"2025-08-29T12:19:17","slug":"smar-fist-it-extra-thick-500-ml","status":"publish","type":"product","link":"https:\/\/stage.poppersparadise.eu\/pl\/product\/smar-fist-it-extra-thick-500-ml\/","title":{"rendered":"Fist-It Extra Thick Lubricant - 500 ml"},"content":{"rendered":"<h2 class=\"font-bold text-h3 leading-[40px] pt-[21px] pb-[2px] [&amp;_a]:underline-offset-[6px] [&amp;_.underline]:underline-offset-[6px]\" dir=\"ltr\">Fist-It Extra Thick Lubricant - 500 ml<\/h2>\n<p class=\"text-body font-regular leading-[24px] pt-[9px] pb-[2px]\" dir=\"ltr\">Fist-It Extra Thick Lube zosta\u0142 specjalnie zaprojektowany dla entuzjast\u00f3w fistingu i zapewnia optymalny komfort podczas intensywnych sesji. Ten lubrykant na bazie wody jest \u0142atwy w aplikacji nawet w najtrudniejszych momentach. Dzi\u0119ki du\u017cej pojemno\u015bci 300 ml, 500 ml lub 1000 ml jest idealny zar\u00f3wno dla okazjonalnych, jak i cz\u0119stych u\u017cytkownik\u00f3w. Produkt jest testowany dermatologicznie, nie zawiera t\u0142uszczu i jest ca\u0142kowicie bezpieczny dla prezerwatyw lateksowych i wszelkiego rodzaju zabawek erotycznych. Co wi\u0119cej, jest bezwonny, bezbarwny i bezsmakowy, dzi\u0119ki czemu jest dyskretny i wszechstronny w u\u017cyciu.<\/p>\n<h3 class=\"font-bold text-h4 leading-[30px] pt-[15px] pb-[2px] [&amp;_a]:underline-offset-[6px] [&amp;_.underline]:underline-offset-[6px]\" dir=\"ltr\">specyfikacje:<\/h3>\n<ul class=\"pt-[9px] pb-[2px] pl-[24px] list-inside list-disc pt-[5px]\">\n<li class=\"text-body font-regular leading-[24px] my-[5px] [&amp;&gt;ol]:!pt-0 [&amp;&gt;ol]:!pb-0 [&amp;&gt;ul]:!pt-0 [&amp;&gt;ul]:!pb-0\" value=\"1\">Dost\u0119pne ilo\u015bci: 300 ml, 500 ml, 1000 ml<\/li>\n<li class=\"text-body font-regular leading-[24px] my-[5px] [&amp;&gt;ol]:!pt-0 [&amp;&gt;ol]:!pb-0 [&amp;&gt;ul]:!pt-0 [&amp;&gt;ul]:!pb-0\" value=\"2\">\u0141atwy w u\u017cyciu na bazie wody<\/li>\n<li class=\"text-body font-regular leading-[24px] my-[5px] [&amp;&gt;ol]:!pt-0 [&amp;&gt;ol]:!pb-0 [&amp;&gt;ul]:!pt-0 [&amp;&gt;ul]:!pb-0\" value=\"3\">Bezpieczny z prezerwatywami lateksowymi i zabawkami erotycznymi<\/li>\n<li class=\"text-body font-regular leading-[24px] my-[5px] [&amp;&gt;ol]:!pt-0 [&amp;&gt;ol]:!pb-0 [&amp;&gt;ul]:!pt-0 [&amp;&gt;ul]:!pb-0\" value=\"4\">Testowany dermatologicznie i bezt\u0142uszczowy<\/li>\n<li class=\"text-body font-regular leading-[24px] my-[5px] [&amp;&gt;ol]:!pt-0 [&amp;&gt;ol]:!pb-0 [&amp;&gt;ul]:!pt-0 [&amp;&gt;ul]:!pb-0\" value=\"5\">Bezwonny, bezbarwny i bez smaku<\/li>\n<li class=\"text-body font-regular leading-[24px] my-[5px] [&amp;&gt;ol]:!pt-0 [&amp;&gt;ol]:!pb-0 [&amp;&gt;ul]:!pt-0 [&amp;&gt;ul]:!pb-0\" value=\"6\">Sk\u0142adniki: woda, gliceryna, hydroksyetyloceluloza, benzoesan sodu, sorbinian potasu, wodorotlenek sodu, kwas cytrynowy.<\/li>\n<\/ul>","protected":false},"excerpt":{"rendered":"<p>Fist Sprawia, \u017ce sesje fistingu lub fistingu s\u0105 \u0142atwiejsze, lepsze i bardziej intensywne. Nasza kolekcja oferuje r\u00f3\u017cne lubrykanty, w tym analne \u015brodki rozlu\u017aniaj\u0105ce, bardzo g\u0119ste, naturalne i znieczulaj\u0105ce. Ka\u017cdy lubrykant zosta\u0142 zaprojektowany w celu zwi\u0119kszenia dozna\u0144 i przyjemno\u015bci.<\/p>","protected":false},"featured_media":15558,"comment_status":"open","ping_status":"closed","template":"","meta":[],"product_brand":[],"product_cat":[479,671],"product_tag":[],"class_list":{"0":"post-15559","1":"product","2":"type-product","3":"status-publish","4":"has-post-thumbnail","6":"product_cat-drogist","7":"product_cat-glijmiddelen","9":"first","10":"instock","11":"taxable","12":"shipping-taxable","13":"purchasable","14":"product-type-simple"},"_links":{"self":[{"href":"https:\/\/stage.poppersparadise.eu\/pl\/wp-json\/wp\/v2\/product\/15559","targetHints":{"allow":["GET"]}}],"collection":[{"href":"https:\/\/stage.poppersparadise.eu\/pl\/wp-json\/wp\/v2\/product"}],"about":[{"href":"https:\/\/stage.poppersparadise.eu\/pl\/wp-json\/wp\/v2\/types\/product"}],"replies":[{"embeddable":true,"href":"https:\/\/stage.poppersparadise.eu\/pl\/wp-json\/wp\/v2\/comments?post=15559"}],"wp:featuredmedia":[{"embeddable":true,"href":"https:\/\/stage.poppersparadise.eu\/pl\/wp-json\/wp\/v2\/media\/15558"}],"wp:attachment":[{"href":"https:\/\/stage.poppersparadise.eu\/pl\/wp-json\/wp\/v2\/media?parent=15559"}],"wp:term":[{"taxonomy":"product_brand","embeddable":true,"href":"https:\/\/stage.poppersparadise.eu\/pl\/wp-json\/wp\/v2\/product_brand?post=15559"},{"taxonomy":"product_cat","embeddable":true,"href":"https:\/\/stage.poppersparadise.eu\/pl\/wp-json\/wp\/v2\/product_cat?post=15559"},{"taxonomy":"product_tag","embeddable":true,"href":"https:\/\/stage.poppersparadise.eu\/pl\/wp-json\/wp\/v2\/product_tag?post=15559"}],"curies":[{"name":"wp","href":"https:\/\/api.w.org\/{rel}","templated":true}]}}