{"id":15605,"date":"2025-03-26T18:46:24","date_gmt":"2025-03-26T17:46:24","guid":{"rendered":"https:\/\/stage.poppersparadise.eu\/?post_type=product&#038;p=15605"},"modified":"2025-08-16T12:07:28","modified_gmt":"2025-08-16T10:07:28","slug":"rush-poppers-party-pack-5-x-24ml","status":"publish","type":"product","link":"https:\/\/stage.poppersparadise.eu\/pl\/product\/rush-poppers-party-pack-5-x-24ml\/","title":{"rendered":"Rush Party Pack 5 x 24ml + Gratis XTRM SNFFR"},"content":{"rendered":"<h2 class=\"wp-block-heading\">Stw\u00f3rz sw\u00f3j w\u0142asny zestaw imprezowy Rush<\/h2>\n\n\n\n<p>Uzupe\u0142nij swoj\u0105 imprez\u0119 o <strong>Rush Poppers Zestaw imprezowy 5 x 24 ml<\/strong>! Wybierz pi\u0119\u0107 w\u0142asnych butelek Rush 24ml z naszej obszernej listy r\u00f3\u017cnych odmian. Dodaj osobisty akcent do swojej imprezy dzi\u0119ki ulubionym odmianom Rush. Co wi\u0119cej, skorzystaj z bezp\u0142atnego <strong><strong><strong><strong>XTRM SNFFR<\/strong><\/strong> <strong>o warto\u015bci 9,95<\/strong><\/strong><\/strong> przy zakupie <strong>ORAZ uzyska\u0107 15% dodatkowej zni\u017cki<\/strong> na butelk\u0119!<\/p>\n\n\n\n<h3 class=\"wp-block-heading\"><strong>Wybierz spo\u015br\u00f3d swoich ulubionych odmian:<\/strong><\/h3>\n\n\n\n<ul class=\"wp-block-list\">\n<li>Rush Butanol Black Label 24ml<\/li>\n\n\n\n<li>Gold Rush 24ml<\/li>\n\n\n\n<li>Rush 24ml<\/li>\n\n\n\n<li>Rush Imperial Gold 24ml<\/li>\n\n\n\n<li>Rush Amyl 24ml<\/li>\n\n\n\n<li>Rush Butanol 24ml<\/li>\n\n\n\n<li>Super Rush Black Label 24ml<\/li>\n\n\n\n<li>Rush Copper Deluxe 24ml<\/li>\n\n\n\n<li>Super Rush Cosmic Power 24ml<\/li>\n\n\n\n<li>Super Rush 24ml<\/li>\n\n\n\n<li>Rush Zero Red Distilled 24ml<\/li>\n\n\n\n<li>Rush Zero 24ml<\/li>\n\n\n\n<li>Rush Brut Premium 24ml<\/li>\n<\/ul>\n\n\n\n<h3 class=\"wp-block-heading\">Dodatkowe korzy\u015bci<\/h3>\n\n\n\n<ul class=\"wp-block-list\">\n<li><strong>Dodatki w zestawie:<\/strong> XTRM SNFFR gratis do zam\u00f3wienia.<\/li>\n\n\n\n<li><strong>Unikalna zni\u017cka:<\/strong> Otrzymaj 15% dodatkowej zni\u017cki na butelk\u0119 przy zakupie tego produktu.<\/li>\n<\/ul>\n\n\n\n<h3 class=\"wp-block-heading\">Jak to dzia\u0142a?<\/h3>\n\n\n\n<p>Wystarczy wybra\u0107 dziesi\u0119\u0107 butelek z listy i stworzy\u0107 w\u0142asny, niepowtarzalny pakiet. Idealny do dzielenia si\u0119 lub cieszenia si\u0119 nim w wyj\u0105tkowych chwilach.<\/p>\n\n\n\n<h3 class=\"wp-block-heading\">Wa\u017cne informacje<\/h3>\n\n\n\n<p>Tych produkt\u00f3w nale\u017cy u\u017cywa\u0107 wy\u0142\u0105cznie jako dyfuzor\u00f3w zapachowych lub rozpuszczalnik\u00f3w czyszcz\u0105cych. Nie nadaj\u0105 si\u0119 one do spo\u017cycia przez ludzi i nie nale\u017cy ich wdycha\u0107. Butelki nale\u017cy przechowywa\u0107 w ch\u0142odnym, ciemnym miejscu i szczelnie zamyka\u0107 po u\u017cyciu.<\/p>\n\n\n\n<h3 class=\"wp-block-heading\">Ostrze\u017cenia<\/h3>\n\n\n\n<ul class=\"wp-block-list\">\n<li>Wysoce \u0142atwopalna ciecz i pary (H225).<\/li>\n\n\n\n<li>Powoduje podra\u017cnienie sk\u00f3ry i oczu (H315\/H319).<\/li>\n\n\n\n<li>Dzia\u0142a toksycznie przez drogi oddechowe (H331).<\/li>\n\n\n\n<li>Stosowa\u0107 wy\u0142\u0105cznie zgodnie z zaleceniami.<\/li>\n<\/ul>\n\n\n\n<h3 class=\"wp-block-heading\">Przechowywanie<\/h3>\n\n\n\n<p>Przechowywa\u0107 w ch\u0142odnym i suchym miejscu. Przechowywa\u0107 w miejscu niedost\u0119pnym dla dzieci.<\/p>\n\n\n\n<h3 class=\"wp-block-heading\">Kraj pochodzenia<\/h3>\n\n\n\n<p>UE.<\/p>\n\n\n\n<p>Ju\u017c dzi\u015b skompletuj sw\u00f3j w\u0142asny zestaw imprezowy Rush i odkryj wszechstronno\u015b\u0107 tych wysokiej jako\u015bci dyfuzor\u00f3w zapachowych!<\/p>","protected":false},"excerpt":{"rendered":"<p><strong><br \/>KOMPATYBILNE AKCESORIA:<\/strong><\/p>\n<ul>\n<li><a href=\"https:\/\/stage.poppersparadise.eu\/pl\/kategoria-produktu\/akcesoria\/sniffery-duze\/\">Sniffers Large<\/a><\/li>\n<li><a href=\"https:\/\/stage.poppersparadise.eu\/pl\/product\/xtrm-poppers-holder-large\/\">XTRM Poppers Uchwyt du\u017cy<\/a><\/li>\n<li><a href=\"https:\/\/stage.poppersparadise.eu\/pl\/product\/xtrm-poppers-keeper-large-24ml\/\">XTRM Poppers Keeper Large<\/a><\/li>\n<\/ul>","protected":false},"featured_media":15740,"comment_status":"open","ping_status":"closed","template":"","meta":[],"product_brand":[751],"product_cat":[33],"product_tag":[],"class_list":{"0":"post-15605","1":"product","2":"type-product","3":"status-publish","4":"has-post-thumbnail","6":"product_brand-rush","7":"product_cat-party-packs","9":"first","10":"instock","11":"sale","12":"taxable","13":"shipping-taxable","14":"purchasable","15":"product-type-simple"},"_links":{"self":[{"href":"https:\/\/stage.poppersparadise.eu\/pl\/wp-json\/wp\/v2\/product\/15605","targetHints":{"allow":["GET"]}}],"collection":[{"href":"https:\/\/stage.poppersparadise.eu\/pl\/wp-json\/wp\/v2\/product"}],"about":[{"href":"https:\/\/stage.poppersparadise.eu\/pl\/wp-json\/wp\/v2\/types\/product"}],"replies":[{"embeddable":true,"href":"https:\/\/stage.poppersparadise.eu\/pl\/wp-json\/wp\/v2\/comments?post=15605"}],"wp:featuredmedia":[{"embeddable":true,"href":"https:\/\/stage.poppersparadise.eu\/pl\/wp-json\/wp\/v2\/media\/15740"}],"wp:attachment":[{"href":"https:\/\/stage.poppersparadise.eu\/pl\/wp-json\/wp\/v2\/media?parent=15605"}],"wp:term":[{"taxonomy":"product_brand","embeddable":true,"href":"https:\/\/stage.poppersparadise.eu\/pl\/wp-json\/wp\/v2\/product_brand?post=15605"},{"taxonomy":"product_cat","embeddable":true,"href":"https:\/\/stage.poppersparadise.eu\/pl\/wp-json\/wp\/v2\/product_cat?post=15605"},{"taxonomy":"product_tag","embeddable":true,"href":"https:\/\/stage.poppersparadise.eu\/pl\/wp-json\/wp\/v2\/product_tag?post=15605"}],"curies":[{"name":"wp","href":"https:\/\/api.w.org\/{rel}","templated":true}]}}