{"id":15754,"date":"2025-03-31T17:23:24","date_gmt":"2025-03-31T15:23:24","guid":{"rendered":"https:\/\/stage.poppersparadise.eu\/?post_type=product&#038;p=15754"},"modified":"2025-08-16T11:56:05","modified_gmt":"2025-08-16T09:56:05","slug":"amsterdam-poppers-party-pack-5-x-10ml","status":"publish","type":"product","link":"https:\/\/stage.poppersparadise.eu\/pl\/product\/amsterdam-poppers-party-pack-5-x-10ml\/","title":{"rendered":"Amsterdam Party Pack 5 x 10ml + Gratis XTRM SNFFR"},"content":{"rendered":"<h2 class=\"wp-block-heading\">Stw\u00f3rz sw\u00f3j w\u0142asny zestaw imprezowy Amsterdam<\/h2>\n\n\n\n<p>Uzupe\u0142nij swoje doznania zapachowe o Amsterdam Poppers Party Pack 5 x 10ml! Stw\u00f3rz sw\u00f3j w\u0142asny pakiet, wybieraj\u0105c pi\u0119\u0107 butelek Amsterdam 10ml z naszej szerokiej oferty. Dodaj osobisty charakter swoim ulubionym wariantom i ciesz si\u0119 dodatkowymi korzy\u015bciami z zam\u00f3wienia.<\/p>\n\n\n\n<h3 class=\"wp-block-heading\"><strong> <\/strong>Wybierz spo\u015br\u00f3d swoich ulubionych odmian:<\/h3>\n\n\n\n<ul class=\"wp-block-list\">\n<li><a href=\"https:\/\/stage.poppersparadise.eu\/pl\/product\/amsterdam-10ml-poppers\/\">Amsterdam 10ml<\/a><\/li>\n\n\n\n<li><a href=\"https:\/\/stage.poppersparadise.eu\/pl\/product\/amsterdam-xxx-ultra-strong-poppers-10ml\/\">Amsterdam XXX Ultra Strong 10ml<\/a><\/li>\n\n\n\n<li><a href=\"https:\/\/stage.poppersparadise.eu\/pl\/product\/amsterdam-xxx-pride-poppers-10ml\/\">Amsterdam XXX Pride 10ml<\/a><\/li>\n\n\n\n<li><a href=\"https:\/\/stage.poppersparadise.eu\/en\/product\/amsterdam-ultra-gold-poppers-10ml\/\">Amsterdam Ultra Gold 10ml<\/a><\/li>\n\n\n\n<li><a href=\"https:\/\/stage.poppersparadise.eu\/pl\/product\/nowy-amsterdam-10ml-poppers-2\/\">Amsterdam The New 10ml<\/a><\/li>\n\n\n\n<li><a href=\"https:\/\/stage.poppersparadise.eu\/pl\/product\/amsterdam-zero-poppers-10ml\/\">Amsterdam Zero 10ml<\/a><\/li>\n\n\n\n<li><a href=\"https:\/\/stage.poppersparadise.eu\/pl\/product\/amsterdam-special-poppers-10ml\/\">Amsterdam Special 10ml<\/a><\/li>\n\n\n\n<li><a href=\"https:\/\/stage.poppersparadise.eu\/pl\/product\/amsterdam-butanol-10ml\/\">Amsterdam Butanol 10ml<\/a><\/li>\n\n\n\n<li><a href=\"https:\/\/stage.poppersparadise.eu\/pl\/product\/adam-poppers-10ml\/\">Amsterdam A'Dam 10ml<\/a><\/li>\n\n\n\n<li><a href=\"https:\/\/stage.poppersparadise.eu\/pl\/product\/poppery-amsterdam-10-ml-z-adapterem-2\/\">Amsterdam 10 ml z adapterem<\/a><\/li>\n<\/ul>\n\n\n\n<h3 class=\"wp-block-heading\">Dodatkowe korzy\u015bci<\/h3>\n\n\n\n<ul class=\"wp-block-list\">\n<li><strong>Bezp\u0142atny dodatek<\/strong>XTRM SNFFR (o warto\u015bci 9,95 \u20ac) w prezencie do zam\u00f3wienia.<\/li>\n\n\n\n<li><strong>Wyj\u0105tkowa zni\u017cka<\/strong>Skorzystaj z 15% dodatkowej zni\u017cki na butelk\u0119 przy zakupie tego pakietu.<\/li>\n<\/ul>\n\n\n\n<h3 class=\"wp-block-heading\">Jak to dzia\u0142a?<\/h3>\n\n\n\n<p>Wystarczy wybra\u0107 pi\u0119\u0107 butelek z listy i stworzy\u0107 w\u0142asny, niepowtarzalny pakiet. Idealny do dzielenia si\u0119 lub cieszenia si\u0119 nim w wyj\u0105tkowych chwilach.<\/p>\n\n\n\n<h3 class=\"wp-block-heading\">Wa\u017cne informacje<\/h3>\n\n\n\n<p>Tych produkt\u00f3w nale\u017cy u\u017cywa\u0107 wy\u0142\u0105cznie jako dyfuzor\u00f3w zapachowych lub rozpuszczalnik\u00f3w czyszcz\u0105cych. Nie nadaj\u0105 si\u0119 one do spo\u017cycia przez ludzi i nie nale\u017cy ich wdycha\u0107. Butelki nale\u017cy przechowywa\u0107 w ch\u0142odnym, ciemnym miejscu i szczelnie zamyka\u0107 po u\u017cyciu.<\/p>\n\n\n\n<h3 class=\"wp-block-heading\">Ostrze\u017cenia<\/h3>\n\n\n\n<ul class=\"wp-block-list\">\n<li>Wysoce \u0142atwopalna ciecz i pary (H225).<\/li>\n\n\n\n<li>Powoduje podra\u017cnienie sk\u00f3ry i oczu (H315\/H319).<\/li>\n\n\n\n<li>Dzia\u0142a toksycznie przez drogi oddechowe (H331).<\/li>\n\n\n\n<li>Stosowa\u0107 wy\u0142\u0105cznie zgodnie z zaleceniami.<\/li>\n<\/ul>\n\n\n\n<h3 class=\"wp-block-heading\">Przechowywanie<\/h3>\n\n\n\n<p>Przechowywa\u0107 w ch\u0142odnym i suchym miejscu. Przechowywa\u0107 w miejscu niedost\u0119pnym dla dzieci.<\/p>\n\n\n\n<h3 class=\"wp-block-heading\">Kraj pochodzenia<\/h3>\n\n\n\n<p>UE.<\/p>\n\n\n\n<p>Ju\u017c dzi\u015b skompletuj sw\u00f3j w\u0142asny zestaw imprezowy Amsterdam i odkryj wszechstronno\u015b\u0107 tych wysokiej jako\u015bci dyfuzor\u00f3w zapachowych!<\/p>","protected":false},"excerpt":{"rendered":"<p><strong><br \/>KOMPATYBILNE AKCESORIA:<\/strong><\/p>\n<ul>\n<li><a href=\"https:\/\/stage.poppersparadise.eu\/pl\/kategoria-produktu\/akcesoria\/sniffery-male\/\">Sniffers Small<\/a><\/li>\n<li><a href=\"https:\/\/stage.poppersparadise.eu\/pl\/product\/xtrm-poppers-houder-zwart-small\/\">XTRM Poppers Uchwyt ma\u0142y<\/a><\/li>\n<li><a href=\"https:\/\/stage.poppersparadise.eu\/pl\/product\/xtrm-poppers-keeper-small-10ml\/\">XTRM Poppers Keeper Small<\/a><\/li>\n<\/ul>","protected":false},"featured_media":15755,"comment_status":"open","ping_status":"closed","template":"","meta":[],"product_brand":[735],"product_cat":[33],"product_tag":[],"class_list":{"0":"post-15754","1":"product","2":"type-product","3":"status-publish","4":"has-post-thumbnail","6":"product_brand-amsterdam","7":"product_cat-party-packs","9":"first","10":"instock","11":"sale","12":"taxable","13":"shipping-taxable","14":"purchasable","15":"product-type-simple"},"_links":{"self":[{"href":"https:\/\/stage.poppersparadise.eu\/pl\/wp-json\/wp\/v2\/product\/15754","targetHints":{"allow":["GET"]}}],"collection":[{"href":"https:\/\/stage.poppersparadise.eu\/pl\/wp-json\/wp\/v2\/product"}],"about":[{"href":"https:\/\/stage.poppersparadise.eu\/pl\/wp-json\/wp\/v2\/types\/product"}],"replies":[{"embeddable":true,"href":"https:\/\/stage.poppersparadise.eu\/pl\/wp-json\/wp\/v2\/comments?post=15754"}],"wp:featuredmedia":[{"embeddable":true,"href":"https:\/\/stage.poppersparadise.eu\/pl\/wp-json\/wp\/v2\/media\/15755"}],"wp:attachment":[{"href":"https:\/\/stage.poppersparadise.eu\/pl\/wp-json\/wp\/v2\/media?parent=15754"}],"wp:term":[{"taxonomy":"product_brand","embeddable":true,"href":"https:\/\/stage.poppersparadise.eu\/pl\/wp-json\/wp\/v2\/product_brand?post=15754"},{"taxonomy":"product_cat","embeddable":true,"href":"https:\/\/stage.poppersparadise.eu\/pl\/wp-json\/wp\/v2\/product_cat?post=15754"},{"taxonomy":"product_tag","embeddable":true,"href":"https:\/\/stage.poppersparadise.eu\/pl\/wp-json\/wp\/v2\/product_tag?post=15754"}],"curies":[{"name":"wp","href":"https:\/\/api.w.org\/{rel}","templated":true}]}}