{"id":16013,"date":"2025-04-11T09:40:10","date_gmt":"2025-04-11T07:40:10","guid":{"rendered":"https:\/\/stage.poppersparadise.eu\/?post_type=product&#038;p=16013"},"modified":"2025-09-18T15:03:01","modified_gmt":"2025-09-18T13:03:01","slug":"pakiet-imprezowy-kosmiczna-moc","status":"publish","type":"product","link":"https:\/\/stage.poppersparadise.eu\/pl\/product\/pakiet-imprezowy-kosmiczna-moc\/","title":{"rendered":"Cosmic Power Party Pack 5 x 24ml + Gratis XTRM SNFFR"},"content":{"rendered":"<h2 class=\"wp-block-heading\">Stw\u00f3rz sw\u00f3j w\u0142asny zestaw imprezowy Cosmic Power 5 x 24 ml poppers\u00f3w - Twoja impreza, Tw\u00f3j wyb\u00f3r!<\/h2>\n\n\n\n<p>Uzupe\u0142nij swoj\u0105 imprez\u0119 o&nbsp;<strong>Cosmic Power Zestaw imprezowy 5 x 24 ml poppers\u00f3w<\/strong>! Wybierz pi\u0119\u0107 w\u0142asnych butelek z naszej szerokiej gamy odmian Cosmic Power i dodaj osobisty akcent do swojego do\u015bwiadczenia. Dzi\u0119ki temu pakietowi nie tylko b\u0119dziesz cieszy\u0107 si\u0119 swoimi ulubionymi odmianami, ale tak\u017ce otrzymasz <strong>Darmowy XTRM SNFFR o warto\u015bci 9,95 \u20ac plus 15% dodatkowej zni\u017cki na butelk\u0119<\/strong>. Idealny na imprezy lub do wypr\u00f3bowania r\u00f3\u017cnych wariant\u00f3w!<\/p>\n\n\n\n<h3 class=\"wp-block-heading\">Wybierz spo\u015br\u00f3d swoich ulubionych odmian:<\/h3>\n\n\n\n<ul class=\"wp-block-list\">\n<li><strong>Super Rush Cosmic Power 24ml<\/strong><\/li>\n\n\n\n<li><strong>Amsterdam Xxx Cosmic Power 24ml<\/strong><\/li>\n\n\n\n<li><strong>Meta Cosmic Power 24ml<\/strong><\/li>\n\n\n\n<li><strong>Rush Cosmic Power 24ml<\/strong><\/li>\n<\/ul>\n\n\n\n<h3 class=\"wp-block-heading\">Najwa\u017cniejsze cechy zestawu imprezowego Cosmic Power<\/h3>\n\n\n\n<ul class=\"wp-block-list\">\n<li><strong>Wyb\u00f3r osobisty<\/strong>Stw\u00f3rz sw\u00f3j w\u0142asny pakiet z pi\u0119cioma butelkami o pojemno\u015bci 24 ml z naszej obszernej listy.<\/li>\n\n\n\n<li><strong>Bezp\u0142atny dodatek<\/strong>: Do zam\u00f3wienia nale\u017cy do\u0142\u0105czy\u0107 zestaw XTRM SNFFR (o warto\u015bci 9,95 \u20ac).<\/li>\n\n\n\n<li><strong>Wyj\u0105tkowa zni\u017cka<\/strong>15% dodatkowej zni\u017cki na butelk\u0119 przy zakupie tego pakietu.<\/li>\n\n\n\n<li><strong>Wszechstronne zastosowanie<\/strong>: Idealny na imprezy lub do odkrywania r\u00f3\u017cnych wariant\u00f3w.<\/li>\n<\/ul>\n\n\n\n<h3 class=\"wp-block-heading\">Jak korzysta\u0107 z zestawu imprezowego Cosmic Power.<\/h3>\n\n\n\n<p>Poppers\u00f3w z zestawu imprezowego Cosmic Power nale\u017cy u\u017cywa\u0107 wy\u0142\u0105cznie jako dyfuzor\u00f3w zapachowych lub rozpuszczalnik\u00f3w czyszcz\u0105cych. Nie nadaj\u0105 si\u0119 one do spo\u017cycia przez ludzi i nie nale\u017cy ich wdycha\u0107. Przechowuj butelki w ch\u0142odnym, ciemnym miejscu, aby zachowa\u0107 ich jako\u015b\u0107, a po u\u017cyciu szczelnie je zamknij.<\/p>\n\n\n\n<h3 class=\"wp-block-heading\">Dlaczego zestaw imprezowy Cosmic Power jest faworytem<\/h3>\n\n\n\n<p>Party Pack Cosmic Power oferuje najwy\u017csz\u0105 elastyczno\u015b\u0107 i warto\u015b\u0107. Wybieraj\u0105c swoje ulubione warianty i korzystaj\u0105c z darmowego zestawu XTRM SNFFR i dodatkowej zni\u017cki, ten pakiet jest idealny dla entuzjast\u00f3w szukaj\u0105cych r\u00f3\u017cnorodno\u015bci i korzy\u015bci.<\/p>\n\n\n\n<h3 class=\"wp-block-heading\">Ostrze\u017cenia<\/h3>\n\n\n\n<ul class=\"wp-block-list\">\n<li>Wysoce \u0142atwopalna ciecz i pary (H225).<\/li>\n\n\n\n<li>Powoduje podra\u017cnienie sk\u00f3ry i oczu (H315\/H319).<\/li>\n\n\n\n<li>Dzia\u0142a toksycznie przez drogi oddechowe (H331).<\/li>\n\n\n\n<li>Nie jest lekiem. U\u017cywa\u0107 na w\u0142asne ryzyko.<\/li>\n<\/ul>\n\n\n\n<h3 class=\"wp-block-heading\">U\u017cycie<\/h3>\n\n\n\n<p>Przeznaczony wy\u0142\u0105cznie jako dyfuzor zapachowy lub rozpuszczalnik do czyszczenia.<br>Nie nadaje si\u0119 do spo\u017cycia przez ludzi i nie powinien by\u0107 wdychany.<\/p>\n\n\n\n<h3 class=\"wp-block-heading\">Przechowywanie<\/h3>\n\n\n\n<p>Przechowywa\u0107 w ch\u0142odnym i suchym miejscu. Przechowywa\u0107 w miejscu niedost\u0119pnym dla dzieci.<\/p>\n\n\n\n<h3 class=\"wp-block-heading\">Kraj pochodzenia<\/h3>\n\n\n\n<p>UE.<\/p>\n\n\n\n<p>Zestaw imprezowy Cosmic Power 5 x 24 ml poppers\u00f3w pozwala skompletowa\u0107 najlepszy zestaw imprezowy. Odkryj swoje ulubione ju\u017c dzi\u015b i spraw, \u017ce ka\u017cda impreza b\u0119dzie niezapomniana! \ud83c\udf89<\/p>\n\n\n\n<p><\/p>","protected":false},"excerpt":{"rendered":"<p><strong><br \/>KOMPATYBILNE AKCESORIA:<\/strong><\/p>\n<ul>\n<li><a href=\"https:\/\/stage.poppersparadise.eu\/pl\/kategoria-produktu\/akcesoria\/sniffery-duze\/\">Sniffers Large<\/a><\/li>\n<li><a href=\"https:\/\/stage.poppersparadise.eu\/pl\/product\/xtrm-poppers-holder-large\/\">XTRM Poppers Uchwyt du\u017cy<\/a><\/li>\n<li><a href=\"https:\/\/stage.poppersparadise.eu\/pl\/product\/xtrm-poppers-keeper-large-24ml\/\">XTRM Poppers Keeper Large<\/a><\/li>\n<\/ul>","protected":false},"featured_media":16014,"comment_status":"open","ping_status":"closed","template":"","meta":[],"product_brand":[740],"product_cat":[33],"product_tag":[],"class_list":{"0":"post-16013","1":"product","2":"type-product","3":"status-publish","4":"has-post-thumbnail","6":"product_brand-cosmic-power","7":"product_cat-party-packs","9":"first","10":"instock","11":"sale","12":"taxable","13":"shipping-taxable","14":"purchasable","15":"product-type-simple"},"_links":{"self":[{"href":"https:\/\/stage.poppersparadise.eu\/pl\/wp-json\/wp\/v2\/product\/16013","targetHints":{"allow":["GET"]}}],"collection":[{"href":"https:\/\/stage.poppersparadise.eu\/pl\/wp-json\/wp\/v2\/product"}],"about":[{"href":"https:\/\/stage.poppersparadise.eu\/pl\/wp-json\/wp\/v2\/types\/product"}],"replies":[{"embeddable":true,"href":"https:\/\/stage.poppersparadise.eu\/pl\/wp-json\/wp\/v2\/comments?post=16013"}],"wp:featuredmedia":[{"embeddable":true,"href":"https:\/\/stage.poppersparadise.eu\/pl\/wp-json\/wp\/v2\/media\/16014"}],"wp:attachment":[{"href":"https:\/\/stage.poppersparadise.eu\/pl\/wp-json\/wp\/v2\/media?parent=16013"}],"wp:term":[{"taxonomy":"product_brand","embeddable":true,"href":"https:\/\/stage.poppersparadise.eu\/pl\/wp-json\/wp\/v2\/product_brand?post=16013"},{"taxonomy":"product_cat","embeddable":true,"href":"https:\/\/stage.poppersparadise.eu\/pl\/wp-json\/wp\/v2\/product_cat?post=16013"},{"taxonomy":"product_tag","embeddable":true,"href":"https:\/\/stage.poppersparadise.eu\/pl\/wp-json\/wp\/v2\/product_tag?post=16013"}],"curies":[{"name":"wp","href":"https:\/\/api.w.org\/{rel}","templated":true}]}}