{"id":16651,"date":"2025-05-02T16:50:06","date_gmt":"2025-05-02T14:50:06","guid":{"rendered":"https:\/\/stage.poppersparadise.eu\/?post_type=product&#038;p=16651"},"modified":"2025-10-06T14:08:29","modified_gmt":"2025-10-06T12:08:29","slug":"poppery-glory-hole-25-ml","status":"publish","type":"product","link":"https:\/\/stage.poppersparadise.eu\/pl\/product\/poppery-glory-hole-25-ml\/","title":{"rendered":"Glory Hole 25ml"},"content":{"rendered":"<h2 class=\"wp-block-heading\">Poppery Glory Hole 25ml - intensywne, wszechstronne i wysokiej jako\u015bci<\/h2>\n\n\n\n<p>Poppersy Glory Hole 25ml zosta\u0142y specjalnie zaprojektowane dla u\u017cytkownik\u00f3w poszukuj\u0105cych silnych dozna\u0144 zapachowych. Dzi\u0119ki wysokiej jako\u015bci formule opartej na azotynie propylu i du\u017cej pojemno\u015bci butelki 25 ml, produkt ten oferuje najwy\u017cszej jako\u015bci doznania zapachowe idealne na pe\u0142ne przyg\u00f3d i intymne chwile.<\/p>\n\n\n\n<h3 class=\"wp-block-heading\">Kluczowe cechy Glory Hole 25ml<\/h3>\n\n\n\n<ul class=\"wp-block-list\">\n<li><strong>Wydajna formu\u0142a<\/strong>Zawiera azotyn propylu zapewniaj\u0105cy intensywn\u0105 dyfuzj\u0119 zapachu.<\/li>\n\n\n\n<li><strong>Bogata zawarto\u015b\u0107<\/strong>Wi\u0119ksza butelka o pojemno\u015bci 25 ml zapewnia d\u0142u\u017csze u\u017cytkowanie i maksymalny efekt.<\/li>\n\n\n\n<li><strong>Wysoka jako\u015b\u0107<\/strong>Produkowane zgodnie z surowymi francuskimi standardami jako\u015bci.<\/li>\n\n\n\n<li><strong>Odpowiedni dla ka\u017cdego<\/strong>: Idealny zar\u00f3wno dla pocz\u0105tkuj\u0105cych, jak i do\u015bwiadczonych u\u017cytkownik\u00f3w.<\/li>\n<\/ul>\n\n\n\n<h3 class=\"wp-block-heading\">Dlaczego Glory Hole jest faworytem<\/h3>\n\n\n\n<p>Poppery Glory Hole 25ml \u0142\u0105cz\u0105 pot\u0119\u017cn\u0105 formu\u0142\u0119 z du\u017c\u0105 zawarto\u015bci\u0105 i przyjazn\u0105 dla u\u017cytkownika konstrukcj\u0105. Uwielbiany za swoj\u0105 niezawodno\u015b\u0107 i intensywno\u015b\u0107, produkt jest idealnym wyborem dla tych, kt\u00f3rzy szukaj\u0105 najwy\u017cszej jako\u015bci dozna\u0144 zapachowych. Niezale\u017cnie od tego, czy jeste\u015b nowy w tym \u015bwiecie, czy ju\u017c do\u015bwiadczony, Glory Hole oferuje wyj\u0105tkowe i niezapomniane wra\u017cenia.<\/p>\n\n\n\n<h3 class=\"wp-block-heading\">Jak korzysta\u0107 z Glory Hole 25ml?<\/h3>\n\n\n\n<p>Glory Hole 25ml nale\u017cy stosowa\u0107 wy\u0142\u0105cznie jako dyspergator zapach\u00f3w lub rozpuszczalnik czyszcz\u0105cy. Nie nadaje si\u0119 do spo\u017cycia przez ludzi i nie nale\u017cy go wdycha\u0107. Produkt nale\u017cy przechowywa\u0107 w ch\u0142odnym i suchym miejscu, a po u\u017cyciu szczelnie zamkn\u0105\u0107 butelk\u0119.<\/p>\n\n\n\n<h3 class=\"wp-block-heading\">Ostrze\u017cenia<\/h3>\n\n\n\n<ul class=\"wp-block-list\">\n<li>Wysoce \u0142atwopalna ciecz i pary (H225).<\/li>\n\n\n\n<li>Powoduje podra\u017cnienie sk\u00f3ry i oczu (H315\/H319).<\/li>\n\n\n\n<li>Dzia\u0142a toksycznie przez drogi oddechowe (H331).<\/li>\n\n\n\n<li>Nie jest lekiem. U\u017cywa\u0107 na w\u0142asne ryzyko.<\/li>\n<\/ul>\n\n\n\n<h3 class=\"wp-block-heading\">U\u017cycie<\/h3>\n\n\n\n<p>Przeznaczony wy\u0142\u0105cznie jako dyfuzor zapachowy lub rozpuszczalnik do czyszczenia.<br>Nie nadaje si\u0119 do spo\u017cycia przez ludzi i nie powinien by\u0107 wdychany.<\/p>\n\n\n\n<h3 class=\"wp-block-heading\">Przechowywanie<\/h3>\n\n\n\n<p>Przechowywa\u0107 w ch\u0142odnym i suchym miejscu. Przechowywa\u0107 w miejscu niedost\u0119pnym dla dzieci.<\/p>\n\n\n\n<h3 class=\"wp-block-heading\">Kraj pochodzenia<\/h3>\n\n\n\n<p>Francja.<\/p>","protected":false},"excerpt":{"rendered":"<p><strong><br \/>KOMPATYBILNE AKCESORIA:<\/strong><\/p>\n<ul>\n<li><a href=\"https:\/\/stage.poppersparadise.eu\/pl\/kategoria-produktu\/akcesoria\/sniffery-duze\/\">Sniffers Large<\/a><\/li>\n<li><a href=\"https:\/\/stage.poppersparadise.eu\/pl\/product\/xtrm-poppers-holder-large\/\">XTRM Poppers Uchwyt du\u017cy<\/a><\/li>\n<li><a href=\"https:\/\/stage.poppersparadise.eu\/pl\/product\/xtrm-poppers-keeper-large-24ml\/\">XTRM Poppers Keeper Large<\/a><\/li>\n<\/ul>","protected":false},"featured_media":16652,"comment_status":"open","ping_status":"closed","template":"","meta":[],"product_brand":[],"product_cat":[35],"product_tag":[],"class_list":{"0":"post-16651","1":"product","2":"type-product","3":"status-publish","4":"has-post-thumbnail","6":"product_cat-grote-flesjes-poppers","8":"first","9":"instock","10":"taxable","11":"shipping-taxable","12":"purchasable","13":"product-type-simple"},"_links":{"self":[{"href":"https:\/\/stage.poppersparadise.eu\/pl\/wp-json\/wp\/v2\/product\/16651","targetHints":{"allow":["GET"]}}],"collection":[{"href":"https:\/\/stage.poppersparadise.eu\/pl\/wp-json\/wp\/v2\/product"}],"about":[{"href":"https:\/\/stage.poppersparadise.eu\/pl\/wp-json\/wp\/v2\/types\/product"}],"replies":[{"embeddable":true,"href":"https:\/\/stage.poppersparadise.eu\/pl\/wp-json\/wp\/v2\/comments?post=16651"}],"wp:featuredmedia":[{"embeddable":true,"href":"https:\/\/stage.poppersparadise.eu\/pl\/wp-json\/wp\/v2\/media\/16652"}],"wp:attachment":[{"href":"https:\/\/stage.poppersparadise.eu\/pl\/wp-json\/wp\/v2\/media?parent=16651"}],"wp:term":[{"taxonomy":"product_brand","embeddable":true,"href":"https:\/\/stage.poppersparadise.eu\/pl\/wp-json\/wp\/v2\/product_brand?post=16651"},{"taxonomy":"product_cat","embeddable":true,"href":"https:\/\/stage.poppersparadise.eu\/pl\/wp-json\/wp\/v2\/product_cat?post=16651"},{"taxonomy":"product_tag","embeddable":true,"href":"https:\/\/stage.poppersparadise.eu\/pl\/wp-json\/wp\/v2\/product_tag?post=16651"}],"curies":[{"name":"wp","href":"https:\/\/api.w.org\/{rel}","templated":true}]}}