{"id":16872,"date":"2025-05-08T18:35:27","date_gmt":"2025-05-08T16:35:27","guid":{"rendered":"https:\/\/stage.poppersparadise.eu\/?post_type=product&#038;p=16872"},"modified":"2025-10-05T15:42:24","modified_gmt":"2025-10-05T13:42:24","slug":"dostac-sie-do-lubrykantu-analnego","status":"publish","type":"product","link":"https:\/\/stage.poppersparadise.eu\/pl\/product\/dostac-sie-do-lubrykantu-analnego\/","title":{"rendered":"Get In - Anal Lube - 5 fl oz \/ 150 ml"},"content":{"rendered":"<h2 class=\"font-bold text-h3 leading-[40px] pt-[21px] pb-[2px] [&amp;_a]:underline-offset-[6px] [&amp;_.underline]:underline-offset-[6px]\" dir=\"ltr\">Zaprojektowany z my\u015bl\u0105 o wygodzie i przyjemno\u015bci,<\/h2>\n<p class=\"text-body font-regular leading-[24px] pt-[9px] pb-[2px]\" dir=\"ltr\">Get In Anal Lube to wysokiej jako\u015bci formu\u0142a na bazie wody opracowana specjalnie do u\u017cytku analnego. Precyzyjna ko\u0144c\u00f3wka sprawia, \u017ce aplikacja jest \u0142atwa i precyzyjna, a wyciskana butelka zapewnia kontrolowane dozowanie za ka\u017cdym razem. W po\u0142\u0105czeniu z p\u0142ynem do czyszczenia zabawek Clean In zapewnia \u0142atwe i skuteczne czyszczenie po u\u017cyciu.<\/p>\n<h3 class=\"font-bold text-h4 leading-[30px] pt-[15px] pb-[2px] [&amp;_a]:underline-offset-[6px] [&amp;_.underline]:underline-offset-[6px]\" dir=\"ltr\">Najwa\u017cniejsze cechy<\/h3>\n<ul class=\"pt-[9px] pb-[2px] pl-[24px] list-inside list-disc pt-[5px]\">\n<li class=\"text-body font-regular leading-[24px] my-[5px] [&amp;&gt;ol]:!pt-0 [&amp;&gt;ol]:!pb-0 [&amp;&gt;ul]:!pt-0 [&amp;&gt;ul]:!pb-0\" value=\"1\"><b><strong class=\"font-bold\">Formu\u0142a na bazie wody<\/strong><\/b> dla g\u0142adkiego i delikatnego smarowania<\/li>\n<li class=\"text-body font-regular leading-[24px] my-[5px] [&amp;&gt;ol]:!pt-0 [&amp;&gt;ol]:!pb-0 [&amp;&gt;ul]:!pt-0 [&amp;&gt;ul]:!pb-0\" value=\"2\">Kompatybilny z <b><strong class=\"font-bold\">Clean In \u015brodek do czyszczenia zabawek<\/strong><\/b> dla prostej higieny<\/li>\n<li class=\"text-body font-regular leading-[24px] my-[5px] [&amp;&gt;ol]:!pt-0 [&amp;&gt;ol]:!pb-0 [&amp;&gt;ul]:!pt-0 [&amp;&gt;ul]:!pb-0\" value=\"3\">Zaprojektowany z <b><strong class=\"font-bold\">Przyjazna dla u\u017cytkownika precyzyjna ko\u0144c\u00f3wka<\/strong><\/b> dla precyzyjnej aplikacji<\/li>\n<li class=\"text-body font-regular leading-[24px] my-[5px] [&amp;&gt;ol]:!pt-0 [&amp;&gt;ol]:!pb-0 [&amp;&gt;ul]:!pt-0 [&amp;&gt;ul]:!pb-0\" value=\"4\"><b><strong class=\"font-bold\">Butelka z mo\u017cliwo\u015bci\u0105 wyciskania<\/strong><\/b> dla kontroli i wygody<\/li>\n<li class=\"text-body font-regular leading-[24px] my-[5px] [&amp;&gt;ol]:!pt-0 [&amp;&gt;ol]:!pb-0 [&amp;&gt;ul]:!pt-0 [&amp;&gt;ul]:!pb-0\" value=\"5\">Wykonane z <b><strong class=\"font-bold\">Wysokiej jako\u015bci sk\u0142adniki<\/strong><\/b> dla bezpiecze\u0144stwa i komfortu<\/li>\n<li class=\"text-body font-regular leading-[24px] my-[5px] [&amp;&gt;ol]:!pt-0 [&amp;&gt;ol]:!pb-0 [&amp;&gt;ul]:!pt-0 [&amp;&gt;ul]:!pb-0\" value=\"6\"><b><strong class=\"font-bold\">Tre\u015b\u0107<\/strong><\/b>150 ml (5 fl oz)<\/li>\n<\/ul>\n<h3 class=\"font-bold text-h4 leading-[30px] pt-[15px] pb-[2px] [&amp;_a]:underline-offset-[6px] [&amp;_.underline]:underline-offset-[6px]\" dir=\"ltr\">Sk\u0142adniki<\/h3>\n<p class=\"text-body font-regular leading-[24px] pt-[9px] pb-[2px]\" dir=\"ltr\">WODA, GLICERYNA, HYDROKSYETYLOCELULOZA, KWAS CYTRYNOWY, BENZOESAN SODU, SORBINIAN POTASU, GLIKOL PENTYLENOWY, SORBITOL, MLECZAN SODU, MOCZNIK, KWAS MLEKOWY, SERYNA, WODOROTLENEK SODU, CHLOREK SODU, ALANTOINA<\/p>\n\n\n<p><\/p>","protected":false},"excerpt":{"rendered":"<p>Fist Sprawia, \u017ce sesje fistingu lub fistingu s\u0105 \u0142atwiejsze, lepsze i bardziej intensywne. Nasza kolekcja oferuje r\u00f3\u017cne lubrykanty, w tym analne \u015brodki rozlu\u017aniaj\u0105ce, bardzo g\u0119ste, naturalne i znieczulaj\u0105ce. Ka\u017cdy lubrykant zosta\u0142 zaprojektowany w celu zwi\u0119kszenia dozna\u0144 i przyjemno\u015bci.<\/p>","protected":false},"featured_media":16873,"comment_status":"open","ping_status":"closed","template":"","meta":[],"product_brand":[],"product_cat":[479,671],"product_tag":[],"class_list":{"0":"post-16872","1":"product","2":"type-product","3":"status-publish","4":"has-post-thumbnail","6":"product_cat-drogist","7":"product_cat-glijmiddelen","9":"first","10":"instock","11":"taxable","12":"shipping-taxable","13":"purchasable","14":"product-type-simple"},"_links":{"self":[{"href":"https:\/\/stage.poppersparadise.eu\/pl\/wp-json\/wp\/v2\/product\/16872","targetHints":{"allow":["GET"]}}],"collection":[{"href":"https:\/\/stage.poppersparadise.eu\/pl\/wp-json\/wp\/v2\/product"}],"about":[{"href":"https:\/\/stage.poppersparadise.eu\/pl\/wp-json\/wp\/v2\/types\/product"}],"replies":[{"embeddable":true,"href":"https:\/\/stage.poppersparadise.eu\/pl\/wp-json\/wp\/v2\/comments?post=16872"}],"wp:featuredmedia":[{"embeddable":true,"href":"https:\/\/stage.poppersparadise.eu\/pl\/wp-json\/wp\/v2\/media\/16873"}],"wp:attachment":[{"href":"https:\/\/stage.poppersparadise.eu\/pl\/wp-json\/wp\/v2\/media?parent=16872"}],"wp:term":[{"taxonomy":"product_brand","embeddable":true,"href":"https:\/\/stage.poppersparadise.eu\/pl\/wp-json\/wp\/v2\/product_brand?post=16872"},{"taxonomy":"product_cat","embeddable":true,"href":"https:\/\/stage.poppersparadise.eu\/pl\/wp-json\/wp\/v2\/product_cat?post=16872"},{"taxonomy":"product_tag","embeddable":true,"href":"https:\/\/stage.poppersparadise.eu\/pl\/wp-json\/wp\/v2\/product_tag?post=16872"}],"curies":[{"name":"wp","href":"https:\/\/api.w.org\/{rel}","templated":true}]}}