{"id":17046,"date":"2025-05-15T16:56:45","date_gmt":"2025-05-15T14:56:45","guid":{"rendered":"https:\/\/stage.poppersparadise.eu\/?post_type=product&#038;p=17046"},"modified":"2025-09-30T16:33:30","modified_gmt":"2025-09-30T14:33:30","slug":"everest-zero-24ml-poppers","status":"publish","type":"product","link":"https:\/\/stage.poppersparadise.eu\/pl\/product\/everest-zero-24ml-poppers\/","title":{"rendered":"Everest Zero 24ml"},"content":{"rendered":"<h2 class=\"wp-block-heading\">Poppery Everest Zero 24ml - innowacyjno\u015b\u0107, moc i d\u0142ugotrwa\u0142a \u015bwie\u017co\u015b\u0107<\/h2>\n\n\n\n<p>Poppersy Everest Zero 24ml oferuj\u0105 wyj\u0105tkowe doznania zapachowe dzi\u0119ki silnej mieszance azotynu propylu i azotynu izoamylu. To, co naprawd\u0119 wyr\u00f3\u017cnia ten produkt, to innowacyjny&nbsp;<strong>Technologia Mega Pellet<\/strong>co gwarantuje, \u017ce formu\u0142a jest ca\u0142kowicie pozbawiona wilgoci (0% wody). Zapewnia to sta\u0142\u0105 jako\u015b\u0107 i d\u0142ugotrwa\u0142\u0105 \u015bwie\u017co\u015b\u0107, nawet przy d\u0142u\u017cszym czasie przechowywania. Everest Zero to idealny wyb\u00f3r dla tych, kt\u00f3rzy szukaj\u0105 wra\u017ce\u0144 premium bez kompromis\u00f3w.<\/p>\n\n\n\n<h3 class=\"wp-block-heading\">Kluczowe cechy Everest Zero 24ml<\/h3>\n\n\n\n<ul class=\"wp-block-list\">\n<li><strong>Wydajna formu\u0142a<\/strong>: Zawiera mieszanin\u0119 azotynu propylu i azotynu izoamylu dla intensywnej dyfuzji zapachu.<\/li>\n\n\n\n<li><strong>Innowacyjna technologia<\/strong>Technologia Mega Pellet zapewnia formu\u0142\u0119 pozbawion\u0105 wilgoci (0% wody) i optymaln\u0105 \u015bwie\u017co\u015b\u0107.<\/li>\n\n\n\n<li><strong>D\u0142ugotrwa\u0142a jako\u015b\u0107<\/strong>Zaprojektowany, aby pozosta\u0107 niezmiennie skutecznym przez ca\u0142y okres przechowywania.<\/li>\n\n\n\n<li><strong>Du\u017cy rozmiar<\/strong>Por\u0119czna butelka o pojemno\u015bci 24 ml, idealna do praktycznego i d\u0142ugotrwa\u0142ego stosowania.<\/li>\n\n\n\n<li><strong>Wysokiej jako\u015bci do\u015bwiadczenie<\/strong>Everest gwarantuje najwy\u017cszej jako\u015bci doznania zapachowe.<\/li>\n<\/ul>\n\n\n\n<h3 class=\"wp-block-heading\">Dlaczego Everest Poppers s\u0105 ulubione<\/h3>\n\n\n\n<p>Everest to wiod\u0105ca marka w \u015bwiecie poppers\u00f3w, znana z silnych formu\u0142, sta\u0142ej jako\u015bci i innowacyjnych opakowa\u0144. Szczelne butelki zapewniaj\u0105, \u017ce zawarto\u015b\u0107 pozostaje \u015bwie\u017ca i skuteczna, zapewniaj\u0105c u\u017cytkownikom doskona\u0142e wra\u017cenia za ka\u017cdym razem.<\/p>\n\n\n\n<h3 class=\"wp-block-heading\">Jak u\u017cywa\u0107 Everest Zero 24ml?<\/h3>\n\n\n\n<p>Everest Zero 24ml nale\u017cy u\u017cywa\u0107 wy\u0142\u0105cznie jako dyfuzora zapachowego lub rozpuszczalnika czyszcz\u0105cego. Nie nadaje si\u0119 do spo\u017cycia przez ludzi i nie nale\u017cy go wdycha\u0107. Produkt nale\u017cy przechowywa\u0107 w ch\u0142odnym i suchym miejscu, a po u\u017cyciu szczelnie zamkn\u0105\u0107 butelk\u0119.<\/p>\n\n\n\n<h3 class=\"wp-block-heading\">Ostrze\u017cenia<\/h3>\n\n\n\n<ul class=\"wp-block-list\">\n<li>Wysoce \u0142atwopalna ciecz i pary (H225).<\/li>\n\n\n\n<li>Powoduje podra\u017cnienie sk\u00f3ry i oczu (H315\/H319).<\/li>\n\n\n\n<li>Dzia\u0142a toksycznie przez drogi oddechowe (H331).<\/li>\n\n\n\n<li>Nie jest lekiem. U\u017cywa\u0107 na w\u0142asne ryzyko.<\/li>\n<\/ul>\n\n\n\n<h3 class=\"wp-block-heading\">U\u017cycie<\/h3>\n\n\n\n<p>Przeznaczony wy\u0142\u0105cznie jako dyfuzor zapachowy lub rozpuszczalnik do czyszczenia.<br>Nie nadaje si\u0119 do spo\u017cycia przez ludzi i nie powinien by\u0107 wdychany.<\/p>\n\n\n\n<h3 class=\"wp-block-heading\">Przechowywanie<\/h3>\n\n\n\n<p>Przechowywa\u0107 w ch\u0142odnym i suchym miejscu. Przechowywa\u0107 w miejscu niedost\u0119pnym dla dzieci.<\/p>\n\n\n\n<h3 class=\"wp-block-heading\">Kraj pochodzenia<\/h3>\n\n\n\n<p>Francja.<\/p>","protected":false},"excerpt":{"rendered":"<p><strong><br \/>KOMPATYBILNE AKCESORIA:<\/strong><\/p>\n<ul>\n<li><a href=\"https:\/\/stage.poppersparadise.eu\/pl\/kategoria-produktu\/akcesoria\/sniffery-duze\/\">Sniffers Large<\/a><\/li>\n<li><a href=\"https:\/\/stage.poppersparadise.eu\/pl\/product\/xtrm-poppers-holder-large\/\">XTRM Poppers Uchwyt du\u017cy<\/a><\/li>\n<li><a href=\"https:\/\/stage.poppersparadise.eu\/pl\/product\/xtrm-poppers-keeper-large-24ml\/\">XTRM Poppers Keeper Large<\/a><\/li>\n<\/ul>","protected":false},"featured_media":17047,"comment_status":"open","ping_status":"closed","template":"","meta":[],"product_brand":[585],"product_cat":[35],"product_tag":[],"class_list":{"0":"post-17046","1":"product","2":"type-product","3":"status-publish","4":"has-post-thumbnail","6":"product_brand-everest","7":"product_cat-grote-flesjes-poppers","9":"first","10":"instock","11":"taxable","12":"shipping-taxable","13":"purchasable","14":"product-type-simple"},"_links":{"self":[{"href":"https:\/\/stage.poppersparadise.eu\/pl\/wp-json\/wp\/v2\/product\/17046","targetHints":{"allow":["GET"]}}],"collection":[{"href":"https:\/\/stage.poppersparadise.eu\/pl\/wp-json\/wp\/v2\/product"}],"about":[{"href":"https:\/\/stage.poppersparadise.eu\/pl\/wp-json\/wp\/v2\/types\/product"}],"replies":[{"embeddable":true,"href":"https:\/\/stage.poppersparadise.eu\/pl\/wp-json\/wp\/v2\/comments?post=17046"}],"wp:featuredmedia":[{"embeddable":true,"href":"https:\/\/stage.poppersparadise.eu\/pl\/wp-json\/wp\/v2\/media\/17047"}],"wp:attachment":[{"href":"https:\/\/stage.poppersparadise.eu\/pl\/wp-json\/wp\/v2\/media?parent=17046"}],"wp:term":[{"taxonomy":"product_brand","embeddable":true,"href":"https:\/\/stage.poppersparadise.eu\/pl\/wp-json\/wp\/v2\/product_brand?post=17046"},{"taxonomy":"product_cat","embeddable":true,"href":"https:\/\/stage.poppersparadise.eu\/pl\/wp-json\/wp\/v2\/product_cat?post=17046"},{"taxonomy":"product_tag","embeddable":true,"href":"https:\/\/stage.poppersparadise.eu\/pl\/wp-json\/wp\/v2\/product_tag?post=17046"}],"curies":[{"name":"wp","href":"https:\/\/api.w.org\/{rel}","templated":true}]}}