{"id":17051,"date":"2025-05-15T17:19:27","date_gmt":"2025-05-15T15:19:27","guid":{"rendered":"https:\/\/stage.poppersparadise.eu\/?post_type=product&#038;p=17051"},"modified":"2025-09-30T09:29:09","modified_gmt":"2025-09-30T07:29:09","slug":"everest-climax-30ml-poppers","status":"publish","type":"product","link":"https:\/\/stage.poppersparadise.eu\/pl\/product\/everest-climax-30ml-poppers\/","title":{"rendered":"Everest Climax 30ml"},"content":{"rendered":"<h2 class=\"wp-block-heading\">Poppery Everest Climax 30ml - mocne, intensywne i d\u0142ugotrwa\u0142e<\/h2>\n\n\n\n<p>Poppery Everest Climax 30ml s\u0105 przeznaczone dla os\u00f3b poszukuj\u0105cych silnych dozna\u0144 zapachowych w du\u017cym rozmiarze. Dzi\u0119ki innowacyjnej formule Everest Aromas i formule opartej na butanolu, produkt ten oferuje intensywne i d\u0142ugotrwa\u0142e doznania zapachowe. Du\u017cy szklany flakon o pojemno\u015bci 30 ml jest idealny do d\u0142ugotrwa\u0142ego u\u017cytkowania i zapewnia, \u017ce mo\u017cesz cieszy\u0107 si\u0119 nim raz za razem.<\/p>\n\n\n\n<h3 class=\"wp-block-heading\">Kluczowe cechy Everest Climax 30ml<\/h3>\n\n\n\n<ul class=\"wp-block-list\">\n<li><strong>Wydajna formu\u0142a<\/strong>Kompozycja na bazie butanolu z wysokiej jako\u015bci azotynami.<\/li>\n\n\n\n<li><strong>Du\u017cy rozmiar<\/strong>Du\u017ca szklana butelka o pojemno\u015bci 30 ml, idealna do d\u0142ugotrwa\u0142ego stosowania.<\/li>\n\n\n\n<li><strong>Szczelne opakowanie<\/strong>Zaprojektowany, aby zachowa\u0107 \u015bwie\u017co\u015b\u0107 i skuteczno\u015b\u0107 tre\u015bci.<\/li>\n\n\n\n<li><strong>Wysoka jako\u015b\u0107<\/strong>Everest Firma Aromas znana jest z niezawodnych produkt\u00f3w najwy\u017cszej jako\u015bci.<\/li>\n\n\n\n<li><strong>Wszechstronne zastosowanie<\/strong>Idealny na okazje towarzyskie lub osobisty relaks.<\/li>\n<\/ul>\n\n\n\n<h3 class=\"wp-block-heading\">Dlaczego Everest Poppers s\u0105 ulubione<\/h3>\n\n\n\n<p>Everest to wiod\u0105ca marka w \u015bwiecie poppers\u00f3w, uwielbiana za swoje silne formu\u0142y, sta\u0142\u0105 jako\u015b\u0107 i przemy\u015blany projekt opakowania. Szczelne butelki zapewniaj\u0105, \u017ce zawarto\u015b\u0107 pozostaje \u015bwie\u017ca i skuteczna, zapewniaj\u0105c u\u017cytkownikom doskona\u0142e wra\u017cenia za ka\u017cdym razem.<\/p>\n\n\n\n<h3 class=\"wp-block-heading\">Jak u\u017cywa\u0107 Everest Climax 30ml?<\/h3>\n\n\n\n<p>Everest Climax 30ml nale\u017cy stosowa\u0107 wy\u0142\u0105cznie jako dyspergator zapach\u00f3w lub rozpuszczalnik czyszcz\u0105cy. Nie nadaje si\u0119 do spo\u017cycia przez ludzi i nie nale\u017cy go wdycha\u0107. Produkt nale\u017cy przechowywa\u0107 w ch\u0142odnym i suchym miejscu, a po u\u017cyciu szczelnie zamkn\u0105\u0107 butelk\u0119.<\/p>\n\n\n\n<h3 class=\"wp-block-heading\">Ostrze\u017cenia<\/h3>\n\n\n\n<p>Wysoce \u0142atwopalna ciecz i pary (H225).<br>Powoduje podra\u017cnienie sk\u00f3ry i oczu (H315\/H319).<br>Dzia\u0142a toksycznie przez drogi oddechowe (H331).<br>Nie jest lekiem. U\u017cywa\u0107 na w\u0142asne ryzyko.<\/p>\n\n\n\n<h3 class=\"wp-block-heading\">U\u017cycie<\/h3>\n\n\n\n<p>Przeznaczony wy\u0142\u0105cznie jako dyfuzor zapachowy lub rozpuszczalnik do czyszczenia.<br>Nie nadaje si\u0119 do spo\u017cycia przez ludzi i nie powinien by\u0107 wdychany.<\/p>\n\n\n\n<h3 class=\"wp-block-heading\">Przechowywanie<\/h3>\n\n\n\n<p>Przechowywa\u0107 w ch\u0142odnym i suchym miejscu. Przechowywa\u0107 w miejscu niedost\u0119pnym dla dzieci.<\/p>\n\n\n\n<h3 class=\"wp-block-heading\">Kraj pochodzenia<\/h3>\n\n\n\n<p>Francja.<\/p>","protected":false},"excerpt":{"rendered":"<p><strong><br \/>KOMPATYBILNE AKCESORIA:<\/strong><\/p>\n<ul>\n<li><a href=\"https:\/\/stage.poppersparadise.eu\/pl\/kategoria-produktu\/akcesoria\/sniffery-male\/\">Sniffers Small<\/a><\/li>\n<li><a href=\"https:\/\/stage.poppersparadise.eu\/pl\/product\/xtrm-poppers-houder-zwart-small\/\">XTRM Poppers Uchwyt ma\u0142y<\/a><\/li>\n<li><a href=\"https:\/\/stage.poppersparadise.eu\/pl\/product\/xtrm-poppers-keeper-small-10ml\/\">XTRM Poppers Keeper Small<\/a><\/li>\n<\/ul>","protected":false},"featured_media":17054,"comment_status":"open","ping_status":"closed","template":"","meta":[],"product_brand":[585],"product_cat":[35],"product_tag":[],"class_list":{"0":"post-17051","1":"product","2":"type-product","3":"status-publish","4":"has-post-thumbnail","6":"product_brand-everest","7":"product_cat-grote-flesjes-poppers","9":"first","10":"instock","11":"taxable","12":"shipping-taxable","13":"purchasable","14":"product-type-simple"},"_links":{"self":[{"href":"https:\/\/stage.poppersparadise.eu\/pl\/wp-json\/wp\/v2\/product\/17051","targetHints":{"allow":["GET"]}}],"collection":[{"href":"https:\/\/stage.poppersparadise.eu\/pl\/wp-json\/wp\/v2\/product"}],"about":[{"href":"https:\/\/stage.poppersparadise.eu\/pl\/wp-json\/wp\/v2\/types\/product"}],"replies":[{"embeddable":true,"href":"https:\/\/stage.poppersparadise.eu\/pl\/wp-json\/wp\/v2\/comments?post=17051"}],"wp:featuredmedia":[{"embeddable":true,"href":"https:\/\/stage.poppersparadise.eu\/pl\/wp-json\/wp\/v2\/media\/17054"}],"wp:attachment":[{"href":"https:\/\/stage.poppersparadise.eu\/pl\/wp-json\/wp\/v2\/media?parent=17051"}],"wp:term":[{"taxonomy":"product_brand","embeddable":true,"href":"https:\/\/stage.poppersparadise.eu\/pl\/wp-json\/wp\/v2\/product_brand?post=17051"},{"taxonomy":"product_cat","embeddable":true,"href":"https:\/\/stage.poppersparadise.eu\/pl\/wp-json\/wp\/v2\/product_cat?post=17051"},{"taxonomy":"product_tag","embeddable":true,"href":"https:\/\/stage.poppersparadise.eu\/pl\/wp-json\/wp\/v2\/product_tag?post=17051"}],"curies":[{"name":"wp","href":"https:\/\/api.w.org\/{rel}","templated":true}]}}