{"id":17249,"date":"2025-05-20T16:32:16","date_gmt":"2025-05-20T14:32:16","guid":{"rendered":"https:\/\/stage.poppersparadise.eu\/?post_type=product&#038;p=17249"},"modified":"2025-09-19T16:30:00","modified_gmt":"2025-09-19T14:30:00","slug":"xtrm-kinky-snffr-leak-proof-solo-medium","status":"publish","type":"product","link":"https:\/\/stage.poppersparadise.eu\/pl\/product\/xtrm-kinky-snffr-leak-proof-solo-medium\/","title":{"rendered":"XTRM Kinky SNFFR Leak Proof Solo - Medium - Zestaw"},"content":{"rendered":"<h2 class=\"font-bold text-h3 leading-[36px] pt-[21px] pb-[2px] [&amp;_a]:underline-offset-[6px] [&amp;_.underline]:underline-offset-[6px]\" dir=\"ltr\">XTRM Kinky SNFFR Leak Proof Solo - Medium - Najwy\u017csza przyjemno\u015b\u0107 dla powa\u017cnych u\u017cytkownik\u00f3w<\/h2>\n<p class=\"text-body font-regular leading-[24px] pt-[9px] pb-[2px]\" dir=\"ltr\">Prze\u017cyj bezprecedensowe do\u015bwiadczenie z nowym XTRM Kinky SNFFR Leak Proof Solo - Medium. Ta rewolucyjna konstrukcja przenosi przyjemno\u015b\u0107 na wy\u017cszy poziom dzi\u0119ki zaawansowanym funkcjom.<\/p>\n<h3 class=\"font-bold text-h4 leading-[30px] pt-[15px] pb-[2px] [&amp;_a]:underline-offset-[6px] [&amp;_.underline]:underline-offset-[6px]\" dir=\"ltr\">Co sprawia, \u017ce jest wyj\u0105tkowy?<\/h3>\n<ul class=\"pt-[9px] pb-[2px] pl-[24px] list-disc [&amp;_ul]:pt-[5px] pt-[5px]\">\n<li class=\"text-body font-regular leading-[24px] my-[5px] [&amp;&gt;ol]:!pt-0 [&amp;&gt;ol]:!pb-0 [&amp;&gt;ul]:!pt-0 [&amp;&gt;ul]:!pb-0\" value=\"1\"><b><strong class=\"font-bold\">Rewolucyjna konstrukcja<\/strong><\/b>XTRM KINKY SNFFR jest wykonany w jednym kawa\u0142ku, bez lu\u017anych cz\u0119\u015bci, kt\u00f3re mog\u0105 si\u0119 przesuwa\u0107. Zosta\u0142 zaprojektowany z my\u015bl\u0105 o maksymalnej \u0142atwo\u015bci u\u017cytkowania.<\/li>\n<li class=\"text-body font-regular leading-[24px] my-[5px] [&amp;&gt;ol]:!pt-0 [&amp;&gt;ol]:!pb-0 [&amp;&gt;ul]:!pt-0 [&amp;&gt;ul]:!pb-0\" value=\"2\"><b><strong class=\"font-bold\">Szczelna uszczelka<\/strong><\/b>Zintegrowany pier\u015bcie\u0144 uszczelniaj\u0105cy zapewnia, \u017ce nic nie wypadnie, dzi\u0119ki czemu zawsze masz pewno\u015b\u0107 bezpiecze\u0144stwa i wygody.<\/li>\n<li class=\"text-body font-regular leading-[24px] my-[5px] [&amp;&gt;ol]:!pt-0 [&amp;&gt;ol]:!pb-0 [&amp;&gt;ul]:!pt-0 [&amp;&gt;ul]:!pb-0\" value=\"3\"><b><strong class=\"font-bold\">Technologia Power Channel<\/strong><\/b>Do pi\u0119ciu razy wi\u0119cej aromatu ni\u017c w przypadku konwencjonalnego, szczelnego Turbo XTRM.<\/li>\n<li class=\"text-body font-regular leading-[24px] my-[5px] [&amp;&gt;ol]:!pt-0 [&amp;&gt;ol]:!pb-0 [&amp;&gt;ul]:!pt-0 [&amp;&gt;ul]:!pb-0\" value=\"4\"><b><strong class=\"font-bold\">Op\u00f3\u017anione kopni\u0119cie<\/strong><\/b>Do\u015bwiadcz wyj\u0105tkowego doznania z op\u00f3\u017anionym, pot\u0119\u017cnym uderzeniem, kt\u00f3rego szybko nie zapomnisz.<\/li>\n<li class=\"text-body font-regular leading-[24px] my-[5px] [&amp;&gt;ol]:!pt-0 [&amp;&gt;ol]:!pb-0 [&amp;&gt;ul]:!pt-0 [&amp;&gt;ul]:!pb-0\" value=\"5\"><b><strong class=\"font-bold\">Stylowa i praktyczna konstrukcja<\/strong><\/b>Dost\u0119pny w kolorze czarnym i czerwonym, z kontrastowym przyciskiem i uchwytem do bezpiecznego przechowywania i przenoszenia.<\/li>\n<li><strong>Zawarto\u015b\u0107 opakowania<\/strong>XTRM Kinky SNFFR Leak Proof Solo - \u015bredni i pasuj\u0105cy uchwyt<\/li>\n<\/ul>\n<h3>\"Tak wiele SNFFR - w ko\u0144cu musieli\u015bmy uporz\u0105dkowa\u0107 nasz dom\"<br \/>Od teraz dost\u0119pne s\u0105 jasne rozmiary dla ka\u017cdej butelki: nasza nowa tabela rozmiar\u00f3w XTRM SNFFR pokazuje dok\u0142adnie, co pasuje - bez zgadywania, bez grzebania\".<br \/><br \/><\/h3>\n\n\n<p><\/p>\n\n\n\n<figure class=\"wp-block-table\"><table class=\"has-fixed-layout\"><thead><tr><th>Rozmiar<\/th><th>Przyk\u0142ad&nbsp;<\/th><th>Opis<\/th><\/tr><\/thead><tbody><tr><td><strong>XXS<\/strong><\/td><td><img decoding=\"async\" src=\"https:\/\/wholesale.xtrm.net\/TAP\/XXS.jpg\" alt=\"Butelka XXS\"><\/td><td>Butelki z czaszk\u0105 24 ml<\/td><\/tr><tr><td><strong>XS<\/strong><\/td><td><img decoding=\"async\" src=\"https:\/\/wholesale.xtrm.net\/TAP\/XS.jpg\" alt=\"Butelka XS\"><\/td><td>French, Double Scorpio (USA), Everest, OXY - smuk\u0142e aluminiowe butelki (10-15 ml)<\/td><\/tr><tr><td><strong>S<\/strong><\/td><td><img decoding=\"async\" src=\"https:\/\/wholesale.xtrm.net\/TAP\/SMALL.jpg\" alt=\"Butelka S\"><\/td><td>Rush, Amsterdam, owalne butelki XTRM, szerokie butelki Lockerroom (niewysokie), PWD 10ml, Funline 10ml<\/td><\/tr><tr><td><strong>M<\/strong><\/td><td><img decoding=\"async\" src=\"https:\/\/wholesale.xtrm.net\/TAP\/M.jpg\" alt=\"Butelka M\"><\/td><td>Nowe wysokie butelki Lockerroom (30 ml) - wcze\u015bniej \"Small\", teraz rozmiar Medium<\/td><\/tr><tr><td><strong>L<\/strong><\/td><td><img decoding=\"async\" src=\"https:\/\/wholesale.xtrm.net\/TAP\/large.jpg\" alt=\"Butelka L\"><\/td><td>Kwadratowe butelki retro (24-25 ml), np. Belgo, Funline, Lockerroom, niekt\u00f3re butelki ameryka\u0144skie<\/td><\/tr><tr><td><strong>XL<\/strong><\/td><td><img decoding=\"async\" src=\"https:\/\/wholesale.xtrm.net\/TAP\/xl.jpg\" alt=\"Butelka XL\"><\/td><td>Nowe aluminiowe butelki OXY i Lockerroom (du\u017ce, okr\u0105g\u0142e)<\/td><\/tr><tr><td><strong>2XL<\/strong><\/td><td><img decoding=\"async\" src=\"https:\/\/wholesale.xtrm.net\/TAP\/2xl.jpg\" alt=\"Butelka 2XL\"><\/td><td>Bardzo szerokie butelki aluminiowe o pojemno\u015bci 30 ml z du\u017cym otworem<\/td><\/tr><tr><td><strong>3XL<\/strong><\/td><td><img decoding=\"async\" src=\"https:\/\/wholesale.xtrm.net\/TAP\/3xl.jpg\" alt=\"Butelka 3XL\"><\/td><td>Butelki plastikowe z izoamylem, Everest 30 ml, butelki szklane z szerokim otworem<\/td><\/tr><tr><td><strong>4XL<\/strong><\/td><td><img decoding=\"async\" src=\"https:\/\/wholesale.xtrm.net\/TAP\/4xl.jpg\" alt=\"Butelka 4XL\"><\/td><td>Butelki XTRM o pojemno\u015bci 60-100 ml, takie jak XTRM BEAST<\/td><\/tr><\/tbody><\/table><\/figure>","protected":false},"excerpt":{"rendered":"<p>Nowy austriacki Kinky SNFFR Leak Proof by XTRM jest wreszcie dost\u0119pny i obiecuje przenie\u015b\u0107 Twoje doznania zapachowe na nowy X-LEVEL.<\/p>","protected":false},"featured_media":17250,"comment_status":"open","ping_status":"closed","template":"","meta":[],"product_brand":[752],"product_cat":[330,596],"product_tag":[528],"class_list":{"0":"post-17249","1":"product","2":"type-product","3":"status-publish","4":"has-post-thumbnail","6":"product_brand-xtrm","7":"product_cat-accessoires","8":"product_cat-sniffers-medium","9":"product_tag-largesnnfr","11":"first","12":"instock","13":"taxable","14":"shipping-taxable","15":"purchasable","16":"product-type-simple"},"_links":{"self":[{"href":"https:\/\/stage.poppersparadise.eu\/pl\/wp-json\/wp\/v2\/product\/17249","targetHints":{"allow":["GET"]}}],"collection":[{"href":"https:\/\/stage.poppersparadise.eu\/pl\/wp-json\/wp\/v2\/product"}],"about":[{"href":"https:\/\/stage.poppersparadise.eu\/pl\/wp-json\/wp\/v2\/types\/product"}],"replies":[{"embeddable":true,"href":"https:\/\/stage.poppersparadise.eu\/pl\/wp-json\/wp\/v2\/comments?post=17249"}],"wp:featuredmedia":[{"embeddable":true,"href":"https:\/\/stage.poppersparadise.eu\/pl\/wp-json\/wp\/v2\/media\/17250"}],"wp:attachment":[{"href":"https:\/\/stage.poppersparadise.eu\/pl\/wp-json\/wp\/v2\/media?parent=17249"}],"wp:term":[{"taxonomy":"product_brand","embeddable":true,"href":"https:\/\/stage.poppersparadise.eu\/pl\/wp-json\/wp\/v2\/product_brand?post=17249"},{"taxonomy":"product_cat","embeddable":true,"href":"https:\/\/stage.poppersparadise.eu\/pl\/wp-json\/wp\/v2\/product_cat?post=17249"},{"taxonomy":"product_tag","embeddable":true,"href":"https:\/\/stage.poppersparadise.eu\/pl\/wp-json\/wp\/v2\/product_tag?post=17249"}],"curies":[{"name":"wp","href":"https:\/\/api.w.org\/{rel}","templated":true}]}}