{"id":17891,"date":"2025-06-02T09:50:35","date_gmt":"2025-06-02T07:50:35","guid":{"rendered":"https:\/\/stage.poppersparadise.eu\/?post_type=product&#038;p=17891"},"modified":"2025-09-10T12:22:42","modified_gmt":"2025-09-10T10:22:42","slug":"exs-extra-thick-12-grubsze-prezerwatywy","status":"publish","type":"product","link":"https:\/\/stage.poppersparadise.eu\/pl\/product\/exs-extra-thick-12-grubsze-prezerwatywy\/","title":{"rendered":"EXS Extra Thick - 12 grubszych prezerwatyw"},"content":{"rendered":"<p>Prezerwatywy EXS extra thick s\u0105 przeznaczone dla os\u00f3b poszukuj\u0105cych dodatkowej ochrony i komfortu. Dzi\u0119ki lateksowi o grubo\u015bci 80 mikron\u00f3w prezerwatywy te oferuj\u0105 zwi\u0119kszone poczucie bezpiecze\u0144stwa, idealne do u\u017cytku analnego. Prezerwatywy posiadaj\u0105 lubrykant i zbiorniczek, a ich nominalna szeroko\u015b\u0107 wynosi 53 mm i maj\u0105 prosty kszta\u0142t.<\/p>\n\n\n\n<h3 class=\"wp-block-heading\">Specyfikacja produktu<\/h3>\n\n\n\n<ul class=\"wp-block-list\">\n<li><strong>Bardzo gruby lateks<\/strong> (80 mikron\u00f3w) dla wi\u0119kszego bezpiecze\u0144stwa, idealny do u\u017cytku analnego<\/li>\n\n\n\n<li><strong>\u015arodek smarny i zbiornik<\/strong> dla dodatkowego komfortu<\/li>\n\n\n\n<li><strong>Szeroko\u015b\u0107 nominalna<\/strong> 53 mm<\/li>\n\n\n\n<li><strong>Prosty kszta\u0142t<\/strong> dla naturalnego dopasowania<\/li>\n\n\n\n<li><strong>Wega\u0144ski<\/strong> i bez zapachu lateksu<\/li>\n\n\n\n<li>Produkowane zgodnie z mi\u0119dzynarodowymi standardami <strong>Oznaczenie CE<\/strong> oraz <strong>Brytyjski znak Kitemark<\/strong><\/li>\n<\/ul>\n\n\n\n<p>Co wi\u0119cej, prezerwatywy EXS s\u0105 wykonane z najwy\u017cszej jako\u015bci naturalnego lateksu, zatwierdzonego przez PETA i nie zawieraj\u0105 \u015brodk\u00f3w plemnikob\u00f3jczych.<\/p>\n\n\n\n<h3 class=\"wp-block-heading\">Dlaczego warto wybra\u0107 EXS?<\/h3>\n\n\n\n<ul class=\"wp-block-list\">\n<li>Wyj\u0105tkowo grube prezerwatywy dla lepszej ochrony<\/li>\n\n\n\n<li>Wykonane z wysokiej jako\u015bci naturalnego lateksu<\/li>\n\n\n\n<li>Wega\u0144skie i bezzapachowe<\/li>\n\n\n\n<li>Niezawodna gwarancja jako\u015bci<\/li>\n<\/ul>\n\n\n\n<p><strong>Sk\u0142adniki:<\/strong> Lateks kauczuku naturalnego i lubrykant na bazie silikonu.<\/p>\n\n\n\n<p><\/p>","protected":false},"excerpt":{"rendered":"<p>EXS extra thick condooms zijn ontworpen voor mensen die extra bescherming en comfort zoeken. Dankzij de 80 micron dikke latex bieden deze condooms een verhoogd gevoel van veiligheid, ideaal voor anaal gebruik. De condooms zijn voorzien van glijmiddel en een reservoir, en hebben een nominale breedte van 53 mm met een rechte vorm. Product specificaties [&hellip;]<\/p>","protected":false},"featured_media":17892,"comment_status":"open","ping_status":"closed","template":"","meta":[],"product_brand":[],"product_cat":[479,670],"product_tag":[],"class_list":{"0":"post-17891","1":"product","2":"type-product","3":"status-publish","4":"has-post-thumbnail","6":"product_cat-drogist","7":"product_cat-condooms","9":"first","10":"instock","11":"taxable","12":"shipping-taxable","13":"purchasable","14":"product-type-simple"},"_links":{"self":[{"href":"https:\/\/stage.poppersparadise.eu\/pl\/wp-json\/wp\/v2\/product\/17891","targetHints":{"allow":["GET"]}}],"collection":[{"href":"https:\/\/stage.poppersparadise.eu\/pl\/wp-json\/wp\/v2\/product"}],"about":[{"href":"https:\/\/stage.poppersparadise.eu\/pl\/wp-json\/wp\/v2\/types\/product"}],"replies":[{"embeddable":true,"href":"https:\/\/stage.poppersparadise.eu\/pl\/wp-json\/wp\/v2\/comments?post=17891"}],"wp:featuredmedia":[{"embeddable":true,"href":"https:\/\/stage.poppersparadise.eu\/pl\/wp-json\/wp\/v2\/media\/17892"}],"wp:attachment":[{"href":"https:\/\/stage.poppersparadise.eu\/pl\/wp-json\/wp\/v2\/media?parent=17891"}],"wp:term":[{"taxonomy":"product_brand","embeddable":true,"href":"https:\/\/stage.poppersparadise.eu\/pl\/wp-json\/wp\/v2\/product_brand?post=17891"},{"taxonomy":"product_cat","embeddable":true,"href":"https:\/\/stage.poppersparadise.eu\/pl\/wp-json\/wp\/v2\/product_cat?post=17891"},{"taxonomy":"product_tag","embeddable":true,"href":"https:\/\/stage.poppersparadise.eu\/pl\/wp-json\/wp\/v2\/product_tag?post=17891"}],"curies":[{"name":"wp","href":"https:\/\/api.w.org\/{rel}","templated":true}]}}