{"id":18242,"date":"2025-06-07T21:48:21","date_gmt":"2025-06-07T19:48:21","guid":{"rendered":"https:\/\/stage.poppersparadise.eu\/?post_type=product&#038;p=18242"},"modified":"2025-10-04T19:40:28","modified_gmt":"2025-10-04T17:40:28","slug":"xtrm-turbo-snffr-leak-proof-small-purple","status":"publish","type":"product","link":"https:\/\/stage.poppersparadise.eu\/pl\/product\/xtrm-turbo-snffr-leak-proof-small-purple\/","title":{"rendered":"XTRM TURBO SNFFR Leak Proof Small - Fioletowy"},"content":{"rendered":"<p>Zupe\u0142nie nowy <strong>Turbo Snffr z XTRM<\/strong> w Austrii jest wreszcie dost\u0119pny i obiecuje przenie\u015b\u0107 Twoje doznania zapachowe na nowy X-LEVEL. Dzi\u0119ki imponuj\u0105cemu nowemu kana\u0142owi Turbo Snffr oferuje teraz jeszcze wi\u0119ksz\u0105 moc ni\u017c kiedykolwiek wcze\u015bniej. <strong>Turbo Snffr jest wykonany w jednym kawa\u0142ku i jest nie tylko niet\u0142uk\u0105cy, ale tak\u017ce szczelny<\/strong>.<\/p>\n<p>Chroniony kana\u0142 zapewnia, \u017ce nie masz bezpo\u015bredniego kontaktu z aromatem. Oznacza to brak zaczerwienienia lub podra\u017cnienia sk\u00f3ry przy jednoczesnym do\u015bwiadczeniu pe\u0142nego efektu zapachu.<br \/>Jeszcze bardziej imponuj\u0105ca jest nowa funkcja zawieszenia Turbo Snffr.<\/p>\n<p>Teraz mo\u017cesz zabra\u0107 go wsz\u0119dzie, do domu lub w podr\u00f3\u017c. Turbo Snffr jest zawsze gotowy, gdy go potrzebujesz. Prosta i pomys\u0142owa opcja zawieszenia go na \u0142a\u0144cuchu sprawia, \u017ce idealnie nadaje si\u0119 do u\u017cytku w saunie, ciemnym pokoju lub w procy.<\/p>\n<p>Nakr\u0119tka \"Poppers Booster Cap XTRM Double Small LEAK PROOF\" jest teraz jeszcze lepszej jako\u015bci dzi\u0119ki zupe\u0142nie nowemu systemowi zamykania, wyprodukowanemu w Austrii i odpowiedniemu dla wszystkich popularnych butelek popper, w tym butelek XTRM.<\/p>\n<p>Ten Snffr z nowym przyciskiem uwalnia zawarto\u015b\u0107 w kontrolowany spos\u00f3b przez specjalny kana\u0142. Po zwolnieniu przycisku, Snffr\/Sniffer zamyka si\u0119 szczelnie, zapobiegaj\u0105c wyciekom nawet po odwr\u00f3ceniu butelki.<\/p>\n<p>Aplikacja jest \u0142atwa: przytrzymaj LEAK PROOF na dole i ostro\u017cnie przykr\u0119\u0107 bez nadmiernego dokr\u0119cania gwint\u00f3w. Zapewnia dodatkowy komfort i bezpiecze\u0144stwo podczas korzystania z popper\u00f3w.<\/p>\n<p><strong>Uwaga: Nie pozostawiaj Snffr na sta\u0142e (maksymalnie 6 godzin) na butelce PP i nie czy\u015b\u0107 jej, poniewa\u017c niekt\u00f3re substancje mog\u0105 powodowa\u0107 korozj\u0119 materia\u0142u.<\/strong><\/p>\n<h3>\"Tak wiele SNFFR - w ko\u0144cu musieli\u015bmy uporz\u0105dkowa\u0107 nasz dom\"<br \/>Od teraz dost\u0119pne s\u0105 jasne rozmiary dla ka\u017cdej butelki: nasza nowa tabela rozmiar\u00f3w XTRM SNFFR pokazuje dok\u0142adnie, co pasuje - bez zgadywania, bez grzebania\".<br \/><br \/><\/h3>\n\n\n<figure class=\"wp-block-table\"><table class=\"has-fixed-layout\"><thead><tr><th>Rozmiar<\/th><th>Przyk\u0142ad&nbsp;<\/th><th>Opis<\/th><\/tr><\/thead><tbody><tr><td><strong>XXS<\/strong><\/td><td><img decoding=\"async\" src=\"https:\/\/wholesale.xtrm.net\/TAP\/XXS.jpg\" alt=\"Butelka XXS\"><\/td><td>Butelki z czaszk\u0105 24 ml<\/td><\/tr><tr><td><strong>XS<\/strong><\/td><td><img decoding=\"async\" src=\"https:\/\/wholesale.xtrm.net\/TAP\/XS.jpg\" alt=\"Butelka XS\"><\/td><td>French, Double Scorpio (USA), Everest, OXY - smuk\u0142e aluminiowe butelki (10-15 ml)<\/td><\/tr><tr><td><strong>S<\/strong><\/td><td><img decoding=\"async\" src=\"https:\/\/wholesale.xtrm.net\/TAP\/SMALL.jpg\" alt=\"Butelka S\"><\/td><td>Rush, Amsterdam, owalne butelki XTRM, szerokie butelki Lockerroom (niewysokie), PWD 10ml, Funline 10ml<\/td><\/tr><tr><td><strong>M<\/strong><\/td><td><img decoding=\"async\" src=\"https:\/\/wholesale.xtrm.net\/TAP\/M.jpg\" alt=\"Butelka M\"><\/td><td>Nowe wysokie butelki Lockerroom (30 ml) - wcze\u015bniej \"Small\", teraz rozmiar Medium<\/td><\/tr><tr><td><strong>L<\/strong><\/td><td><img decoding=\"async\" src=\"https:\/\/wholesale.xtrm.net\/TAP\/large.jpg\" alt=\"Butelka L\"><\/td><td>Kwadratowe butelki retro (24-25 ml), np. Belgo, Funline, Lockerroom, niekt\u00f3re butelki ameryka\u0144skie<\/td><\/tr><tr><td><strong>XL<\/strong><\/td><td><img decoding=\"async\" src=\"https:\/\/wholesale.xtrm.net\/TAP\/xl.jpg\" alt=\"Butelka XL\"><\/td><td>Nowe aluminiowe butelki OXY i Lockerroom (du\u017ce, okr\u0105g\u0142e)<\/td><\/tr><tr><td><strong>2XL<\/strong><\/td><td><img decoding=\"async\" src=\"https:\/\/wholesale.xtrm.net\/TAP\/2xl.jpg\" alt=\"Butelka 2XL\"><\/td><td>Bardzo szerokie butelki aluminiowe o pojemno\u015bci 30 ml z du\u017cym otworem<\/td><\/tr><tr><td><strong>3XL<\/strong><\/td><td><img decoding=\"async\" src=\"https:\/\/wholesale.xtrm.net\/TAP\/3xl.jpg\" alt=\"Butelka 3XL\"><\/td><td>Butelki plastikowe z izoamylem, Everest 30 ml, butelki szklane z szerokim otworem<\/td><\/tr><tr><td><strong>4XL<\/strong><\/td><td><img decoding=\"async\" src=\"https:\/\/wholesale.xtrm.net\/TAP\/4xl.jpg\" alt=\"Butelka 4XL\"><\/td><td>Butelki XTRM o pojemno\u015bci 60-100 ml, takie jak XTRM BEAST<\/td><\/tr><\/tbody><\/table><\/figure>\n\n\n\n<p><\/p>","protected":false},"excerpt":{"rendered":"<p>Nowy austriacki Turbo Snffr XTRM jest ju\u017c dost\u0119pny i obiecuje przenie\u015b\u0107 Twoje doznania zapachowe na nowy X-LEVEL. Dzi\u0119ki imponuj\u0105cemu nowemu kana\u0142owi, Turbo Snffr oferuje teraz jeszcze wi\u0119ksz\u0105 moc ni\u017c kiedykolwiek wcze\u015bniej. Wykonany w jednym kawa\u0142ku, Turbo Snffr jest nie tylko niet\u0142uk\u0105cy, ale tak\u017ce szczelny.<\/p>","protected":false},"featured_media":18243,"comment_status":"open","ping_status":"closed","template":"","meta":[],"product_brand":[752],"product_cat":[482,330,529],"product_tag":[527],"class_list":{"0":"post-18242","1":"product","2":"type-product","3":"status-publish","4":"has-post-thumbnail","6":"product_brand-xtrm","7":"product_cat-aanbiedingen","8":"product_cat-accessoires","9":"product_cat-sniffers-small","10":"product_tag-smallsnffr","12":"first","13":"instock","14":"sale","15":"taxable","16":"shipping-taxable","17":"purchasable","18":"product-type-simple"},"_links":{"self":[{"href":"https:\/\/stage.poppersparadise.eu\/pl\/wp-json\/wp\/v2\/product\/18242","targetHints":{"allow":["GET"]}}],"collection":[{"href":"https:\/\/stage.poppersparadise.eu\/pl\/wp-json\/wp\/v2\/product"}],"about":[{"href":"https:\/\/stage.poppersparadise.eu\/pl\/wp-json\/wp\/v2\/types\/product"}],"replies":[{"embeddable":true,"href":"https:\/\/stage.poppersparadise.eu\/pl\/wp-json\/wp\/v2\/comments?post=18242"}],"wp:featuredmedia":[{"embeddable":true,"href":"https:\/\/stage.poppersparadise.eu\/pl\/wp-json\/wp\/v2\/media\/18243"}],"wp:attachment":[{"href":"https:\/\/stage.poppersparadise.eu\/pl\/wp-json\/wp\/v2\/media?parent=18242"}],"wp:term":[{"taxonomy":"product_brand","embeddable":true,"href":"https:\/\/stage.poppersparadise.eu\/pl\/wp-json\/wp\/v2\/product_brand?post=18242"},{"taxonomy":"product_cat","embeddable":true,"href":"https:\/\/stage.poppersparadise.eu\/pl\/wp-json\/wp\/v2\/product_cat?post=18242"},{"taxonomy":"product_tag","embeddable":true,"href":"https:\/\/stage.poppersparadise.eu\/pl\/wp-json\/wp\/v2\/product_tag?post=18242"}],"curies":[{"name":"wp","href":"https:\/\/api.w.org\/{rel}","templated":true}]}}