{"id":18769,"date":"2025-06-20T21:36:59","date_gmt":"2025-06-20T19:36:59","guid":{"rendered":"https:\/\/stage.poppersparadise.eu\/?post_type=product&#038;p=18769"},"modified":"2025-08-15T15:03:58","modified_gmt":"2025-08-15T13:03:58","slug":"pomaranczowa-chustka-bandana-prowler-red","status":"publish","type":"product","link":"https:\/\/stage.poppersparadise.eu\/pl\/product\/pomaranczowa-chustka-bandana-prowler-red\/","title":{"rendered":"Prowler Hanky Oranje"},"content":{"rendered":"<h2 class=\"wp-block-heading\">Bandana\/Hanky Orange Prowler RED to co\u015b wi\u0119cej ni\u017c kawa\u0142ek materia\u0142u - to odwa\u017cne stwierdzenie, kt\u00f3re podkre\u015bla Tw\u00f3j styl i osobowo\u015b\u0107. <\/h2>\n\n\n\n<p>Niezale\u017cnie od tego, czy szukasz mody, symboliki czy funkcjonalno\u015bci, ta bandana \u0142\u0105czy w sobie to wszystko. Wyra\u017a swoje preferencje niewerbalnie i no\u015b j\u0105 z dum\u0105, po lewej lub prawej stronie.<\/p>\n\n\n\n<p><strong>Specyfikacja produktu:<\/strong><\/p>\n\n\n\n<ul class=\"wp-block-list\">\n<li><strong>Materia\u0142:<\/strong> 100% bawe\u0142ny premium zapewnia najwy\u017cszy komfort i trwa\u0142o\u015b\u0107.<\/li>\n\n\n\n<li><strong>Wymiary:<\/strong> 55 x 55 cm (22 x 22 cale) - idealny do r\u00f3\u017cnych opcji przenoszenia.<\/li>\n\n\n\n<li><strong>Kolory:<\/strong> Dost\u0119pne w r\u00f3\u017cnych odcieniach, z unikalnym symbolicznym znaczeniem dla ka\u017cdego koloru.<\/li>\n\n\n\n<li><strong>Konserwacja:<\/strong> \u0141atwy w piel\u0119gnacji; mo\u017cna pra\u0107 w pralce i suszy\u0107 w suszarce b\u0119bnowej.<\/li>\n\n\n\n<li><strong>Pochodzenie:<\/strong> Importowane i starannie wyselekcjonowane pod k\u0105tem najwy\u017cszej jako\u015bci.<\/li>\n\n\n\n<li><strong>Zastosowanie:<\/strong> Nadaje si\u0119 jako modny dodatek, praktyczne narz\u0119dzie lub wyrazisty symbol.<\/li>\n\n\n\n<li><strong>Dodatkowa trwa\u0142o\u015b\u0107:<\/strong> Trwa\u0142y kolor i przeznaczony do d\u0142ugotrwa\u0142ego u\u017cytkowania.<\/li>\n\n\n\n<li><strong>Symbolika:<\/strong> Pomara\u0144czowy ma wyj\u0105tkowe znaczenie; odkryj, jak mo\u017cesz go wykorzysta\u0107.<\/li>\n\n\n\n<li><strong>Umieszczenie:<\/strong> No\u015b lew\u0105 lub praw\u0105, aby dyskretnie komunikowa\u0107 swoje preferencje.<\/li>\n<\/ul>\n\n\n\n<p><strong>Hanky Code Orange<\/strong><\/p>\n\n\n\n<ul class=\"wp-block-list\">\n<li><strong>Noszony po lewej stronie:<\/strong> Wszystko jest dozwolone<\/li>\n\n\n\n<li><strong>Noszony po prawej stronie:<\/strong> Po prostu rejs<\/li>\n<\/ul>\n\n\n\n<p>Uzupe\u0142nij sw\u00f3j styl pomara\u0144czow\u0105 opask\u0105 Prowler RED Bandana\/Hanky i u\u017cyj jej do wyra\u017cenia siebie. Niezale\u017cnie od tego, czy nosisz j\u0105 jako mocny dodatek, czy jako symbol, Tw\u00f3j wyb\u00f3r m\u00f3wi wiele. Wybierz \u015bwiadomie, no\u015b z dum\u0105 i poka\u017c kim jeste\u015b.<\/p>","protected":false},"excerpt":{"rendered":"<p>De Oranje Prowler RED Bandana\/Hanky is meer dan een stuk stof \u2013 het is een gedurfd statement dat jouw stijl \u00e9n persoonlijkheid benadrukt. Of je nu mode, symboliek of functionaliteit zoekt, deze bandana combineert het allemaal. Geef jouw voorkeuren non-verbaal weer en draag het met trots, links of rechts. Productspecificaties: Hanky Code Oranje Maak jouw [&hellip;]<\/p>","protected":false},"featured_media":18733,"comment_status":"open","ping_status":"closed","template":"","meta":[],"product_brand":[761],"product_cat":[330,762],"product_tag":[],"class_list":{"0":"post-18769","1":"product","2":"type-product","3":"status-publish","4":"has-post-thumbnail","6":"product_brand-prowler-red","7":"product_cat-accessoires","8":"product_cat-hanky-code","10":"first","11":"instock","12":"taxable","13":"shipping-taxable","14":"purchasable","15":"product-type-simple"},"_links":{"self":[{"href":"https:\/\/stage.poppersparadise.eu\/pl\/wp-json\/wp\/v2\/product\/18769","targetHints":{"allow":["GET"]}}],"collection":[{"href":"https:\/\/stage.poppersparadise.eu\/pl\/wp-json\/wp\/v2\/product"}],"about":[{"href":"https:\/\/stage.poppersparadise.eu\/pl\/wp-json\/wp\/v2\/types\/product"}],"replies":[{"embeddable":true,"href":"https:\/\/stage.poppersparadise.eu\/pl\/wp-json\/wp\/v2\/comments?post=18769"}],"wp:featuredmedia":[{"embeddable":true,"href":"https:\/\/stage.poppersparadise.eu\/pl\/wp-json\/wp\/v2\/media\/18733"}],"wp:attachment":[{"href":"https:\/\/stage.poppersparadise.eu\/pl\/wp-json\/wp\/v2\/media?parent=18769"}],"wp:term":[{"taxonomy":"product_brand","embeddable":true,"href":"https:\/\/stage.poppersparadise.eu\/pl\/wp-json\/wp\/v2\/product_brand?post=18769"},{"taxonomy":"product_cat","embeddable":true,"href":"https:\/\/stage.poppersparadise.eu\/pl\/wp-json\/wp\/v2\/product_cat?post=18769"},{"taxonomy":"product_tag","embeddable":true,"href":"https:\/\/stage.poppersparadise.eu\/pl\/wp-json\/wp\/v2\/product_tag?post=18769"}],"curies":[{"name":"wp","href":"https:\/\/api.w.org\/{rel}","templated":true}]}}