{"id":18967,"date":"2025-06-27T17:27:29","date_gmt":"2025-06-27T15:27:29","guid":{"rendered":"https:\/\/stage.poppersparadise.eu\/product\/radiant-red-dildo-s\/"},"modified":"2025-09-23T11:25:13","modified_gmt":"2025-09-23T09:25:13","slug":"promiennie-czerwone-dildo","status":"publish","type":"product","link":"https:\/\/stage.poppersparadise.eu\/pl\/product\/promiennie-czerwone-dildo\/","title":{"rendered":"Radiant Red Dildo - S"},"content":{"rendered":"<h2 class=\"font-bold text-h3 leading-[36px] pt-[21px] pb-[2px] [&amp;_a]:underline-offset-[6px] [&amp;_.underline]:underline-offset-[6px]\" dir=\"ltr\">Do\u015bwiadcz blasku kosmosu dzi\u0119ki Radiant Red<\/h2>\n<p class=\"text-body font-regular leading-[24px] pt-[9px] pb-[2px]\" dir=\"ltr\">Rozpal swoj\u0105 wyobra\u017ani\u0119 i przenie\u015b intymne chwile na wy\u017cszy poziom dzi\u0119ki Radiant Red Dildo. Odwa\u017cny, inspirowany gwiazdami design oddaje pi\u0119kno i urok wszech\u015bwiata, wykraczaj\u0105c poza zwyk\u0142e do\u015bwiadczenia. Ozdobiony intryguj\u0105c\u0105 mieszank\u0105 \u017cywej czerwieni i g\u0142\u0119bokich ciemnych odcieni, Radiant Red reprezentuje niesko\u0144czony blask kosmosu.<\/p>\n<p class=\"text-body font-regular leading-[24px] pt-[9px] pb-[2px]\" dir=\"ltr\">Idealnie zaprojektowany dla poszukiwaczy przyg\u00f3d i mi\u0142o\u015bnik\u00f3w fantasy, ten wyj\u0105tkowy przedmiot jest czym\u015b wi\u0119cej ni\u017c tylko dodatkiem - jest bram\u0105 do niezr\u00f3wnanej przyjemno\u015bci i odkry\u0107. Niezale\u017cnie od tego, czy eksplorujesz w pojedynk\u0119, czy szukasz emocji w grach fabularnych, Radiant Red oferuje niezwyk\u0142e wra\u017cenia, kt\u00f3re przypominaj\u0105 inne \u015bwiaty.<\/p>\n<h3 class=\"font-bold text-h4 leading-[30px] pt-[15px] pb-[2px] [&amp;_a]:underline-offset-[6px] [&amp;_.underline]:underline-offset-[6px]\" dir=\"ltr\">Specyfikacja produktu<\/h3>\n<ul class=\"pt-[9px] pb-[2px] pl-[24px] list-disc [&amp;_ul]:pt-[5px] pt-[5px]\">\n<li class=\"text-body font-regular leading-[24px] my-[5px] [&amp;&gt;ol]:!pt-0 [&amp;&gt;ol]:!pb-0 [&amp;&gt;ul]:!pt-0 [&amp;&gt;ul]:!pb-0\" value=\"1\"><b><strong class=\"font-bold\">D\u0142ugo\u015b\u0107 ca\u0142kowita<\/strong><\/b>Imponuj\u0105cy <strong>20.<\/strong><b><strong class=\"font-bold\">7 cm<\/strong><\/b> do g\u0142\u0119bokiej eksploracji.<\/li>\n<li class=\"text-body font-regular leading-[24px] my-[5px] [&amp;&gt;ol]:!pt-0 [&amp;&gt;ol]:!pb-0 [&amp;&gt;ul]:!pt-0 [&amp;&gt;ul]:!pb-0\" value=\"2\"><b><strong class=\"font-bold\">D\u0142ugo\u015b\u0107 wk\u0142adki<\/strong><\/b>: <b><strong class=\"font-bold\">17,0 cm<\/strong><\/b> do spersonalizowanej przyjemno\u015bci dla niezr\u00f3wnanej satysfakcji.<\/li>\n<li class=\"text-body font-regular leading-[24px] my-[5px] [&amp;&gt;ol]:!pt-0 [&amp;&gt;ol]:!pb-0 [&amp;&gt;ul]:!pt-0 [&amp;&gt;ul]:!pb-0\" value=\"3\"><b><strong class=\"font-bold\">G\u00f3rna \u015brednica<\/strong><\/b>: <b><strong class=\"font-bold\">3,6 cm<\/strong><\/b>Zaprojektowany z my\u015bl\u0105 o zach\u0119caj\u0105cym i p\u0142ynnym wej\u015bciu.<\/li>\n<li class=\"text-body font-regular leading-[24px] my-[5px] [&amp;&gt;ol]:!pt-0 [&amp;&gt;ol]:!pb-0 [&amp;&gt;ul]:!pt-0 [&amp;&gt;ul]:!pb-0\" value=\"4\"><b><strong class=\"font-bold\">\u015arednica \u015brodkowa<\/strong><\/b>Solidny <b><strong class=\"font-bold\">5,3 cm<\/strong><\/b>, oferuje zadowalaj\u0105cy rozmiar.<\/li>\n<li class=\"text-body font-regular leading-[24px] my-[5px] [&amp;&gt;ol]:!pt-0 [&amp;&gt;ol]:!pb-0 [&amp;&gt;ul]:!pt-0 [&amp;&gt;ul]:!pb-0\" value=\"5\"><b><strong class=\"font-bold\">\u015arednica podstawy<\/strong><\/b>Stabilny <b><strong class=\"font-bold\">10,5 cm<\/strong><\/b>dla bezpiecznej i wygodnej obs\u0142ugi.<\/li>\n<li class=\"text-body font-regular leading-[24px] my-[5px] [&amp;&gt;ol]:!pt-0 [&amp;&gt;ol]:!pb-0 [&amp;&gt;ul]:!pt-0 [&amp;&gt;ul]:!pb-0\" value=\"6\"><b><strong class=\"font-bold\">Waga<\/strong><\/b>Istotny <strong>534 g<\/strong><b><strong class=\"font-bold\">baran<\/strong><\/b> zapewniaj\u0105c realistyczne i stabilne wra\u017cenia.<\/li>\n<li class=\"text-body font-regular leading-[24px] my-[5px] [&amp;&gt;ol]:!pt-0 [&amp;&gt;ol]:!pb-0 [&amp;&gt;ul]:!pt-0 [&amp;&gt;ul]:!pb-0\" value=\"7\"><b><strong class=\"font-bold\">Materia\u0142<\/strong><\/b>Wysokiej jako\u015bci silikon platynowy zapewnia trwa\u0142o\u015b\u0107 i realistyczny dotyk.<\/li>\n<li class=\"text-body font-regular leading-[24px] my-[5px] [&amp;&gt;ol]:!pt-0 [&amp;&gt;ol]:!pb-0 [&amp;&gt;ul]:!pt-0 [&amp;&gt;ul]:!pb-0\" value=\"8\"><b><strong class=\"font-bold\">Kolory<\/strong><\/b>Osza\u0142amiaj\u0105ca mieszanka czerwonych i ciemnych odcieni, symbolizuj\u0105ca ponadczasowe pi\u0119kno gwiazd.<\/li>\n<\/ul>\n<p class=\"text-body font-regular leading-[24px] pt-[9px] pb-[2px]\" dir=\"ltr\">Poddaj si\u0119 wyj\u0105tkowej jako\u015bci i spektakularnemu wzornictwu Radiant Red. To kosmiczne arcydzie\u0142o obiecuje niezapomniane wra\u017cenia wykraczaj\u0105ce poza wyobra\u017ani\u0119.<\/p>","protected":false},"excerpt":{"rendered":"<p>Odkryj pi\u0119knie zaprojektowane Radiant Red Dildo- luksusowy, obszerny design inspirowany kosmosem. Do\u015bwiadcz najwy\u017cszej satysfakcji.<\/p>","protected":false},"featured_media":18966,"comment_status":"open","ping_status":"closed","template":"","meta":[],"product_brand":[767],"product_cat":[766,787],"product_tag":[],"class_list":{"0":"post-18967","1":"product","2":"type-product","3":"status-publish","4":"has-post-thumbnail","6":"product_brand-giant-space-intruders","7":"product_cat-dildos","8":"product_cat-monster-fantasy-dildos","10":"first","11":"instock","12":"sale","13":"taxable","14":"shipping-taxable","15":"purchasable","16":"product-type-simple"},"_links":{"self":[{"href":"https:\/\/stage.poppersparadise.eu\/pl\/wp-json\/wp\/v2\/product\/18967","targetHints":{"allow":["GET"]}}],"collection":[{"href":"https:\/\/stage.poppersparadise.eu\/pl\/wp-json\/wp\/v2\/product"}],"about":[{"href":"https:\/\/stage.poppersparadise.eu\/pl\/wp-json\/wp\/v2\/types\/product"}],"replies":[{"embeddable":true,"href":"https:\/\/stage.poppersparadise.eu\/pl\/wp-json\/wp\/v2\/comments?post=18967"}],"wp:featuredmedia":[{"embeddable":true,"href":"https:\/\/stage.poppersparadise.eu\/pl\/wp-json\/wp\/v2\/media\/18966"}],"wp:attachment":[{"href":"https:\/\/stage.poppersparadise.eu\/pl\/wp-json\/wp\/v2\/media?parent=18967"}],"wp:term":[{"taxonomy":"product_brand","embeddable":true,"href":"https:\/\/stage.poppersparadise.eu\/pl\/wp-json\/wp\/v2\/product_brand?post=18967"},{"taxonomy":"product_cat","embeddable":true,"href":"https:\/\/stage.poppersparadise.eu\/pl\/wp-json\/wp\/v2\/product_cat?post=18967"},{"taxonomy":"product_tag","embeddable":true,"href":"https:\/\/stage.poppersparadise.eu\/pl\/wp-json\/wp\/v2\/product_tag?post=18967"}],"curies":[{"name":"wp","href":"https:\/\/api.w.org\/{rel}","templated":true}]}}