{"id":19011,"date":"2025-06-27T17:30:07","date_gmt":"2025-06-27T15:30:07","guid":{"rendered":"https:\/\/stage.poppersparadise.eu\/product\/emerald-excitement-squirting-dildo-m\/"},"modified":"2025-09-23T11:25:14","modified_gmt":"2025-09-23T09:25:14","slug":"szmaragdowe-podniecenie-squirting-dildo-m","status":"publish","type":"product","link":"https:\/\/stage.poppersparadise.eu\/pl\/product\/szmaragdowe-podniecenie-squirting-dildo-m\/","title":{"rendered":"Emerald Excitement Squirting Dildo - M"},"content":{"rendered":"<h2 class=\"font-bold text-h3 leading-[36px] pt-[21px] pb-[2px] [&amp;_a]:underline-offset-[6px] [&amp;_.underline]:underline-offset-[6px]\" dir=\"ltr\">Odkryj szmaragdowe podniecaj\u0105ce wibruj\u0105ce dildo<\/h2>\n<p class=\"text-body font-regular leading-[24px] pt-[9px] pb-[2px]\" dir=\"ltr\">Wyobra\u017a sobie istot\u0119 z przysz\u0142o\u015bci, nasycon\u0105 energi\u0105 odleg\u0142ej, mistycznej planety. Jej kolor jest zielony, ale nie jest to zwyk\u0142a ziele\u0144, kt\u00f3r\u0105 znasz; promieniuje czaruj\u0105cym blaskiem, podobnym do szmaragdu mieni\u0105cego si\u0119 w \u015bwietle ksi\u0119\u017cyca. Ta tajemnicza istota, znana jako Emerald Excitement, zst\u0105pi\u0142a na Ziemi\u0119 z wyj\u0105tkow\u0105 misj\u0105: obudzi\u0107 i pobudzi\u0107 zmys\u0142y mi\u0142o\u015bnik\u00f3w fantasy na ca\u0142ym \u015bwiecie. Projekt nie tylko przywo\u0142uje na my\u015bl istot\u0119 z innego \u015bwiata, ale uosabia niezr\u00f3wnan\u0105 form\u0119, kt\u00f3ra pobudza wyobra\u017ani\u0119.<\/p>\n<p class=\"text-body font-regular leading-[24px] pt-[9px] pb-[2px]\" dir=\"ltr\">Dildo Emerald Excitement wykracza poza \u015bwiat konwencjonalnych zabawek erotycznych - to wci\u0105gaj\u0105ce do\u015bwiadczenie zaprojektowane, aby przenie\u015b\u0107 Ci\u0119 do \u015bwiata fantazji i ekstazy, w kt\u00f3rym Twoja przyjemno\u015b\u0107 jest najwa\u017cniejsza. Wykonany z niezwyk\u0142\u0105 staranno\u015bci\u0105 i dba\u0142o\u015bci\u0105 o szczeg\u00f3\u0142y, jego konstrukcja zosta\u0142a zaprojektowana tak, aby wzmocni\u0107 ka\u017cd\u0105 intymn\u0105 chwil\u0119, co czyni go naprawd\u0119 niezwyk\u0142ym dodatkiem do ka\u017cdej kolekcji.<\/p>\n<h3 class=\"font-bold text-h4 leading-[30px] pt-[15px] pb-[2px] [&amp;_a]:underline-offset-[6px] [&amp;_.underline]:underline-offset-[6px]\" dir=\"ltr\">Specyfikacja produktu<\/h3>\n<ul class=\"pt-[9px] pb-[2px] pl-[24px] list-disc [&amp;_ul]:pt-[5px] pt-[5px]\">\n<li class=\"text-body font-regular leading-[24px] my-[5px] [&amp;&gt;ol]:!pt-0 [&amp;&gt;ol]:!pb-0 [&amp;&gt;ul]:!pt-0 [&amp;&gt;ul]:!pb-0\" value=\"1\"><b><strong class=\"font-bold\">D\u0142ugo\u015b\u0107 ca\u0142kowita<\/strong><\/b>30,3 cm, zapewnia wystarczaj\u0105cy zasi\u0119g dla g\u0142\u0119bokich i satysfakcjonuj\u0105cych dozna\u0144<\/li>\n<li class=\"text-body font-regular leading-[24px] my-[5px] [&amp;&gt;ol]:!pt-0 [&amp;&gt;ol]:!pb-0 [&amp;&gt;ul]:!pt-0 [&amp;&gt;ul]:!pb-0\" value=\"2\"><b><strong class=\"font-bold\">D\u0142ugo\u015b\u0107 wk\u0142adki<\/strong><\/b>24,7 cm, zaprojektowany dla pe\u0142nej satysfakcji i eksploracji<\/li>\n<li class=\"text-body font-regular leading-[24px] my-[5px] [&amp;&gt;ol]:!pt-0 [&amp;&gt;ol]:!pb-0 [&amp;&gt;ul]:!pt-0 [&amp;&gt;ul]:!pb-0\" value=\"3\"><b><strong class=\"font-bold\">G\u00f3rna \u015brednica<\/strong><\/b>4,8 cm, oferuje subtelne wprowadzenie do jego wykwintnego kszta\u0142tu<\/li>\n<li class=\"text-body font-regular leading-[24px] my-[5px] [&amp;&gt;ol]:!pt-0 [&amp;&gt;ol]:!pb-0 [&amp;&gt;ul]:!pt-0 [&amp;&gt;ul]:!pb-0\" value=\"4\"><b><strong class=\"font-bold\">\u015arednica \u015brodkowa<\/strong><\/b>8,3 cm, dla pe\u0142niejszego, wci\u0105gaj\u0105cego do\u015bwiadczenia<\/li>\n<li class=\"text-body font-regular leading-[24px] my-[5px] [&amp;&gt;ol]:!pt-0 [&amp;&gt;ol]:!pb-0 [&amp;&gt;ul]:!pt-0 [&amp;&gt;ul]:!pb-0\" value=\"5\"><b><strong class=\"font-bold\">\u015arednica podstawy<\/strong><\/b>12,7 cm, zapewnia stabilno\u015b\u0107 i \u0142atwo\u015b\u0107 u\u017cytkowania<\/li>\n<li class=\"text-body font-regular leading-[24px] my-[5px] [&amp;&gt;ol]:!pt-0 [&amp;&gt;ol]:!pb-0 [&amp;&gt;ul]:!pt-0 [&amp;&gt;ul]:!pb-0\" value=\"6\"><b><strong class=\"font-bold\">Waga<\/strong><\/b>1589 gram\u00f3w, doskonale wywa\u017cony dla wygodnego chwytu<\/li>\n<li class=\"text-body font-regular leading-[24px] my-[5px] [&amp;&gt;ol]:!pt-0 [&amp;&gt;ol]:!pb-0 [&amp;&gt;ul]:!pt-0 [&amp;&gt;ul]:!pb-0\" value=\"7\"><b><strong class=\"font-bold\">Kolory<\/strong><\/b>Unikalna mieszanka zieleni, kt\u00f3ra fascynuje i intryguje<\/li>\n<li class=\"text-body font-regular leading-[24px] my-[5px] [&amp;&gt;ol]:!pt-0 [&amp;&gt;ol]:!pb-0 [&amp;&gt;ul]:!pt-0 [&amp;&gt;ul]:!pb-0\" value=\"8\"><b><strong class=\"font-bold\">Materia\u0142<\/strong><\/b>Najwy\u017cszej jako\u015bci silikon platynowy, zapewniaj\u0105cy bezpiecze\u0144stwo, trwa\u0142o\u015b\u0107 i luksusowy dotyk.<\/li>\n<\/ul>\n<h3 class=\"font-bold text-h4 leading-[30px] pt-[15px] pb-[2px] [&amp;_a]:underline-offset-[6px] [&amp;_.underline]:underline-offset-[6px]\" dir=\"ltr\">Unikalne w\u0142a\u015bciwo\u015bci<\/h3>\n<ul class=\"pt-[9px] pb-[2px] pl-[24px] list-disc [&amp;_ul]:pt-[5px] pt-[5px]\">\n<li class=\"text-body font-regular leading-[24px] my-[5px] [&amp;&gt;ol]:!pt-0 [&amp;&gt;ol]:!pb-0 [&amp;&gt;ul]:!pt-0 [&amp;&gt;ul]:!pb-0\" value=\"1\"><b><strong class=\"font-bold\">Funkcja wirowania: <\/strong><\/b>Przygotuj si\u0119 razem ze swoim partnerem kosmit\u0105<\/li>\n<li class=\"text-body font-regular leading-[24px] my-[5px] [&amp;&gt;ol]:!pt-0 [&amp;&gt;ol]:!pb-0 [&amp;&gt;ul]:!pt-0 [&amp;&gt;ul]:!pb-0\" value=\"1\"><b><strong class=\"font-bold\">Najwy\u017csza jako\u015b\u0107:<\/strong><\/b> Wykonane z najwy\u017cszej jako\u015bci silikonu Platinum, zapewniaj\u0105cego niewiarygodnie realistyczne odczucia.<\/li>\n<li class=\"text-body font-regular leading-[24px] my-[5px] [&amp;&gt;ol]:!pt-0 [&amp;&gt;ol]:!pb-0 [&amp;&gt;ul]:!pt-0 [&amp;&gt;ul]:!pb-0\" value=\"2\"><b><strong class=\"font-bold\">\u017bywe kolory:<\/strong><\/b> Zapieraj\u0105ca dech w piersiach mieszanka odcieni zieleni<\/li>\n<li class=\"text-body font-regular leading-[24px] my-[5px] [&amp;&gt;ol]:!pt-0 [&amp;&gt;ol]:!pb-0 [&amp;&gt;ul]:!pt-0 [&amp;&gt;ul]:!pb-0\" value=\"3\"><b><strong class=\"font-bold\">Wszechstronne zastosowanie:<\/strong><\/b> Idealny zar\u00f3wno do zabaw analnych, jak i waginalnych.<\/li>\n<\/ul>","protected":false},"excerpt":{"rendered":"<p>Wyobra\u017a sobie istot\u0119 z przysz\u0142ego wymiaru, nasycon\u0105 wibruj\u0105c\u0105 energi\u0105 odleg\u0142ej, mistycznej planety. Kolor jest zielony, ale nie jest to zwyk\u0142a ziele\u0144, kt\u00f3r\u0105 znasz; promieniuje czaruj\u0105cym blaskiem, podobnym do szmaragdu mieni\u0105cego si\u0119 w \u015bwietle ksi\u0119\u017cyca.<\/p>","protected":false},"featured_media":19010,"comment_status":"open","ping_status":"closed","template":"","meta":[],"product_brand":[767],"product_cat":[766,787],"product_tag":[],"class_list":{"0":"post-19011","1":"product","2":"type-product","3":"status-publish","4":"has-post-thumbnail","6":"product_brand-giant-space-intruders","7":"product_cat-dildos","8":"product_cat-monster-fantasy-dildos","10":"first","11":"instock","12":"sale","13":"taxable","14":"shipping-taxable","15":"purchasable","16":"product-type-simple"},"_links":{"self":[{"href":"https:\/\/stage.poppersparadise.eu\/pl\/wp-json\/wp\/v2\/product\/19011","targetHints":{"allow":["GET"]}}],"collection":[{"href":"https:\/\/stage.poppersparadise.eu\/pl\/wp-json\/wp\/v2\/product"}],"about":[{"href":"https:\/\/stage.poppersparadise.eu\/pl\/wp-json\/wp\/v2\/types\/product"}],"replies":[{"embeddable":true,"href":"https:\/\/stage.poppersparadise.eu\/pl\/wp-json\/wp\/v2\/comments?post=19011"}],"wp:featuredmedia":[{"embeddable":true,"href":"https:\/\/stage.poppersparadise.eu\/pl\/wp-json\/wp\/v2\/media\/19010"}],"wp:attachment":[{"href":"https:\/\/stage.poppersparadise.eu\/pl\/wp-json\/wp\/v2\/media?parent=19011"}],"wp:term":[{"taxonomy":"product_brand","embeddable":true,"href":"https:\/\/stage.poppersparadise.eu\/pl\/wp-json\/wp\/v2\/product_brand?post=19011"},{"taxonomy":"product_cat","embeddable":true,"href":"https:\/\/stage.poppersparadise.eu\/pl\/wp-json\/wp\/v2\/product_cat?post=19011"},{"taxonomy":"product_tag","embeddable":true,"href":"https:\/\/stage.poppersparadise.eu\/pl\/wp-json\/wp\/v2\/product_tag?post=19011"}],"curies":[{"name":"wp","href":"https:\/\/api.w.org\/{rel}","templated":true}]}}