{"id":19098,"date":"2025-06-27T17:34:32","date_gmt":"2025-06-27T15:34:32","guid":{"rendered":"https:\/\/stage.poppersparadise.eu\/product\/asteroid-adventurer-dildo-l\/"},"modified":"2025-09-23T11:25:14","modified_gmt":"2025-09-23T09:25:14","slug":"asteroid-adventurer-dildo-l","status":"publish","type":"product","link":"https:\/\/stage.poppersparadise.eu\/pl\/product\/asteroid-adventurer-dildo-l\/","title":{"rendered":"Dildo Asteroid Adventurer - L"},"content":{"rendered":"<h2 class=\"font-bold text-h3 leading-[36px] pt-[21px] pb-[2px] [&amp;_a]:underline-offset-[6px] [&amp;_.underline]:underline-offset-[6px]\" dir=\"ltr\">Odkryj kosmiczn\u0105 przyjemno\u015b\u0107 z Asteroid Adventurer Dildo<\/h2>\n<p class=\"text-body font-regular leading-[24px] pt-[9px] pb-[2px]\" dir=\"ltr\">Wyrusz w podr\u00f3\u017c do nowych wymiar\u00f3w przyjemno\u015bci dzi\u0119ki naszemu unikalnie zaprojektowanemu dildo fantasy, inspirowanemu mitycznymi stworzeniami i wykonanemu z wysokiej jako\u015bci silikonu platynowego. Wyobra\u017a sobie stworzenie, kt\u00f3re przyby\u0142o z odleg\u0142ej asteroidy, wzbogacaj\u0105c nasz \u015bwiat o obc\u0105 ekstaz\u0119, kt\u00f3ra spe\u0142nia twoje ziemskie pragnienia. To nie jest tylko zabawka; to twoja brama do wszech\u015bwiata nieodkrytych fantazji. Niezale\u017cnie od tego, czy wyruszasz na samotn\u0105 przygod\u0119, czy odkrywasz wsp\u00f3lne chwile z partnerem, to dildo jest tutaj, aby zaspokoi\u0107 Twoje najg\u0142\u0119bsze, najbardziej enigmatyczne fantazje.<\/p>\n<h3 class=\"font-bold text-h4 leading-[30px] pt-[15px] pb-[2px] [&amp;_a]:underline-offset-[6px] [&amp;_.underline]:underline-offset-[6px]\" dir=\"ltr\">Specyfikacja produktu<\/h3>\n<ul class=\"pt-[9px] pb-[2px] pl-[24px] list-disc [&amp;_ul]:pt-[5px] pt-[5px]\">\n<li class=\"text-body font-regular leading-[24px] my-[5px] [&amp;&gt;ol]:!pt-0 [&amp;&gt;ol]:!pb-0 [&amp;&gt;ul]:!pt-0 [&amp;&gt;ul]:!pb-0\" value=\"1\"><b><strong class=\"font-bold\">D\u0142ugo\u015b\u0107 ca\u0142kowita:<\/strong><\/b> 26,8 cm<\/li>\n<li class=\"text-body font-regular leading-[24px] my-[5px] [&amp;&gt;ol]:!pt-0 [&amp;&gt;ol]:!pb-0 [&amp;&gt;ul]:!pt-0 [&amp;&gt;ul]:!pb-0\" value=\"2\"><b><strong class=\"font-bold\">D\u0142ugo\u015b\u0107 wk\u0142adki:<\/strong><\/b> 22,3 cm<\/li>\n<li class=\"text-body font-regular leading-[24px] my-[5px] [&amp;&gt;ol]:!pt-0 [&amp;&gt;ol]:!pb-0 [&amp;&gt;ul]:!pt-0 [&amp;&gt;ul]:!pb-0\" value=\"3\"><b><strong class=\"font-bold\">G\u00f3rna \u015brednica:<\/strong><\/b> 4,4 cm<\/li>\n<li class=\"text-body font-regular leading-[24px] my-[5px] [&amp;&gt;ol]:!pt-0 [&amp;&gt;ol]:!pb-0 [&amp;&gt;ul]:!pt-0 [&amp;&gt;ul]:!pb-0\" value=\"4\"><b><strong class=\"font-bold\">\u015arednica \u015brodkowa:<\/strong><\/b> 7,5 cm<\/li>\n<li class=\"text-body font-regular leading-[24px] my-[5px] [&amp;&gt;ol]:!pt-0 [&amp;&gt;ol]:!pb-0 [&amp;&gt;ul]:!pt-0 [&amp;&gt;ul]:!pb-0\" value=\"5\"><b><strong class=\"font-bold\">\u015arednica podstawy:<\/strong><\/b> 12,8 cm<\/li>\n<li class=\"text-body font-regular leading-[24px] my-[5px] [&amp;&gt;ol]:!pt-0 [&amp;&gt;ol]:!pb-0 [&amp;&gt;ul]:!pt-0 [&amp;&gt;ul]:!pb-0\" value=\"6\"><b><strong class=\"font-bold\">Waga:<\/strong><\/b> 1376 gram\u00f3w<\/li>\n<li class=\"text-body font-regular leading-[24px] my-[5px] [&amp;&gt;ol]:!pt-0 [&amp;&gt;ol]:!pb-0 [&amp;&gt;ul]:!pt-0 [&amp;&gt;ul]:!pb-0\" value=\"7\"><b><strong class=\"font-bold\">Kolory:<\/strong><\/b> Czaruj\u0105ca mieszanka zielono-niebieskiego, z\u0142ota i r\u00f3\u017cu<\/li>\n<li class=\"text-body font-regular leading-[24px] my-[5px] [&amp;&gt;ol]:!pt-0 [&amp;&gt;ol]:!pb-0 [&amp;&gt;ul]:!pt-0 [&amp;&gt;ul]:!pb-0\" value=\"8\"><b><strong class=\"font-bold\">Materia\u0142:<\/strong><\/b> Wysokiej jako\u015bci silikon platynowy<\/li>\n<\/ul>\n<h3 class=\"font-bold text-h4 leading-[30px] pt-[15px] pb-[2px] [&amp;_a]:underline-offset-[6px] [&amp;_.underline]:underline-offset-[6px]\" dir=\"ltr\">Unikalne cechy<\/h3>\n<ul class=\"pt-[9px] pb-[2px] pl-[24px] list-disc [&amp;_ul]:pt-[5px] pt-[5px]\">\n<li class=\"text-body font-regular leading-[24px] my-[5px] [&amp;&gt;ol]:!pt-0 [&amp;&gt;ol]:!pb-0 [&amp;&gt;ul]:!pt-0 [&amp;&gt;ul]:!pb-0\" value=\"1\"><b><strong class=\"font-bold\">Najwy\u017csza jako\u015b\u0107:<\/strong><\/b> Wykonane z najlepszego silikonu platynowego, zapewniaj\u0105cego niewiarygodnie realistyczne odczucia.<\/li>\n<li class=\"text-body font-regular leading-[24px] my-[5px] [&amp;&gt;ol]:!pt-0 [&amp;&gt;ol]:!pb-0 [&amp;&gt;ul]:!pt-0 [&amp;&gt;ul]:!pb-0\" value=\"2\"><b><strong class=\"font-bold\">\u017bywe kolory:<\/strong><\/b> Zapieraj\u0105ca dech w piersiach mieszanka zielono-niebieskiego, z\u0142ota i r\u00f3\u017cu, kt\u00f3ra oczarowuje zmys\u0142y.<\/li>\n<li class=\"text-body font-regular leading-[24px] my-[5px] [&amp;&gt;ol]:!pt-0 [&amp;&gt;ol]:!pb-0 [&amp;&gt;ul]:!pt-0 [&amp;&gt;ul]:!pb-0\" value=\"3\"><b><strong class=\"font-bold\">Wszechstronne zastosowanie:<\/strong><\/b> Idealny zar\u00f3wno do stymulacji analnej, jak i waginalnej, idealny dla ka\u017cdego mi\u0142o\u015bnika fantazji.<\/li>\n<\/ul>\n<h3 class=\"font-bold text-h4 leading-[30px] pt-[15px] pb-[2px] [&amp;_a]:underline-offset-[6px] [&amp;_.underline]:underline-offset-[6px]\" dir=\"ltr\">Wyrusz w odkrywcz\u0105 podr\u00f3\u017c do nowego \u015bwiata przyjemno\u015bci<\/h3>\n<p class=\"text-body font-regular leading-[24px] pt-[9px] pb-[2px]\" dir=\"ltr\">Niezale\u017cnie od tego, czy chcesz urozmaici\u0107 zabaw\u0119 we dwoje, czy cieszy\u0107 si\u0119 gr\u0105 solo jako mi\u0142o\u015bnik fantazji, to kosmiczne pi\u0119kno zosta\u0142o zaprojektowane z my\u015bl\u0105 o zadowoleniu. Du\u017cy i imponuj\u0105cy, z designem inspirowanym mitycznymi stworzeniami, obiecuje osza\u0142amiaj\u0105ce wizualnie i fizycznie satysfakcjonuj\u0105ce do\u015bwiadczenie.<\/p>","protected":false},"excerpt":{"rendered":"<p>Odkryj nowe wymiary przyjemno\u015bci dzi\u0119ki naszemu unikalnie zaprojektowanemu dildo fantasy, inspirowanemu mitycznymi motywami. Fachowo wykonane dla realistycznych i wszechstronnych dozna\u0144.<\/p>","protected":false},"featured_media":19097,"comment_status":"open","ping_status":"closed","template":"","meta":[],"product_brand":[767],"product_cat":[766,787],"product_tag":[],"class_list":{"0":"post-19098","1":"product","2":"type-product","3":"status-publish","4":"has-post-thumbnail","6":"product_brand-giant-space-intruders","7":"product_cat-dildos","8":"product_cat-monster-fantasy-dildos","10":"first","11":"instock","12":"sale","13":"taxable","14":"shipping-taxable","15":"purchasable","16":"product-type-simple"},"_links":{"self":[{"href":"https:\/\/stage.poppersparadise.eu\/pl\/wp-json\/wp\/v2\/product\/19098","targetHints":{"allow":["GET"]}}],"collection":[{"href":"https:\/\/stage.poppersparadise.eu\/pl\/wp-json\/wp\/v2\/product"}],"about":[{"href":"https:\/\/stage.poppersparadise.eu\/pl\/wp-json\/wp\/v2\/types\/product"}],"replies":[{"embeddable":true,"href":"https:\/\/stage.poppersparadise.eu\/pl\/wp-json\/wp\/v2\/comments?post=19098"}],"wp:featuredmedia":[{"embeddable":true,"href":"https:\/\/stage.poppersparadise.eu\/pl\/wp-json\/wp\/v2\/media\/19097"}],"wp:attachment":[{"href":"https:\/\/stage.poppersparadise.eu\/pl\/wp-json\/wp\/v2\/media?parent=19098"}],"wp:term":[{"taxonomy":"product_brand","embeddable":true,"href":"https:\/\/stage.poppersparadise.eu\/pl\/wp-json\/wp\/v2\/product_brand?post=19098"},{"taxonomy":"product_cat","embeddable":true,"href":"https:\/\/stage.poppersparadise.eu\/pl\/wp-json\/wp\/v2\/product_cat?post=19098"},{"taxonomy":"product_tag","embeddable":true,"href":"https:\/\/stage.poppersparadise.eu\/pl\/wp-json\/wp\/v2\/product_tag?post=19098"}],"curies":[{"name":"wp","href":"https:\/\/api.w.org\/{rel}","templated":true}]}}