{"id":19142,"date":"2025-06-27T17:37:12","date_gmt":"2025-06-27T15:37:12","guid":{"rendered":"https:\/\/stage.poppersparadise.eu\/product\/cosmic-titan-dildo-m\/"},"modified":"2025-09-23T11:25:14","modified_gmt":"2025-09-23T09:25:14","slug":"cosmic-titan-dildo-m","status":"publish","type":"product","link":"https:\/\/stage.poppersparadise.eu\/pl\/product\/cosmic-titan-dildo-m\/","title":{"rendered":"Cosmic Titan Dildo - M"},"content":{"rendered":"<h2 class=\"font-bold text-h3 leading-[36px] pt-[21px] pb-[2px] [&amp;_a]:underline-offset-[6px] [&amp;_.underline]:underline-offset-[6px]\" dir=\"ltr\">Odblokuj wszech\u015bwiat za pomoc\u0105 Cosmic Titan Dildo<\/h2>\n<p class=\"text-body font-regular leading-[24px] pt-[9px] pb-[2px]\" dir=\"ltr\">Wkrocz do wszech\u015bwiata niespotykanych przyjemno\u015bci z Cosmic Titan Dildo. Przepe\u0142niona galaktyczn\u0105 atrakcj\u0105, ta nieziemska kreacja zaprasza do uwolnienia si\u0119 od ziemskich ogranicze\u0144 i odkrycia kr\u00f3lestwa fantazji i ekstazy. Wyobra\u017a sobie kosmicznego podr\u00f3\u017cnika, ozdobionego \u017cywymi fioletowymi i r\u00f3\u017cowymi odcieniami, zst\u0119puj\u0105cego na ziemi\u0119 z misj\u0105 rozbudzenia twoich najg\u0142\u0119bszych pragnie\u0144. To uderzaj\u0105ce po\u0142\u0105czenie kosmicznej energii i pierwotnej mocy obiecuje transcendentaln\u0105 przygod\u0119.<\/p>\n<p class=\"text-body font-regular leading-[24px] pt-[9px] pb-[2px]\" dir=\"ltr\">Cosmic Titan Dildo to nie tylko kolejny instrument przyjemno\u015bci - to brama do niezwyk\u0142ych dozna\u0144, wykraczaj\u0105cych poza granice wyobra\u017ani. Ka\u017cda krzywizna i kontur rezonuje z biciem serca wszech\u015bwiata, dostarczaj\u0105c wra\u017ce\u0144, kt\u00f3re s\u0105 naprawd\u0119 nieziemskie. Ka\u017cdy dotyk wyzwala przep\u0142yw kosmicznej energii, p\u0142ynnie \u0142\u0105cz\u0105c Ci\u0119 z tajemnicami kosmosu.<\/p>\n<p class=\"text-body font-regular leading-[24px] pt-[9px] pb-[2px]\" dir=\"ltr\"><b><strong class=\"font-bold\">Specyfikacje<\/strong><\/b><\/p>\n<ul class=\"pt-[9px] pb-[2px] pl-[24px] list-disc [&amp;_ul]:pt-[5px] pt-[5px]\">\n<li class=\"text-body font-regular leading-[24px] my-[5px] [&amp;&gt;ol]:!pt-0 [&amp;&gt;ol]:!pb-0 [&amp;&gt;ul]:!pt-0 [&amp;&gt;ul]:!pb-0\" value=\"1\">Ca\u0142kowita d\u0142ugo\u015b\u0107: 22,3 cm, oferuje satysfakcjonuj\u0105ce i zapieraj\u0105ce dech w piersiach wra\u017cenia.<\/li>\n<li class=\"text-body font-regular leading-[24px] my-[5px] [&amp;&gt;ol]:!pt-0 [&amp;&gt;ol]:!pb-0 [&amp;&gt;ul]:!pt-0 [&amp;&gt;ul]:!pb-0\" value=\"2\">D\u0142ugo\u015b\u0107 wk\u0142adki: 18,1 cm, zaprojektowana, aby osi\u0105gn\u0105\u0107 now\u0105 g\u0142\u0119bi\u0119 satysfakcji.<\/li>\n<li class=\"text-body font-regular leading-[24px] my-[5px] [&amp;&gt;ol]:!pt-0 [&amp;&gt;ol]:!pb-0 [&amp;&gt;ul]:!pt-0 [&amp;&gt;ul]:!pb-0\" value=\"3\">G\u00f3rna \u015brednica: 4,9 cm, dla stopniowego i przyjemnego wprowadzenia.<\/li>\n<li class=\"text-body font-regular leading-[24px] my-[5px] [&amp;&gt;ol]:!pt-0 [&amp;&gt;ol]:!pb-0 [&amp;&gt;ul]:!pt-0 [&amp;&gt;ul]:!pb-0\" value=\"4\">\u015arednica \u015brodkowa: 5,9 cm, zapewnia pe\u0142niejsze odczucia w miar\u0119 schodzenia g\u0142\u0119biej.<\/li>\n<li class=\"text-body font-regular leading-[24px] my-[5px] [&amp;&gt;ol]:!pt-0 [&amp;&gt;ol]:!pb-0 [&amp;&gt;ul]:!pt-0 [&amp;&gt;ul]:!pb-0\" value=\"5\">\u015arednica podstawy: 12,0 cm, zapewnia pewny chwyt podczas kosmicznych eksploracji.<\/li>\n<li class=\"text-body font-regular leading-[24px] my-[5px] [&amp;&gt;ol]:!pt-0 [&amp;&gt;ol]:!pb-0 [&amp;&gt;ul]:!pt-0 [&amp;&gt;ul]:!pb-0\" value=\"6\">Waga: 676 gram\u00f3w, co wskazuje na jego znaczn\u0105 obecno\u015b\u0107.<\/li>\n<li class=\"text-body font-regular leading-[24px] my-[5px] [&amp;&gt;ol]:!pt-0 [&amp;&gt;ol]:!pb-0 [&amp;&gt;ul]:!pt-0 [&amp;&gt;ul]:!pb-0\" value=\"7\">Kolory: urzekaj\u0105ca mieszanka fioletowych i r\u00f3\u017cowych odcieni, przywodz\u0105ca na my\u015bl bujne, obce krajobrazy.<\/li>\n<li class=\"text-body font-regular leading-[24px] my-[5px] [&amp;&gt;ol]:!pt-0 [&amp;&gt;ol]:!pb-0 [&amp;&gt;ul]:!pt-0 [&amp;&gt;ul]:!pb-0\" value=\"8\">Materia\u0142: Wykonany z wysokiej jako\u015bci silikonu platynowego, oferuje jedwabi\u015bcie g\u0142adk\u0105 tekstur\u0119, kt\u00f3ra jest zar\u00f3wno trwa\u0142a, jak i bezpieczna dla cia\u0142a.<\/li>\n<\/ul>\n<p class=\"text-body font-regular leading-[24px] pt-[9px] pb-[2px]\" dir=\"ltr\">Ciesz si\u0119 histori\u0105 kosmicznej pasji i surowej mocy, w kt\u00f3rej ka\u017cde spotkanie z Cosmic Titan Dildo staje si\u0119 niebia\u0144sk\u0105 wypraw\u0105. Zaprojektowany, aby spe\u0142ni\u0107 najg\u0142\u0119bsze fantazje zar\u00f3wno m\u0119\u017cczyzn, jak i kobiet, zaprasza ich do przekraczania granic wyobra\u017ani. Witamy we wszech\u015bwiecie, w kt\u00f3rym fantazja i rzeczywisto\u015b\u0107 \u0142\u0105cz\u0105 si\u0119, a przyjemno\u015b\u0107 nie zna granic. Poczuj u\u015bcisk wszech\u015bwiata i pozw\u00f3l swoim pragnieniom wznie\u015b\u0107 si\u0119 pod gwiazdy z tym niebia\u0144skim towarzyszem.<\/p>","protected":false},"excerpt":{"rendered":"<p>Odkryj niebia\u0144sk\u0105 przyjemno\u015b\u0107 z Cosmic Titan Dildo - gdzie fantazja i rzeczywisto\u015b\u0107 \u0142\u0105cz\u0105 si\u0119, oferuj\u0105c niezr\u00f3wnan\u0105 przygod\u0119 i satysfakcj\u0119.<\/p>","protected":false},"featured_media":19141,"comment_status":"open","ping_status":"closed","template":"","meta":[],"product_brand":[767],"product_cat":[766,787],"product_tag":[],"class_list":{"0":"post-19142","1":"product","2":"type-product","3":"status-publish","4":"has-post-thumbnail","6":"product_brand-giant-space-intruders","7":"product_cat-dildos","8":"product_cat-monster-fantasy-dildos","10":"first","11":"instock","12":"sale","13":"taxable","14":"shipping-taxable","15":"purchasable","16":"product-type-simple"},"_links":{"self":[{"href":"https:\/\/stage.poppersparadise.eu\/pl\/wp-json\/wp\/v2\/product\/19142","targetHints":{"allow":["GET"]}}],"collection":[{"href":"https:\/\/stage.poppersparadise.eu\/pl\/wp-json\/wp\/v2\/product"}],"about":[{"href":"https:\/\/stage.poppersparadise.eu\/pl\/wp-json\/wp\/v2\/types\/product"}],"replies":[{"embeddable":true,"href":"https:\/\/stage.poppersparadise.eu\/pl\/wp-json\/wp\/v2\/comments?post=19142"}],"wp:featuredmedia":[{"embeddable":true,"href":"https:\/\/stage.poppersparadise.eu\/pl\/wp-json\/wp\/v2\/media\/19141"}],"wp:attachment":[{"href":"https:\/\/stage.poppersparadise.eu\/pl\/wp-json\/wp\/v2\/media?parent=19142"}],"wp:term":[{"taxonomy":"product_brand","embeddable":true,"href":"https:\/\/stage.poppersparadise.eu\/pl\/wp-json\/wp\/v2\/product_brand?post=19142"},{"taxonomy":"product_cat","embeddable":true,"href":"https:\/\/stage.poppersparadise.eu\/pl\/wp-json\/wp\/v2\/product_cat?post=19142"},{"taxonomy":"product_tag","embeddable":true,"href":"https:\/\/stage.poppersparadise.eu\/pl\/wp-json\/wp\/v2\/product_tag?post=19142"}],"curies":[{"name":"wp","href":"https:\/\/api.w.org\/{rel}","templated":true}]}}