{"id":19153,"date":"2025-06-27T17:37:54","date_gmt":"2025-06-27T15:37:54","guid":{"rendered":"https:\/\/stage.poppersparadise.eu\/product\/starlight-stinger-dildo-l\/"},"modified":"2025-09-23T11:25:14","modified_gmt":"2025-09-23T09:25:14","slug":"starlight-stinger-dildo-l","status":"publish","type":"product","link":"https:\/\/stage.poppersparadise.eu\/pl\/product\/starlight-stinger-dildo-l\/","title":{"rendered":"Starlight Stinger Dildo - L"},"content":{"rendered":"<h2>Po d\u0142ugiej podr\u00f3\u017cy nadszed\u0142: Starlight Stinger Dildo.<\/h2>\n<p>Nieziemska kreacja wyl\u0105dowa\u0142a na ziemi: Starlight Stinger. Dzi\u0119ki \u017cywym kolorom, wysokiej jako\u015bci materia\u0142om i wszechstronnemu designowi, nie jest to tylko kolejne dildo; to niebia\u0144ski sojusznik, kt\u00f3ry podsyca twoje pragnienia i spe\u0142nia twoje fantazje.<\/p>\n<p>Wed\u0142ug legendy, Starlight Stinger nie jest zwyk\u0142ym przedmiotem. Pochodzi z odleg\u0142ych zak\u0105tk\u00f3w obcej galaktyki i ma jasn\u0105 misj\u0119: sprawi\u0107, by jego u\u017cytkownicy do\u015bwiadczyli niezr\u00f3wnanej przyjemno\u015bci, szerz\u0105c rado\u015b\u0107, gdziekolwiek si\u0119 pojawi. Zaprojektowany specjalnie dla \u017c\u0105dnych przyg\u00f3d par i samotnych odkrywc\u00f3w, ten wysokiej jako\u015bci produkt jest tutaj, aby uwodzi\u0107, podnieca\u0107 i anga\u017cowa\u0107 w spos\u00f3b, jaki nigdy nie wydawa\u0142 si\u0119 mo\u017cliwy.<\/p>\n<h3>Dlaczego Starlight Stinger jest wyj\u0105tkowy<\/h3>\n<p>Wykonany z najlepszego silikonu platynowego, Starlight Stinger zosta\u0142 zaprojektowany z my\u015bl\u0105 o nieziemskich, ale niesamowicie realistycznych doznaniach. Hipnotyzuj\u0105ca gra turkusowych, z\u0142otych i fioletowych kolor\u00f3w dodaje wizualnie osza\u0142amiaj\u0105cy element do twoich chwil i pobudza zmys\u0142y jeszcze przed rozpocz\u0119ciem przygody.<\/p>\n<p>Dzi\u0119ki idealnie wywa\u017conym wymiarom zar\u00f3wno do stymulacji waginalnej, jak i analnej, ta wszechstronna zabawka jest idealnym wyborem dla ka\u017cdego, kto chce odkrywa\u0107 swoj\u0105 zmys\u0142owo\u015b\u0107. Jest trwa\u0142a, przyjazna dla cia\u0142a i stworzona dla tych, kt\u00f3rzy wierz\u0105, \u017ce przyjemno\u015b\u0107 nie ma granic.<\/p>\n<h3>Specyfikacja produktu<\/h3>\n<ul>\n<li><b>D\u0142ugo\u015b\u0107 ca\u0142kowita<\/b>24,0 cm<\/li>\n<li><b>D\u0142ugo\u015b\u0107 wk\u0142adki<\/b>: 19,4 cm<\/li>\n<li><b>\u015arednica ko\u0144c\u00f3wki<\/b>6,2 cm<\/li>\n<li><b>\u015arednica wa\u0142u<\/b>6,8 cm<\/li>\n<li><b>\u015arednica podstawy<\/b>14,5 cm<\/li>\n<li><b>Waga<\/b>: 1427 g<\/li>\n<li><b>Materia\u0142<\/b>Wysokiej jako\u015bci silikon platynowy<\/li>\n<li><b>Kolor<\/b>Niebia\u0144ska mieszanka zieleni, b\u0142\u0119kitu, z\u0142ota i fioletu<\/li>\n<li><b>Wszechstronne zastosowanie:<\/b> Idealny zar\u00f3wno do stymulacji analnej, jak i waginalnej, idealny dla ka\u017cdego mi\u0142o\u015bnika fantazji<\/li>\n<\/ul>\n<h3>Twoja ostateczna przyjemno\u015b\u0107 czeka<\/h3>\n<p>Starlight Stinger jest dla tych, kt\u00f3rzy nie boj\u0105 si\u0119 zanurzy\u0107 w swoich najbardziej \u017cywych fantazjach. Przenie\u015b niezwyk\u0142\u0105 energi\u0119 wszech\u015bwiata do swojej sypialni i do\u015bwiadcz magii tego nieziemskiego towarzysza. Idealny dla ka\u017cdego, kto lubi odkrywa\u0107 swoje granice lub doda\u0107 odrobin\u0119 emocji do swojej kolekcji.<\/p>\n<p>Starlight Stinger jest dostarczany w dyskretnym, przyjaznym dla \u015brodowiska opakowaniu i jest wysy\u0142any z pe\u0142nym poszanowaniem Twojej prywatno\u015bci. Niezale\u017cnie od tego, czy grasz solo, czy eksplorujesz z partnerem, ta kosmiczna zabawka bez w\u0105tpienia dostarczy Ci niezapomnianych wra\u017ce\u0144.<\/p>\n<p>Nie tylko marz o przyjemno\u015bciach poza tym \u015bwiatem - do\u015bwiadcz ich.<\/p>","protected":false},"excerpt":{"rendered":"<p>Odkryj Starlight Stinger, najwy\u017cszej jako\u015bci platynowe silikonowe dildo zaprojektowane z my\u015bl\u0105 o kosmicznej przyjemno\u015bci w \u017cywych kolorach i niezr\u00f3wnanej jako\u015bci.<\/p>","protected":false},"featured_media":19152,"comment_status":"open","ping_status":"closed","template":"","meta":[],"product_brand":[767],"product_cat":[766,787],"product_tag":[],"class_list":{"0":"post-19153","1":"product","2":"type-product","3":"status-publish","4":"has-post-thumbnail","6":"product_brand-giant-space-intruders","7":"product_cat-dildos","8":"product_cat-monster-fantasy-dildos","10":"first","11":"instock","12":"sale","13":"taxable","14":"shipping-taxable","15":"purchasable","16":"product-type-simple"},"_links":{"self":[{"href":"https:\/\/stage.poppersparadise.eu\/pl\/wp-json\/wp\/v2\/product\/19153","targetHints":{"allow":["GET"]}}],"collection":[{"href":"https:\/\/stage.poppersparadise.eu\/pl\/wp-json\/wp\/v2\/product"}],"about":[{"href":"https:\/\/stage.poppersparadise.eu\/pl\/wp-json\/wp\/v2\/types\/product"}],"replies":[{"embeddable":true,"href":"https:\/\/stage.poppersparadise.eu\/pl\/wp-json\/wp\/v2\/comments?post=19153"}],"wp:featuredmedia":[{"embeddable":true,"href":"https:\/\/stage.poppersparadise.eu\/pl\/wp-json\/wp\/v2\/media\/19152"}],"wp:attachment":[{"href":"https:\/\/stage.poppersparadise.eu\/pl\/wp-json\/wp\/v2\/media?parent=19153"}],"wp:term":[{"taxonomy":"product_brand","embeddable":true,"href":"https:\/\/stage.poppersparadise.eu\/pl\/wp-json\/wp\/v2\/product_brand?post=19153"},{"taxonomy":"product_cat","embeddable":true,"href":"https:\/\/stage.poppersparadise.eu\/pl\/wp-json\/wp\/v2\/product_cat?post=19153"},{"taxonomy":"product_tag","embeddable":true,"href":"https:\/\/stage.poppersparadise.eu\/pl\/wp-json\/wp\/v2\/product_tag?post=19153"}],"curies":[{"name":"wp","href":"https:\/\/api.w.org\/{rel}","templated":true}]}}