{"id":19164,"date":"2025-06-27T17:38:34","date_gmt":"2025-06-27T15:38:34","guid":{"rendered":"https:\/\/stage.poppersparadise.eu\/product\/starlight-stinger-dildo-m\/"},"modified":"2025-09-23T11:25:14","modified_gmt":"2025-09-23T09:25:14","slug":"starlight-stinger-dildo-m","status":"publish","type":"product","link":"https:\/\/stage.poppersparadise.eu\/pl\/product\/starlight-stinger-dildo-m\/","title":{"rendered":"Starlight Stinger Dildo - M"},"content":{"rendered":"<h2 class=\"font-bold text-h3 leading-[40px] pt-[21px] pb-[2px] [&amp;_a]:underline-offset-[6px] [&amp;_.underline]:underline-offset-[6px]\" dir=\"ltr\">Po d\u0142ugiej podr\u00f3\u017cy, oto jest; Starlight Stinger Dildo<\/h2>\n<p class=\"text-body font-regular leading-[24px] pt-[9px] pb-[2px]\" dir=\"ltr\">Nieziemska kreacja wyl\u0105dowa\u0142a na Ziemi - Starlight Stinger. Dzi\u0119ki \u017cywym kolorom, wysokiej jako\u015bci materia\u0142om i wszechstronnemu projektowi, nie jest to tylko kolejne dildo; to niebia\u0144ski sojusznik, kt\u00f3ry podsyca twoje pragnienia i spe\u0142nia twoje fantazje.<\/p>\n<p class=\"text-body font-regular leading-[24px] pt-[9px] pb-[2px]\" dir=\"ltr\">Wed\u0142ug legendy, Starlight Stinger nie jest zwyk\u0142ym przedmiotem. Pochodzi z odleg\u0142ych zak\u0105tk\u00f3w obcej galaktyki i ma jasn\u0105 misj\u0119: sprawi\u0107, by jego u\u017cytkownicy do\u015bwiadczyli niezr\u00f3wnanej przyjemno\u015bci, szerz\u0105c rado\u015b\u0107, gdziekolwiek si\u0119 pojawi. Zaprojektowany specjalnie dla \u017c\u0105dnych przyg\u00f3d par i samotnych odkrywc\u00f3w, ten wysokiej jako\u015bci produkt jest tutaj, aby uwodzi\u0107, podnieca\u0107 i anga\u017cowa\u0107 w spos\u00f3b, o jakim nigdy nie marzy\u0142e\u015b.<\/p>\n<h3 class=\"font-bold text-h4 leading-[30px] pt-[15px] pb-[2px] [&amp;_a]:underline-offset-[6px] [&amp;_.underline]:underline-offset-[6px]\" dir=\"ltr\">Dlaczego Starlight Stinger jest wyj\u0105tkowy<\/h3>\n<p class=\"text-body font-regular leading-[24px] pt-[9px] pb-[2px]\" dir=\"ltr\">Wykonany z najlepszego silikonu platynowego, Starlight Stinger zosta\u0142 zaprojektowany, aby zapewni\u0107 nieziemskie, ale niesamowicie realistyczne wra\u017cenia. Hipnotyzuj\u0105ca kolorystyka zielono-niebieska, z\u0142ota i fioletowa dodaje wizualnie osza\u0142amiaj\u0105cy element do twoich chwil, kusz\u0105c zmys\u0142y jeszcze przed rozpocz\u0119ciem przygody.<\/p>\n<p class=\"text-body font-regular leading-[24px] pt-[9px] pb-[2px]\" dir=\"ltr\">Dzi\u0119ki idealnie wywa\u017conym wymiarom zar\u00f3wno do stymulacji waginalnej, jak i analnej, ta wszechstronna zabawka jest idealnym wyborem dla ka\u017cdego, kto chce odkrywa\u0107 swoj\u0105 zmys\u0142owo\u015b\u0107. Jest trwa\u0142a, przyjazna dla cia\u0142a i stworzona dla tych, kt\u00f3rzy wierz\u0105, \u017ce przyjemno\u015b\u0107 nie zna granic.<\/p>\n<h3 class=\"font-bold text-h4 leading-[30px] pt-[15px] pb-[2px] [&amp;_a]:underline-offset-[6px] [&amp;_.underline]:underline-offset-[6px]\" dir=\"ltr\">Specyfikacja produktu<\/h3>\n<ul class=\"pt-[9px] pb-[2px] pl-[24px] list-disc [&amp;_ul]:pt-[5px] pt-[5px]\">\n<li class=\"text-body font-regular leading-[24px] my-[5px] [&amp;&gt;ol]:!pt-0 [&amp;&gt;ol]:!pb-0 [&amp;&gt;ul]:!pt-0 [&amp;&gt;ul]:!pb-0\" value=\"1\"><b><strong class=\"font-bold\">D\u0142ugo\u015b\u0107 ca\u0142kowita<\/strong><\/b>21,0 cm<\/li>\n<li class=\"text-body font-regular leading-[24px] my-[5px] [&amp;&gt;ol]:!pt-0 [&amp;&gt;ol]:!pb-0 [&amp;&gt;ul]:!pt-0 [&amp;&gt;ul]:!pb-0\" value=\"2\"><b><strong class=\"font-bold\">D\u0142ugo\u015b\u0107 wk\u0142adki<\/strong><\/b>15,5 cm<\/li>\n<li class=\"text-body font-regular leading-[24px] my-[5px] [&amp;&gt;ol]:!pt-0 [&amp;&gt;ol]:!pb-0 [&amp;&gt;ul]:!pt-0 [&amp;&gt;ul]:!pb-0\" value=\"3\"><b><strong class=\"font-bold\">\u015arednica ko\u0144c\u00f3wki<\/strong><\/b>5,4 cm<\/li>\n<li class=\"text-body font-regular leading-[24px] my-[5px] [&amp;&gt;ol]:!pt-0 [&amp;&gt;ol]:!pb-0 [&amp;&gt;ul]:!pt-0 [&amp;&gt;ul]:!pb-0\" value=\"4\"><b><strong class=\"font-bold\">\u015arednica wa\u0142u \u015brodkowego<\/strong><\/b>6,0 cm<\/li>\n<li class=\"text-body font-regular leading-[24px] my-[5px] [&amp;&gt;ol]:!pt-0 [&amp;&gt;ol]:!pb-0 [&amp;&gt;ul]:!pt-0 [&amp;&gt;ul]:!pb-0\" value=\"5\"><b><strong class=\"font-bold\">\u015arednica podstawy<\/strong><\/b>12,5 cm<\/li>\n<li class=\"text-body font-regular leading-[24px] my-[5px] [&amp;&gt;ol]:!pt-0 [&amp;&gt;ol]:!pb-0 [&amp;&gt;ul]:!pt-0 [&amp;&gt;ul]:!pb-0\" value=\"6\"><b><strong class=\"font-bold\">Waga<\/strong><\/b>: 902 g<\/li>\n<li class=\"text-body font-regular leading-[24px] my-[5px] [&amp;&gt;ol]:!pt-0 [&amp;&gt;ol]:!pb-0 [&amp;&gt;ul]:!pt-0 [&amp;&gt;ul]:!pb-0\" value=\"7\"><b><strong class=\"font-bold\">Materia\u0142<\/strong><\/b>Wysokiej jako\u015bci silikon platynowy<\/li>\n<li class=\"text-body font-regular leading-[24px] my-[5px] [&amp;&gt;ol]:!pt-0 [&amp;&gt;ol]:!pb-0 [&amp;&gt;ul]:!pt-0 [&amp;&gt;ul]:!pb-0\" value=\"8\"><b><strong class=\"font-bold\">Kolor<\/strong><\/b>Niebia\u0144ska mieszanka zieleni, b\u0142\u0119kitu, z\u0142ota i fioletu<\/li>\n<li><b><strong class=\"font-bold\">Wszechstronne zastosowanie:<\/strong><\/b> Idealny zar\u00f3wno do stymulacji analnej, jak i waginalnej, idealny dla ka\u017cdego mi\u0142o\u015bnika fantazji<\/li>\n<\/ul>\n<h3 class=\"font-bold text-h4 leading-[30px] pt-[15px] pb-[2px] [&amp;_a]:underline-offset-[6px] [&amp;_.underline]:underline-offset-[6px]\" dir=\"ltr\">Twoja ostateczna przyjemno\u015b\u0107 czeka<\/h3>\n<p class=\"text-body font-regular leading-[24px] pt-[9px] pb-[2px]\" dir=\"ltr\">Starlight Stinger jest dla tych, kt\u00f3rzy nie boj\u0105 si\u0119 zanurzy\u0107 w swoich najbardziej \u017cywych fantazjach. Przenie\u015b niezwyk\u0142\u0105 energi\u0119 wszech\u015bwiata do swojej sypialni i do\u015bwiadcz magii tego nieziemskiego towarzysza. Idealny dla ka\u017cdego, kto lubi odkrywa\u0107 swoje granice lub doda\u0107 odrobin\u0119 emocji do swojej kolekcji.<\/p>\n<p class=\"text-body font-regular leading-[24px] pt-[9px] pb-[2px]\" dir=\"ltr\">Starlight Stinger jest dostarczany w dyskretnym, przyjaznym dla \u015brodowiska opakowaniu i jest wysy\u0142any z pe\u0142nym poszanowaniem Twojej prywatno\u015bci. Niezale\u017cnie od tego, czy latasz solo, czy eksplorujesz z partnerem, ta kosmiczna zabawka z pewno\u015bci\u0105 pozostawi niezapomniane wra\u017cenia.<\/p>\n<p class=\"text-body font-regular leading-[24px] pt-[9px] pb-[2px]\" dir=\"ltr\">Nie tylko marz o przyjemno\u015bciach poza tym \u015bwiatem - do\u015bwiadcz ich.<\/p>","protected":false},"excerpt":{"rendered":"<p>Odkryj Starlight Stinger, najwy\u017cszej jako\u015bci platynowe silikonowe dildo zaprojektowane z my\u015bl\u0105 o kosmicznej przyjemno\u015bci w \u017cywych kolorach i niezr\u00f3wnanej jako\u015bci.<\/p>","protected":false},"featured_media":19163,"comment_status":"open","ping_status":"closed","template":"","meta":[],"product_brand":[767],"product_cat":[766,787],"product_tag":[],"class_list":{"0":"post-19164","1":"product","2":"type-product","3":"status-publish","4":"has-post-thumbnail","6":"product_brand-giant-space-intruders","7":"product_cat-dildos","8":"product_cat-monster-fantasy-dildos","10":"first","11":"instock","12":"sale","13":"taxable","14":"shipping-taxable","15":"purchasable","16":"product-type-simple"},"_links":{"self":[{"href":"https:\/\/stage.poppersparadise.eu\/pl\/wp-json\/wp\/v2\/product\/19164","targetHints":{"allow":["GET"]}}],"collection":[{"href":"https:\/\/stage.poppersparadise.eu\/pl\/wp-json\/wp\/v2\/product"}],"about":[{"href":"https:\/\/stage.poppersparadise.eu\/pl\/wp-json\/wp\/v2\/types\/product"}],"replies":[{"embeddable":true,"href":"https:\/\/stage.poppersparadise.eu\/pl\/wp-json\/wp\/v2\/comments?post=19164"}],"wp:featuredmedia":[{"embeddable":true,"href":"https:\/\/stage.poppersparadise.eu\/pl\/wp-json\/wp\/v2\/media\/19163"}],"wp:attachment":[{"href":"https:\/\/stage.poppersparadise.eu\/pl\/wp-json\/wp\/v2\/media?parent=19164"}],"wp:term":[{"taxonomy":"product_brand","embeddable":true,"href":"https:\/\/stage.poppersparadise.eu\/pl\/wp-json\/wp\/v2\/product_brand?post=19164"},{"taxonomy":"product_cat","embeddable":true,"href":"https:\/\/stage.poppersparadise.eu\/pl\/wp-json\/wp\/v2\/product_cat?post=19164"},{"taxonomy":"product_tag","embeddable":true,"href":"https:\/\/stage.poppersparadise.eu\/pl\/wp-json\/wp\/v2\/product_tag?post=19164"}],"curies":[{"name":"wp","href":"https:\/\/api.w.org\/{rel}","templated":true}]}}