{"id":19427,"date":"2025-07-03T08:25:42","date_gmt":"2025-07-03T06:25:42","guid":{"rendered":"https:\/\/stage.poppersparadise.eu\/product\/just-glide-anaal-glijmiddel-1000-ml\/"},"modified":"2025-09-16T17:57:26","modified_gmt":"2025-09-16T15:57:26","slug":"just-glide-lubrykant-analny-1000-ml","status":"publish","type":"product","link":"https:\/\/stage.poppersparadise.eu\/pl\/product\/just-glide-lubrykant-analny-1000-ml\/","title":{"rendered":"Just Glide Anaal Glijmiddel 1000 ml"},"content":{"rendered":"<h2 class=\"font-bold text-h3 leading-[36px] pt-[21px] pb-[2px] [&amp;_a]:underline-offset-[6px] [&amp;_.underline]:underline-offset-[6px]\" dir=\"ltr\">Lubrykanty analne na bazie wody Just Glide<\/h2>\n<p class=\"text-body font-regular leading-[24px] pt-[9px] pb-[2px]\" dir=\"ltr\">Do\u015bwiadcz \u0142agodniejszego i przyjemniejszego intymnego spotkania z Just Glide, wysokiej jako\u015bci, w 100% wega\u0144skim lubrykantem analnym na bazie wody. Opracowany z my\u015bl\u0105 o u\u0142atwieniu i uprzyjemnieniu penetracji, lubrykant ten zawiera unikaln\u0105 kombinacj\u0119 siedmiu zi\u00f3\u0142 zmi\u0119kczaj\u0105cych.<\/p>\n<h3 class=\"font-bold text-h4 leading-[30px] pt-[15px] pb-[2px] [&amp;_a]:underline-offset-[6px] [&amp;_.underline]:underline-offset-[6px]\" dir=\"ltr\">Najwa\u017cniejsze cechy:<\/h3>\n<ul class=\"pt-[9px] pb-[2px] pl-[24px] list-disc [&amp;_ul]:pt-[5px] pt-[5px]\">\n<li class=\"text-body font-regular leading-[24px] my-[5px] [&amp;&gt;ol]:!pt-0 [&amp;&gt;ol]:!pb-0 [&amp;&gt;ul]:!pt-0 [&amp;&gt;ul]:!pb-0\" value=\"1\"><b><strong class=\"font-bold\">Bezolejowy<\/strong><\/b>Nie pozostawia t\u0142ustych \u015blad\u00f3w.<\/li>\n<li class=\"text-body font-regular leading-[24px] my-[5px] [&amp;&gt;ol]:!pt-0 [&amp;&gt;ol]:!pb-0 [&amp;&gt;ul]:!pt-0 [&amp;&gt;ul]:!pb-0\" value=\"2\"><b><strong class=\"font-bold\">Kompleks 7 zi\u00f3\u0142<\/strong><\/b>: Zapewnia relaks i komfort.<\/li>\n<li class=\"text-body font-regular leading-[24px] my-[5px] [&amp;&gt;ol]:!pt-0 [&amp;&gt;ol]:!pb-0 [&amp;&gt;ul]:!pt-0 [&amp;&gt;ul]:!pb-0\" value=\"3\"><b><strong class=\"font-bold\">Bezwonny i bez smaku<\/strong><\/b>Idealny dla wra\u017cliwych os\u00f3b.<\/li>\n<li class=\"text-body font-regular leading-[24px] my-[5px] [&amp;&gt;ol]:!pt-0 [&amp;&gt;ol]:!pb-0 [&amp;&gt;ul]:!pt-0 [&amp;&gt;ul]:!pb-0\" value=\"4\"><b><strong class=\"font-bold\">Przyjazny dla sk\u00f3ry<\/strong><\/b>Odpowiedni dla sk\u00f3ry wra\u017cliwej.<\/li>\n<li class=\"text-body font-regular leading-[24px] my-[5px] [&amp;&gt;ol]:!pt-0 [&amp;&gt;ol]:!pb-0 [&amp;&gt;ul]:!pt-0 [&amp;&gt;ul]:!pb-0\" value=\"5\"><b><strong class=\"font-bold\">Bezpieczny dla prezerwatyw lateksowych<\/strong><\/b>: Kompatybilny z prezerwatywami lateksowymi dla dodatkowej ochrony.<\/li>\n<li class=\"text-body font-regular leading-[24px] my-[5px] [&amp;&gt;ol]:!pt-0 [&amp;&gt;ol]:!pb-0 [&amp;&gt;ul]:!pt-0 [&amp;&gt;ul]:!pb-0\" value=\"6\"><b><strong class=\"font-bold\">D\u0142ugotrwa\u0142y po\u015blizg<\/strong><\/b>D\u0142u\u017cszy po\u015blizg.<\/li>\n<\/ul>\n<h3 class=\"font-bold text-h4 leading-[30px] pt-[15px] pb-[2px] [&amp;_a]:underline-offset-[6px] [&amp;_.underline]:underline-offset-[6px]\" dir=\"ltr\">Szczeg\u00f3\u0142y produktu:<\/h3>\n<ul class=\"pt-[9px] pb-[2px] pl-[24px] list-disc [&amp;_ul]:pt-[5px] pt-[5px]\">\n<li class=\"text-body font-regular leading-[24px] my-[5px] [&amp;&gt;ol]:!pt-0 [&amp;&gt;ol]:!pb-0 [&amp;&gt;ul]:!pt-0 [&amp;&gt;ul]:!pb-0\" value=\"1\"><b><strong class=\"font-bold\">Kolor<\/strong><\/b>Przezroczysty<\/li>\n<li class=\"text-body font-regular leading-[24px] my-[5px] [&amp;&gt;ol]:!pt-0 [&amp;&gt;ol]:!pb-0 [&amp;&gt;ul]:!pt-0 [&amp;&gt;ul]:!pb-0\" value=\"2\"><b><strong class=\"font-bold\">Obj\u0119to\u015b\u0107<\/strong><\/b>1000 ml<\/li>\n<\/ul>\n<p class=\"text-body font-regular leading-[24px] pt-[9px] pb-[2px]\" dir=\"ltr\">Just Glide jest idealny dla os\u00f3b doros\u0142ych, kt\u00f3re ceni\u0105 sobie intymn\u0105 przyjemno\u015b\u0107 i komfort. Dzi\u0119ki neutralnemu smakowi i zapachowi doskonale nadaje si\u0119 r\u00f3wnie\u017c do seksu oralnego. Jego \u0142agodna formu\u0142a sprawia, \u017ce jest odpowiedni nawet dla najbardziej wra\u017cliwej sk\u00f3ry.<\/p>\n<h3 class=\"font-bold text-h4 leading-[30px] pt-[15px] pb-[2px] [&amp;_a]:underline-offset-[6px] [&amp;_.underline]:underline-offset-[6px]\" dir=\"ltr\">Lista sk\u0142adnik\u00f3w:<\/h3>\n<p class=\"text-body font-regular leading-[24px] pt-[9px] pb-[2px]\" dir=\"ltr\">Aqua, Alcohol denat, Sorbitol, Hydroxyethylcellulose, Sodium Benzoate, Panthenol, Sodium Lactate, Glycerin, Citric Acid, Citrus Aurantium Dulcis (Orange) Fruit Extract, Myristica Fragrans (Muscatel Nut) Seed Extract, Cymbopogon Citratus Extract, Origanum Citrus Paradisi (Grapefruit) Fruit Extract, Rosmarinus Officinalis (Rosemary) Leaf Extract.<\/p>\n<p class=\"text-body font-regular leading-[24px] pt-[9px] pb-[2px]\" dir=\"ltr\">Odkryj najwy\u017cszy komfort intymny dzi\u0119ki Just Glide - lubrykantowi, kt\u00f3ry zapewni Ci przyjemne doznania bez wysi\u0142ku.<\/p>\n\n\n<p><\/p>","protected":false},"excerpt":{"rendered":"<p>Do\u015bwiadcz \u0142agodniejszego i przyjemniejszego intymnego spotkania z Just Glide, wysokiej jako\u015bci, w 100% wega\u0144skim lubrykantem analnym na bazie wody. Opracowany z my\u015bl\u0105 o u\u0142atwieniu i uprzyjemnieniu penetracji, lubrykant ten zawiera unikaln\u0105 kombinacj\u0119 siedmiu zi\u00f3\u0142 zmi\u0119kczaj\u0105cych.<\/p>","protected":false},"featured_media":19408,"comment_status":"open","ping_status":"closed","template":"","meta":[],"product_brand":[770],"product_cat":[479,671],"product_tag":[],"class_list":{"0":"post-19427","1":"product","2":"type-product","3":"status-publish","4":"has-post-thumbnail","6":"product_brand-orion","7":"product_cat-drogist","8":"product_cat-glijmiddelen","10":"first","11":"instock","12":"sale","13":"taxable","14":"shipping-taxable","15":"purchasable","16":"product-type-simple"},"_links":{"self":[{"href":"https:\/\/stage.poppersparadise.eu\/pl\/wp-json\/wp\/v2\/product\/19427","targetHints":{"allow":["GET"]}}],"collection":[{"href":"https:\/\/stage.poppersparadise.eu\/pl\/wp-json\/wp\/v2\/product"}],"about":[{"href":"https:\/\/stage.poppersparadise.eu\/pl\/wp-json\/wp\/v2\/types\/product"}],"replies":[{"embeddable":true,"href":"https:\/\/stage.poppersparadise.eu\/pl\/wp-json\/wp\/v2\/comments?post=19427"}],"wp:featuredmedia":[{"embeddable":true,"href":"https:\/\/stage.poppersparadise.eu\/pl\/wp-json\/wp\/v2\/media\/19408"}],"wp:attachment":[{"href":"https:\/\/stage.poppersparadise.eu\/pl\/wp-json\/wp\/v2\/media?parent=19427"}],"wp:term":[{"taxonomy":"product_brand","embeddable":true,"href":"https:\/\/stage.poppersparadise.eu\/pl\/wp-json\/wp\/v2\/product_brand?post=19427"},{"taxonomy":"product_cat","embeddable":true,"href":"https:\/\/stage.poppersparadise.eu\/pl\/wp-json\/wp\/v2\/product_cat?post=19427"},{"taxonomy":"product_tag","embeddable":true,"href":"https:\/\/stage.poppersparadise.eu\/pl\/wp-json\/wp\/v2\/product_tag?post=19427"}],"curies":[{"name":"wp","href":"https:\/\/api.w.org\/{rel}","templated":true}]}}