{"id":20864,"date":"2025-08-25T15:51:47","date_gmt":"2025-08-25T13:51:47","guid":{"rendered":"https:\/\/stage.poppersparadise.eu\/?post_type=product&#038;p=20864"},"modified":"2025-08-25T15:54:16","modified_gmt":"2025-08-25T13:54:16","slug":"5x-hanky-code-24ml-poppers","status":"publish","type":"product","link":"https:\/\/stage.poppersparadise.eu\/pl\/product\/5x-hanky-code-24ml-poppers\/","title":{"rendered":"5x Hanky Code 24ml + Gratis XTRM SNFFR"},"content":{"rendered":"<h2 class=\"wp-block-heading\">Zdob\u0105d\u017a wszystkie pi\u0119\u0107 r\u00f3\u017cnych kolor\u00f3w Hanky Code Poppers (czerwony, czarny, niebieski, \u017c\u00f3\u0142ty i szary) i skorzystaj z nast\u0119puj\u0105cych zalet\u00a0<strong>rabat w wysoko\u015bci 15% na butelk\u0119<\/strong>. <\/h2>\n\n\n\n<p>Dodatkowo otrzymujesz\u00a0<strong>bezp\u0142atny XTRM SNFFR<\/strong>\u00a0o warto\u015bci 9,95 \u20ac przy zam\u00f3wieniu!<\/p>\n\n\n\n<h3 class=\"wp-block-heading\">Co sprawia, \u017ce ten zestaw jest tak wyj\u0105tkowy?<\/h3>\n\n\n\n<ul class=\"wp-block-list\">\n<li><strong>Pi\u0119\u0107 unikalnych kolor\u00f3w<\/strong>: Czerwony, Czarny, Niebieski, \u017b\u00f3\u0142ty i Szary, ka\u017cdy z uderzaj\u0105cym designem inspirowanym kultowym Hanky Code.<\/li>\n\n\n\n<li><strong>Free XTRM SNFFR<\/strong>Por\u0119czny i stylowy dodatek o warto\u015bci 9,95 euro.<\/li>\n\n\n\n<li><strong>Rabat w wysoko\u015bci 15%<\/strong>: Zaoszcz\u0119d\u017a na ka\u017cdej butelce o pojemno\u015bci 24 ml.<\/li>\n<\/ul>\n\n\n\n<h3 class=\"wp-block-heading\">Wa\u017cne informacje dla u\u017cytkownika<\/h3>\n\n\n\n<ul class=\"wp-block-list\">\n<li>Ten produkt jest przeznaczony wy\u0142\u0105cznie do u\u017cytku jako dyfuzor zapachowy lub rozpuszczalnik czyszcz\u0105cy.<\/li>\n\n\n\n<li>Nie nadaje si\u0119 do spo\u017cycia przez ludzi ani do wdychania.<\/li>\n\n\n\n<li>Unika\u0107 bezpo\u015bredniego kontaktu ze sk\u00f3r\u0105 lub oczami ze wzgl\u0119du na w\u0142a\u015bciwo\u015bci \u017cr\u0105ce.<\/li>\n\n\n\n<li>Przechowywa\u0107 w ch\u0142odnym, ciemnym miejscu i szczelnie zamkn\u0105\u0107 butelk\u0119 po u\u017cyciu.<\/li>\n<\/ul>\n\n\n\n<h3 class=\"wp-block-heading\">Ostrze\u017cenia<\/h3>\n\n\n\n<ul class=\"wp-block-list\">\n<li>Wysoce \u0142atwopalna ciecz i pary (H225).<\/li>\n\n\n\n<li>Powoduje podra\u017cnienie sk\u00f3ry i oczu (H315\/H319).<\/li>\n\n\n\n<li>Dzia\u0142a toksycznie przez drogi oddechowe (H331).<\/li>\n\n\n\n<li>Nie jest to lek ani produkt medyczny.<\/li>\n\n\n\n<li>Stosowa\u0107 wy\u0142\u0105cznie zgodnie z zaleceniami.<\/li>\n<\/ul>\n\n\n\n<h3 class=\"wp-block-heading\">Przechowywanie<\/h3>\n\n\n\n<ul class=\"wp-block-list\">\n<li>Przechowywa\u0107 w ch\u0142odnym i suchym miejscu.<\/li>\n\n\n\n<li>Przechowywa\u0107 w miejscu niedost\u0119pnym dla dzieci.<\/li>\n<\/ul>\n\n\n\n<p><strong>Kraj pochodzenia<\/strong>Luksemburg<\/p>\n\n\n\n<h3 class=\"wp-block-heading\">Zam\u00f3w sw\u00f3j zestaw Hanky Code Poppers ju\u017c dzi\u015b<\/h3>\n\n\n\n<p>Ten ekskluzywny zestaw pi\u0119ciu dyfuzor\u00f3w zapachowych Hanky Code Poppers to kompletna kolekcja wysokiej jako\u015bci dyfuzor\u00f3w zapachowych do Twojego domu. Skorzystaj z&nbsp;<strong>15% zni\u017cki na butelk\u0119<\/strong>&nbsp;i otrzyma\u0107&nbsp;<strong>bezp\u0142atny XTRM SNFFR<\/strong>. Zam\u00f3w ju\u017c dzi\u015b i odkryj, dlaczego ten zestaw jest ulubionym w\u015br\u00f3d mi\u0142o\u015bnik\u00f3w dyfuzor\u00f3w zapachowych!<\/p>","protected":false},"excerpt":{"rendered":"<p>Ontvang alle vijf de verschillende kleuren Hanky Code Poppers (Rood, Zwart, Blauw, Geel en Grijs) en profiteer van een\u00a0korting van 15% per flesje. Bovendien krijg je een\u00a0gratis XTRM SNFFR\u00a0ter waarde van \u20ac9,95 bij je bestelling! Wat maakt deze set zo speciaal? Belangrijke gebruiksinformatie Waarschuwingen Opslag Land van herkomst: Luxemburg Bestel jouw Hanky Code Poppers Set [&hellip;]<\/p>","protected":false},"featured_media":20866,"comment_status":"open","ping_status":"closed","template":"","meta":[],"product_brand":[776],"product_cat":[33],"product_tag":[],"class_list":{"0":"post-20864","1":"product","2":"type-product","3":"status-publish","4":"has-post-thumbnail","6":"product_brand-hanky-code","7":"product_cat-party-packs","9":"first","10":"instock","11":"sale","12":"taxable","13":"shipping-taxable","14":"purchasable","15":"product-type-simple"},"_links":{"self":[{"href":"https:\/\/stage.poppersparadise.eu\/pl\/wp-json\/wp\/v2\/product\/20864","targetHints":{"allow":["GET"]}}],"collection":[{"href":"https:\/\/stage.poppersparadise.eu\/pl\/wp-json\/wp\/v2\/product"}],"about":[{"href":"https:\/\/stage.poppersparadise.eu\/pl\/wp-json\/wp\/v2\/types\/product"}],"replies":[{"embeddable":true,"href":"https:\/\/stage.poppersparadise.eu\/pl\/wp-json\/wp\/v2\/comments?post=20864"}],"wp:featuredmedia":[{"embeddable":true,"href":"https:\/\/stage.poppersparadise.eu\/pl\/wp-json\/wp\/v2\/media\/20866"}],"wp:attachment":[{"href":"https:\/\/stage.poppersparadise.eu\/pl\/wp-json\/wp\/v2\/media?parent=20864"}],"wp:term":[{"taxonomy":"product_brand","embeddable":true,"href":"https:\/\/stage.poppersparadise.eu\/pl\/wp-json\/wp\/v2\/product_brand?post=20864"},{"taxonomy":"product_cat","embeddable":true,"href":"https:\/\/stage.poppersparadise.eu\/pl\/wp-json\/wp\/v2\/product_cat?post=20864"},{"taxonomy":"product_tag","embeddable":true,"href":"https:\/\/stage.poppersparadise.eu\/pl\/wp-json\/wp\/v2\/product_tag?post=20864"}],"curies":[{"name":"wp","href":"https:\/\/api.w.org\/{rel}","templated":true}]}}