{"id":21664,"date":"2025-09-23T09:36:02","date_gmt":"2025-09-23T07:36:02","guid":{"rendered":"https:\/\/stage.poppersparadise.eu\/product\/animals-dieren-dildo-bad-wolf-boze-wolf\/"},"modified":"2025-09-23T10:06:00","modified_gmt":"2025-09-23T08:06:00","slug":"zwierze-dildo-wsciekly-wilk","status":"publish","type":"product","link":"https:\/\/stage.poppersparadise.eu\/pl\/product\/zwierze-dildo-wsciekly-wilk\/","title":{"rendered":"Dieren Dildo Boze Wolf"},"content":{"rendered":"<h2 class=\"text-body font-regular leading-[24px] pt-[9px] pb-xxs\" dir=\"ltr\">Dieren Dildo Boze Wolf jest zaproszeniem do odpowiedzi na wezwanie dzikiej natury, oferuj\u0105c pot\u0119\u017cny rozmiar i ekscytuj\u0105cy kszta\u0142t dla tych, kt\u00f3rzy pragn\u0105 pot\u0119\u017cnego wyzwania.<\/h2>\n<p class=\"text-body font-regular leading-[24px] pt-[9px] pb-xxs\" dir=\"ltr\">Zainspirowane legendarnym Bad Wolf, to dildo zosta\u0142o zaprojektowane, aby zdominowa\u0107 Twoje zmys\u0142y dzi\u0119ki poka\u017anemu, zw\u0119\u017caj\u0105cemu si\u0119 trzonowi, kt\u00f3ry wznosi si\u0119 z 4,5 cm do imponuj\u0105cej \u015brednicy 7,0 cm. Jego realistyczny kszta\u0142t i rozmiar zapewniaj\u0105 g\u0142\u0119bokie, satysfakcjonuj\u0105ce rozci\u0105gni\u0119cie i uczucie ca\u0142kowitej pe\u0142ni, kt\u00f3re sprawi, \u017ce b\u0119dziesz p\u0142aka\u0107 o wi\u0119cej.<\/p>\n<p class=\"text-body font-regular leading-[24px] pt-[9px] pb-xxs\" dir=\"ltr\">Wykonany z mi\u0119kkiego, gi\u0119tkiego PVC, ten dildo mistrzowsko \u0142\u0105czy twardy rdze\u0144 z elastycznym cia\u0142em, dostosowuj\u0105c si\u0119 do twoich ruch\u00f3w, jednocze\u015bnie oferuj\u0105c g\u0142\u0119bok\u0105 stymulacj\u0119. Zaprojektowany z my\u015bl\u0105 zar\u00f3wno o eksploracji pochwy, jak i odbytu, obiecuje satysfakcjonuj\u0105ce i zapieraj\u0105ce dech w piersiach do\u015bwiadczenie pomimo swojej onie\u015bmielaj\u0105cej obecno\u015bci. Kompatybilna ze wszystkimi rodzajami lubrykant\u00f3w - na bazie wody, silikonu lub oleju - ta zabawka daje ci wolno\u015b\u0107 uwolnienia swoich najbardziej pierwotnych pragnie\u0144 i poddania si\u0119 niezapomnianej pogoni za przyjemno\u015bci\u0105.<\/p>\n<h3 class=\"font-semibold pdf-heading-class-replace text-h4 leading-[30px] pb-xxs [&amp;:not(:first-child)]:pt-[15px] [&amp;_a]:underline-offset-[6px] [&amp;_.underline]:underline-offset-[6px]\" dir=\"ltr\">Specyfikacja produktu<\/h3>\n<ul class=\"pt-[9px] pb-xxs pl-5xl list-disc pt-[5px]\">\n<li class=\"text-body font-regular leading-[24px] my-[5px] [&amp;&gt;ol]:!pt-0 [&amp;&gt;ol]:!pb-0 [&amp;&gt;ul]:!pt-0 [&amp;&gt;ul]:!pb-0\" dir=\"ltr\" value=\"1\"><b><strong class=\"font-semibold\">Materia\u0142:<\/strong><\/b> Mi\u0119kki, bezpieczny dla cia\u0142a PVC<\/li>\n<li class=\"text-body font-regular leading-[24px] my-[5px] [&amp;&gt;ol]:!pt-0 [&amp;&gt;ol]:!pb-0 [&amp;&gt;ul]:!pt-0 [&amp;&gt;ul]:!pb-0\" dir=\"ltr\" value=\"2\"><b><strong class=\"font-semibold\">Wysoko\u015b\u0107 ca\u0142kowita:<\/strong><\/b> 25 cm<\/li>\n<li class=\"text-body font-regular leading-[24px] my-[5px] [&amp;&gt;ol]:!pt-0 [&amp;&gt;ol]:!pb-0 [&amp;&gt;ul]:!pt-0 [&amp;&gt;ul]:!pb-0\" dir=\"ltr\" value=\"3\"><b><strong class=\"font-semibold\">D\u0142ugo\u015b\u0107 wk\u0142adki:<\/strong><\/b> 22 cm<\/li>\n<li class=\"text-body font-regular leading-[24px] my-[5px] [&amp;&gt;ol]:!pt-0 [&amp;&gt;ol]:!pb-0 [&amp;&gt;ul]:!pt-0 [&amp;&gt;ul]:!pb-0\" dir=\"ltr\" value=\"4\"><b><strong class=\"font-semibold\">\u015arednica:<\/strong><\/b> 4,5 cm do 7,0 cm (zw\u0119\u017cane)<\/li>\n<li class=\"text-body font-regular leading-[24px] my-[5px] [&amp;&gt;ol]:!pt-0 [&amp;&gt;ol]:!pb-0 [&amp;&gt;ul]:!pt-0 [&amp;&gt;ul]:!pb-0\" dir=\"ltr\" value=\"5\"><b><strong class=\"font-semibold\">Projekt:<\/strong><\/b> Realistyczna replika penisa Angry Wolf<\/li>\n<\/ul>","protected":false},"excerpt":{"rendered":"<p>Dilda Animals to absolutny must-have dla wszystkich mi\u0142o\u015bnik\u00f3w Petplay. Nie znajdziesz lepszych replik. Bardzo dobry, mi\u0119kki, zwarty i elastyczny materia\u0142. Te zabawki s\u0105 produkowane w Europie.<\/p>","protected":false},"featured_media":21663,"comment_status":"open","ping_status":"closed","template":"","meta":[],"product_brand":[786],"product_cat":[766,785],"product_tag":[],"class_list":{"0":"post-21664","1":"product","2":"type-product","3":"status-publish","4":"has-post-thumbnail","6":"product_brand-animals","7":"product_cat-dildos","8":"product_cat-realistische-dieren-dildos","10":"first","11":"instock","12":"sale","13":"taxable","14":"shipping-taxable","15":"purchasable","16":"product-type-simple"},"_links":{"self":[{"href":"https:\/\/stage.poppersparadise.eu\/pl\/wp-json\/wp\/v2\/product\/21664","targetHints":{"allow":["GET"]}}],"collection":[{"href":"https:\/\/stage.poppersparadise.eu\/pl\/wp-json\/wp\/v2\/product"}],"about":[{"href":"https:\/\/stage.poppersparadise.eu\/pl\/wp-json\/wp\/v2\/types\/product"}],"replies":[{"embeddable":true,"href":"https:\/\/stage.poppersparadise.eu\/pl\/wp-json\/wp\/v2\/comments?post=21664"}],"wp:featuredmedia":[{"embeddable":true,"href":"https:\/\/stage.poppersparadise.eu\/pl\/wp-json\/wp\/v2\/media\/21663"}],"wp:attachment":[{"href":"https:\/\/stage.poppersparadise.eu\/pl\/wp-json\/wp\/v2\/media?parent=21664"}],"wp:term":[{"taxonomy":"product_brand","embeddable":true,"href":"https:\/\/stage.poppersparadise.eu\/pl\/wp-json\/wp\/v2\/product_brand?post=21664"},{"taxonomy":"product_cat","embeddable":true,"href":"https:\/\/stage.poppersparadise.eu\/pl\/wp-json\/wp\/v2\/product_cat?post=21664"},{"taxonomy":"product_tag","embeddable":true,"href":"https:\/\/stage.poppersparadise.eu\/pl\/wp-json\/wp\/v2\/product_tag?post=21664"}],"curies":[{"name":"wp","href":"https:\/\/api.w.org\/{rel}","templated":true}]}}