{"id":21674,"date":"2025-09-23T09:36:23","date_gmt":"2025-09-23T07:36:23","guid":{"rendered":"https:\/\/stage.poppersparadise.eu\/product\/animals-dieren-dildo-hulok\/"},"modified":"2025-09-23T09:51:40","modified_gmt":"2025-09-23T07:51:40","slug":"zwierzece-dildo-hulok","status":"publish","type":"product","link":"https:\/\/stage.poppersparadise.eu\/pl\/product\/zwierzece-dildo-hulok\/","title":{"rendered":"Dieren Dildo Hulok"},"content":{"rendered":"<h2 class=\"wp-block-heading\">Dieren Dildo Hulok zaprasza do odkrywania swojej dzikiej strony dzi\u0119ki unikalnie zaprojektowanemu i wiernemu naturze narz\u0119dziu zapewniaj\u0105cemu najwy\u017csz\u0105 przyjemno\u015b\u0107. <\/h2>\n\n\n\n<p>Idealny dla tych, kt\u00f3rzy szukaj\u0105 innego rodzaju stymulacji, ten dildo ma charakterystyczny design inspirowany penisem Huloka. Jego unikalne kszta\u0142ty i realistyczne detale zosta\u0142y specjalnie zaprojektowane, aby zapewni\u0107 intensywne, kusz\u0105ce doznania i zabra\u0107 Ci\u0119 na przygod\u0119 poza utartymi szlakami.<\/p>\n\n\n\n<p>Wykonane z mi\u0119kkiego, elastycznego PVC dildo \u0142\u0105czy w sobie j\u0119drno\u015b\u0107 z elastyczno\u015bci\u0105, zapewniaj\u0105c niesamowite doznania. Nadaje si\u0119 zar\u00f3wno do stymulacji waginalnej, jak i analnej, oferuj\u0105c wygodne, ale satysfakcjonuj\u0105ce doznania. Materia\u0142 jest kompatybilny ze wszystkimi rodzajami lubrykant\u00f3w - na bazie wody, silikonu lub oleju - dzi\u0119ki czemu zawsze mo\u017cesz cieszy\u0107 si\u0119 nim na sw\u00f3j spos\u00f3b. Uwolnij swoje zwierz\u0119ce instynkty i do\u015bwiadcz zupe\u0142nie nowej formy ekstazy.<\/p>\n\n\n\n<h3 class=\"wp-block-heading\">Specyfikacja produktu<\/h3>\n\n\n\n<ul class=\"wp-block-list\">\n<li><strong>Materia\u0142:<\/strong> Mi\u0119kki i bezpieczny dla cia\u0142a PVC<\/li>\n\n\n\n<li><strong>Wysoko\u015b\u0107 ca\u0142kowita:<\/strong> 21,5 cm<\/li>\n\n\n\n<li><strong>D\u0142ugo\u015b\u0107 wk\u0142adki:<\/strong> 16,5 cm<\/li>\n\n\n\n<li><strong>\u015arednica:<\/strong> 3,8 cm do 4,8 cm<\/li>\n\n\n\n<li><strong>Projekt:<\/strong> Realistyczna replika penisa Huloka<\/li>\n<\/ul>\n\n\n\n<h3 class=\"wp-block-heading\">Opis Meta<\/h3>\n\n\n\n<p>Odkryj swoj\u0105 dzik\u0105 stron\u0119 z tym realistycznym zwierz\u0119cym dildo. Zainspirowany przez Huloka, jego unikalny kszta\u0142t oferuje ekscytuj\u0105cy i inny rodzaj przyjemno\u015bci.<\/p>","protected":false},"excerpt":{"rendered":"<p>Dilda Animals to absolutny must-have dla wszystkich mi\u0142o\u015bnik\u00f3w Petplay. Nie znajdziesz lepszych replik. Bardzo dobry, mi\u0119kki, zwarty i elastyczny materia\u0142. Te zabawki s\u0105 produkowane w Europie.<\/p>","protected":false},"featured_media":21673,"comment_status":"open","ping_status":"closed","template":"","meta":[],"product_brand":[786],"product_cat":[766,785],"product_tag":[],"class_list":{"0":"post-21674","1":"product","2":"type-product","3":"status-publish","4":"has-post-thumbnail","6":"product_brand-animals","7":"product_cat-dildos","8":"product_cat-realistische-dieren-dildos","10":"first","11":"instock","12":"sale","13":"taxable","14":"shipping-taxable","15":"purchasable","16":"product-type-simple"},"_links":{"self":[{"href":"https:\/\/stage.poppersparadise.eu\/pl\/wp-json\/wp\/v2\/product\/21674","targetHints":{"allow":["GET"]}}],"collection":[{"href":"https:\/\/stage.poppersparadise.eu\/pl\/wp-json\/wp\/v2\/product"}],"about":[{"href":"https:\/\/stage.poppersparadise.eu\/pl\/wp-json\/wp\/v2\/types\/product"}],"replies":[{"embeddable":true,"href":"https:\/\/stage.poppersparadise.eu\/pl\/wp-json\/wp\/v2\/comments?post=21674"}],"wp:featuredmedia":[{"embeddable":true,"href":"https:\/\/stage.poppersparadise.eu\/pl\/wp-json\/wp\/v2\/media\/21673"}],"wp:attachment":[{"href":"https:\/\/stage.poppersparadise.eu\/pl\/wp-json\/wp\/v2\/media?parent=21674"}],"wp:term":[{"taxonomy":"product_brand","embeddable":true,"href":"https:\/\/stage.poppersparadise.eu\/pl\/wp-json\/wp\/v2\/product_brand?post=21674"},{"taxonomy":"product_cat","embeddable":true,"href":"https:\/\/stage.poppersparadise.eu\/pl\/wp-json\/wp\/v2\/product_cat?post=21674"},{"taxonomy":"product_tag","embeddable":true,"href":"https:\/\/stage.poppersparadise.eu\/pl\/wp-json\/wp\/v2\/product_tag?post=21674"}],"curies":[{"name":"wp","href":"https:\/\/api.w.org\/{rel}","templated":true}]}}