{"id":865,"date":"2024-10-08T16:52:13","date_gmt":"2024-10-08T14:52:13","guid":{"rendered":"https:\/\/stage.poppersparadise.eu\/product\/amyl-metal-30ml\/"},"modified":"2025-09-16T17:57:27","modified_gmt":"2025-09-16T15:57:27","slug":"amyl-metal-poppers-24ml","status":"publish","type":"product","link":"https:\/\/stage.poppersparadise.eu\/pl\/product\/amyl-metal-poppers-24ml\/","title":{"rendered":"Amyl (Metal) 24ml"},"content":{"rendered":"<h2 class=\"wp-block-heading\">Moc Amyl Metal Poppers <\/h2>\n\n\n\n<p>Odkryj nieodpart\u0105 jako\u015b\u0107 Amyl Metal Poppers , zapakowan\u0105 w wygodn\u0105 i trwa\u0142\u0105 metalow\u0105 butelk\u0119 o pojemno\u015bci 30 ml. Ten dyfuzor zapachowy oferuje intensywne i d\u0142ugotrwa\u0142e doznania zapachowe, idealne dla mi\u0142o\u015bnik\u00f3w produkt\u00f3w wysokiej jako\u015bci.<\/p>\n\n\n\n<h3 class=\"wp-block-heading\">Najwa\u017cniejsze cechy<\/h3>\n\n\n\n<ul class=\"wp-block-list\">\n<li><strong>D\u0142ugotrwa\u0142y efekt<\/strong>Pojemno\u015b\u0107 30 ml pozwala d\u0142u\u017cej cieszy\u0107 si\u0119 intensywnym zapachem.<\/li>\n\n\n\n<li><strong>Wytrzyma\u0142a metalowa butelka<\/strong>Wytrzyma\u0142a konstrukcja gwarantuje \u015bwie\u017co\u015b\u0107 i jako\u015b\u0107.<\/li>\n\n\n\n<li><strong>Wysokiej jako\u015bci formu\u0142a<\/strong>Specjalnie zaprojektowany dla intensywnych dozna\u0144 zapachowych.<\/li>\n<\/ul>\n\n\n\n<h3 class=\"wp-block-heading\">Wa\u017cne informacje dla u\u017cytkownika<\/h3>\n\n\n\n<ul class=\"wp-block-list\">\n<li>Ten produkt jest przeznaczony wy\u0142\u0105cznie do u\u017cytku jako dyfuzor zapachowy lub rozpuszczalnik czyszcz\u0105cy.<\/li>\n\n\n\n<li>Nie nadaje si\u0119 do spo\u017cycia przez ludzi ani do wdychania.<\/li>\n\n\n\n<li>Unika\u0107 bezpo\u015bredniego kontaktu ze sk\u00f3r\u0105 ze wzgl\u0119du na w\u0142a\u015bciwo\u015bci \u017cr\u0105ce.<\/li>\n\n\n\n<li>Przechowywa\u0107 w ch\u0142odnym, ciemnym miejscu i szczelnie zamkn\u0105\u0107 butelk\u0119 po u\u017cyciu.<\/li>\n<\/ul>\n\n\n\n<h3 class=\"wp-block-heading\">Ostrze\u017cenia<\/h3>\n\n\n\n<ul class=\"wp-block-list\">\n<li>Wysoce \u0142atwopalna ciecz i pary (H225).<\/li>\n\n\n\n<li>Powoduje podra\u017cnienie sk\u00f3ry i oczu (H315\/H319).<\/li>\n\n\n\n<li>Dzia\u0142a toksycznie przez drogi oddechowe (H331).<\/li>\n\n\n\n<li>Nie jest to lek ani produkt medyczny.<\/li>\n\n\n\n<li>Stosowa\u0107 wy\u0142\u0105cznie zgodnie z zaleceniami.<\/li>\n<\/ul>\n\n\n\n<h3 class=\"wp-block-heading\">Przechowywanie<\/h3>\n\n\n\n<ul class=\"wp-block-list\">\n<li>Przechowywa\u0107 w ch\u0142odnym i suchym miejscu.<\/li>\n\n\n\n<li>Przechowywa\u0107 w miejscu niedost\u0119pnym dla dzieci.<\/li>\n<\/ul>\n\n\n\n<p><strong>Kraj pochodzenia<\/strong>Luksemburg<\/p>\n\n\n\n<h3 class=\"wp-block-heading\">Zam\u00f3w Amyl Metal Poppers ju\u017c dzi\u015b<\/h3>\n\n\n\n<p>Dzi\u0119ki Amyl Metal Poppers otrzymujesz wydajny dyfuzor zapachowy, kt\u00f3ry \u0142\u0105czy w sobie jako\u015b\u0107 i funkcjonalno\u015b\u0107. Zam\u00f3w ju\u017c dzi\u015b i odkryj, dlaczego ten produkt jest ulubionym w\u015br\u00f3d entuzjast\u00f3w dyfuzor\u00f3w zapachowych!<\/p>","protected":false},"excerpt":{"rendered":"<p><strong><br \/>KOMPATYBILNE AKCESORIA:<\/strong><\/p>\n<ul>\n<li><a href=\"https:\/\/stage.poppersparadise.eu\/pl\/kategoria-produktu\/akcesoria\/sniffery-male\/\">Sniffers Small<\/a><\/li>\n<\/ul>","protected":false},"featured_media":329,"comment_status":"open","ping_status":"closed","template":"","meta":[],"product_brand":[736],"product_cat":[35],"product_tag":[],"class_list":{"0":"post-865","1":"product","2":"type-product","3":"status-publish","4":"has-post-thumbnail","6":"product_brand-amyl","7":"product_cat-grote-flesjes-poppers","9":"first","10":"instock","11":"taxable","12":"shipping-taxable","13":"purchasable","14":"product-type-simple"},"_links":{"self":[{"href":"https:\/\/stage.poppersparadise.eu\/pl\/wp-json\/wp\/v2\/product\/865","targetHints":{"allow":["GET"]}}],"collection":[{"href":"https:\/\/stage.poppersparadise.eu\/pl\/wp-json\/wp\/v2\/product"}],"about":[{"href":"https:\/\/stage.poppersparadise.eu\/pl\/wp-json\/wp\/v2\/types\/product"}],"replies":[{"embeddable":true,"href":"https:\/\/stage.poppersparadise.eu\/pl\/wp-json\/wp\/v2\/comments?post=865"}],"wp:featuredmedia":[{"embeddable":true,"href":"https:\/\/stage.poppersparadise.eu\/pl\/wp-json\/wp\/v2\/media\/329"}],"wp:attachment":[{"href":"https:\/\/stage.poppersparadise.eu\/pl\/wp-json\/wp\/v2\/media?parent=865"}],"wp:term":[{"taxonomy":"product_brand","embeddable":true,"href":"https:\/\/stage.poppersparadise.eu\/pl\/wp-json\/wp\/v2\/product_brand?post=865"},{"taxonomy":"product_cat","embeddable":true,"href":"https:\/\/stage.poppersparadise.eu\/pl\/wp-json\/wp\/v2\/product_cat?post=865"},{"taxonomy":"product_tag","embeddable":true,"href":"https:\/\/stage.poppersparadise.eu\/pl\/wp-json\/wp\/v2\/product_tag?post=865"}],"curies":[{"name":"wp","href":"https:\/\/api.w.org\/{rel}","templated":true}]}}