{"id":951,"date":"2024-10-08T16:52:38","date_gmt":"2024-10-08T14:52:38","guid":{"rendered":"https:\/\/stage.poppersparadise.eu\/product\/original-inhaler10ml\/"},"modified":"2025-09-01T23:45:08","modified_gmt":"2025-09-01T21:45:08","slug":"oryginalny-inhalator-poppers-10ml","status":"publish","type":"product","link":"https:\/\/stage.poppersparadise.eu\/pl\/product\/oryginalny-inhalator-poppers-10ml\/","title":{"rendered":"Original i adapter\u26a110ml"},"content":{"rendered":"<h2 class=\"wp-block-heading\">Odkryj Original Classic Poppers 10ml<\/h2>\n\n\n\n<p>Do\u015bwiadcz unowocze\u015bnionego zapachu dzi\u0119ki Original Classic Poppers 10ml. Ta ekskluzywna premiera \u0142\u0105czy w sobie dziedzictwo legendarnego dyfuzora PWD Rush Popper z nowoczesnym akcentem. Zawiera bezp\u0142atny, innowacyjny adapter poppers dla dodatkowej wygody, produkt ten jest idealny zar\u00f3wno dla nowicjuszy, jak i do\u015bwiadczonych entuzjast\u00f3w dyfuzor\u00f3w zapachowych.<\/p>\n\n\n\n<h3 class=\"wp-block-heading\">Kluczowe cechy<\/h3>\n\n\n\n<ul class=\"wp-block-list\">\n<li><strong>Darmowy adapter poppers<\/strong>Dla \u0142atwego i bezproblemowego do\u015bwiadczenia.<\/li>\n\n\n\n<li><strong>Zainspirowany klasykiem<\/strong>Nowoczesna wersja legendarnego modelu PWD Rush Popper.<\/li>\n\n\n\n<li><strong>Szybkie i intensywne dzia\u0142anie<\/strong>Dla silnej i wyrafinowanej dyfuzji zapachu.<\/li>\n\n\n\n<li><strong>Wysokiej jako\u015bci formu\u0142a<\/strong>: Zawiera azotyn izopropylu, starannie opracowany dla d\u0142ugotrwa\u0142ego zapachu.<\/li>\n<\/ul>\n\n\n\n<h3 class=\"wp-block-heading\">Specyfikacja produktu<\/h3>\n\n\n\n<ul class=\"wp-block-list\">\n<li><strong>Sk\u0142adnik aktywny<\/strong>: Azotyn izopropylu<\/li>\n\n\n\n<li><strong>Obj\u0119to\u015b\u0107<\/strong>10 ml<\/li>\n\n\n\n<li><strong>Adapter w zestawie<\/strong>Dla lepszej u\u017cyteczno\u015bci i wygody.<\/li>\n<\/ul>\n\n\n\n<h3 class=\"wp-block-heading\">Wa\u017cne informacje dotycz\u0105ce u\u017cytkowania<\/h3>\n\n\n\n<ul class=\"wp-block-list\">\n<li>Ten produkt jest przeznaczony wy\u0142\u0105cznie do u\u017cytku jako dyfuzor zapachowy lub rozpuszczalnik czyszcz\u0105cy.<\/li>\n\n\n\n<li>Nie nadaje si\u0119 do spo\u017cycia przez ludzi ani do wdychania.<\/li>\n\n\n\n<li>Unika\u0107 \u0142\u0105czenia z lekami na zaburzenia erekcji.<\/li>\n\n\n\n<li>Unika\u0107 bezpo\u015bredniego kontaktu ze sk\u00f3r\u0105 ze wzgl\u0119du na w\u0142a\u015bciwo\u015bci \u017cr\u0105ce.<\/li>\n\n\n\n<li>Przechowywa\u0107 w ch\u0142odnym, ciemnym miejscu i szczelnie zamkn\u0105\u0107 butelk\u0119 po u\u017cyciu.<\/li>\n<\/ul>\n\n\n\n<h3 class=\"wp-block-heading\">Ostrze\u017cenia<\/h3>\n\n\n\n<ul class=\"wp-block-list\">\n<li>Wysoce \u0142atwopalna ciecz i pary (H225)<\/li>\n\n\n\n<li>Powoduje podra\u017cnienie sk\u00f3ry i oczu (H315\/H319)<\/li>\n\n\n\n<li>Dzia\u0142a toksycznie przez drogi oddechowe (H331)<\/li>\n\n\n\n<li>Brak lek\u00f3w<\/li>\n\n\n\n<li>Stosowa\u0107 wy\u0142\u0105cznie zgodnie z zaleceniami<\/li>\n<\/ul>\n\n\n\n<h3 class=\"wp-block-heading\">Przechowywanie<\/h3>\n\n\n\n<ul class=\"wp-block-list\">\n<li>Przechowywa\u0107 w ch\u0142odnym i suchym miejscu.<\/li>\n\n\n\n<li>Przechowywa\u0107 w miejscu niedost\u0119pnym dla dzieci.<\/li>\n<\/ul>\n\n\n\n<h3 class=\"wp-block-heading\">Kraj pochodzenia<\/h3>\n\n\n\n<ul class=\"wp-block-list\">\n<li>Luksemburg<\/li>\n<\/ul>","protected":false},"excerpt":{"rendered":"<p><strong><br \/>KOMPATYBILNE AKCESORIA:<\/strong><\/p>\n<ul>\n<li><a href=\"https:\/\/stage.poppersparadise.eu\/pl\/kategoria-produktu\/akcesoria\/sniffery-male\/\">Sniffers Small<\/a><\/li>\n<li><a href=\"https:\/\/stage.poppersparadise.eu\/pl\/product\/xtrm-poppers-houder-zwart-small\/\">XTRM Poppers Uchwyt ma\u0142y<\/a><\/li>\n<li><a href=\"https:\/\/stage.poppersparadise.eu\/pl\/product\/xtrm-poppers-keeper-small-10ml\/\">XTRM Poppers Keeper Small<\/a><\/li>\n<\/ul>","protected":false},"featured_media":655,"comment_status":"open","ping_status":"closed","template":"","meta":[],"product_brand":[748],"product_cat":[34],"product_tag":[],"class_list":{"0":"post-951","1":"product","2":"type-product","3":"status-publish","4":"has-post-thumbnail","6":"product_brand-original","7":"product_cat-kleine-flesjes-poppers","9":"first","10":"outofstock","11":"taxable","12":"shipping-taxable","13":"purchasable","14":"product-type-simple"},"_links":{"self":[{"href":"https:\/\/stage.poppersparadise.eu\/pl\/wp-json\/wp\/v2\/product\/951","targetHints":{"allow":["GET"]}}],"collection":[{"href":"https:\/\/stage.poppersparadise.eu\/pl\/wp-json\/wp\/v2\/product"}],"about":[{"href":"https:\/\/stage.poppersparadise.eu\/pl\/wp-json\/wp\/v2\/types\/product"}],"replies":[{"embeddable":true,"href":"https:\/\/stage.poppersparadise.eu\/pl\/wp-json\/wp\/v2\/comments?post=951"}],"wp:featuredmedia":[{"embeddable":true,"href":"https:\/\/stage.poppersparadise.eu\/pl\/wp-json\/wp\/v2\/media\/655"}],"wp:attachment":[{"href":"https:\/\/stage.poppersparadise.eu\/pl\/wp-json\/wp\/v2\/media?parent=951"}],"wp:term":[{"taxonomy":"product_brand","embeddable":true,"href":"https:\/\/stage.poppersparadise.eu\/pl\/wp-json\/wp\/v2\/product_brand?post=951"},{"taxonomy":"product_cat","embeddable":true,"href":"https:\/\/stage.poppersparadise.eu\/pl\/wp-json\/wp\/v2\/product_cat?post=951"},{"taxonomy":"product_tag","embeddable":true,"href":"https:\/\/stage.poppersparadise.eu\/pl\/wp-json\/wp\/v2\/product_tag?post=951"}],"curies":[{"name":"wp","href":"https:\/\/api.w.org\/{rel}","templated":true}]}}