{"id":10650,"date":"2024-10-13T19:07:02","date_gmt":"2024-10-13T19:07:02","guid":{"rendered":"https:\/\/stage.poppersparadise.eu\/product\/xtrm-snffr-twin-2-small-bottles\/"},"modified":"2025-09-19T16:28:04","modified_gmt":"2025-09-19T14:28:04","slug":"xtrm-snffr-twin-2-sma-flaskor-2","status":"publish","type":"product","link":"https:\/\/stage.poppersparadise.eu\/sv\/product\/xtrm-snffr-twin-2-sma-flaskor-2\/","title":{"rendered":"XTRM SNFFR Twin | 2 Small Bottles"},"content":{"rendered":"<p><strong>Det speciella med den \u00e4r att vi har st\u00e4llt in 2 kanaler f\u00f6r SNFFR. Det betyder att varje n\u00e4sborre kan njuta av olika smaker, detta \u00e4r den absoluta sp\u00e4nningen och det har aldrig funnits d\u00e4r f\u00f6rut! F\u00f6r v\u00e5ra slutkunder \u00e4r det h\u00e4r den absoluta h\u00f6jdaren!<\/strong><\/p>\n<p><strong>Sniffer-inhalatorn XTRM \u00e4r ett sniffertillbeh\u00f6r f\u00f6r l\u00e4derreng\u00f6ringsmedel<\/strong>. Med denna bilaga ger snortning dig en helt ny rush. S\u00e5 intensiv, s\u00e5 ren, s\u00e5 k\u00e5t med den fetaste hammaren h\u00f6g du aldrig har sett.<\/p>\n<p>Med denna XTRM Sniffer-inhalator \u00e4r din Leather Cleaner omedelbart redo att anv\u00e4ndas, inget mer fumlande med skruvkorken. Ingen bomullsull eller mask beh\u00f6vs l\u00e4ngre och risken f\u00f6r att spilla produkten \u00e4r mycket mindre.<\/p>\n<p><strong>Och det b\u00e4sta av allt: det finns inga biverkningar. Ingen obehaglig hudkontakt med aromen, ingen hudirritation eller rodnad.<\/strong><\/p>\n<ul>\n<li>Passar alla sm\u00e5 Leather Cleaner-flaskor, smala h\u00f6ga flaskor och stora Locker Room-flaskor<\/li>\n<li>Effekten f\u00f6rst\u00e4rks m\u00e5nga g\u00e5nger om<\/li>\n<li>Inandningssystemet f\u00e5r en storslagen kick av den multipla cirkulationen av aromen<\/li>\n<li>Ingen hudirritation eller r\u00f6d n\u00e4sa<\/li>\n<li>Gamla aromer \u00e5terupplivas av v\u00e5r SNFFR och \u00e4r lika starka som tidigare<\/li>\n<li>Ingen obehaglig hudkontakt med aromen, ingen hudirritation eller rodnad<\/li>\n<li>Kul till hands, inget mer kr\u00e5ngel med skruvkorken<\/li>\n<li>100% tillverkad i \u00d6sterrike (inte i Kina eller andra billiga l\u00e4nder)<\/li>\n<li>Sniffer-inhalatorn XTRM \u00e4r ett sniffningsredskap f\u00f6r l\u00e4derreng\u00f6rare. Med detta tillbeh\u00f6r ger sniffning dig en helt ny rush. S\u00e5 intensiv, s\u00e5 ren, s\u00e5 k\u00e5t med den fetaste hammaren h\u00f6g du aldrig har sett.<\/li>\n<li>Med denna XTRM Sniffer-inhalator \u00e4r din l\u00e4derreng\u00f6rare omedelbart klar f\u00f6r anv\u00e4ndning, inget mer fumlande med skruvkorken. Ingen bomullsull eller mask beh\u00f6vs l\u00e4ngre och risken f\u00f6r att spilla produkten \u00e4r mycket mindre.<\/li>\n<li>Och det b\u00e4sta av allt: det finns inga biverkningar. Ingen obehaglig hudkontakt med aromen, ingen hudirritation eller rodnad.<\/li>\n<\/ul>\n<p><strong><br \/>Anv\u00e4ndarmanual<\/strong>: Sniffer-inhalatorn XTRM t\u00e5l inte sol, v\u00e4rme, kyla eller starka reng\u00f6ringsmedel. Det \u00e4r b\u00e4st att tv\u00e4tta den efter varje anv\u00e4ndning och l\u00e4gga tillbaka den i sin f\u00f6rpackning.<\/p>\n<h3>\"S\u00e5 m\u00e5nga SNFFR:er - vi fick till slut se om v\u00e5rt hus\"<br \/>Fr\u00e5n och med nu finns det tydliga storlekar f\u00f6r varje flaska: v\u00e5r nya storlekstabell XTRM SNFFR visar dig exakt vad som passar - ingen gissning, inget fumlande.\"<br \/><br \/><\/h3>\n\n\n<figure class=\"wp-block-table\"><table class=\"has-fixed-layout\"><thead><tr><th>Storlek<\/th><th>Exempel&nbsp;<\/th><th>Beskrivning<\/th><\/tr><\/thead><tbody><tr><td><strong>XXS<\/strong><\/td><td><img decoding=\"async\" src=\"https:\/\/wholesale.xtrm.net\/TAP\/XXS.jpg\" alt=\"XXS Flaska\"><\/td><td>Skull 24 ml flaskor<\/td><\/tr><tr><td><strong>XS<\/strong><\/td><td><img decoding=\"async\" src=\"https:\/\/wholesale.xtrm.net\/TAP\/XS.jpg\" alt=\"XS Flaska\"><\/td><td>Franska, Double Scorpio (USA), Everest, OXY - smala aluminiumflaskor (10-15 ml)<\/td><\/tr><tr><td><strong>S<\/strong><\/td><td><img decoding=\"async\" src=\"https:\/\/wholesale.xtrm.net\/TAP\/SMALL.jpg\" alt=\"S Flaska\"><\/td><td>Rush, Amsterdam, ovala XTRM-flaskor, breda Lockerroom-flaskor (inte h\u00f6ga), PWD 10ml, Funline 10ml<\/td><\/tr><tr><td><strong>M<\/strong><\/td><td><img decoding=\"async\" src=\"https:\/\/wholesale.xtrm.net\/TAP\/M.jpg\" alt=\"M Flaska\"><\/td><td>Nya h\u00f6ga Lockerroom-flaskor (30 ml) - tidigare \"Small\", nu Medium-storlek<\/td><\/tr><tr><td><strong>L<\/strong><\/td><td><img decoding=\"async\" src=\"https:\/\/wholesale.xtrm.net\/TAP\/large.jpg\" alt=\"L Flaska\"><\/td><td>Fyrkantiga retroflaskor (24-25 ml), t.ex. Belgo, Funline, Lockerroom, vissa amerikanska flaskor<\/td><\/tr><tr><td><strong>XL<\/strong><\/td><td><img decoding=\"async\" src=\"https:\/\/wholesale.xtrm.net\/TAP\/xl.jpg\" alt=\"XL-flaska\"><\/td><td>Nya OXY och Lockerroom aluminiumflaskor (stora, runda)<\/td><\/tr><tr><td><strong>2XL<\/strong><\/td><td><img decoding=\"async\" src=\"https:\/\/wholesale.xtrm.net\/TAP\/2xl.jpg\" alt=\"2XL Flaska\"><\/td><td>Extra breda 30 ml aluminiumflaskor med stor \u00f6ppning<\/td><\/tr><tr><td><strong>3XL<\/strong><\/td><td><img decoding=\"async\" src=\"https:\/\/wholesale.xtrm.net\/TAP\/3xl.jpg\" alt=\"3XL Flaska\"><\/td><td>Isoamyl plastflaskor, Everest 30 ml, glasflaskor med vid mynning<\/td><\/tr><tr><td><strong>4XL<\/strong><\/td><td><img decoding=\"async\" src=\"https:\/\/wholesale.xtrm.net\/TAP\/4xl.jpg\" alt=\"4XL Flaska\"><\/td><td>XTRM flaskor 60-100 ml, t.ex. XTRM BEAST<\/td><\/tr><\/tbody><\/table><\/figure>","protected":false},"excerpt":{"rendered":"<p>Det speciella med den \u00e4r att vi har st\u00e4llt in 2 kanaler f\u00f6r SNFFR. Det betyder att varje n\u00e4sborre kan njuta av olika smaker, detta \u00e4r den absoluta sp\u00e4nningen och det har aldrig funnits d\u00e4r f\u00f6rut! F\u00f6r v\u00e5ra slutkunder \u00e4r det h\u00e4r den absoluta h\u00f6jdaren!<\/p>","protected":false},"featured_media":14751,"comment_status":"open","ping_status":"closed","template":"","meta":[],"product_brand":[752],"product_cat":[330,529],"product_tag":[527],"class_list":{"0":"post-10650","1":"product","2":"type-product","3":"status-publish","4":"has-post-thumbnail","6":"product_brand-xtrm","7":"product_cat-accessoires","8":"product_cat-sniffers-small","9":"product_tag-smallsnffr","11":"first","12":"instock","13":"taxable","14":"shipping-taxable","15":"purchasable","16":"product-type-simple"},"_links":{"self":[{"href":"https:\/\/stage.poppersparadise.eu\/sv\/wp-json\/wp\/v2\/product\/10650","targetHints":{"allow":["GET"]}}],"collection":[{"href":"https:\/\/stage.poppersparadise.eu\/sv\/wp-json\/wp\/v2\/product"}],"about":[{"href":"https:\/\/stage.poppersparadise.eu\/sv\/wp-json\/wp\/v2\/types\/product"}],"replies":[{"embeddable":true,"href":"https:\/\/stage.poppersparadise.eu\/sv\/wp-json\/wp\/v2\/comments?post=10650"}],"wp:featuredmedia":[{"embeddable":true,"href":"https:\/\/stage.poppersparadise.eu\/sv\/wp-json\/wp\/v2\/media\/14751"}],"wp:attachment":[{"href":"https:\/\/stage.poppersparadise.eu\/sv\/wp-json\/wp\/v2\/media?parent=10650"}],"wp:term":[{"taxonomy":"product_brand","embeddable":true,"href":"https:\/\/stage.poppersparadise.eu\/sv\/wp-json\/wp\/v2\/product_brand?post=10650"},{"taxonomy":"product_cat","embeddable":true,"href":"https:\/\/stage.poppersparadise.eu\/sv\/wp-json\/wp\/v2\/product_cat?post=10650"},{"taxonomy":"product_tag","embeddable":true,"href":"https:\/\/stage.poppersparadise.eu\/sv\/wp-json\/wp\/v2\/product_tag?post=10650"}],"curies":[{"name":"wp","href":"https:\/\/api.w.org\/{rel}","templated":true}]}}