{"id":12047,"date":"2024-11-01T12:02:03","date_gmt":"2024-11-01T11:02:03","guid":{"rendered":"https:\/\/stage.poppersparadise.eu\/product\/deep-2-suck-deep-throat-spray\/"},"modified":"2025-09-25T20:56:11","modified_gmt":"2025-09-25T18:56:11","slug":"deep-2-suck-deep-throat-spray","status":"publish","type":"product","link":"https:\/\/stage.poppersparadise.eu\/sv\/product\/deep-2-suck-deep-throat-spray\/","title":{"rendered":"XTRM Deep 2 Suck Deep Throat Spray"},"content":{"rendered":"<h2 class=\"font-bold text-h3 leading-[36px] pt-[21px] pb-[2px] [&amp;_a]:underline-offset-[6px] [&amp;_.underline]:underline-offset-[6px]\" dir=\"ltr\">Uppt\u00e4ck djupare njutning med Deep2Suck<\/h2>\n<p class=\"text-body font-regular leading-[24px] pt-[9px] pb-[2px]\" dir=\"ltr\">F\u00f6rh\u00f6j din intima upplevelse med DEEP2SUCK Suck it Harder, en revolutionerande Deep Throat Spray som \u00e4r perfekt f\u00f6r att f\u00f6rb\u00e4ttra oralsex. Denna spray \u00e4r betrodd av vuxna artister och de som vill ta sin tillfredsst\u00e4llelse till en professionell niv\u00e5 och \u00e4r utformad f\u00f6r att \u00f6ka njutningen f\u00f6r b\u00e5da parter.<\/p>\n<p class=\"text-body font-regular leading-[24px] pt-[9px] pb-[2px]\" dir=\"ltr\"><strong>Man eller kvinna, porrstj\u00e4rna eller dominatrix<\/strong>De g\u00f6r det alla och \u00e4lskar det! De som \u00e4r mindre intensiva och djupare!<\/p>\n<p>M\u00e5nga porrstj\u00e4rnor (m\u00e4n eller kvinnor) k\u00e4nner redan till v\u00e5rt hemliga recept p\u00e5 Deep2Suck, n\u00f6jet att oralt ta penis till ber\u00f6ring, mycket djupt? Djup hals?<\/p>\n<p>Ligg p\u00e5 rygg med din partner framf\u00f6r dig och ta nu in penis.... centimeter f\u00f6r centimeter.<\/p>\n<ul class=\"pt-[9px] pb-[2px] pl-[24px] list-disc [&amp;_ul]:pt-[5px] pt-[5px]\">\n<li class=\"text-body font-regular leading-[24px] my-[5px] [&amp;&gt;ol]:!pt-0 [&amp;&gt;ol]:!pb-0 [&amp;&gt;ul]:!pt-0 [&amp;&gt;ul]:!pb-0\" value=\"1\"><b><strong class=\"font-bold\">F\u00f6rb\u00e4ttrar den orala upplevelsen:<\/strong><\/b> Ger djupare, mer intensiv njutning utan obehag.<\/li>\n<li class=\"text-body font-regular leading-[24px] my-[5px] [&amp;&gt;ol]:!pt-0 [&amp;&gt;ol]:!pb-0 [&amp;&gt;ul]:!pt-0 [&amp;&gt;ul]:!pb-0\" value=\"2\"><b><strong class=\"font-bold\">Snabbverkande formula:<\/strong><\/b> K\u00e4nn effekterna p\u00e5 bara 5-15 minuter.<\/li>\n<li class=\"text-body font-regular leading-[24px] my-[5px] [&amp;&gt;ol]:!pt-0 [&amp;&gt;ol]:!pb-0 [&amp;&gt;ul]:!pt-0 [&amp;&gt;ul]:!pb-0\" value=\"3\"><b><strong class=\"font-bold\">Enkel till\u00e4mpning:<\/strong><\/b> Spraya helt enkelt 2-3 g\u00e5nger i halsen.<\/li>\n<li class=\"text-body font-regular leading-[24px] my-[5px] [&amp;&gt;ol]:!pt-0 [&amp;&gt;ol]:!pb-0 [&amp;&gt;ul]:!pt-0 [&amp;&gt;ul]:!pb-0\" value=\"4\"><b><strong class=\"font-bold\">Diskret f\u00f6rpackad:<\/strong><\/b> Bevara integriteten med subtil, diskret design.<\/li>\n<li class=\"text-body font-regular leading-[24px] my-[5px] [&amp;&gt;ol]:!pt-0 [&amp;&gt;ol]:!pb-0 [&amp;&gt;ul]:!pt-0 [&amp;&gt;ul]:!pb-0\" value=\"5\"><b><strong class=\"font-bold\">Betrodda av professionella anv\u00e4ndare:<\/strong><\/b> Perfekt f\u00f6r alla som vill ha en upplevelse av professionell kvalitet.<\/li>\n<\/ul>\n<p><strong>Specifikationer:<\/strong><\/p>\n<ul>\n<li>30 ml som sprayflaska Oralvspray f\u00f6r djupg\u00e5ende erotik<\/li>\n<li>Deep Throat - Popul\u00e4r inom porrindustrin<\/li>\n<li>Spraya bara 2-3 g\u00e5nger och l\u00e5t verka i 15-30 minuter<\/li>\n<li>Endast f\u00f6r personer \u00f6ver 18 \u00e5r<\/li>\n<li>Spraya inte i \u00f6gonen eller p\u00e5 huden<\/li>\n<li>Den f\u00f6rsta kittlingen i halsen \u00e4r normal<\/li>\n<li>Pepparmintssmaken fr\u00e4schar ocks\u00e5 upp andedr\u00e4kten<\/li>\n<\/ul>\n<p>I slut\u00e4ndan \u00e4r den enda fr\u00e5gan som \u00e5terst\u00e5r:<\/p>\n<p><em>sv\u00e4lja eller spotta.<\/em> <em>Vad du g\u00f6r av det \u00e4r din ensak, men m\u00e5nga m\u00e4n och kvinnor \u00e4lskar...<\/em><\/p>\n<p>Uppt\u00e4ck f\u00f6rdelarna med v\u00e5r unika formel och f\u00f6rvandla dina intima stunder till extraordin\u00e4ra upplevelser. Njut s\u00e4kert och respektfullt, med vetskapen om att du anv\u00e4nder en produkt som \u00e4r speciellt framtagen f\u00f6r att berika din njutning.<\/p>\n<p class=\"text-body font-regular leading-[24px] pt-[9px] pb-[2px]\" dir=\"ltr\">Uppt\u00e4ck f\u00f6rdelarna med v\u00e5r unika formel och f\u00f6rvandla dina intima stunder till extraordin\u00e4ra upplevelser. Njut s\u00e4kert och respektfullt och vet att du anv\u00e4nder en produkt som \u00e4r speciellt utformad f\u00f6r att berika din njutning.<\/p>\n<p><strong>Ingredienser<\/strong>: Aqua, Glycerin, Laureth-9, PEG-6 Caprylic\/ Capric Glycerides, Menthyl Lactate, Lactic acid, Mentha Piperita, Benzyl Alcohol, Benzoic acid, Sorbic acid, Limes, Linalool.<\/p>","protected":false},"excerpt":{"rendered":"<p>Upplev djupare och mer intensiv njutning med DEEP2SUCK, den betrodda Deep Throat Spray f\u00f6r en f\u00f6rb\u00e4ttrad oral upplevelse.<\/p>","protected":false},"featured_media":12046,"comment_status":"open","ping_status":"closed","template":"","meta":[],"product_brand":[],"product_cat":[479,672],"product_tag":[],"class_list":{"0":"post-12047","1":"product","2":"type-product","3":"status-publish","4":"has-post-thumbnail","6":"product_cat-drogist","7":"product_cat-verdovende-sprays","9":"first","10":"instock","11":"taxable","12":"shipping-taxable","13":"purchasable","14":"product-type-simple"},"_links":{"self":[{"href":"https:\/\/stage.poppersparadise.eu\/sv\/wp-json\/wp\/v2\/product\/12047","targetHints":{"allow":["GET"]}}],"collection":[{"href":"https:\/\/stage.poppersparadise.eu\/sv\/wp-json\/wp\/v2\/product"}],"about":[{"href":"https:\/\/stage.poppersparadise.eu\/sv\/wp-json\/wp\/v2\/types\/product"}],"replies":[{"embeddable":true,"href":"https:\/\/stage.poppersparadise.eu\/sv\/wp-json\/wp\/v2\/comments?post=12047"}],"wp:featuredmedia":[{"embeddable":true,"href":"https:\/\/stage.poppersparadise.eu\/sv\/wp-json\/wp\/v2\/media\/12046"}],"wp:attachment":[{"href":"https:\/\/stage.poppersparadise.eu\/sv\/wp-json\/wp\/v2\/media?parent=12047"}],"wp:term":[{"taxonomy":"product_brand","embeddable":true,"href":"https:\/\/stage.poppersparadise.eu\/sv\/wp-json\/wp\/v2\/product_brand?post=12047"},{"taxonomy":"product_cat","embeddable":true,"href":"https:\/\/stage.poppersparadise.eu\/sv\/wp-json\/wp\/v2\/product_cat?post=12047"},{"taxonomy":"product_tag","embeddable":true,"href":"https:\/\/stage.poppersparadise.eu\/sv\/wp-json\/wp\/v2\/product_tag?post=12047"}],"curies":[{"name":"wp","href":"https:\/\/api.w.org\/{rel}","templated":true}]}}