{"id":12105,"date":"2024-11-01T12:53:55","date_gmt":"2024-11-01T11:53:55","guid":{"rendered":"https:\/\/stage.poppersparadise.eu\/?post_type=product&#038;p=12105"},"modified":"2025-08-04T18:10:58","modified_gmt":"2025-08-04T16:10:58","slug":"xtrm-poppershallare-aluminium","status":"publish","type":"product","link":"https:\/\/stage.poppersparadise.eu\/sv\/product\/xtrm-poppershallare-aluminium\/","title":{"rendered":"XTRM Poppers Houder (Aluminium)"},"content":{"rendered":"<h2 class=\"font-bold text-h3 leading-[36px] pt-[21px] pb-[2px] [&amp;_a]:underline-offset-[6px] [&amp;_.underline]:underline-offset-[6px]\" dir=\"ltr\">Revolutionera din smakupplevelse med XTRM Holder<\/h2>\n<p class=\"text-body font-regular leading-[24px] pt-[9px] pb-[2px]\" dir=\"ltr\">XTRM Holder \u00e4r mer \u00e4n bara ett stativ; det \u00e4r ett m\u00e4sterverk av ingenj\u00f6rskonst, utformat f\u00f6r att s\u00e4kert h\u00e5lla poppers i alla milj\u00f6er. Detta oumb\u00e4rliga tillbeh\u00f6r ser till att din popper eller kapsel sitter stadigt p\u00e5 plats och ger o\u00f6vertr\u00e4ffad stabilitet.<\/p>\n<h3 class=\"font-bold text-h4 leading-[30px] pt-[15px] pb-[2px] [&amp;_a]:underline-offset-[6px] [&amp;_.underline]:underline-offset-[6px]\" dir=\"ltr\">Viktiga egenskaper:<\/h3>\n<ul class=\"pt-[9px] pb-[2px] pl-[24px] list-disc [&amp;_ul]:pt-[5px] pt-[5px]\">\n<li class=\"text-body font-regular leading-[24px] my-[5px] [&amp;&gt;ol]:!pt-0 [&amp;&gt;ol]:!pb-0 [&amp;&gt;ul]:!pt-0 [&amp;&gt;ul]:!pb-0\" value=\"1\"><b><strong class=\"font-bold\">S\u00e4kert grepp<\/strong><\/b>: H\u00e5ller poppers stabila och f\u00f6rhindrar spill och att de tippar \u00f6ver.<\/li>\n<li class=\"text-body font-regular leading-[24px] my-[5px] [&amp;&gt;ol]:!pt-0 [&amp;&gt;ol]:!pb-0 [&amp;&gt;ul]:!pt-0 [&amp;&gt;ul]:!pb-0\" value=\"2\"><b><strong class=\"font-bold\">Anpassningsbar design<\/strong><\/b>: Anpassar sig enkelt till olika flaskformer f\u00f6r ett fast grepp.<\/li>\n<li class=\"text-body font-regular leading-[24px] my-[5px] [&amp;&gt;ol]:!pt-0 [&amp;&gt;ol]:!pb-0 [&amp;&gt;ul]:!pt-0 [&amp;&gt;ul]:!pb-0\" value=\"3\"><b><strong class=\"font-bold\">Slitstark konstruktion<\/strong><\/b>: Byggd f\u00f6r att t\u00e5la intensiv anv\u00e4ndning utan att f\u00f6rlora stabilitet.<\/li>\n<li class=\"text-body font-regular leading-[24px] my-[5px] [&amp;&gt;ol]:!pt-0 [&amp;&gt;ol]:!pb-0 [&amp;&gt;ul]:!pt-0 [&amp;&gt;ul]:!pb-0\" value=\"4\"><b><strong class=\"font-bold\">Fokus p\u00e5 erfarenhet<\/strong><\/b>: S\u00e4kerst\u00e4ller oavbruten njutning av ditt sensoriska \u00e4ventyr.<\/li>\n<li class=\"text-body font-regular leading-[24px] my-[5px] [&amp;&gt;ol]:!pt-0 [&amp;&gt;ol]:!pb-0 [&amp;&gt;ul]:!pt-0 [&amp;&gt;ul]:!pb-0\" value=\"5\"><b><strong class=\"font-bold\">L\u00e4tt att anv\u00e4nda<\/strong><\/b>: Utformad f\u00f6r att sitta kvar p\u00e5 flaskan under anv\u00e4ndning f\u00f6r enkel \u00e5tkomst.<\/li>\n<li class=\"text-body font-regular leading-[24px] my-[5px] [&amp;&gt;ol]:!pt-0 [&amp;&gt;ol]:!pb-0 [&amp;&gt;ul]:!pt-0 [&amp;&gt;ul]:!pb-0\" value=\"6\"><b><strong class=\"font-bold\">M\u00e5ngsidig till\u00e4mpning<\/strong><\/b>: Idealisk f\u00f6r b\u00e5de privata och professionella milj\u00f6er.<\/li>\n<\/ul>\n<h3 class=\"font-bold text-h4 leading-[30px] pt-[15px] pb-[2px] [&amp;_a]:underline-offset-[6px] [&amp;_.underline]:underline-offset-[6px]\" dir=\"ltr\">Produktspecifikationer:<\/h3>\n<ul class=\"pt-[9px] pb-[2px] pl-[24px] list-disc [&amp;_ul]:pt-[5px] pt-[5px]\">\n<li class=\"text-body font-regular leading-[24px] my-[5px] [&amp;&gt;ol]:!pt-0 [&amp;&gt;ol]:!pb-0 [&amp;&gt;ul]:!pt-0 [&amp;&gt;ul]:!pb-0\" value=\"1\">L\u00e4mplig f\u00f6r alla aluminiumflaskor<\/li>\n<li class=\"text-body font-regular leading-[24px] my-[5px] [&amp;&gt;ol]:!pt-0 [&amp;&gt;ol]:!pb-0 [&amp;&gt;ul]:!pt-0 [&amp;&gt;ul]:!pb-0\" value=\"2\">Robust produktionskvalitet f\u00f6r XTRM<\/li>\n<li class=\"text-body font-regular leading-[24px] my-[5px] [&amp;&gt;ol]:!pt-0 [&amp;&gt;ol]:!pb-0 [&amp;&gt;ul]:!pt-0 [&amp;&gt;ul]:!pb-0\" value=\"3\">Utformad f\u00f6r enkel anv\u00e4ndning och maximal stabilitet<\/li>\n<\/ul>\n<p class=\"text-body font-regular leading-[24px] pt-[9px] pb-[2px]\" dir=\"ltr\">Njut av intensivt kul utan distraktioner. Den eleganta och ultra-praktiska XTRM-h\u00e5llaren ser till att din flaska sitter kvar oavsett hur den placeras.<\/p>\n\n\n<p><\/p>","protected":false},"excerpt":{"rendered":"<p>H\u00e5ll dina poppers s\u00e4kert p\u00e5 plats med XTRM Holder. Slitstark, anpassningsbar och perfekt f\u00f6r alla tillf\u00e4llen.<\/p>","protected":false},"featured_media":12057,"comment_status":"open","ping_status":"closed","template":"","meta":[],"product_brand":[],"product_cat":[330,534],"product_tag":[],"class_list":{"0":"post-12105","1":"product","2":"type-product","3":"status-publish","4":"has-post-thumbnail","6":"product_cat-accessoires","7":"product_cat-poppers-houders","9":"first","10":"instock","11":"taxable","12":"shipping-taxable","13":"purchasable","14":"product-type-simple"},"_links":{"self":[{"href":"https:\/\/stage.poppersparadise.eu\/sv\/wp-json\/wp\/v2\/product\/12105","targetHints":{"allow":["GET"]}}],"collection":[{"href":"https:\/\/stage.poppersparadise.eu\/sv\/wp-json\/wp\/v2\/product"}],"about":[{"href":"https:\/\/stage.poppersparadise.eu\/sv\/wp-json\/wp\/v2\/types\/product"}],"replies":[{"embeddable":true,"href":"https:\/\/stage.poppersparadise.eu\/sv\/wp-json\/wp\/v2\/comments?post=12105"}],"wp:featuredmedia":[{"embeddable":true,"href":"https:\/\/stage.poppersparadise.eu\/sv\/wp-json\/wp\/v2\/media\/12057"}],"wp:attachment":[{"href":"https:\/\/stage.poppersparadise.eu\/sv\/wp-json\/wp\/v2\/media?parent=12105"}],"wp:term":[{"taxonomy":"product_brand","embeddable":true,"href":"https:\/\/stage.poppersparadise.eu\/sv\/wp-json\/wp\/v2\/product_brand?post=12105"},{"taxonomy":"product_cat","embeddable":true,"href":"https:\/\/stage.poppersparadise.eu\/sv\/wp-json\/wp\/v2\/product_cat?post=12105"},{"taxonomy":"product_tag","embeddable":true,"href":"https:\/\/stage.poppersparadise.eu\/sv\/wp-json\/wp\/v2\/product_tag?post=12105"}],"curies":[{"name":"wp","href":"https:\/\/api.w.org\/{rel}","templated":true}]}}