{"id":12963,"date":"2024-11-25T12:09:11","date_gmt":"2024-11-25T11:09:11","guid":{"rendered":"https:\/\/stage.poppersparadise.eu\/?post_type=product&#038;p=12963"},"modified":"2025-08-30T15:34:22","modified_gmt":"2025-08-30T13:34:22","slug":"iron-fist-ultrastarka-poppers-10-ml","status":"publish","type":"product","link":"https:\/\/stage.poppersparadise.eu\/sv\/product\/iron-fist-ultrastarka-poppers-10-ml\/","title":{"rendered":"Iron Fist Ultra Strong 10ml"},"content":{"rendered":"<h2 class=\"wp-block-heading\">Uppt\u00e4ck k\u00e4nslan med Iron Fist Ultra Strong Poppers 10ml<\/h2>\n\n\n\n<p>Upplev kraften i Iron Fist Ultra Strong Poppers 10ml, en doftspridare som \u00e4r speciellt utformad f\u00f6r att ge en intensiv och unik doftupplevelse. Perfekt f\u00f6r dig som vill ha en sofistikerad atmosf\u00e4r och en l\u00e5ngvarig doftspridning.<\/p>\n\n\n\n<h3 class=\"wp-block-heading\">Sl\u00e4pp loss kraften i avancerad formulering<\/h3>\n\n\n\n<ul class=\"wp-block-list\">\n<li><strong>Pentyl nitrite magic<\/strong>: En kraftfull formula som ger en intensiv och l\u00e5ngvarig doftupplevelse.<\/li>\n\n\n\n<li><strong>Ultrastark version<\/strong>: Njut av en f\u00f6rb\u00e4ttrad version f\u00f6r en \u00e4nnu mer intensiv upplevelse.<\/li>\n<\/ul>\n\n\n\n<h3 class=\"wp-block-heading\">Innovativ och h\u00e5llbar design<\/h3>\n\n\n\n<ul class=\"wp-block-list\">\n<li><strong>S\u00e4kerhetslock<\/strong>: F\u00f6rhindrar o\u00f6nskad \u00f6ppning och garanterar s\u00e4ker anv\u00e4ndning.<\/li>\n<\/ul>\n\n\n\n<h3 class=\"wp-block-heading\">Viktigt att veta<\/h3>\n\n\n\n<p>Denna produkt \u00e4r endast avsedd att anv\u00e4ndas som doftspridare eller reng\u00f6ringsmedel. Den \u00e4r inte l\u00e4mplig f\u00f6r f\u00f6rt\u00e4ring eller inandning. F\u00f6rvara produkten p\u00e5 en sval och m\u00f6rk plats och st\u00e4ng flaskan ordentligt efter anv\u00e4ndning.<\/p>\n\n\n\n<h3 class=\"wp-block-heading\">Varningar<\/h3>\n\n\n\n<ul class=\"wp-block-list\">\n<li>Mycket brandfarlig v\u00e4tska och \u00e5nga (H225).<\/li>\n\n\n\n<li>Orsakar hud- och \u00f6gonirritation (H315\/H319).<\/li>\n\n\n\n<li>Giftigt vid inandning (H331).<\/li>\n\n\n\n<li>Ingen medicin.<\/li>\n\n\n\n<li>Anv\u00e4nd endast enligt anvisningarna.<\/li>\n<\/ul>\n\n\n\n<h3 class=\"wp-block-heading\">F\u00f6rvaring<\/h3>\n\n\n\n<p>F\u00f6rvara p\u00e5 en sval och torr plats. F\u00f6rvaras o\u00e5tkomligt f\u00f6r barn.<\/p>\n\n\n\n<h3 class=\"wp-block-heading\">Land av ursprung<\/h3>\n\n\n\n<p>Frankrike<\/p>","protected":false},"excerpt":{"rendered":"<p><strong><br \/>KOMPATIBLA TILLBEH\u00d6R:<\/strong><\/p>\n<ul>\n<li><a href=\"https:\/\/stage.poppersparadise.eu\/sv\/produktkategori\/tillbehor\/sniffare-liten\/\">Sniffers Small<\/a><\/li>\n<li><a href=\"https:\/\/stage.poppersparadise.eu\/sv\/product\/xtrm-poppers-houder-zwart-small\/\">XTRM Poppers H\u00e5llare liten<\/a><\/li>\n<li><a href=\"https:\/\/stage.poppersparadise.eu\/sv\/product\/xtrm-poppers-keeper-liten-10ml-2\/\">XTRM Poppers Keeper liten<\/a><\/li>\n<\/ul>","protected":false},"featured_media":12964,"comment_status":"open","ping_status":"closed","template":"","meta":[],"product_brand":[742],"product_cat":[34],"product_tag":[],"class_list":{"0":"post-12963","1":"product","2":"type-product","3":"status-publish","4":"has-post-thumbnail","6":"product_brand-iron-fist","7":"product_cat-kleine-flesjes-poppers","9":"first","10":"instock","11":"taxable","12":"shipping-taxable","13":"purchasable","14":"product-type-simple"},"_links":{"self":[{"href":"https:\/\/stage.poppersparadise.eu\/sv\/wp-json\/wp\/v2\/product\/12963","targetHints":{"allow":["GET"]}}],"collection":[{"href":"https:\/\/stage.poppersparadise.eu\/sv\/wp-json\/wp\/v2\/product"}],"about":[{"href":"https:\/\/stage.poppersparadise.eu\/sv\/wp-json\/wp\/v2\/types\/product"}],"replies":[{"embeddable":true,"href":"https:\/\/stage.poppersparadise.eu\/sv\/wp-json\/wp\/v2\/comments?post=12963"}],"wp:featuredmedia":[{"embeddable":true,"href":"https:\/\/stage.poppersparadise.eu\/sv\/wp-json\/wp\/v2\/media\/12964"}],"wp:attachment":[{"href":"https:\/\/stage.poppersparadise.eu\/sv\/wp-json\/wp\/v2\/media?parent=12963"}],"wp:term":[{"taxonomy":"product_brand","embeddable":true,"href":"https:\/\/stage.poppersparadise.eu\/sv\/wp-json\/wp\/v2\/product_brand?post=12963"},{"taxonomy":"product_cat","embeddable":true,"href":"https:\/\/stage.poppersparadise.eu\/sv\/wp-json\/wp\/v2\/product_cat?post=12963"},{"taxonomy":"product_tag","embeddable":true,"href":"https:\/\/stage.poppersparadise.eu\/sv\/wp-json\/wp\/v2\/product_tag?post=12963"}],"curies":[{"name":"wp","href":"https:\/\/api.w.org\/{rel}","templated":true}]}}