{"id":15522,"date":"2025-03-26T09:50:32","date_gmt":"2025-03-26T08:50:32","guid":{"rendered":"https:\/\/stage.poppersparadise.eu\/product\/black-label-verdovend-glijmiddel-op-waterbasis-500-ml\/"},"modified":"2025-08-26T10:15:43","modified_gmt":"2025-08-26T08:15:43","slug":"fist-it-black-label-narcotic-vattenbaserat-glidmedel-500-ml","status":"publish","type":"product","link":"https:\/\/stage.poppersparadise.eu\/sv\/product\/fist-it-black-label-narcotic-vattenbaserat-glidmedel-500-ml\/","title":{"rendered":"Fist-It Black Label Narcotic Vattenbaserat sm\u00f6rjmedel - 500 ml"},"content":{"rendered":"<h2 class=\"font-bold text-h3 leading-[40px] pt-[21px] pb-[2px] [&amp;_a]:underline-offset-[6px] [&amp;_.underline]:underline-offset-[6px]\" dir=\"ltr\">Fist It Black Label sm\u00f6rjmedel f\u00f6r bed\u00f6vning - 500 ml<\/h2>\n<p class=\"text-body font-regular leading-[24px] pt-[9px] pb-[2px]\" dir=\"ltr\">F\u00e5 dina gr\u00e4nser t\u00e4njda med <b><strong class=\"font-bold\">Fist It Black Label sm\u00f6rjmedel f\u00f6r bed\u00f6vning - 500 ml<\/strong><\/b>. Detta h\u00f6gkvalitativa glidmedel \u00e4r speciellt utformat f\u00f6r att ta dina intima \u00e4ventyr till nya h\u00f6jder. Den unika vattenbaserade formulan k\u00e4nns underbart kr\u00e4mig och erbjuder b\u00e5de komfort och intensiv njutning. Perfekt f\u00f6r alla som letar efter en s\u00e4ker, lyxig upplevelse.<\/p>\n<h3 class=\"font-bold text-h4 leading-[30px] pt-[15px] pb-[2px] [&amp;_a]:underline-offset-[6px] [&amp;_.underline]:underline-offset-[6px]\" dir=\"ltr\">Specifikationer:<\/h3>\n<ul class=\"pt-[9px] pb-[2px] pl-[24px] list-inside list-disc pt-[5px]\">\n<li class=\"text-body font-regular leading-[24px] my-[5px] [&amp;&gt;ol]:!pt-0 [&amp;&gt;ol]:!pb-0 [&amp;&gt;ul]:!pt-0 [&amp;&gt;ul]:!pb-0\" value=\"1\"><b><strong class=\"font-bold\">Vattenbaserad:<\/strong><\/b> S\u00e4ker att anv\u00e4nda och l\u00e4tt att tv\u00e4tta bort.<\/li>\n<li class=\"text-body font-regular leading-[24px] my-[5px] [&amp;&gt;ol]:!pt-0 [&amp;&gt;ol]:!pb-0 [&amp;&gt;ul]:!pt-0 [&amp;&gt;ul]:!pb-0\" value=\"2\"><b><strong class=\"font-bold\">Passar b\u00e5de m\u00e4n och kvinnor:<\/strong><\/b> Perfekt f\u00f6r enskilt bruk eller tillsammans med en partner.<\/li>\n<li class=\"text-body font-regular leading-[24px] my-[5px] [&amp;&gt;ol]:!pt-0 [&amp;&gt;ol]:!pb-0 [&amp;&gt;ul]:!pt-0 [&amp;&gt;ul]:!pb-0\" value=\"3\"><b><strong class=\"font-bold\">Kompatibel med latexkondomer:<\/strong><\/b> S\u00e4ker f\u00f6r anv\u00e4ndning med kondomer.<\/li>\n<li class=\"text-body font-regular leading-[24px] my-[5px] [&amp;&gt;ol]:!pt-0 [&amp;&gt;ol]:!pb-0 [&amp;&gt;ul]:!pt-0 [&amp;&gt;ul]:!pb-0\" value=\"4\"><b><strong class=\"font-bold\">500 ml beh\u00e5llare:<\/strong><\/b> Stor storlek f\u00f6r l\u00e5ngvarigt n\u00f6je.<\/li>\n<li class=\"text-body font-regular leading-[24px] my-[5px] [&amp;&gt;ol]:!pt-0 [&amp;&gt;ol]:!pb-0 [&amp;&gt;ul]:!pt-0 [&amp;&gt;ul]:!pb-0\" value=\"5\"><b><strong class=\"font-bold\">Naturlig k\u00e4nsla:<\/strong><\/b> Imiterar den fylliga, mjuka konsistensen hos sperma f\u00f6r en realistisk k\u00e4nsla.<\/li>\n<li class=\"text-body font-regular leading-[24px] my-[5px] [&amp;&gt;ol]:!pt-0 [&amp;&gt;ol]:!pb-0 [&amp;&gt;ul]:!pt-0 [&amp;&gt;ul]:!pb-0\" value=\"6\"><b><strong class=\"font-bold\">Kr\u00e4mig konsistens:<\/strong><\/b> S\u00e4kerst\u00e4ller enkel glidning och maximal komfort.<\/li>\n<\/ul>\n<h3 class=\"font-bold text-h4 leading-[30px] pt-[15px] pb-[2px] [&amp;_a]:underline-offset-[6px] [&amp;_.underline]:underline-offset-[6px]\" dir=\"ltr\">Ingredienser:<\/h3>\n<p class=\"text-body font-regular leading-[24px] pt-[9px] pb-[2px]\" dir=\"ltr\">Aqua, Glycers, Styrene\/Acrylates Copolymer, Phenoxyethanol, Propylene Glycol, Acrylates\/C10-30 Alkyl Acrylate Crosspolymer, Xanthan Gum, Menthol, Sodium Hydroxide, Ethylhexylglycerin.<\/p>\n<p class=\"text-body font-regular leading-[24px] pt-[9px] pb-[2px]\" dir=\"ltr\">Med <b><strong class=\"font-bold\">Fist It Black Label sm\u00f6rjmedel f\u00f6r bed\u00f6vning<\/strong><\/b> du \u00e4r garanterad en sp\u00e4nnande, dekadent upplevelse - helt s\u00e4ker och professionellt formulerad. Perfekt f\u00f6r en kv\u00e4ll med lekfull och sensuell utforskning.<\/p>","protected":false},"excerpt":{"rendered":"<p>Fist Det g\u00f6r dina fisting- eller fist-fucking-sessioner enklare, b\u00e4ttre och mer intensiva. V\u00e5r kollektion erbjuder olika glidmedel, inklusive anala avslappnare, extra tjocka, naturliga och bed\u00f6vande alternativ. Varje sm\u00f6rjmedel \u00e4r utformat f\u00f6r att f\u00f6rb\u00e4ttra din upplevelse och \u00f6ka din njutning.<\/p>","protected":false},"featured_media":16636,"comment_status":"open","ping_status":"closed","template":"","meta":[],"product_brand":[],"product_cat":[479,671],"product_tag":[],"class_list":{"0":"post-15522","1":"product","2":"type-product","3":"status-publish","4":"has-post-thumbnail","6":"product_cat-drogist","7":"product_cat-glijmiddelen","9":"first","10":"instock","11":"taxable","12":"shipping-taxable","13":"purchasable","14":"product-type-simple"},"_links":{"self":[{"href":"https:\/\/stage.poppersparadise.eu\/sv\/wp-json\/wp\/v2\/product\/15522","targetHints":{"allow":["GET"]}}],"collection":[{"href":"https:\/\/stage.poppersparadise.eu\/sv\/wp-json\/wp\/v2\/product"}],"about":[{"href":"https:\/\/stage.poppersparadise.eu\/sv\/wp-json\/wp\/v2\/types\/product"}],"replies":[{"embeddable":true,"href":"https:\/\/stage.poppersparadise.eu\/sv\/wp-json\/wp\/v2\/comments?post=15522"}],"wp:featuredmedia":[{"embeddable":true,"href":"https:\/\/stage.poppersparadise.eu\/sv\/wp-json\/wp\/v2\/media\/16636"}],"wp:attachment":[{"href":"https:\/\/stage.poppersparadise.eu\/sv\/wp-json\/wp\/v2\/media?parent=15522"}],"wp:term":[{"taxonomy":"product_brand","embeddable":true,"href":"https:\/\/stage.poppersparadise.eu\/sv\/wp-json\/wp\/v2\/product_brand?post=15522"},{"taxonomy":"product_cat","embeddable":true,"href":"https:\/\/stage.poppersparadise.eu\/sv\/wp-json\/wp\/v2\/product_cat?post=15522"},{"taxonomy":"product_tag","embeddable":true,"href":"https:\/\/stage.poppersparadise.eu\/sv\/wp-json\/wp\/v2\/product_tag?post=15522"}],"curies":[{"name":"wp","href":"https:\/\/api.w.org\/{rel}","templated":true}]}}