{"id":15559,"date":"2025-03-26T09:52:16","date_gmt":"2025-03-26T08:52:16","guid":{"rendered":"https:\/\/stage.poppersparadise.eu\/product\/extra-dik-glijmiddel-500-ml\/"},"modified":"2025-08-29T14:19:17","modified_gmt":"2025-08-29T12:19:17","slug":"fist-it-extra-tjockt-glidmedel-500-ml","status":"publish","type":"product","link":"https:\/\/stage.poppersparadise.eu\/sv\/product\/fist-it-extra-tjockt-glidmedel-500-ml\/","title":{"rendered":"Fist-It Extra tjockt sm\u00f6rjmedel - 500 ml"},"content":{"rendered":"<h2 class=\"font-bold text-h3 leading-[40px] pt-[21px] pb-[2px] [&amp;_a]:underline-offset-[6px] [&amp;_.underline]:underline-offset-[6px]\" dir=\"ltr\">Fist-It Extra tjockt sm\u00f6rjmedel - 500 ml<\/h2>\n<p class=\"text-body font-regular leading-[24px] pt-[9px] pb-[2px]\" dir=\"ltr\">Fist-It Extra Thick Lube \u00e4r speciellt utformad f\u00f6r fisting-entusiaster och ger optimal komfort under intensiva sessioner. Detta vattenbaserade glidmedel \u00e4r l\u00e4tt att applicera \u00e4ven under de mest utmanande \u00f6gonblicken. Med en gener\u00f6s kapacitet p\u00e5 300 ml, 500 ml eller 1000 ml \u00e4r den idealisk f\u00f6r b\u00e5de sporadiska och frekventa anv\u00e4ndare. Produkten \u00e4r dermatologiskt testad, fettfri och helt s\u00e4ker med latexkondomer och alla typer av sextoys. Dessutom \u00e4r den luktfri, f\u00e4rgl\u00f6s och smakl\u00f6s, vilket g\u00f6r den diskret och m\u00e5ngsidig att anv\u00e4nda.<\/p>\n<h3 class=\"font-bold text-h4 leading-[30px] pt-[15px] pb-[2px] [&amp;_a]:underline-offset-[6px] [&amp;_.underline]:underline-offset-[6px]\" dir=\"ltr\">specifikationer:<\/h3>\n<ul class=\"pt-[9px] pb-[2px] pl-[24px] list-inside list-disc pt-[5px]\">\n<li class=\"text-body font-regular leading-[24px] my-[5px] [&amp;&gt;ol]:!pt-0 [&amp;&gt;ol]:!pb-0 [&amp;&gt;ul]:!pt-0 [&amp;&gt;ul]:!pb-0\" value=\"1\">Tillg\u00e4ngliga kvantiteter: 300 ml, 500 ml, 1000 ml<\/li>\n<li class=\"text-body font-regular leading-[24px] my-[5px] [&amp;&gt;ol]:!pt-0 [&amp;&gt;ol]:!pb-0 [&amp;&gt;ul]:!pt-0 [&amp;&gt;ul]:!pb-0\" value=\"2\">Vattenbaserad f\u00f6r enkel anv\u00e4ndning<\/li>\n<li class=\"text-body font-regular leading-[24px] my-[5px] [&amp;&gt;ol]:!pt-0 [&amp;&gt;ol]:!pb-0 [&amp;&gt;ul]:!pt-0 [&amp;&gt;ul]:!pb-0\" value=\"3\">S\u00e4ker med latexkondomer och sextoys<\/li>\n<li class=\"text-body font-regular leading-[24px] my-[5px] [&amp;&gt;ol]:!pt-0 [&amp;&gt;ol]:!pb-0 [&amp;&gt;ul]:!pt-0 [&amp;&gt;ul]:!pb-0\" value=\"4\">Dermatologiskt testad och fettfri<\/li>\n<li class=\"text-body font-regular leading-[24px] my-[5px] [&amp;&gt;ol]:!pt-0 [&amp;&gt;ol]:!pb-0 [&amp;&gt;ul]:!pt-0 [&amp;&gt;ul]:!pb-0\" value=\"5\">Luktl\u00f6s, f\u00e4rgl\u00f6s och smakl\u00f6s<\/li>\n<li class=\"text-body font-regular leading-[24px] my-[5px] [&amp;&gt;ol]:!pt-0 [&amp;&gt;ol]:!pb-0 [&amp;&gt;ul]:!pt-0 [&amp;&gt;ul]:!pb-0\" value=\"6\">Ingredienser: vatten, glycerin, hydroxietylcellulosa, natriumbensoat, kaliumsorbat, natriumhydroxid, citronsyra<\/li>\n<\/ul>","protected":false},"excerpt":{"rendered":"<p>Fist Det g\u00f6r dina fisting- eller fist-fucking-sessioner enklare, b\u00e4ttre och mer intensiva. V\u00e5r kollektion erbjuder olika glidmedel, inklusive anala avslappnare, extra tjocka, naturliga och bed\u00f6vande alternativ. Varje sm\u00f6rjmedel \u00e4r utformat f\u00f6r att f\u00f6rb\u00e4ttra din upplevelse och \u00f6ka din njutning.<\/p>","protected":false},"featured_media":15558,"comment_status":"open","ping_status":"closed","template":"","meta":[],"product_brand":[],"product_cat":[479,671],"product_tag":[],"class_list":{"0":"post-15559","1":"product","2":"type-product","3":"status-publish","4":"has-post-thumbnail","6":"product_cat-drogist","7":"product_cat-glijmiddelen","9":"first","10":"instock","11":"taxable","12":"shipping-taxable","13":"purchasable","14":"product-type-simple"},"_links":{"self":[{"href":"https:\/\/stage.poppersparadise.eu\/sv\/wp-json\/wp\/v2\/product\/15559","targetHints":{"allow":["GET"]}}],"collection":[{"href":"https:\/\/stage.poppersparadise.eu\/sv\/wp-json\/wp\/v2\/product"}],"about":[{"href":"https:\/\/stage.poppersparadise.eu\/sv\/wp-json\/wp\/v2\/types\/product"}],"replies":[{"embeddable":true,"href":"https:\/\/stage.poppersparadise.eu\/sv\/wp-json\/wp\/v2\/comments?post=15559"}],"wp:featuredmedia":[{"embeddable":true,"href":"https:\/\/stage.poppersparadise.eu\/sv\/wp-json\/wp\/v2\/media\/15558"}],"wp:attachment":[{"href":"https:\/\/stage.poppersparadise.eu\/sv\/wp-json\/wp\/v2\/media?parent=15559"}],"wp:term":[{"taxonomy":"product_brand","embeddable":true,"href":"https:\/\/stage.poppersparadise.eu\/sv\/wp-json\/wp\/v2\/product_brand?post=15559"},{"taxonomy":"product_cat","embeddable":true,"href":"https:\/\/stage.poppersparadise.eu\/sv\/wp-json\/wp\/v2\/product_cat?post=15559"},{"taxonomy":"product_tag","embeddable":true,"href":"https:\/\/stage.poppersparadise.eu\/sv\/wp-json\/wp\/v2\/product_tag?post=15559"}],"curies":[{"name":"wp","href":"https:\/\/api.w.org\/{rel}","templated":true}]}}