{"id":16013,"date":"2025-04-11T09:40:10","date_gmt":"2025-04-11T07:40:10","guid":{"rendered":"https:\/\/stage.poppersparadise.eu\/?post_type=product&#038;p=16013"},"modified":"2025-09-18T15:03:01","modified_gmt":"2025-09-18T13:03:01","slug":"cosmic-power-party-pack","status":"publish","type":"product","link":"https:\/\/stage.poppersparadise.eu\/sv\/product\/cosmic-power-party-pack\/","title":{"rendered":"Cosmic Power Party Pack 5 x 24ml + Gratis XTRM SNFFR"},"content":{"rendered":"<h2 class=\"wp-block-heading\">Skapa din egen Cosmic Power Party Pack 5 x 24ml poppers - din fest, ditt val!<\/h2>\n\n\n\n<p>Komplettera din fest med en&nbsp;<strong>Cosmic Power Party Pack 5 x 24ml poppers<\/strong>! V\u00e4lj dina egna fem flaskor fr\u00e5n v\u00e5rt breda urval av Cosmic Power-sorter och l\u00e4gg till en personlig touch p\u00e5 din upplevelse. Med detta paket kommer du inte bara att njuta av dina favoritsorter, utan ocks\u00e5 f\u00e5 en <strong>gratis XTRM SNFFR v\u00e4rd 9,95 \u20ac plus 15% extra rabatt per flaska<\/strong>. Perfekt f\u00f6r fester eller f\u00f6r att prova olika varianter!<\/p>\n\n\n\n<h3 class=\"wp-block-heading\">V\u00e4lj bland dina favoritsorter:<\/h3>\n\n\n\n<ul class=\"wp-block-list\">\n<li><strong>Super Rush Cosmic Power 24ml<\/strong><\/li>\n\n\n\n<li><strong>Amsterdam Xxx Cosmic Power 24ml<\/strong><\/li>\n\n\n\n<li><strong>Meta Cosmic Power 24ml<\/strong><\/li>\n\n\n\n<li><strong>Rush Cosmic Power 24ml<\/strong><\/li>\n<\/ul>\n\n\n\n<h3 class=\"wp-block-heading\">Viktiga egenskaper hos Cosmic Power Party Pack<\/h3>\n\n\n\n<ul class=\"wp-block-list\">\n<li><strong>Personligt urval<\/strong>: S\u00e4tt ihop ditt eget paket med fem 24 ml-flaskor fr\u00e5n v\u00e5r omfattande lista.<\/li>\n\n\n\n<li><strong>Gratis extra<\/strong>: Bifoga en XTRM SNFFR (v\u00e4rde 9,95 \u20ac) till din best\u00e4llning.<\/li>\n\n\n\n<li><strong>Unik rabatt<\/strong>: F\u00e5 15% extra rabatt per flaska n\u00e4r du k\u00f6per detta paket.<\/li>\n\n\n\n<li><strong>M\u00e5ngsidig anv\u00e4ndning<\/strong>: Perfekt f\u00f6r fester eller f\u00f6r att utforska olika varianter.<\/li>\n<\/ul>\n\n\n\n<h3 class=\"wp-block-heading\">Hur man anv\u00e4nder Cosmic Power Party Pack.<\/h3>\n\n\n\n<p>Anv\u00e4nd endast poppers fr\u00e5n Cosmic Power Party Pack som doftspridare eller reng\u00f6ringsmedel. De \u00e4r inte l\u00e4mpliga f\u00f6r m\u00e4nsklig konsumtion och b\u00f6r inte inandas. F\u00f6rvara flaskorna p\u00e5 en sval och m\u00f6rk plats f\u00f6r att bevara kvaliteten och f\u00f6rslut dem ordentligt efter anv\u00e4ndning.<\/p>\n\n\n\n<h3 class=\"wp-block-heading\">Motivering till varf\u00f6r Cosmic Power Party Pack \u00e4r en favorit<\/h3>\n\n\n\n<p>Cosmic Power Party Pack erbjuder ultimat flexibilitet och v\u00e4rde. Genom att sj\u00e4lv v\u00e4lja dina favoritvarianter och dra nytta av en gratis XTRM SNFFR och extra rabatt \u00e4r det h\u00e4r paketet perfekt f\u00f6r entusiaster som s\u00f6ker variation och f\u00f6rdelar.<\/p>\n\n\n\n<h3 class=\"wp-block-heading\">Varningar<\/h3>\n\n\n\n<ul class=\"wp-block-list\">\n<li>Mycket brandfarlig v\u00e4tska och \u00e5nga (H225).<\/li>\n\n\n\n<li>Orsakar hud- och \u00f6gonirritation (H315\/H319).<\/li>\n\n\n\n<li>Giftigt vid inandning (H331).<\/li>\n\n\n\n<li>Inte ett l\u00e4kemedel. Anv\u00e4nd p\u00e5 egen risk.<\/li>\n<\/ul>\n\n\n\n<h3 class=\"wp-block-heading\">Anv\u00e4ndning<\/h3>\n\n\n\n<p>Endast avsedd som doftspridare eller reng\u00f6ringsmedel.<br>Ej l\u00e4mplig som livsmedel och b\u00f6r inte inandas.<\/p>\n\n\n\n<h3 class=\"wp-block-heading\">F\u00f6rvaring<\/h3>\n\n\n\n<p>F\u00f6rvara p\u00e5 en sval och torr plats. F\u00f6rvaras o\u00e5tkomligt f\u00f6r barn.<\/p>\n\n\n\n<h3 class=\"wp-block-heading\">Land av ursprung<\/h3>\n\n\n\n<p>EU.<\/p>\n\n\n\n<p>Med Cosmic Power Party Pack 5 x 24ml poppers kan du s\u00e4tta ihop ditt ultimata partypaket. Uppt\u00e4ck dina favoriter idag och g\u00f6r varje fest of\u00f6rgl\u00f6mlig! \ud83c\udf89<\/p>\n\n\n\n<p><\/p>","protected":false},"excerpt":{"rendered":"<p><strong><br \/>KOMPATIBLA TILLBEH\u00d6R:<\/strong><\/p>\n<ul>\n<li><a href=\"https:\/\/stage.poppersparadise.eu\/sv\/produktkategori\/tillbehor\/sniffare-stora\/\">Sniffers Large<\/a><\/li>\n<li><a href=\"https:\/\/stage.poppersparadise.eu\/sv\/product\/xtrm-poppershallare-stor-2\/\">XTRM Poppers H\u00e5llare stor<\/a><\/li>\n<li><a href=\"https:\/\/stage.poppersparadise.eu\/sv\/product\/xtrm-poppers-keeper-stor-24ml\/\">XTRM Poppers Keeper stor<\/a><\/li>\n<\/ul>","protected":false},"featured_media":16014,"comment_status":"open","ping_status":"closed","template":"","meta":[],"product_brand":[740],"product_cat":[33],"product_tag":[],"class_list":{"0":"post-16013","1":"product","2":"type-product","3":"status-publish","4":"has-post-thumbnail","6":"product_brand-cosmic-power","7":"product_cat-party-packs","9":"first","10":"instock","11":"sale","12":"taxable","13":"shipping-taxable","14":"purchasable","15":"product-type-simple"},"_links":{"self":[{"href":"https:\/\/stage.poppersparadise.eu\/sv\/wp-json\/wp\/v2\/product\/16013","targetHints":{"allow":["GET"]}}],"collection":[{"href":"https:\/\/stage.poppersparadise.eu\/sv\/wp-json\/wp\/v2\/product"}],"about":[{"href":"https:\/\/stage.poppersparadise.eu\/sv\/wp-json\/wp\/v2\/types\/product"}],"replies":[{"embeddable":true,"href":"https:\/\/stage.poppersparadise.eu\/sv\/wp-json\/wp\/v2\/comments?post=16013"}],"wp:featuredmedia":[{"embeddable":true,"href":"https:\/\/stage.poppersparadise.eu\/sv\/wp-json\/wp\/v2\/media\/16014"}],"wp:attachment":[{"href":"https:\/\/stage.poppersparadise.eu\/sv\/wp-json\/wp\/v2\/media?parent=16013"}],"wp:term":[{"taxonomy":"product_brand","embeddable":true,"href":"https:\/\/stage.poppersparadise.eu\/sv\/wp-json\/wp\/v2\/product_brand?post=16013"},{"taxonomy":"product_cat","embeddable":true,"href":"https:\/\/stage.poppersparadise.eu\/sv\/wp-json\/wp\/v2\/product_cat?post=16013"},{"taxonomy":"product_tag","embeddable":true,"href":"https:\/\/stage.poppersparadise.eu\/sv\/wp-json\/wp\/v2\/product_tag?post=16013"}],"curies":[{"name":"wp","href":"https:\/\/api.w.org\/{rel}","templated":true}]}}