{"id":16201,"date":"2025-04-16T19:47:39","date_gmt":"2025-04-16T17:47:39","guid":{"rendered":"https:\/\/stage.poppersparadise.eu\/?post_type=product&#038;p=16201"},"modified":"2025-08-11T09:33:42","modified_gmt":"2025-08-11T07:33:42","slug":"fist-party-pack-5-x-24-30ml-poppers","status":"publish","type":"product","link":"https:\/\/stage.poppersparadise.eu\/sv\/product\/fist-party-pack-5-x-24-30ml-poppers\/","title":{"rendered":"Fist Party Pack 5 x 24\/30ml + Gratis XTRM SNFFR"},"content":{"rendered":"<h2 class=\"wp-block-heading\">Vansinnig f\u00f6rdel: Fist Party Pack 5 x 24\/30ml poppers + gratis XTRM SNFFR! \ud83c\udf89<\/h2>\n\n\n\n<p>\u00c4r du inte s\u00e4ker p\u00e5 vilken Fist som passar dig b\u00e4st? Det h\u00e4r \u00e4r din chans att prova dem alla! Med Fist Party Pack f\u00e5r du 5 kraftfulla poppers efter eget val samt en <strong>gratis XTRM SNFFR v\u00e4rt 9,95 \u20ac.<\/strong>. Perfekt f\u00f6r \u00e4lskare som vill experimentera och utforska.<\/p>\n\n\n\n<h3 class=\"wp-block-heading\">V\u00e4lj bland dessa kraftfulla varianter:<\/h3>\n\n\n\n<ul class=\"wp-block-list\">\n<li><strong>Iron Fist 24ml<\/strong><\/li>\n\n\n\n<li><strong>Iron Fist Ultra Strong 24ml<\/strong><\/li>\n\n\n\n<li><strong>Iron Fist Black Label 24ml<\/strong><\/li>\n\n\n\n<li><strong>Iron Fist No Limit Butanol 24ml<\/strong><\/li>\n\n\n\n<li><strong>Iron Fist Starlight 24ml<\/strong><\/li>\n\n\n\n<li><strong>Iron Fist RAW 24ml<\/strong><\/li>\n\n\n\n<li><strong>Fist XTREM 30ml<\/strong><\/li>\n\n\n\n<li><strong>Fist XTREM Black Label 30ml<\/strong><\/li>\n\n\n\n<li><strong>Fist XTREM Ultra Strong 30ml<\/strong><\/li>\n\n\n\n<li><strong>Fist Rise Up Black Label 30ml<\/strong><\/li>\n\n\n\n<li><strong>Fist Rise Up Ultra Strong 30ml<\/strong><\/li>\n\n\n\n<li><strong>Fist Rise Up Extreme Formula 30ml<\/strong><\/li>\n<\/ul>\n\n\n\n<h3 class=\"wp-block-heading\">Varf\u00f6r v\u00e4lja Fist Party Pack?<\/h3>\n\n\n\n<ul class=\"wp-block-list\">\n<li><strong>Gratis g\u00e5va<\/strong>: F\u00e5 en XTRM SNFFR (v\u00e4rde 9,95 \u20ac) helt gratis!<\/li>\n\n\n\n<li><strong>Prisf\u00f6rdel<\/strong>: Normalt \u20ac49,70, nu endast\u00a0<strong>\u20ac33,95<\/strong>.<\/li>\n\n\n\n<li><strong>M\u00e5ngsidig<\/strong>: Perfekt f\u00f6r att prova olika smaker och hitta din favorit.<\/li>\n\n\n\n<li><strong>Begr\u00e4nsat lager<\/strong>Var snabb eftersom denna kampanj \u00e4r tillg\u00e4nglig under en begr\u00e4nsad tid!<\/li>\n<\/ul>\n\n\n\n<h3 class=\"wp-block-heading\">Vad g\u00f6r detta paket speciellt?<\/h3>\n\n\n\n<p>Fist Party Pack \u00e4r perfekt f\u00f6r dig som \u00e4lskar variation och \u00e4ventyr. Oavsett om du \u00e4r en erfaren anv\u00e4ndare eller ny i poppersv\u00e4rlden, erbjuder det h\u00e4r paketet en unik m\u00f6jlighet att uppt\u00e4cka flera kraftfulla formler till ett ekonomiskt pris. Och med den kostnadsfria XTRM SNFFR blir din upplevelse \u00e4nnu b\u00e4ttre!<\/p>\n\n\n\n<p>Missa inte denna chans att uppt\u00e4cka din ultimata Fist-upplevelse! Best\u00e4ll den&nbsp;<strong>Fist Party Pack 5 x 24\/30ml poppers + gratis XTRM SNFFR<\/strong>&nbsp;och njut av vansinniga f\u00f6rdelar. \ud83c\udf81<\/p>\n\n\n\n<h3 class=\"wp-block-heading\">Varningar<\/h3>\n\n\n\n<ul class=\"wp-block-list\">\n<li>Mycket brandfarlig v\u00e4tska och \u00e5nga (H225).<\/li>\n\n\n\n<li>Orsakar hud- och \u00f6gonirritation (H315\/H319).<\/li>\n\n\n\n<li>Giftigt vid inandning (H331).<\/li>\n\n\n\n<li>Inte ett l\u00e4kemedel. Anv\u00e4nd p\u00e5 egen risk.<\/li>\n<\/ul>\n\n\n\n<h3 class=\"wp-block-heading\">Anv\u00e4ndning<\/h3>\n\n\n\n<p>Endast avsedd som doftspridare eller reng\u00f6ringsmedel.<br>Ej l\u00e4mplig som livsmedel och b\u00f6r inte inandas.<\/p>\n\n\n\n<h3 class=\"wp-block-heading\">F\u00f6rvaring<\/h3>\n\n\n\n<p>F\u00f6rvara p\u00e5 en sval och torr plats. F\u00f6rvaras o\u00e5tkomligt f\u00f6r barn.<\/p>\n\n\n\n<h3 class=\"wp-block-heading\">Land av ursprung<\/h3>\n\n\n\n<p>Frankrike.<\/p>\n\n\n\n<p><\/p>","protected":false},"excerpt":{"rendered":"<p>Waanzinnig voordeel: Fist Party Pack 5 x 24\/30ml poppers + gratis XTRM SNFFR! \ud83c\udf89 Weet je niet welke Fist het beste bij je past? Dit is jouw kans om ze allemaal te proberen! Met het Fist Party Pack ontvang je 5 krachtige poppers naar keuze \u00e9n een gratis XTRM SNFFR ter waarde van \u20ac9,95. Perfect [&hellip;]<\/p>","protected":false},"featured_media":16208,"comment_status":"open","ping_status":"closed","template":"","meta":[],"product_brand":[741],"product_cat":[33],"product_tag":[],"class_list":{"0":"post-16201","1":"product","2":"type-product","3":"status-publish","4":"has-post-thumbnail","6":"product_brand-fist","7":"product_cat-party-packs","9":"first","10":"instock","11":"sale","12":"taxable","13":"shipping-taxable","14":"purchasable","15":"product-type-simple"},"_links":{"self":[{"href":"https:\/\/stage.poppersparadise.eu\/sv\/wp-json\/wp\/v2\/product\/16201","targetHints":{"allow":["GET"]}}],"collection":[{"href":"https:\/\/stage.poppersparadise.eu\/sv\/wp-json\/wp\/v2\/product"}],"about":[{"href":"https:\/\/stage.poppersparadise.eu\/sv\/wp-json\/wp\/v2\/types\/product"}],"replies":[{"embeddable":true,"href":"https:\/\/stage.poppersparadise.eu\/sv\/wp-json\/wp\/v2\/comments?post=16201"}],"wp:featuredmedia":[{"embeddable":true,"href":"https:\/\/stage.poppersparadise.eu\/sv\/wp-json\/wp\/v2\/media\/16208"}],"wp:attachment":[{"href":"https:\/\/stage.poppersparadise.eu\/sv\/wp-json\/wp\/v2\/media?parent=16201"}],"wp:term":[{"taxonomy":"product_brand","embeddable":true,"href":"https:\/\/stage.poppersparadise.eu\/sv\/wp-json\/wp\/v2\/product_brand?post=16201"},{"taxonomy":"product_cat","embeddable":true,"href":"https:\/\/stage.poppersparadise.eu\/sv\/wp-json\/wp\/v2\/product_cat?post=16201"},{"taxonomy":"product_tag","embeddable":true,"href":"https:\/\/stage.poppersparadise.eu\/sv\/wp-json\/wp\/v2\/product_tag?post=16201"}],"curies":[{"name":"wp","href":"https:\/\/api.w.org\/{rel}","templated":true}]}}