{"id":16548,"date":"2025-04-30T21:40:24","date_gmt":"2025-04-30T19:40:24","guid":{"rendered":"https:\/\/stage.poppersparadise.eu\/?post_type=product&#038;p=16548"},"modified":"2025-09-30T16:17:55","modified_gmt":"2025-09-30T14:17:55","slug":"play-hard-black-label-25ml-poppers","status":"publish","type":"product","link":"https:\/\/stage.poppersparadise.eu\/sv\/product\/play-hard-black-label-25ml-poppers\/","title":{"rendered":"Play Hard Black Label 25ml"},"content":{"rendered":"<h2 class=\"wp-block-heading\">Play Hard Black Label 25ml poppers \u2013 intens, krachtig en exclusief<\/h2>\n\n\n\n<p>Play Hard Black Label 25ml poppers zijn speciaal ontworpen voor ervaren gebruikers die op zoek zijn naar een krachtige geurervaring. Met een hoogwaardige formule op basis van isopentylnitriet en een royale flesinhoud van 25ml, biedt dit product een premium geurbeleving die perfect is voor intense en avontuurlijke momenten. Ideaal voor wie grenzen wil verleggen en geen genoegen neemt met minder.<\/p>\n\n\n\n<h3 class=\"wp-block-heading\">Belangrijkste kenmerken van Play Hard Black Label 25ml<\/h3>\n\n\n\n<ul class=\"wp-block-list\">\n<li><strong>Kraftfull formel<\/strong>: Gemaakt met zuiver isopentylnitriet voor een intense geurverspreiding.<\/li>\n\n\n\n<li><strong>Gener\u00f6st inneh\u00e5ll<\/strong>: Den robusta 25 ml-flaskan ger l\u00e5ngvarig anv\u00e4ndning och maximal effekt.<\/li>\n\n\n\n<li><strong>H\u00f6g kvalitet<\/strong>: Tillverkas enligt strikta kvalitetsstandarder f\u00f6r en tillf\u00f6rlitlig upplevelse.<\/li>\n<\/ul>\n\n\n\n<h3 class=\"wp-block-heading\">Waarom Play Hard Black Label een favoriet is<\/h3>\n\n\n\n<p>Play Hard Black Label 25ml poppers combineren een krachtige formule met een robuust design en gebruiksvriendelijk formaat. Het product is geliefd om zijn betrouwbaarheid en intensiteit, en is een perfecte keuze voor wie op zoek is naar een premium geurervaring. Of je nu solo speelt, met een partner bent of een feestje wilt opfleuren, Play Hard Black Label biedt een unieke en onvergetelijke beleving.<\/p>\n\n\n\n<h3 class=\"wp-block-heading\">Hoe gebruik je Play Hard Black Label 25ml?<\/h3>\n\n\n\n<p>Gebruik Play Hard Black Label 25ml uitsluitend als geurverspreider of cleaning solvent. Het is niet geschikt voor menselijke consumptie en mag niet worden ge\u00efnhaleerd. Bewaar het product op een koele, droge plek en sluit de fles na gebruik goed af.<\/p>\n\n\n\n<h3 class=\"wp-block-heading\">Varningar<\/h3>\n\n\n\n<ul class=\"wp-block-list\">\n<li>Mycket brandfarlig v\u00e4tska och \u00e5nga (H225).<\/li>\n\n\n\n<li>Orsakar hud- och \u00f6gonirritation (H315\/H319).<\/li>\n\n\n\n<li>Giftigt vid inandning (H331).<\/li>\n\n\n\n<li>Inte ett l\u00e4kemedel. Anv\u00e4nd p\u00e5 egen risk.<\/li>\n<\/ul>\n\n\n\n<h3 class=\"wp-block-heading\">Anv\u00e4ndning<\/h3>\n\n\n\n<p>Endast avsedd som doftspridare eller reng\u00f6ringsmedel.<br>Ej l\u00e4mplig som livsmedel och b\u00f6r inte inandas.<\/p>\n\n\n\n<h3 class=\"wp-block-heading\">F\u00f6rvaring<\/h3>\n\n\n\n<p>F\u00f6rvara p\u00e5 en sval och torr plats. F\u00f6rvaras o\u00e5tkomligt f\u00f6r barn.<\/p>\n\n\n\n<h3 class=\"wp-block-heading\">Land av ursprung<\/h3>\n\n\n\n<p>Frankrike.<\/p>","protected":false},"excerpt":{"rendered":"<p><strong><br \/>KOMPATIBLA TILLBEH\u00d6R:<\/strong><\/p>\n<ul>\n<li><a href=\"https:\/\/stage.poppersparadise.eu\/sv\/produktkategori\/tillbehor\/sniffare-stora\/\">Sniffers Large<\/a><\/li>\n<li><a href=\"https:\/\/stage.poppersparadise.eu\/sv\/product\/xtrm-poppershallare-stor-2\/\">XTRM Poppers H\u00e5llare stor<\/a><\/li>\n<li><a href=\"https:\/\/stage.poppersparadise.eu\/sv\/product\/xtrm-poppers-keeper-stor-24ml\/\">XTRM Poppers Keeper stor<\/a><\/li>\n<\/ul>","protected":false},"featured_media":16549,"comment_status":"open","ping_status":"closed","template":"","meta":[],"product_brand":[749],"product_cat":[35],"product_tag":[],"class_list":{"0":"post-16548","1":"product","2":"type-product","3":"status-publish","4":"has-post-thumbnail","6":"product_brand-play-hard","7":"product_cat-grote-flesjes-poppers","9":"first","10":"instock","11":"taxable","12":"shipping-taxable","13":"purchasable","14":"product-type-simple"},"_links":{"self":[{"href":"https:\/\/stage.poppersparadise.eu\/sv\/wp-json\/wp\/v2\/product\/16548","targetHints":{"allow":["GET"]}}],"collection":[{"href":"https:\/\/stage.poppersparadise.eu\/sv\/wp-json\/wp\/v2\/product"}],"about":[{"href":"https:\/\/stage.poppersparadise.eu\/sv\/wp-json\/wp\/v2\/types\/product"}],"replies":[{"embeddable":true,"href":"https:\/\/stage.poppersparadise.eu\/sv\/wp-json\/wp\/v2\/comments?post=16548"}],"wp:featuredmedia":[{"embeddable":true,"href":"https:\/\/stage.poppersparadise.eu\/sv\/wp-json\/wp\/v2\/media\/16549"}],"wp:attachment":[{"href":"https:\/\/stage.poppersparadise.eu\/sv\/wp-json\/wp\/v2\/media?parent=16548"}],"wp:term":[{"taxonomy":"product_brand","embeddable":true,"href":"https:\/\/stage.poppersparadise.eu\/sv\/wp-json\/wp\/v2\/product_brand?post=16548"},{"taxonomy":"product_cat","embeddable":true,"href":"https:\/\/stage.poppersparadise.eu\/sv\/wp-json\/wp\/v2\/product_cat?post=16548"},{"taxonomy":"product_tag","embeddable":true,"href":"https:\/\/stage.poppersparadise.eu\/sv\/wp-json\/wp\/v2\/product_tag?post=16548"}],"curies":[{"name":"wp","href":"https:\/\/api.w.org\/{rel}","templated":true}]}}