{"id":17371,"date":"2025-05-23T08:56:51","date_gmt":"2025-05-23T06:56:51","guid":{"rendered":"https:\/\/stage.poppersparadise.eu\/?post_type=product&#038;p=17371"},"modified":"2025-10-03T19:12:13","modified_gmt":"2025-10-03T17:12:13","slug":"red-rush-vortex-power-sniffer","status":"publish","type":"product","link":"https:\/\/stage.poppersparadise.eu\/sv\/product\/red-rush-vortex-power-sniffer\/","title":{"rendered":"R\u00f6d Rush Vortex Power Sniffer - Liten"},"content":{"rendered":"<h2 class=\"wp-block-heading\"><strong>Den mest kraftfulla och eleganta sniffaren p\u00e5 marknaden<\/strong><\/h2>\n\n\n\n<p>M\u00f6t Red Rush Vortex Power Sniffer - Small, den innovativa l\u00f6sningen f\u00f6r enkel och s\u00e4ker sniffning. V\u00e5r sniffare kombinerar lyx med prestanda och tar din upplevelse till n\u00e4sta niv\u00e5. Tack vare den 100 % l\u00e4ckages\u00e4kra och luftt\u00e4ta konstruktionen kan du lita p\u00e5 att varje sniffning blir ren och effektiv. Inget spill, inget kr\u00e5ngel.<\/p>\n\n\n\n<h3 class=\"wp-block-heading\">Se den i aktion<\/h3>\n\n\n\n<figure class=\"wp-block-video\"><video controls src=\"https:\/\/stage.poppersparadise.eu\/wp-content\/uploads\/2025\/05\/Actie.mp4\"><\/video><\/figure>\n\n\n\n<h3 class=\"wp-block-heading\"><br>K\u00e4rnan i Beakr - d\u00e4r sofistikering och hantverksskicklighet sm\u00e4lter samman<\/h3>\n\n\n\n<p>Produkterna fr\u00e5n <strong>Beakr<\/strong> har utvecklats och tillverkats med st\u00f6rsta omsorg i USA, med anv\u00e4ndning av endast de str\u00e4ngaste kvalitetsstandarderna. Beakr \u00e4r k\u00e4nd f\u00f6r sin precision och tillf\u00f6rlitlighet - och du kommer att m\u00e4rka det vid varje sniff. Perfekt f\u00f6r dem som s\u00f6ker en intensiv, konsekvent upplevelse i toppklass.<\/p>\n\n\n\n<h3 class=\"wp-block-heading\">Varf\u00f6r v\u00e4lja Red Rush Vortex Power Sniffer?<\/h3>\n\n\n\n<ul class=\"wp-block-list\">\n<li><strong>Spill aldrig igen:<\/strong> Den patenterade dialtekniken s\u00e4kerst\u00e4ller en perfekt luftt\u00e4t f\u00f6rslutning, s\u00e5 att du inte sl\u00f6sar bort en droppe.<\/li>\n\n\n\n<li><strong>Superstark:<\/strong> Upplev konstant kraft tack vare Vortex Power-tekniken. Luften komprimeras optimalt f\u00f6r en kraftfull sniffning, \u00e4nda ner till sista droppen.<\/li>\n\n\n\n<li><strong>Unikt ljud<\/strong>: Bara \"pop\"-ljudet som h\u00f6rs s\u00e5 snart du trycker in den i \u00f6ppet l\u00e4ge g\u00f6r att du k\u00e4nner f\u00f6r att sniffa direkt<\/li>\n\n\n\n<li><strong>Br\u00e4nn aldrig:<\/strong> Designen h\u00e5ller v\u00e4tskan l\u00e5ngt borta fr\u00e5n munstycket. Skydda dina n\u00e4sborrar fr\u00e5n ot\u00e4cka br\u00e4nnskador.<\/li>\n<\/ul>\n\n\n\n<h3 class=\"wp-block-heading\">Unika funktioner<\/h3>\n\n\n\n<ul class=\"wp-block-list\">\n<li><strong>Injektionsgjuten h\u00e5llbarhet:<\/strong> Mycket starkare och mer tillf\u00f6rlitlig \u00e4n 3D-printad plast.<\/li>\n\n\n\n<li><strong>F\u00e4rgalternativ:<\/strong> Finns i 5 livfulla f\u00e4rger - Black Caviar, Red Rush, Royal Purple, Pretty in Pink och Greedy Green.<\/li>\n\n\n\n<li><strong>Kompakt och m\u00e5ngsidig:<\/strong> Passar 10 ml-flaskor, Iron Fist aluminiumflaskor, ovala 24 ml-flaskor och Tall\/Slim-flaskor.<\/li>\n<\/ul>\n\n\n\n<h3 class=\"wp-block-heading\">Specifikationer<\/h3>\n\n\n\n<ul class=\"wp-block-list\">\n<li><strong>L\u00e4ckages\u00e4ker:<\/strong> 100% garanterad<\/li>\n\n\n\n<li><strong>St\u00e4ngning:<\/strong> Luftt\u00e4t med patenterad vridknappsteknik<\/li>\n\n\n\n<li><strong>Materialkvalitet:<\/strong> Formsprutad plast av h\u00f6gsta kvalitet<\/li>\n\n\n\n<li><strong>F\u00e4rger:<\/strong> 5 snygga alternativ<\/li>\n<\/ul>\n\n\n\n<h3 class=\"wp-block-heading\">F\u00e4rger som inspireras av din stil<\/h3>\n\n\n\n<ul class=\"wp-block-list\">\n<li><strong><a href=\"https:\/\/stage.poppersparadise.eu\/sv\/product\/black-caviar-power-sniffer\/\">Svart kaviar<\/a><\/strong>: Klassisk, elegant och tidl\u00f6s. V\u00e4lj sofistikerad design med denna lyxiga svarta finish.<\/li>\n\n\n\n<li><strong><a href=\"https:\/\/stage.poppersparadise.eu\/sv\/product\/red-rush-power-sniffer\/\">R\u00f6d Rush<\/a><\/strong>: Fiery och dj\u00e4rv, ge din upplevelse en energisk twist med denna kraftfulla r\u00f6da nyans.<\/li>\n\n\n\n<li><strong><a href=\"https:\/\/stage.poppersparadise.eu\/sv\/product\/red-rush-power-sniffer-copy\/\">Royal Purple<\/a><\/strong>: Majest\u00e4tisk och mystisk, en f\u00e4rg som utstr\u00e5lar klass f\u00f6r den mest kr\u00e4sna smaken.<\/li>\n\n\n\n<li><strong><a href=\"https:\/\/stage.poppersparadise.eu\/sv\/product\/pretty-in-pink-power-sniffer\/\">Pretty in Pink<\/a><\/strong>: Ljus, lekfull och charmig. S\u00e4tt guldkant p\u00e5 tillvaron med denna underbara rosa f\u00e4rg.<\/li>\n\n\n\n<li><strong><a href=\"https:\/\/stage.poppersparadise.eu\/sv\/product\/greedy-green-vortex-power-sniffer\/\">Greedy Green<\/a><\/strong>: Fr\u00e4sch, livlig och i\u00f6gonfallande. Perfekt f\u00f6r dig som gillar att sticka ut med stil.<\/li>\n<\/ul>\n\n\n\n<h3 class=\"wp-block-heading\">Tillf\u00e4lligt introduktionserbjudande<\/h3>\n\n\n\n<p>Det finns inget b\u00e4ttre tillf\u00e4lle att uppgradera din erfarenhet. Dra nu f\u00f6rdel av v\u00e5r <strong>introduktionsrabatt p\u00e5 20%<\/strong> p\u00e5 den r\u00f6da Rush Vortex Power Sniffer. V\u00e4nta inte f\u00f6r l\u00e4nge, detta erbjudande \u00e4r tillf\u00e4lligt!<\/p>\n\n\n\n<p><strong>Best\u00e4ll Red Rush Vortex Power Sniffer nu och upplev sj\u00e4lv varf\u00f6r det h\u00e4r \u00e4r den b\u00e4sta sniffaren som finns tillg\u00e4nglig.<\/strong><\/p>","protected":false},"excerpt":{"rendered":"<p><strong>Tillg\u00e4nglig fr\u00e5n 1 juni <\/strong> M\u00f6t Red Rush Power Sniffer, den innovativa l\u00f6sningen f\u00f6r enkel och s\u00e4ker sniffning. V\u00e5r sniffare kombinerar lyx med prestanda och tar din upplevelse till n\u00e4sta niv\u00e5. Tack vare den 100 % l\u00e4ckages\u00e4kra och luftt\u00e4ta konstruktionen kan du lita p\u00e5 att varje sniffning blir ren och effektiv. Inget spill, inget kr\u00e5ngel.<\/p>","protected":false},"featured_media":17569,"comment_status":"open","ping_status":"closed","template":"","meta":[],"product_brand":[753],"product_cat":[330,529],"product_tag":[],"class_list":{"0":"post-17371","1":"product","2":"type-product","3":"status-publish","4":"has-post-thumbnail","6":"product_brand-beakr","7":"product_cat-accessoires","8":"product_cat-sniffers-small","10":"first","11":"instock","12":"sale","13":"taxable","14":"shipping-taxable","15":"purchasable","16":"product-type-simple"},"_links":{"self":[{"href":"https:\/\/stage.poppersparadise.eu\/sv\/wp-json\/wp\/v2\/product\/17371","targetHints":{"allow":["GET"]}}],"collection":[{"href":"https:\/\/stage.poppersparadise.eu\/sv\/wp-json\/wp\/v2\/product"}],"about":[{"href":"https:\/\/stage.poppersparadise.eu\/sv\/wp-json\/wp\/v2\/types\/product"}],"replies":[{"embeddable":true,"href":"https:\/\/stage.poppersparadise.eu\/sv\/wp-json\/wp\/v2\/comments?post=17371"}],"wp:featuredmedia":[{"embeddable":true,"href":"https:\/\/stage.poppersparadise.eu\/sv\/wp-json\/wp\/v2\/media\/17569"}],"wp:attachment":[{"href":"https:\/\/stage.poppersparadise.eu\/sv\/wp-json\/wp\/v2\/media?parent=17371"}],"wp:term":[{"taxonomy":"product_brand","embeddable":true,"href":"https:\/\/stage.poppersparadise.eu\/sv\/wp-json\/wp\/v2\/product_brand?post=17371"},{"taxonomy":"product_cat","embeddable":true,"href":"https:\/\/stage.poppersparadise.eu\/sv\/wp-json\/wp\/v2\/product_cat?post=17371"},{"taxonomy":"product_tag","embeddable":true,"href":"https:\/\/stage.poppersparadise.eu\/sv\/wp-json\/wp\/v2\/product_tag?post=17371"}],"curies":[{"name":"wp","href":"https:\/\/api.w.org\/{rel}","templated":true}]}}