{"id":18175,"date":"2025-06-06T22:55:42","date_gmt":"2025-06-06T20:55:42","guid":{"rendered":"https:\/\/stage.poppersparadise.eu\/?post_type=product&#038;p=18175"},"modified":"2025-08-09T11:19:31","modified_gmt":"2025-08-09T09:19:31","slug":"xtrm-turbo-snffr-3","status":"publish","type":"product","link":"https:\/\/stage.poppersparadise.eu\/sv\/product\/xtrm-turbo-snffr-3\/","title":{"rendered":"XTRM Turbo SNFFR\u00ae l\u00e4ckages\u00e4kert litet och stort set - lila"},"content":{"rendered":"<h2 class=\"font-semibold pdf-heading-class-replace text-h3 leading-[40px] pt-[21px] pb-[2px] [&amp;_a]:underline-offset-[6px] [&amp;_.underline]:underline-offset-[6px]\" dir=\"ltr\">Specialerbjudande f\u00f6r XTRM TURBO SNFFR\u00ae Leak Proof Small &amp; Large Set<\/h2>\n<p class=\"text-body font-regular leading-[24px] pt-[9px] pb-[2px]\" dir=\"ltr\">Vill du ha ett snifferset som kombinerar kvalitet, stil och anv\u00e4ndarv\u00e4nlighet? XTRM TURBO SNFFR\u00ae Leak Proof Small &amp; Large Set erbjuder dig allt du letar efter och mer d\u00e4rtill. Dessutom kommer detta set med ett oemotst\u00e5ndligt erbjudande som du inte vill missa.<\/p>\n<h3 class=\"font-semibold pdf-heading-class-replace text-h4 leading-[30px] pt-[15px] pb-[2px] [&amp;_a]:underline-offset-[6px] [&amp;_.underline]:underline-offset-[6px]\" dir=\"ltr\">Viktiga egenskaper och f\u00f6rdelar:<\/h3>\n<ul class=\"pt-[9px] pb-[2px] pl-[24px] list-disc pt-[5px]\">\n<li><b><strong class=\"font-semibold\">Set till ett bra pris<\/strong><\/b> - Enbart Small- eller Large-versionen kostar <strong>normalt \u20ac43,95 per styck. Nu tillg\u00e4ngliga tillsammans f\u00f6r endast \u20ac49,95<\/strong>.<\/li>\n<li value=\"1\"><b><strong class=\"font-semibold\">L\u00e4ckages\u00e4ker design<\/strong><\/b> - L\u00e4cker aldrig igen tack vare den l\u00e4ckages\u00e4kra mekanismen av h\u00f6g kvalitet.<\/li>\n<li class=\"text-body font-regular leading-[24px] my-[5px] [&amp;&gt;ol]:!pt-0 [&amp;&gt;ol]:!pb-0 [&amp;&gt;ul]:!pt-0 [&amp;&gt;ul]:!pb-0\" value=\"2\"><b><strong class=\"font-semibold\">Kvalitet fr\u00e5n \u00d6sterrike<\/strong><\/b> - Utformad med precision och gjord f\u00f6r l\u00e5ngvarig anv\u00e4ndning.<\/li>\n<li class=\"text-body font-regular leading-[24px] my-[5px] [&amp;&gt;ol]:!pt-0 [&amp;&gt;ol]:!pb-0 [&amp;&gt;ul]:!pt-0 [&amp;&gt;ul]:!pb-0\" value=\"3\"><b><strong class=\"font-semibold\">Snygga f\u00e4rgalternativ<\/strong><\/b> - V\u00e4lj mellan svart, rosa eller lila f\u00f6r att matcha din stil perfekt.<\/li>\n<\/ul>\n<h3 class=\"font-semibold pdf-heading-class-replace text-h4 leading-[30px] pt-[15px] pb-[2px] [&amp;_a]:underline-offset-[6px] [&amp;_.underline]:underline-offset-[6px]\" dir=\"ltr\">Specialerbjudande<\/h3>\n<p class=\"text-body font-regular leading-[24px] pt-[9px] pb-[2px]\" dir=\"ltr\">K\u00f6p hela setet (b\u00e5de Small och Large) f\u00f6r endast 49,95 euro. En unik m\u00f6jlighet att kombinera kvalitet och besparingar.<\/p>\n<h3 class=\"font-semibold pdf-heading-class-replace text-h4 leading-[30px] pt-[15px] pb-[2px] [&amp;_a]:underline-offset-[6px] [&amp;_.underline]:underline-offset-[6px]\" dir=\"ltr\">Tillg\u00e4ngliga f\u00e4rgalternativ<\/h3>\n<p class=\"text-body font-regular leading-[24px] pt-[9px] pb-[2px]\" dir=\"ltr\">Detta eleganta set finns tillg\u00e4ngligt i <b><strong class=\"font-semibold\">svart<\/strong><\/b>, <b><strong class=\"font-semibold\">rosa<\/strong><\/b>, och <b><strong class=\"font-semibold\">lila<\/strong><\/b>. V\u00e4lj din favorit och g\u00f6r ett omedelbart intryck!<\/p>\n<p class=\"text-body font-regular leading-[24px] pt-[9px] pb-[2px]\" dir=\"ltr\">Missa inte chansen att komplettera din samling med XTRM TURBO SNFFR\u00ae Set. Best\u00e4ll nu och uppt\u00e4ck sj\u00e4lv varf\u00f6r det h\u00e4r \u00e4r ett m\u00e5ste f\u00f6r sniffar\u00e4lskare.<\/p>\n<h3>\"S\u00e5 m\u00e5nga SNFFR:er - vi fick till slut se om v\u00e5rt hus\"<br \/>Fr\u00e5n och med nu finns det tydliga storlekar f\u00f6r varje flaska: v\u00e5r nya storlekstabell XTRM SNFFR visar dig exakt vad som passar - ingen gissning, inget fumlande.\"<br \/><br \/><\/h3>\n\n\n<figure class=\"wp-block-table\"><table class=\"has-fixed-layout\"><thead><tr><th>Storlek<\/th><th>Exempel&nbsp;<\/th><th>Beskrivning<\/th><\/tr><\/thead><tbody><tr><td><strong>XXS<\/strong><\/td><td><img decoding=\"async\" src=\"https:\/\/wholesale.xtrm.net\/TAP\/XXS.jpg\" alt=\"XXS Flaska\"><\/td><td>Skull 24 ml flaskor<\/td><\/tr><tr><td><strong>XS<\/strong><\/td><td><img decoding=\"async\" src=\"https:\/\/wholesale.xtrm.net\/TAP\/XS.jpg\" alt=\"XS Flaska\"><\/td><td>Franska, Double Scorpio (USA), Everest, OXY - smala aluminiumflaskor (10-15 ml)<\/td><\/tr><tr><td><strong>S<\/strong><\/td><td><img decoding=\"async\" src=\"https:\/\/wholesale.xtrm.net\/TAP\/SMALL.jpg\" alt=\"S Flaska\"><\/td><td>Rush, Amsterdam, ovala XTRM-flaskor, breda Lockerroom-flaskor (inte h\u00f6ga), PWD 10ml, Funline 10ml<\/td><\/tr><tr><td><strong>M<\/strong><\/td><td><img decoding=\"async\" src=\"https:\/\/wholesale.xtrm.net\/TAP\/M.jpg\" alt=\"M Flaska\"><\/td><td>Nya h\u00f6ga Lockerroom-flaskor (30 ml) - tidigare \"Small\", nu Medium-storlek<\/td><\/tr><tr><td><strong>L<\/strong><\/td><td><img decoding=\"async\" src=\"https:\/\/wholesale.xtrm.net\/TAP\/large.jpg\" alt=\"L Flaska\"><\/td><td>Fyrkantiga retroflaskor (24-25 ml), t.ex. Belgo, Funline, Lockerroom, vissa amerikanska flaskor<\/td><\/tr><tr><td><strong>XL<\/strong><\/td><td><img decoding=\"async\" src=\"https:\/\/wholesale.xtrm.net\/TAP\/xl.jpg\" alt=\"XL-flaska\"><\/td><td>Nya OXY och Lockerroom aluminiumflaskor (stora, runda)<\/td><\/tr><tr><td><strong>2XL<\/strong><\/td><td><img decoding=\"async\" src=\"https:\/\/wholesale.xtrm.net\/TAP\/2xl.jpg\" alt=\"2XL Flaska\"><\/td><td>Extra breda 30 ml aluminiumflaskor med stor \u00f6ppning<\/td><\/tr><tr><td><strong>3XL<\/strong><\/td><td><img decoding=\"async\" src=\"https:\/\/wholesale.xtrm.net\/TAP\/3xl.jpg\" alt=\"3XL Flaska\"><\/td><td>Isoamyl plastflaskor, Everest 30 ml, glasflaskor med vid mynning<\/td><\/tr><tr><td><strong>4XL<\/strong><\/td><td><img decoding=\"async\" src=\"https:\/\/wholesale.xtrm.net\/TAP\/4xl.jpg\" alt=\"4XL Flaska\"><\/td><td>XTRM flaskor 60-100 ml, t.ex. XTRM BEAST<\/td><\/tr><\/tbody><\/table><\/figure>\n\n\n\n<p><\/p>","protected":false},"excerpt":{"rendered":"<p class=\"text-body font-semibold !p-0 !pt-[4px] !pb-[2px]\">Ingen kopia. Inget lock. Ingen j\u00e4mf\u00f6relse. Det h\u00e4r \u00e4r originalet - tillverkat i \u00d6sterrike.<\/p>\n<p>Den\u00a0<strong>XTRM Turbo SNFFR\u00ae.<\/strong>\u00a0\u00e4r inte en leksak. Det \u00e4r det mest eftertraktade inhalationstillbeh\u00f6ret i kretsen - designad, byggd och f\u00f6rfinad f\u00f6r kompromissl\u00f6s njutning.\u00a0<strong>Ber\u00f6ringsfri. L\u00e4ckages\u00e4ker. Kontrollerad avdunstning.<\/strong>\u00a0En enkel knapptryckning frig\u00f6r aromen - kontrollerad, ren, kraftfull. N\u00e4r du sl\u00e4pper knappen st\u00e4ngs systemet omedelbart. Inget l\u00e4ckage, inga droppar, ingen hudkontakt. Bara ren arom - vid exakt r\u00e4tt tidpunkt.<\/p>","protected":false},"featured_media":18176,"comment_status":"open","ping_status":"closed","template":"","meta":[],"product_brand":[752],"product_cat":[482,330,756],"product_tag":[],"class_list":{"0":"post-18175","1":"product","2":"type-product","3":"status-publish","4":"has-post-thumbnail","6":"product_brand-xtrm","7":"product_cat-aanbiedingen","8":"product_cat-accessoires","9":"product_cat-sniffers-small-large-sets","11":"first","12":"instock","13":"sale","14":"taxable","15":"shipping-taxable","16":"purchasable","17":"product-type-simple"},"_links":{"self":[{"href":"https:\/\/stage.poppersparadise.eu\/sv\/wp-json\/wp\/v2\/product\/18175","targetHints":{"allow":["GET"]}}],"collection":[{"href":"https:\/\/stage.poppersparadise.eu\/sv\/wp-json\/wp\/v2\/product"}],"about":[{"href":"https:\/\/stage.poppersparadise.eu\/sv\/wp-json\/wp\/v2\/types\/product"}],"replies":[{"embeddable":true,"href":"https:\/\/stage.poppersparadise.eu\/sv\/wp-json\/wp\/v2\/comments?post=18175"}],"wp:featuredmedia":[{"embeddable":true,"href":"https:\/\/stage.poppersparadise.eu\/sv\/wp-json\/wp\/v2\/media\/18176"}],"wp:attachment":[{"href":"https:\/\/stage.poppersparadise.eu\/sv\/wp-json\/wp\/v2\/media?parent=18175"}],"wp:term":[{"taxonomy":"product_brand","embeddable":true,"href":"https:\/\/stage.poppersparadise.eu\/sv\/wp-json\/wp\/v2\/product_brand?post=18175"},{"taxonomy":"product_cat","embeddable":true,"href":"https:\/\/stage.poppersparadise.eu\/sv\/wp-json\/wp\/v2\/product_cat?post=18175"},{"taxonomy":"product_tag","embeddable":true,"href":"https:\/\/stage.poppersparadise.eu\/sv\/wp-json\/wp\/v2\/product_tag?post=18175"}],"curies":[{"name":"wp","href":"https:\/\/api.w.org\/{rel}","templated":true}]}}