{"id":18967,"date":"2025-06-27T17:27:29","date_gmt":"2025-06-27T15:27:29","guid":{"rendered":"https:\/\/stage.poppersparadise.eu\/product\/radiant-red-dildo-s\/"},"modified":"2025-09-23T11:25:13","modified_gmt":"2025-09-23T09:25:13","slug":"stralande-rod-dildo-s","status":"publish","type":"product","link":"https:\/\/stage.poppersparadise.eu\/sv\/product\/stralande-rod-dildo-s\/","title":{"rendered":"Str\u00e5lande r\u00f6d dildo - S"},"content":{"rendered":"<h2 class=\"font-bold text-h3 leading-[36px] pt-[21px] pb-[2px] [&amp;_a]:underline-offset-[6px] [&amp;_.underline]:underline-offset-[6px]\" dir=\"ltr\">Upplev kosmos briljans med Radiant Red<\/h2>\n<p class=\"text-body font-regular leading-[24px] pt-[9px] pb-[2px]\" dir=\"ltr\">T\u00e4nd din fantasi och ta dina intima stunder till n\u00e4sta niv\u00e5 med Radiant Red Dildo. Den dj\u00e4rva, stj\u00e4rninspirerade designen f\u00e5ngar sk\u00f6nheten och tilltalet i universum och tar dina upplevelser ut\u00f6ver det vanliga. Radiant Red \u00e4r utsmyckad med en sp\u00e4nnande blandning av livfulla r\u00f6da och djupa m\u00f6rka toner och representerar kosmos o\u00e4ndliga prakt.<\/p>\n<p class=\"text-body font-regular leading-[24px] pt-[9px] pb-[2px]\" dir=\"ltr\">Perfekt utformad f\u00f6r \u00e4ventyrare och fantasy\u00e4lskare, \u00e4r detta exceptionella f\u00f6rem\u00e5l mer \u00e4n bara en accessoar - det \u00e4r din port till o\u00f6vertr\u00e4ffad njutning och uppt\u00e4ckt. Oavsett om du utforskar ensam eller s\u00f6ker sp\u00e4nning i rollspel, erbjuder Radiant Red en extraordin\u00e4r upplevelse som k\u00e4nns som en annan v\u00e4rld.<\/p>\n<h3 class=\"font-bold text-h4 leading-[30px] pt-[15px] pb-[2px] [&amp;_a]:underline-offset-[6px] [&amp;_.underline]:underline-offset-[6px]\" dir=\"ltr\">Produktspecifikationer<\/h3>\n<ul class=\"pt-[9px] pb-[2px] pl-[24px] list-disc [&amp;_ul]:pt-[5px] pt-[5px]\">\n<li class=\"text-body font-regular leading-[24px] my-[5px] [&amp;&gt;ol]:!pt-0 [&amp;&gt;ol]:!pb-0 [&amp;&gt;ul]:!pt-0 [&amp;&gt;ul]:!pb-0\" value=\"1\"><b><strong class=\"font-bold\">Total l\u00e4ngd<\/strong><\/b>: En imponerande <strong>20.<\/strong><b><strong class=\"font-bold\">7 cm<\/strong><\/b> f\u00f6r djupg\u00e5ende utforskning.<\/li>\n<li class=\"text-body font-regular leading-[24px] my-[5px] [&amp;&gt;ol]:!pt-0 [&amp;&gt;ol]:!pb-0 [&amp;&gt;ul]:!pt-0 [&amp;&gt;ul]:!pb-0\" value=\"2\"><b><strong class=\"font-bold\">Insticksl\u00e4ngd<\/strong><\/b>: <b><strong class=\"font-bold\">17,0 cm<\/strong><\/b> till skr\u00e4ddarsydd njutning f\u00f6r o\u00f6vertr\u00e4ffad tillfredsst\u00e4llelse.<\/li>\n<li class=\"text-body font-regular leading-[24px] my-[5px] [&amp;&gt;ol]:!pt-0 [&amp;&gt;ol]:!pb-0 [&amp;&gt;ul]:!pt-0 [&amp;&gt;ul]:!pb-0\" value=\"3\"><b><strong class=\"font-bold\">Toppdiameter<\/strong><\/b>: <b><strong class=\"font-bold\">3,6 cm<\/strong><\/b>, utformad f\u00f6r en inbjudande och smidig entr\u00e9.<\/li>\n<li class=\"text-body font-regular leading-[24px] my-[5px] [&amp;&gt;ol]:!pt-0 [&amp;&gt;ol]:!pb-0 [&amp;&gt;ul]:!pt-0 [&amp;&gt;ul]:!pb-0\" value=\"4\"><b><strong class=\"font-bold\">Centrumdiameter<\/strong><\/b>: En robust <b><strong class=\"font-bold\">5,3 cm<\/strong><\/b>, erbjuder en tillfredsst\u00e4llande storlek.<\/li>\n<li class=\"text-body font-regular leading-[24px] my-[5px] [&amp;&gt;ol]:!pt-0 [&amp;&gt;ol]:!pb-0 [&amp;&gt;ul]:!pt-0 [&amp;&gt;ul]:!pb-0\" value=\"5\"><b><strong class=\"font-bold\">Basdiameter<\/strong><\/b>: A stabil <b><strong class=\"font-bold\">10,5 cm<\/strong><\/b>, f\u00f6r s\u00e4ker och bekv\u00e4m hantering.<\/li>\n<li class=\"text-body font-regular leading-[24px] my-[5px] [&amp;&gt;ol]:!pt-0 [&amp;&gt;ol]:!pb-0 [&amp;&gt;ul]:!pt-0 [&amp;&gt;ul]:!pb-0\" value=\"6\"><b><strong class=\"font-bold\">Vikt<\/strong><\/b>: En betydande <strong>534 g<\/strong><b><strong class=\"font-bold\">ram<\/strong><\/b> f\u00f6r en realistisk och stabil k\u00e4nsla.<\/li>\n<li class=\"text-body font-regular leading-[24px] my-[5px] [&amp;&gt;ol]:!pt-0 [&amp;&gt;ol]:!pb-0 [&amp;&gt;ul]:!pt-0 [&amp;&gt;ul]:!pb-0\" value=\"7\"><b><strong class=\"font-bold\">Material<\/strong><\/b>: H\u00f6gkvalitativ platinaklassad silikon f\u00f6r h\u00e5llbarhet och verklighetstrogen k\u00e4nsla.<\/li>\n<li class=\"text-body font-regular leading-[24px] my-[5px] [&amp;&gt;ol]:!pt-0 [&amp;&gt;ol]:!pb-0 [&amp;&gt;ul]:!pt-0 [&amp;&gt;ul]:!pb-0\" value=\"8\"><b><strong class=\"font-bold\">F\u00e4rger<\/strong><\/b>: En fantastisk blandning av r\u00f6da och m\u00f6rka nyanser som symboliserar stj\u00e4rnornas tidl\u00f6sa sk\u00f6nhet.<\/li>\n<\/ul>\n<p class=\"text-body font-regular leading-[24px] pt-[9px] pb-[2px]\" dir=\"ltr\">\u00d6verl\u00e4mna dig till den exceptionella kvaliteten och den spektakul\u00e4ra designen hos Radiant Red. Detta kosmiska m\u00e4sterverk utlovar en of\u00f6rgl\u00f6mlig upplevelse bortom fantasin.<\/p>","protected":false},"excerpt":{"rendered":"<p>Uppt\u00e4ck den vackert designade Radiant Red Dildo-en lyxig, volumin\u00f6s design inspirerad av kosmos. Upplev ultimat tillfredsst\u00e4llelse.<\/p>","protected":false},"featured_media":18966,"comment_status":"open","ping_status":"closed","template":"","meta":[],"product_brand":[767],"product_cat":[766,787],"product_tag":[],"class_list":{"0":"post-18967","1":"product","2":"type-product","3":"status-publish","4":"has-post-thumbnail","6":"product_brand-giant-space-intruders","7":"product_cat-dildos","8":"product_cat-monster-fantasy-dildos","10":"first","11":"instock","12":"sale","13":"taxable","14":"shipping-taxable","15":"purchasable","16":"product-type-simple"},"_links":{"self":[{"href":"https:\/\/stage.poppersparadise.eu\/sv\/wp-json\/wp\/v2\/product\/18967","targetHints":{"allow":["GET"]}}],"collection":[{"href":"https:\/\/stage.poppersparadise.eu\/sv\/wp-json\/wp\/v2\/product"}],"about":[{"href":"https:\/\/stage.poppersparadise.eu\/sv\/wp-json\/wp\/v2\/types\/product"}],"replies":[{"embeddable":true,"href":"https:\/\/stage.poppersparadise.eu\/sv\/wp-json\/wp\/v2\/comments?post=18967"}],"wp:featuredmedia":[{"embeddable":true,"href":"https:\/\/stage.poppersparadise.eu\/sv\/wp-json\/wp\/v2\/media\/18966"}],"wp:attachment":[{"href":"https:\/\/stage.poppersparadise.eu\/sv\/wp-json\/wp\/v2\/media?parent=18967"}],"wp:term":[{"taxonomy":"product_brand","embeddable":true,"href":"https:\/\/stage.poppersparadise.eu\/sv\/wp-json\/wp\/v2\/product_brand?post=18967"},{"taxonomy":"product_cat","embeddable":true,"href":"https:\/\/stage.poppersparadise.eu\/sv\/wp-json\/wp\/v2\/product_cat?post=18967"},{"taxonomy":"product_tag","embeddable":true,"href":"https:\/\/stage.poppersparadise.eu\/sv\/wp-json\/wp\/v2\/product_tag?post=18967"}],"curies":[{"name":"wp","href":"https:\/\/api.w.org\/{rel}","templated":true}]}}