{"id":19011,"date":"2025-06-27T17:30:07","date_gmt":"2025-06-27T15:30:07","guid":{"rendered":"https:\/\/stage.poppersparadise.eu\/product\/emerald-excitement-squirting-dildo-m\/"},"modified":"2025-09-23T11:25:14","modified_gmt":"2025-09-23T09:25:14","slug":"smaragd-upphetsning-squirting-dildo-m","status":"publish","type":"product","link":"https:\/\/stage.poppersparadise.eu\/sv\/product\/smaragd-upphetsning-squirting-dildo-m\/","title":{"rendered":"Smaragd sp\u00e4nning Squirting Dildo - M"},"content":{"rendered":"<h2 class=\"font-bold text-h3 leading-[36px] pt-[21px] pb-[2px] [&amp;_a]:underline-offset-[6px] [&amp;_.underline]:underline-offset-[6px]\" dir=\"ltr\">Uppt\u00e4ck Emerald Excitement Squirting Dildo<\/h2>\n<p class=\"text-body font-regular leading-[24px] pt-[9px] pb-[2px]\" dir=\"ltr\">F\u00f6rest\u00e4ll dig en varelse fr\u00e5n en framtida dimension, genomsyrad av den vibrerande energin fr\u00e5n en avl\u00e4gsen, mystisk planet. Dess f\u00e4rg \u00e4r gr\u00f6n, men inte den vanliga gr\u00f6na du k\u00e4nner till; den utstr\u00e5lar ett f\u00f6rtrollande sken, liknande en smaragd som glittrar i m\u00e5nskenet. Denna mystiska varelse, som kallas Emerald Excitement, har kommit till jorden med ett unikt uppdrag: att v\u00e4cka och egga fantasif\u00f6r\u00e4lskares sinnen \u00f6verallt. Designen p\u00e5minner inte bara om en varelse fr\u00e5n en annan v\u00e4rld, utan f\u00f6rkroppsligar ocks\u00e5 en o\u00f6vertr\u00e4ffad form som stimulerar fantasin.<\/p>\n<p class=\"text-body font-regular leading-[24px] pt-[9px] pb-[2px]\" dir=\"ltr\">Emerald Excitement Dildo \u00f6verskrider v\u00e4rlden av konventionella sexleksaker - det \u00e4r en uppslukande upplevelse som \u00e4r utformad f\u00f6r att ta dig in i en v\u00e4rld av fantasi och extas, d\u00e4r ditt n\u00f6je \u00e4r centralt. Tillverkad med extrem omsorg och uppm\u00e4rksamhet p\u00e5 detaljer, dess konstruktion \u00e4r utformad f\u00f6r att f\u00f6rb\u00e4ttra varje intimt \u00f6gonblick, vilket g\u00f6r det till ett verkligt extraordin\u00e4rt tillskott till alla samlingar.<\/p>\n<h3 class=\"font-bold text-h4 leading-[30px] pt-[15px] pb-[2px] [&amp;_a]:underline-offset-[6px] [&amp;_.underline]:underline-offset-[6px]\" dir=\"ltr\">Produktspecifikationer<\/h3>\n<ul class=\"pt-[9px] pb-[2px] pl-[24px] list-disc [&amp;_ul]:pt-[5px] pt-[5px]\">\n<li class=\"text-body font-regular leading-[24px] my-[5px] [&amp;&gt;ol]:!pt-0 [&amp;&gt;ol]:!pb-0 [&amp;&gt;ul]:!pt-0 [&amp;&gt;ul]:!pb-0\" value=\"1\"><b><strong class=\"font-bold\">Total l\u00e4ngd<\/strong><\/b>: 30,3 cm, ger tillr\u00e4cklig r\u00e4ckvidd f\u00f6r djupa och tillfredsst\u00e4llande sensationer<\/li>\n<li class=\"text-body font-regular leading-[24px] my-[5px] [&amp;&gt;ol]:!pt-0 [&amp;&gt;ol]:!pb-0 [&amp;&gt;ul]:!pt-0 [&amp;&gt;ul]:!pb-0\" value=\"2\"><b><strong class=\"font-bold\">Insticksl\u00e4ngd<\/strong><\/b>: 24,7 cm, utformad f\u00f6r full tillfredsst\u00e4llelse och utforskning<\/li>\n<li class=\"text-body font-regular leading-[24px] my-[5px] [&amp;&gt;ol]:!pt-0 [&amp;&gt;ol]:!pb-0 [&amp;&gt;ul]:!pt-0 [&amp;&gt;ul]:!pb-0\" value=\"3\"><b><strong class=\"font-bold\">Toppdiameter<\/strong><\/b>: 4,8 cm, ger en subtil introduktion till dess uts\u00f6kta form<\/li>\n<li class=\"text-body font-regular leading-[24px] my-[5px] [&amp;&gt;ol]:!pt-0 [&amp;&gt;ol]:!pb-0 [&amp;&gt;ul]:!pt-0 [&amp;&gt;ul]:!pb-0\" value=\"4\"><b><strong class=\"font-bold\">Centrumdiameter<\/strong><\/b>: 8,3 cm, f\u00f6r en fylligare och mer omslutande upplevelse<\/li>\n<li class=\"text-body font-regular leading-[24px] my-[5px] [&amp;&gt;ol]:!pt-0 [&amp;&gt;ol]:!pb-0 [&amp;&gt;ul]:!pt-0 [&amp;&gt;ul]:!pb-0\" value=\"5\"><b><strong class=\"font-bold\">Basdiameter<\/strong><\/b>: 12,7 cm, garanterar stabilitet och anv\u00e4ndarv\u00e4nlighet<\/li>\n<li class=\"text-body font-regular leading-[24px] my-[5px] [&amp;&gt;ol]:!pt-0 [&amp;&gt;ol]:!pb-0 [&amp;&gt;ul]:!pt-0 [&amp;&gt;ul]:!pb-0\" value=\"6\"><b><strong class=\"font-bold\">Vikt<\/strong><\/b>: 1589 gram, perfekt balanserad f\u00f6r ett bekv\u00e4mt grepp<\/li>\n<li class=\"text-body font-regular leading-[24px] my-[5px] [&amp;&gt;ol]:!pt-0 [&amp;&gt;ol]:!pb-0 [&amp;&gt;ul]:!pt-0 [&amp;&gt;ul]:!pb-0\" value=\"7\"><b><strong class=\"font-bold\">F\u00e4rger<\/strong><\/b>: En unik blandning av gr\u00f6na f\u00e4rger som fascinerar och intrigerar<\/li>\n<li class=\"text-body font-regular leading-[24px] my-[5px] [&amp;&gt;ol]:!pt-0 [&amp;&gt;ol]:!pb-0 [&amp;&gt;ul]:!pt-0 [&amp;&gt;ul]:!pb-0\" value=\"8\"><b><strong class=\"font-bold\">Material<\/strong><\/b>: Premium platinasilikon, f\u00f6r s\u00e4kerhet, h\u00e5llbarhet och en lyxig k\u00e4nsla<\/li>\n<\/ul>\n<h3 class=\"font-bold text-h4 leading-[30px] pt-[15px] pb-[2px] [&amp;_a]:underline-offset-[6px] [&amp;_.underline]:underline-offset-[6px]\" dir=\"ltr\">Unika egenskaper<\/h3>\n<ul class=\"pt-[9px] pb-[2px] pl-[24px] list-disc [&amp;_ul]:pt-[5px] pt-[5px]\">\n<li class=\"text-body font-regular leading-[24px] my-[5px] [&amp;&gt;ol]:!pt-0 [&amp;&gt;ol]:!pb-0 [&amp;&gt;ul]:!pt-0 [&amp;&gt;ul]:!pb-0\" value=\"1\"><b><strong class=\"font-bold\">Squirting-funktion: <\/strong><\/b>G\u00f6r dig redo tillsammans med din utomjordiska partner<\/li>\n<li class=\"text-body font-regular leading-[24px] my-[5px] [&amp;&gt;ol]:!pt-0 [&amp;&gt;ol]:!pb-0 [&amp;&gt;ul]:!pt-0 [&amp;&gt;ul]:!pb-0\" value=\"1\"><b><strong class=\"font-bold\">Premiumkvalitet:<\/strong><\/b> Tillverkad av h\u00f6gkvalitativt platinasilikon f\u00f6r en otroligt realistisk k\u00e4nsla.<\/li>\n<li class=\"text-body font-regular leading-[24px] my-[5px] [&amp;&gt;ol]:!pt-0 [&amp;&gt;ol]:!pb-0 [&amp;&gt;ul]:!pt-0 [&amp;&gt;ul]:!pb-0\" value=\"2\"><b><strong class=\"font-bold\">Levande f\u00e4rger:<\/strong><\/b> En hisnande blandning av gr\u00f6na nyanser<\/li>\n<li class=\"text-body font-regular leading-[24px] my-[5px] [&amp;&gt;ol]:!pt-0 [&amp;&gt;ol]:!pb-0 [&amp;&gt;ul]:!pt-0 [&amp;&gt;ul]:!pb-0\" value=\"3\"><b><strong class=\"font-bold\">M\u00e5ngsidig anv\u00e4ndning:<\/strong><\/b> Perfekt f\u00f6r b\u00e5de anala och vaginala lekar.<\/li>\n<\/ul>","protected":false},"excerpt":{"rendered":"<p>F\u00f6rest\u00e4ll dig en varelse fr\u00e5n en framtida dimension, genomsyrad av den vibrerande energin fr\u00e5n en avl\u00e4gsen, mystisk planet. F\u00e4rgen \u00e4r gr\u00f6n, men inte den vanliga gr\u00f6na du k\u00e4nner till; den utstr\u00e5lar ett f\u00f6rtrollande sken, likt en smaragd som glittrar i m\u00e5nskenet.<\/p>","protected":false},"featured_media":19010,"comment_status":"open","ping_status":"closed","template":"","meta":[],"product_brand":[767],"product_cat":[766,787],"product_tag":[],"class_list":{"0":"post-19011","1":"product","2":"type-product","3":"status-publish","4":"has-post-thumbnail","6":"product_brand-giant-space-intruders","7":"product_cat-dildos","8":"product_cat-monster-fantasy-dildos","10":"first","11":"instock","12":"sale","13":"taxable","14":"shipping-taxable","15":"purchasable","16":"product-type-simple"},"_links":{"self":[{"href":"https:\/\/stage.poppersparadise.eu\/sv\/wp-json\/wp\/v2\/product\/19011","targetHints":{"allow":["GET"]}}],"collection":[{"href":"https:\/\/stage.poppersparadise.eu\/sv\/wp-json\/wp\/v2\/product"}],"about":[{"href":"https:\/\/stage.poppersparadise.eu\/sv\/wp-json\/wp\/v2\/types\/product"}],"replies":[{"embeddable":true,"href":"https:\/\/stage.poppersparadise.eu\/sv\/wp-json\/wp\/v2\/comments?post=19011"}],"wp:featuredmedia":[{"embeddable":true,"href":"https:\/\/stage.poppersparadise.eu\/sv\/wp-json\/wp\/v2\/media\/19010"}],"wp:attachment":[{"href":"https:\/\/stage.poppersparadise.eu\/sv\/wp-json\/wp\/v2\/media?parent=19011"}],"wp:term":[{"taxonomy":"product_brand","embeddable":true,"href":"https:\/\/stage.poppersparadise.eu\/sv\/wp-json\/wp\/v2\/product_brand?post=19011"},{"taxonomy":"product_cat","embeddable":true,"href":"https:\/\/stage.poppersparadise.eu\/sv\/wp-json\/wp\/v2\/product_cat?post=19011"},{"taxonomy":"product_tag","embeddable":true,"href":"https:\/\/stage.poppersparadise.eu\/sv\/wp-json\/wp\/v2\/product_tag?post=19011"}],"curies":[{"name":"wp","href":"https:\/\/api.w.org\/{rel}","templated":true}]}}