{"id":19109,"date":"2025-06-27T17:35:12","date_gmt":"2025-06-27T15:35:12","guid":{"rendered":"https:\/\/stage.poppersparadise.eu\/product\/asteroid-adventurer-dildo-m\/"},"modified":"2025-09-23T11:25:14","modified_gmt":"2025-09-23T09:25:14","slug":"asteroid-aventyrare-dildo-m","status":"publish","type":"product","link":"https:\/\/stage.poppersparadise.eu\/sv\/product\/asteroid-aventyrare-dildo-m\/","title":{"rendered":"Asteroid \u00c4ventyrare Dildo - M"},"content":{"rendered":"<h2 class=\"font-bold text-h3 leading-[36px] pt-[21px] pb-[2px] [&amp;_a]:underline-offset-[6px] [&amp;_.underline]:underline-offset-[6px]\" dir=\"ltr\">Uppt\u00e4ck kosmisk njutning med Asteroid Adventurer Dildo<\/h2>\n<p class=\"text-body font-regular leading-[24px] pt-[9px] pb-[2px]\" dir=\"ltr\">Ge dig ut p\u00e5 en resa till nya dimensioner av njutning med v\u00e5r unikt designade fantasidildo, inspirerad av mytiska varelser och tillverkad av h\u00f6gkvalitativ platinasilikon f\u00f6r en verklighetstrogen k\u00e4nsla. F\u00f6rest\u00e4ll dig en varelse som kom fr\u00e5n en avl\u00e4gsen asteroid och berikar v\u00e5r v\u00e4rld med utomjordisk extas som uppfyller dina jordiska \u00f6nskningar. Detta \u00e4r inte bara en leksak; det \u00e4r din port till ett universum av ouppt\u00e4ckta fantasier. Oavsett om du ger dig ut p\u00e5 ett solo\u00e4ventyr eller utforskar delade stunder med en partner, \u00e4r den h\u00e4r dildon h\u00e4r f\u00f6r att tillfredsst\u00e4lla dina djupaste, mest g\u00e5tfulla fantasier.<\/p>\n<h3 class=\"font-bold text-h4 leading-[30px] pt-[15px] pb-[2px] [&amp;_a]:underline-offset-[6px] [&amp;_.underline]:underline-offset-[6px]\" dir=\"ltr\">Produktspecifikationer<\/h3>\n<ul class=\"pt-[9px] pb-[2px] pl-[24px] list-disc [&amp;_ul]:pt-[5px] pt-[5px]\">\n<li class=\"text-body font-regular leading-[24px] my-[5px] [&amp;&gt;ol]:!pt-0 [&amp;&gt;ol]:!pb-0 [&amp;&gt;ul]:!pt-0 [&amp;&gt;ul]:!pb-0\" value=\"1\"><b><strong class=\"font-bold\">Total l\u00e4ngd:<\/strong><\/b> 22,6 cm<\/li>\n<li class=\"text-body font-regular leading-[24px] my-[5px] [&amp;&gt;ol]:!pt-0 [&amp;&gt;ol]:!pb-0 [&amp;&gt;ul]:!pt-0 [&amp;&gt;ul]:!pb-0\" value=\"2\"><b><strong class=\"font-bold\">Insticksl\u00e4ngd:<\/strong><\/b> 19,0 cm<\/li>\n<li class=\"text-body font-regular leading-[24px] my-[5px] [&amp;&gt;ol]:!pt-0 [&amp;&gt;ol]:!pb-0 [&amp;&gt;ul]:!pt-0 [&amp;&gt;ul]:!pb-0\" value=\"3\"><b><strong class=\"font-bold\">\u00d6vre diameter:<\/strong><\/b> 3,7 cm<\/li>\n<li class=\"text-body font-regular leading-[24px] my-[5px] [&amp;&gt;ol]:!pt-0 [&amp;&gt;ol]:!pb-0 [&amp;&gt;ul]:!pt-0 [&amp;&gt;ul]:!pb-0\" value=\"4\"><b><strong class=\"font-bold\">Centrumdiameter:<\/strong><\/b> 6,4 cm<\/li>\n<li class=\"text-body font-regular leading-[24px] my-[5px] [&amp;&gt;ol]:!pt-0 [&amp;&gt;ol]:!pb-0 [&amp;&gt;ul]:!pt-0 [&amp;&gt;ul]:!pb-0\" value=\"5\"><b><strong class=\"font-bold\">Basdiameter: <\/strong><\/b>10,8 cm<\/li>\n<li class=\"text-body font-regular leading-[24px] my-[5px] [&amp;&gt;ol]:!pt-0 [&amp;&gt;ol]:!pb-0 [&amp;&gt;ul]:!pt-0 [&amp;&gt;ul]:!pb-0\" value=\"6\"><b><strong class=\"font-bold\">Vikt:<\/strong><\/b> 803 gram<\/li>\n<li class=\"text-body font-regular leading-[24px] my-[5px] [&amp;&gt;ol]:!pt-0 [&amp;&gt;ol]:!pb-0 [&amp;&gt;ul]:!pt-0 [&amp;&gt;ul]:!pb-0\" value=\"7\"><b><strong class=\"font-bold\">F\u00e4rger:<\/strong><\/b> En f\u00f6rtrollande blandning av gr\u00f6nbl\u00e5tt, guld och rosa<\/li>\n<li class=\"text-body font-regular leading-[24px] my-[5px] [&amp;&gt;ol]:!pt-0 [&amp;&gt;ol]:!pb-0 [&amp;&gt;ul]:!pt-0 [&amp;&gt;ul]:!pb-0\" value=\"8\"><b><strong class=\"font-bold\">Material:<\/strong><\/b> H\u00f6gkvalitativ platinasilikon<\/li>\n<\/ul>\n<h3 class=\"font-bold text-h4 leading-[30px] pt-[15px] pb-[2px] [&amp;_a]:underline-offset-[6px] [&amp;_.underline]:underline-offset-[6px]\" dir=\"ltr\">Unika funktioner<\/h3>\n<ul class=\"pt-[9px] pb-[2px] pl-[24px] list-disc [&amp;_ul]:pt-[5px] pt-[5px]\">\n<li class=\"text-body font-regular leading-[24px] my-[5px] [&amp;&gt;ol]:!pt-0 [&amp;&gt;ol]:!pb-0 [&amp;&gt;ul]:!pt-0 [&amp;&gt;ul]:!pb-0\" value=\"1\"><b><strong class=\"font-bold\">H\u00f6gsta kvalitet:<\/strong><\/b> Tillverkad av det finaste platinasilikonet f\u00f6r en otroligt realistisk k\u00e4nsla.<\/li>\n<li class=\"text-body font-regular leading-[24px] my-[5px] [&amp;&gt;ol]:!pt-0 [&amp;&gt;ol]:!pb-0 [&amp;&gt;ul]:!pt-0 [&amp;&gt;ul]:!pb-0\" value=\"2\"><b><strong class=\"font-bold\">Levande f\u00e4rger:<\/strong><\/b> En hisnande blandning av gr\u00f6nbl\u00e5tt, guld och rosa som f\u00f6rtrollar sinnena.<\/li>\n<li class=\"text-body font-regular leading-[24px] my-[5px] [&amp;&gt;ol]:!pt-0 [&amp;&gt;ol]:!pb-0 [&amp;&gt;ul]:!pt-0 [&amp;&gt;ul]:!pb-0\" value=\"3\"><b><strong class=\"font-bold\">M\u00e5ngsidig anv\u00e4ndning:<\/strong><\/b> Idealisk f\u00f6r b\u00e5de anal och vaginal stimulering, perfekt f\u00f6r alla fantasi\u00e4lskare.<\/li>\n<\/ul>\n<h3 class=\"font-bold text-h4 leading-[30px] pt-[15px] pb-[2px] [&amp;_a]:underline-offset-[6px] [&amp;_.underline]:underline-offset-[6px]\" dir=\"ltr\">Ge dig ut p\u00e5 en uppt\u00e4cktsresa till en ny v\u00e4rld av njutning<\/h3>\n<p class=\"text-body font-regular leading-[24px] pt-[9px] pb-[2px]\" dir=\"ltr\">Oavsett om du vill krydda saker som ett par eller njuta av solospel som en fantasy\u00e4lskare, \u00e4r denna kosmiska sk\u00f6nhet utformad f\u00f6r att behaga. Stor och imponerande, med en design inspirerad av mytiska varelser, lovar den en visuellt fantastisk och fysiskt tillfredsst\u00e4llande upplevelse.<\/p>","protected":false},"excerpt":{"rendered":"<p>Uppt\u00e4ck nya dimensioner av njutning med v\u00e5r unikt designade fantasidildo, inspirerad av mytiska teman. Expertutformad f\u00f6r en realistisk och m\u00e5ngsidig upplevelse.<\/p>","protected":false},"featured_media":19108,"comment_status":"open","ping_status":"closed","template":"","meta":[],"product_brand":[767],"product_cat":[766,787],"product_tag":[],"class_list":{"0":"post-19109","1":"product","2":"type-product","3":"status-publish","4":"has-post-thumbnail","6":"product_brand-giant-space-intruders","7":"product_cat-dildos","8":"product_cat-monster-fantasy-dildos","10":"first","11":"instock","12":"sale","13":"taxable","14":"shipping-taxable","15":"purchasable","16":"product-type-simple"},"_links":{"self":[{"href":"https:\/\/stage.poppersparadise.eu\/sv\/wp-json\/wp\/v2\/product\/19109","targetHints":{"allow":["GET"]}}],"collection":[{"href":"https:\/\/stage.poppersparadise.eu\/sv\/wp-json\/wp\/v2\/product"}],"about":[{"href":"https:\/\/stage.poppersparadise.eu\/sv\/wp-json\/wp\/v2\/types\/product"}],"replies":[{"embeddable":true,"href":"https:\/\/stage.poppersparadise.eu\/sv\/wp-json\/wp\/v2\/comments?post=19109"}],"wp:featuredmedia":[{"embeddable":true,"href":"https:\/\/stage.poppersparadise.eu\/sv\/wp-json\/wp\/v2\/media\/19108"}],"wp:attachment":[{"href":"https:\/\/stage.poppersparadise.eu\/sv\/wp-json\/wp\/v2\/media?parent=19109"}],"wp:term":[{"taxonomy":"product_brand","embeddable":true,"href":"https:\/\/stage.poppersparadise.eu\/sv\/wp-json\/wp\/v2\/product_brand?post=19109"},{"taxonomy":"product_cat","embeddable":true,"href":"https:\/\/stage.poppersparadise.eu\/sv\/wp-json\/wp\/v2\/product_cat?post=19109"},{"taxonomy":"product_tag","embeddable":true,"href":"https:\/\/stage.poppersparadise.eu\/sv\/wp-json\/wp\/v2\/product_tag?post=19109"}],"curies":[{"name":"wp","href":"https:\/\/api.w.org\/{rel}","templated":true}]}}