{"id":19142,"date":"2025-06-27T17:37:12","date_gmt":"2025-06-27T15:37:12","guid":{"rendered":"https:\/\/stage.poppersparadise.eu\/product\/cosmic-titan-dildo-m\/"},"modified":"2025-09-23T11:25:14","modified_gmt":"2025-09-23T09:25:14","slug":"cosmic-titan-dildo-m","status":"publish","type":"product","link":"https:\/\/stage.poppersparadise.eu\/sv\/product\/cosmic-titan-dildo-m\/","title":{"rendered":"Cosmic Titan Dildo - M"},"content":{"rendered":"<h2 class=\"font-bold text-h3 leading-[36px] pt-[21px] pb-[2px] [&amp;_a]:underline-offset-[6px] [&amp;_.underline]:underline-offset-[6px]\" dir=\"ltr\">L\u00e5s upp universum med Cosmic Titan Dildo<\/h2>\n<p class=\"text-body font-regular leading-[24px] pt-[9px] pb-[2px]\" dir=\"ltr\">Kliv in i ett universum av o\u00f6vertr\u00e4ffade n\u00f6jen med Cosmic Titan Dildo. Infunderad med galaktisk attraktion, inbjuder denna andra v\u00e4rldsliga skapelse dig att bryta dig loss fr\u00e5n jordiska begr\u00e4nsningar och utforska ett rike av fantasi och extas. F\u00f6rest\u00e4ll dig en kosmisk resen\u00e4r, utsmyckad med livfulla lila och rosa nyanser, som kommer ner p\u00e5 jorden med ett uppdrag att v\u00e4cka dina djupaste \u00f6nskningar. Denna sl\u00e5ende fusion av kosmisk energi och urkraft utlovar ett transcendent \u00e4ventyr.<\/p>\n<p class=\"text-body font-regular leading-[24px] pt-[9px] pb-[2px]\" dir=\"ltr\">Cosmic Titan Dildo \u00e4r inte bara ett annat n\u00f6jesinstrument - det \u00e4r din gateway till en extraordin\u00e4r upplevelse, bortom gr\u00e4nserna f\u00f6r din fantasi. Varje kurva och kontur resonerar med universums hj\u00e4rtslag och levererar f\u00f6rnimmelser som verkligen \u00e4r andra v\u00e4rldsliga. Varje ber\u00f6ring sl\u00e4pper loss ett fl\u00f6de av kosmisk energi och kopplar dig s\u00f6ml\u00f6st till kosmos mysterier.<\/p>\n<p class=\"text-body font-regular leading-[24px] pt-[9px] pb-[2px]\" dir=\"ltr\"><b><strong class=\"font-bold\">Specifikationer<\/strong><\/b><\/p>\n<ul class=\"pt-[9px] pb-[2px] pl-[24px] list-disc [&amp;_ul]:pt-[5px] pt-[5px]\">\n<li class=\"text-body font-regular leading-[24px] my-[5px] [&amp;&gt;ol]:!pt-0 [&amp;&gt;ol]:!pb-0 [&amp;&gt;ul]:!pt-0 [&amp;&gt;ul]:!pb-0\" value=\"1\">Total l\u00e4ngd: 22,3 cm, ger en tillfredsst\u00e4llande och hisnande upplevelse.<\/li>\n<li class=\"text-body font-regular leading-[24px] my-[5px] [&amp;&gt;ol]:!pt-0 [&amp;&gt;ol]:!pb-0 [&amp;&gt;ul]:!pt-0 [&amp;&gt;ul]:!pb-0\" value=\"2\">Inf\u00f6rsell\u00e4ngd: 18,1 cm, utformad f\u00f6r att n\u00e5 nya djup av tillfredsst\u00e4llelse.<\/li>\n<li class=\"text-body font-regular leading-[24px] my-[5px] [&amp;&gt;ol]:!pt-0 [&amp;&gt;ol]:!pb-0 [&amp;&gt;ul]:!pt-0 [&amp;&gt;ul]:!pb-0\" value=\"3\">Toppdiameter: 4,9 cm, f\u00f6r en gradvis och njutbar introduktion.<\/li>\n<li class=\"text-body font-regular leading-[24px] my-[5px] [&amp;&gt;ol]:!pt-0 [&amp;&gt;ol]:!pb-0 [&amp;&gt;ul]:!pt-0 [&amp;&gt;ul]:!pb-0\" value=\"4\">Centrumdiameter: 5,9 cm, ger en fylligare k\u00e4nsla n\u00e4r du g\u00e5r djupare.<\/li>\n<li class=\"text-body font-regular leading-[24px] my-[5px] [&amp;&gt;ol]:!pt-0 [&amp;&gt;ol]:!pb-0 [&amp;&gt;ul]:!pt-0 [&amp;&gt;ul]:!pb-0\" value=\"5\">Basdiameter: 12,0 cm, ger ett fast grepp under dina kosmiska utforskningar.<\/li>\n<li class=\"text-body font-regular leading-[24px] my-[5px] [&amp;&gt;ol]:!pt-0 [&amp;&gt;ol]:!pb-0 [&amp;&gt;ul]:!pt-0 [&amp;&gt;ul]:!pb-0\" value=\"6\">Vikt: 676 gram, vilket indikerar dess betydande n\u00e4rvaro.<\/li>\n<li class=\"text-body font-regular leading-[24px] my-[5px] [&amp;&gt;ol]:!pt-0 [&amp;&gt;ol]:!pb-0 [&amp;&gt;ul]:!pt-0 [&amp;&gt;ul]:!pb-0\" value=\"7\">F\u00e4rger: En f\u00e4ngslande blandning av lila och rosa nyanser, som p\u00e5minner om frodiga fr\u00e4mmande landskap.<\/li>\n<li class=\"text-body font-regular leading-[24px] my-[5px] [&amp;&gt;ol]:!pt-0 [&amp;&gt;ol]:!pb-0 [&amp;&gt;ul]:!pt-0 [&amp;&gt;ul]:!pb-0\" value=\"8\">Material: Tillverkad av premium platina silikon, erbjuder en silkeslen textur som \u00e4r b\u00e5de h\u00e5llbar och s\u00e4ker f\u00f6r kroppen.<\/li>\n<\/ul>\n<p class=\"text-body font-regular leading-[24px] pt-[9px] pb-[2px]\" dir=\"ltr\">Njut av en ber\u00e4ttelse om kosmisk passion och r\u00e5 kraft, d\u00e4r varje m\u00f6te med Cosmic Titan Dildo blir ett himmelskt uppdrag. Den \u00e4r utformad f\u00f6r att uppfylla b\u00e5de m\u00e4ns och kvinnors djupaste fantasier och inbjuder dem att t\u00e4nja p\u00e5 gr\u00e4nserna f\u00f6r sin fantasi. V\u00e4lkommen till ett universum d\u00e4r fantasi och verklighet sm\u00e4lter samman och njutningen inte k\u00e4nner n\u00e5gra gr\u00e4nser. K\u00e4nn universums omfamning och l\u00e5t dina \u00f6nskningar sv\u00e4va under stj\u00e4rnorna med denna himmelska f\u00f6ljeslagare.<\/p>","protected":false},"excerpt":{"rendered":"<p>Uppt\u00e4ck himmelsk njutning med Cosmic Titan Dildo- d\u00e4r fantasi och verklighet m\u00f6ts f\u00f6r att erbjuda o\u00f6vertr\u00e4ffat \u00e4ventyr och tillfredsst\u00e4llelse.<\/p>","protected":false},"featured_media":19141,"comment_status":"open","ping_status":"closed","template":"","meta":[],"product_brand":[767],"product_cat":[766,787],"product_tag":[],"class_list":{"0":"post-19142","1":"product","2":"type-product","3":"status-publish","4":"has-post-thumbnail","6":"product_brand-giant-space-intruders","7":"product_cat-dildos","8":"product_cat-monster-fantasy-dildos","10":"first","11":"instock","12":"sale","13":"taxable","14":"shipping-taxable","15":"purchasable","16":"product-type-simple"},"_links":{"self":[{"href":"https:\/\/stage.poppersparadise.eu\/sv\/wp-json\/wp\/v2\/product\/19142","targetHints":{"allow":["GET"]}}],"collection":[{"href":"https:\/\/stage.poppersparadise.eu\/sv\/wp-json\/wp\/v2\/product"}],"about":[{"href":"https:\/\/stage.poppersparadise.eu\/sv\/wp-json\/wp\/v2\/types\/product"}],"replies":[{"embeddable":true,"href":"https:\/\/stage.poppersparadise.eu\/sv\/wp-json\/wp\/v2\/comments?post=19142"}],"wp:featuredmedia":[{"embeddable":true,"href":"https:\/\/stage.poppersparadise.eu\/sv\/wp-json\/wp\/v2\/media\/19141"}],"wp:attachment":[{"href":"https:\/\/stage.poppersparadise.eu\/sv\/wp-json\/wp\/v2\/media?parent=19142"}],"wp:term":[{"taxonomy":"product_brand","embeddable":true,"href":"https:\/\/stage.poppersparadise.eu\/sv\/wp-json\/wp\/v2\/product_brand?post=19142"},{"taxonomy":"product_cat","embeddable":true,"href":"https:\/\/stage.poppersparadise.eu\/sv\/wp-json\/wp\/v2\/product_cat?post=19142"},{"taxonomy":"product_tag","embeddable":true,"href":"https:\/\/stage.poppersparadise.eu\/sv\/wp-json\/wp\/v2\/product_tag?post=19142"}],"curies":[{"name":"wp","href":"https:\/\/api.w.org\/{rel}","templated":true}]}}