{"id":19186,"date":"2025-06-27T17:39:43","date_gmt":"2025-06-27T15:39:43","guid":{"rendered":"https:\/\/stage.poppersparadise.eu\/product\/saturnian-stallion-dildo-l\/"},"modified":"2025-09-23T11:25:14","modified_gmt":"2025-09-23T09:25:14","slug":"saturnian-stallion-dildo-l","status":"publish","type":"product","link":"https:\/\/stage.poppersparadise.eu\/sv\/product\/saturnian-stallion-dildo-l\/","title":{"rendered":"Saturnian Stallion Dildo - L"},"content":{"rendered":"<h2 class=\"font-bold text-h3 leading-[40px] pt-[21px] pb-[2px] [&amp;_a]:underline-offset-[6px] [&amp;_.underline]:underline-offset-[6px]\" dir=\"ltr\">Akta dig f\u00f6r den saturniska hingsten Dildo<\/h2>\n<p class=\"text-body font-regular leading-[24px] pt-[9px] pb-[2px]\" dir=\"ltr\">Sl\u00e4pp loss utomv\u00e4rldslig njutning med Saturnian Stallion Dildo, ett handgjort m\u00e4sterverk fr\u00e5n rymdens djup. Enligt legenden d\u00f6k Saturnian Stallion, en mystisk varelse med ett livligt uppdrag att befolka universum, f\u00f6rst upp p\u00e5 jorden. Med sin kosmiska attraktion och o\u00f6vertr\u00e4ffade design \u00e4r denna dildo redo att v\u00e4cka dina mest gl\u00f6dande fantasier till liv.<\/p>\n<p class=\"text-body font-regular leading-[24px] pt-[9px] pb-[2px]\" dir=\"ltr\">Oavsett om du utforskar solo, vill krydda ditt f\u00f6rh\u00e5llande eller utforska dina djupaste \u00f6nskningar om utomjordiska m\u00f6ten, garanterar Saturnian Stallion Dildo en transcendent upplevelse f\u00f6r alla \u00e4ventyrliga par, soloutforskare och fantasi\u00e4lskare.<\/p>\n<h3 class=\"font-bold text-h4 leading-[30px] pt-[15px] pb-[2px] [&amp;_a]:underline-offset-[6px] [&amp;_.underline]:underline-offset-[6px]\" dir=\"ltr\">Varf\u00f6r v\u00e4lja Saturnian Stallion Dildo?<\/h3>\n<p class=\"text-body font-regular leading-[24px] pt-[9px] pb-[2px]\" dir=\"ltr\">Inspirerad av den f\u00f6rf\u00f6riska sk\u00f6nheten i intergalaktiska skapelser, \u00e4r denna premium dildo noggrant tillverkad av den finaste platina-grade silikon. Dess mjuka, sammetslena yta ger en o\u00f6vertr\u00e4ffad realistisk k\u00e4nsla. Den skimrande blandningen av brunt, gr\u00e5tt och guld \u00e5terspeglar den kosmiska lockelsen hos Saturnus ringar, vilket g\u00f6r den inte bara till en leksak utan ocks\u00e5 till ett konstn\u00e4rligt tillskott till din samling.<\/p>\n<h3 class=\"font-bold text-h4 leading-[30px] pt-[15px] pb-[2px] [&amp;_a]:underline-offset-[6px] [&amp;_.underline]:underline-offset-[6px]\" dir=\"ltr\">Produktspecifikationer<\/h3>\n<ul class=\"pt-[9px] pb-[2px] pl-[24px] list-disc [&amp;_ul]:pt-[5px] pt-[5px]\">\n<li class=\"text-body font-regular leading-[24px] my-[5px] [&amp;&gt;ol]:!pt-0 [&amp;&gt;ol]:!pb-0 [&amp;&gt;ul]:!pt-0 [&amp;&gt;ul]:!pb-0\" value=\"1\"><b><strong class=\"font-bold\">Total l\u00e4ngd:<\/strong><\/b> 29,5 cm<\/li>\n<li class=\"text-body font-regular leading-[24px] my-[5px] [&amp;&gt;ol]:!pt-0 [&amp;&gt;ol]:!pb-0 [&amp;&gt;ul]:!pt-0 [&amp;&gt;ul]:!pb-0\" value=\"2\"><b><strong class=\"font-bold\">Insticksl\u00e4ngd:<\/strong><\/b> 22,5 cm<\/li>\n<li class=\"text-body font-regular leading-[24px] my-[5px] [&amp;&gt;ol]:!pt-0 [&amp;&gt;ol]:!pb-0 [&amp;&gt;ul]:!pt-0 [&amp;&gt;ul]:!pb-0\" value=\"3\"><b><strong class=\"font-bold\">Spetsens diameter:<\/strong><\/b> 5,5 cm<\/li>\n<li class=\"text-body font-regular leading-[24px] my-[5px] [&amp;&gt;ol]:!pt-0 [&amp;&gt;ol]:!pb-0 [&amp;&gt;ul]:!pt-0 [&amp;&gt;ul]:!pb-0\" value=\"4\"><b><strong class=\"font-bold\">Mittsektionens diameter:<\/strong><\/b> 8,7 cm<\/li>\n<li class=\"text-body font-regular leading-[24px] my-[5px] [&amp;&gt;ol]:!pt-0 [&amp;&gt;ol]:!pb-0 [&amp;&gt;ul]:!pt-0 [&amp;&gt;ul]:!pb-0\" value=\"5\"><b><strong class=\"font-bold\">Basdiameter:<\/strong><\/b> 11,8 cm<\/li>\n<li class=\"text-body font-regular leading-[24px] my-[5px] [&amp;&gt;ol]:!pt-0 [&amp;&gt;ol]:!pb-0 [&amp;&gt;ul]:!pt-0 [&amp;&gt;ul]:!pb-0\" value=\"6\"><b><strong class=\"font-bold\">Vikt:<\/strong><\/b> 1307 gram<\/li>\n<li class=\"text-body font-regular leading-[24px] my-[5px] [&amp;&gt;ol]:!pt-0 [&amp;&gt;ol]:!pb-0 [&amp;&gt;ul]:!pt-0 [&amp;&gt;ul]:!pb-0\" value=\"7\"><b><strong class=\"font-bold\">F\u00e4rger:<\/strong><\/b> En vacker blandning av brunt, gr\u00e5tt och guld<\/li>\n<li class=\"text-body font-regular leading-[24px] my-[5px] [&amp;&gt;ol]:!pt-0 [&amp;&gt;ol]:!pb-0 [&amp;&gt;ul]:!pt-0 [&amp;&gt;ul]:!pb-0\" value=\"8\"><b><strong class=\"font-bold\">Material:<\/strong><\/b> Premium platinaklassad silikon<\/li>\n<\/ul>\n<h3 class=\"font-bold text-h4 leading-[30px] pt-[15px] pb-[2px] [&amp;_a]:underline-offset-[6px] [&amp;_.underline]:underline-offset-[6px]\" dir=\"ltr\">Unika funktioner<\/h3>\n<ul class=\"pt-[9px] pb-[2px] pl-[24px] list-disc [&amp;_ul]:pt-[5px] pt-[5px]\">\n<li class=\"text-body font-regular leading-[24px] my-[5px] [&amp;&gt;ol]:!pt-0 [&amp;&gt;ol]:!pb-0 [&amp;&gt;ul]:!pt-0 [&amp;&gt;ul]:!pb-0\" value=\"1\"><b><strong class=\"font-bold\">Exceptionell kvalitet:<\/strong><\/b> Tillverkad av platinasilikon f\u00f6r h\u00e5llbarhet och en hyperrealistisk k\u00e4nsla p\u00e5 huden.<\/li>\n<li class=\"text-body font-regular leading-[24px] my-[5px] [&amp;&gt;ol]:!pt-0 [&amp;&gt;ol]:!pb-0 [&amp;&gt;ul]:!pt-0 [&amp;&gt;ul]:!pb-0\" value=\"2\"><b><strong class=\"font-bold\">Levande design:<\/strong><\/b> Varje f\u00e4rgvirvel ber\u00e4ttar en kosmisk historia och kombinerar p\u00e5 ett enkelt s\u00e4tt estetik och lust.<\/li>\n<li class=\"text-body font-regular leading-[24px] my-[5px] [&amp;&gt;ol]:!pt-0 [&amp;&gt;ol]:!pb-0 [&amp;&gt;ul]:!pt-0 [&amp;&gt;ul]:!pb-0\" value=\"3\"><b><strong class=\"font-bold\">M\u00e5ngsidig magi:<\/strong><\/b> Den \u00e4r perfekt f\u00f6r b\u00e5de vaginal och anal utforskning och tar varje intim stund till n\u00e4sta niv\u00e5.<\/li>\n<\/ul>\n<h3 class=\"font-bold text-h4 leading-[30px] pt-[15px] pb-[2px] [&amp;_a]:underline-offset-[6px] [&amp;_.underline]:underline-offset-[6px]\" dir=\"ltr\">\u00d6verl\u00e4mna dig till ber\u00e4ttelsen<\/h3>\n<p class=\"text-body font-regular leading-[24px] pt-[9px] pb-[2px]\" dir=\"ltr\">Saturnushingsten f\u00e4rdades en g\u00e5ng i tiden mellan stj\u00e4rnorna, driven av en urkraft att sprida sitt arv i universum. Nu f\u00f6rgyller den v\u00e5r planet med sin himmelska karisma. Dess uppdrag? Att f\u00e5nga m\u00e4ns och kvinnors hj\u00e4rtan, kroppar och fantasier. Framkalla den m\u00e4ktiga energin fr\u00e5n detta mytiska djur och f\u00f6rvandla dina fantasier till galaktiska \u00e4ventyr.<\/p>\n<p class=\"text-body font-regular leading-[24px] pt-[9px] pb-[2px]\" dir=\"ltr\">Ta ett dj\u00e4rvt steg in i en ny v\u00e4rld av njutning, d\u00e4r varje k\u00e4nsla \u00e4r inst\u00e4lld f\u00f6r maximal njutning. Oavsett om du str\u00e4var efter delade stunder med en partner eller utforskar dina egna ok\u00e4nda territorier, \u00e4r Saturnian Stallion h\u00e4r f\u00f6r att ansluta dig till ren tillfredsst\u00e4llelse.<\/p>\n<p class=\"text-body font-regular leading-[24px] pt-[9px] pb-[2px]\" dir=\"ltr\">G\u00f6r dig redo att utforska njutningens universum.<\/p>","protected":false},"excerpt":{"rendered":"<p>F\u00f6rdjupa dig i ett universum av njutning med Saturnian Stallion Dildo-tillverkad av premium platina silikon, kosmisk design och redo f\u00f6r dina fantasier.<\/p>","protected":false},"featured_media":19185,"comment_status":"open","ping_status":"closed","template":"","meta":[],"product_brand":[767],"product_cat":[766,787],"product_tag":[],"class_list":{"0":"post-19186","1":"product","2":"type-product","3":"status-publish","4":"has-post-thumbnail","6":"product_brand-giant-space-intruders","7":"product_cat-dildos","8":"product_cat-monster-fantasy-dildos","10":"first","11":"instock","12":"sale","13":"taxable","14":"shipping-taxable","15":"purchasable","16":"product-type-simple"},"_links":{"self":[{"href":"https:\/\/stage.poppersparadise.eu\/sv\/wp-json\/wp\/v2\/product\/19186","targetHints":{"allow":["GET"]}}],"collection":[{"href":"https:\/\/stage.poppersparadise.eu\/sv\/wp-json\/wp\/v2\/product"}],"about":[{"href":"https:\/\/stage.poppersparadise.eu\/sv\/wp-json\/wp\/v2\/types\/product"}],"replies":[{"embeddable":true,"href":"https:\/\/stage.poppersparadise.eu\/sv\/wp-json\/wp\/v2\/comments?post=19186"}],"wp:featuredmedia":[{"embeddable":true,"href":"https:\/\/stage.poppersparadise.eu\/sv\/wp-json\/wp\/v2\/media\/19185"}],"wp:attachment":[{"href":"https:\/\/stage.poppersparadise.eu\/sv\/wp-json\/wp\/v2\/media?parent=19186"}],"wp:term":[{"taxonomy":"product_brand","embeddable":true,"href":"https:\/\/stage.poppersparadise.eu\/sv\/wp-json\/wp\/v2\/product_brand?post=19186"},{"taxonomy":"product_cat","embeddable":true,"href":"https:\/\/stage.poppersparadise.eu\/sv\/wp-json\/wp\/v2\/product_cat?post=19186"},{"taxonomy":"product_tag","embeddable":true,"href":"https:\/\/stage.poppersparadise.eu\/sv\/wp-json\/wp\/v2\/product_tag?post=19186"}],"curies":[{"name":"wp","href":"https:\/\/api.w.org\/{rel}","templated":true}]}}