{"id":19219,"date":"2025-06-27T17:41:54","date_gmt":"2025-06-27T15:41:54","guid":{"rendered":"https:\/\/stage.poppersparadise.eu\/product\/meteor-mustang-dildo-l\/"},"modified":"2025-09-23T11:25:15","modified_gmt":"2025-09-23T09:25:15","slug":"meteor-mustang-dildo-l","status":"publish","type":"product","link":"https:\/\/stage.poppersparadise.eu\/sv\/product\/meteor-mustang-dildo-l\/","title":{"rendered":"Meteor Mustang Dildo - L"},"content":{"rendered":"<h2 class=\"font-bold text-h3 leading-[40px] pt-[21px] pb-[2px] [&amp;_a]:underline-offset-[6px] [&amp;_.underline]:underline-offset-[6px]\" dir=\"ltr\">Ridning av Meteor Mustang Dildo<\/h2>\n<p class=\"text-body font-regular leading-[24px] pt-[9px] pb-[2px]\" dir=\"ltr\">Enligt legenden \u00e4r Meteor Mustang ingen vanlig skapelse - den har sina r\u00f6tter i ber\u00e4ttelser om en utomjordisk hingst som bes\u00f6kte jorden med ett enda uppdrag. Denna mystiska varelse ville s\u00e4kerst\u00e4lla att dess art skulle frodas genom att er\u00f6vra \u00f6nskningarna och fantasierna hos alla som den m\u00f6tte. Nu ger vi denna fr\u00e4mmande upplevelse direkt till dig, noggrant utformad f\u00f6r att replikera de mytiska k\u00e4nslorna som denna hingst sades \u00e5stadkomma.<\/p>\n<p class=\"text-body font-regular leading-[24px] pt-[9px] pb-[2px]\" dir=\"ltr\">Oavsett om du \u00e4r ute efter solo\u00e4ventyr eller vill utforska fantasier med en partner, tar Meteor Mustang din njutning till en galaktisk niv\u00e5.<\/p>\n<h3 class=\"font-bold text-h4 leading-[30px] pt-[15px] pb-[2px] [&amp;_a]:underline-offset-[6px] [&amp;_.underline]:underline-offset-[6px]\" dir=\"ltr\">Produktspecifikationer<\/h3>\n<ul class=\"pt-[9px] pb-[2px] pl-[24px] list-disc [&amp;_ul]:pt-[5px] pt-[5px]\">\n<li class=\"text-body font-regular leading-[24px] my-[5px] [&amp;&gt;ol]:!pt-0 [&amp;&gt;ol]:!pb-0 [&amp;&gt;ul]:!pt-0 [&amp;&gt;ul]:!pb-0\" value=\"1\"><b><strong class=\"font-bold\">Total l\u00e4ngd:<\/strong><\/b> 31,4 cm<\/li>\n<li class=\"text-body font-regular leading-[24px] my-[5px] [&amp;&gt;ol]:!pt-0 [&amp;&gt;ol]:!pb-0 [&amp;&gt;ul]:!pt-0 [&amp;&gt;ul]:!pb-0\" value=\"2\"><b><strong class=\"font-bold\">Insticksl\u00e4ngd:<\/strong><\/b> 27,4 cm<\/li>\n<li class=\"text-body font-regular leading-[24px] my-[5px] [&amp;&gt;ol]:!pt-0 [&amp;&gt;ol]:!pb-0 [&amp;&gt;ul]:!pt-0 [&amp;&gt;ul]:!pb-0\" value=\"3\"><b><strong class=\"font-bold\">Toppdiameter:<\/strong><\/b> 5,9 cm<\/li>\n<li class=\"text-body font-regular leading-[24px] my-[5px] [&amp;&gt;ol]:!pt-0 [&amp;&gt;ol]:!pb-0 [&amp;&gt;ul]:!pt-0 [&amp;&gt;ul]:!pb-0\" value=\"4\"><b><strong class=\"font-bold\">Centrumdiameter:<\/strong><\/b> 6,0 cm<\/li>\n<li class=\"text-body font-regular leading-[24px] my-[5px] [&amp;&gt;ol]:!pt-0 [&amp;&gt;ol]:!pb-0 [&amp;&gt;ul]:!pt-0 [&amp;&gt;ul]:!pb-0\" value=\"5\"><b><strong class=\"font-bold\">Basdiameter:<\/strong><\/b> 13,8 cm<\/li>\n<li class=\"text-body font-regular leading-[24px] my-[5px] [&amp;&gt;ol]:!pt-0 [&amp;&gt;ol]:!pb-0 [&amp;&gt;ul]:!pt-0 [&amp;&gt;ul]:!pb-0\" value=\"6\"><b><strong class=\"font-bold\">Vikt:<\/strong><\/b> 1095 gram<\/li>\n<li class=\"text-body font-regular leading-[24px] my-[5px] [&amp;&gt;ol]:!pt-0 [&amp;&gt;ol]:!pb-0 [&amp;&gt;ul]:!pt-0 [&amp;&gt;ul]:!pb-0\" value=\"7\"><b><strong class=\"font-bold\">F\u00e4rger:<\/strong><\/b> En f\u00e4ngslande blandning av svart, m\u00f6rkr\u00f6tt och djupt brunt<\/li>\n<li class=\"text-body font-regular leading-[24px] my-[5px] [&amp;&gt;ol]:!pt-0 [&amp;&gt;ol]:!pb-0 [&amp;&gt;ul]:!pt-0 [&amp;&gt;ul]:!pb-0\" value=\"8\"><b><strong class=\"font-bold\">Material:<\/strong><\/b> H\u00f6gkvalitativ platinasilikon<\/li>\n<\/ul>\n<h3 class=\"font-bold text-h4 leading-[30px] pt-[15px] pb-[2px] [&amp;_a]:underline-offset-[6px] [&amp;_.underline]:underline-offset-[6px]\" dir=\"ltr\">Vad som g\u00f6r den speciell<\/h3>\n<ul class=\"pt-[9px] pb-[2px] pl-[24px] list-disc [&amp;_ul]:pt-[5px] pt-[5px]\">\n<li class=\"text-body font-regular leading-[24px] my-[5px] [&amp;&gt;ol]:!pt-0 [&amp;&gt;ol]:!pb-0 [&amp;&gt;ul]:!pt-0 [&amp;&gt;ul]:!pb-0\" value=\"1\"><b><strong class=\"font-bold\">Premiumk\u00e4nsla:<\/strong><\/b> Tillverkad av den finaste platinasilikonen f\u00f6r en o\u00f6vertr\u00e4ffad verklighetstrogen textur.<\/li>\n<li class=\"text-body font-regular leading-[24px] my-[5px] [&amp;&gt;ol]:!pt-0 [&amp;&gt;ol]:!pb-0 [&amp;&gt;ul]:!pt-0 [&amp;&gt;ul]:!pb-0\" value=\"2\"><b><strong class=\"font-bold\">Levande design:<\/strong><\/b> Den hypnotiska blandningen av rika f\u00e4rger f\u00f6rst\u00e4rker den visuella attraktionen.<\/li>\n<li class=\"text-body font-regular leading-[24px] my-[5px] [&amp;&gt;ol]:!pt-0 [&amp;&gt;ol]:!pb-0 [&amp;&gt;ul]:!pt-0 [&amp;&gt;ul]:!pb-0\" value=\"3\"><b><strong class=\"font-bold\">M\u00e5ngsidig anv\u00e4ndning:<\/strong><\/b> Perfekt f\u00f6r vaginal och anal stimulering, l\u00e4mplig f\u00f6r alla \u00e4ventyrliga uppt\u00e4cktsresande.<\/li>\n<\/ul>\n<h3 class=\"font-bold text-h4 leading-[30px] pt-[15px] pb-[2px] [&amp;_a]:underline-offset-[6px] [&amp;_.underline]:underline-offset-[6px]\" dir=\"ltr\">Upplev unika m\u00f6jligheter<\/h3>\n<p class=\"text-body font-regular leading-[24px] pt-[9px] pb-[2px]\" dir=\"ltr\">Meteor Mustang \u00e4r designad f\u00f6r sp\u00e4nningss\u00f6kare, fantasi\u00e4lskare och v\u00e5gade par och g\u00e5r ut\u00f6ver det vanliga. Det \u00f6verl\u00e4gsna hantverket ger en realistisk k\u00e4nsla, medan den unika designen tillgodoser varje nyfikenhet. Den solida konstruktionen garanterar h\u00e5llbarhet f\u00f6r otaliga \u00e4ventyr av n\u00f6je och uppfyller dina \u00f6nskningar och fantasier varje g\u00e5ng - precis som den utomjordiska hingsten f\u00f6rest\u00e4llde sig.<\/p>\n<p class=\"text-body font-regular leading-[24px] pt-[9px] pb-[2px]\" dir=\"ltr\">Ta tyglarna, utforska det ok\u00e4nda och g\u00f6r Meteor Mustang till din ultimata f\u00f6ljeslagare f\u00f6r of\u00f6rgl\u00f6mliga upplevelser.<\/p>","protected":false},"excerpt":{"rendered":"<p>Sl\u00e4pp loss fantasin med Meteor Mustang Dildo! Designad f\u00f6r \u00e4ventyrliga uppt\u00e4cktsresande, med premiumsilikon och en f\u00e4ngslande kosmisk design.<\/p>","protected":false},"featured_media":19218,"comment_status":"open","ping_status":"closed","template":"","meta":[],"product_brand":[767],"product_cat":[766,787],"product_tag":[],"class_list":{"0":"post-19219","1":"product","2":"type-product","3":"status-publish","4":"has-post-thumbnail","6":"product_brand-giant-space-intruders","7":"product_cat-dildos","8":"product_cat-monster-fantasy-dildos","10":"first","11":"instock","12":"sale","13":"taxable","14":"shipping-taxable","15":"purchasable","16":"product-type-simple"},"_links":{"self":[{"href":"https:\/\/stage.poppersparadise.eu\/sv\/wp-json\/wp\/v2\/product\/19219","targetHints":{"allow":["GET"]}}],"collection":[{"href":"https:\/\/stage.poppersparadise.eu\/sv\/wp-json\/wp\/v2\/product"}],"about":[{"href":"https:\/\/stage.poppersparadise.eu\/sv\/wp-json\/wp\/v2\/types\/product"}],"replies":[{"embeddable":true,"href":"https:\/\/stage.poppersparadise.eu\/sv\/wp-json\/wp\/v2\/comments?post=19219"}],"wp:featuredmedia":[{"embeddable":true,"href":"https:\/\/stage.poppersparadise.eu\/sv\/wp-json\/wp\/v2\/media\/19218"}],"wp:attachment":[{"href":"https:\/\/stage.poppersparadise.eu\/sv\/wp-json\/wp\/v2\/media?parent=19219"}],"wp:term":[{"taxonomy":"product_brand","embeddable":true,"href":"https:\/\/stage.poppersparadise.eu\/sv\/wp-json\/wp\/v2\/product_brand?post=19219"},{"taxonomy":"product_cat","embeddable":true,"href":"https:\/\/stage.poppersparadise.eu\/sv\/wp-json\/wp\/v2\/product_cat?post=19219"},{"taxonomy":"product_tag","embeddable":true,"href":"https:\/\/stage.poppersparadise.eu\/sv\/wp-json\/wp\/v2\/product_tag?post=19219"}],"curies":[{"name":"wp","href":"https:\/\/api.w.org\/{rel}","templated":true}]}}