{"id":19423,"date":"2025-07-03T08:25:38","date_gmt":"2025-07-03T06:25:38","guid":{"rendered":"https:\/\/stage.poppersparadise.eu\/product\/just-glide-anaal-glijmiddel-200-ml\/"},"modified":"2025-10-07T10:19:23","modified_gmt":"2025-10-07T08:19:23","slug":"just-glide-analglidmedel-200-ml","status":"publish","type":"product","link":"https:\/\/stage.poppersparadise.eu\/sv\/product\/just-glide-analglidmedel-200-ml\/","title":{"rendered":"Just Glide Anaal Glijmiddel 200 ml"},"content":{"rendered":"<h2 class=\"font-bold text-h3 leading-[36px] pt-[21px] pb-[2px] [&amp;_a]:underline-offset-[6px] [&amp;_.underline]:underline-offset-[6px]\" dir=\"ltr\">Just Glide vattenbaserade anala sm\u00f6rjmedel<\/h2>\n<p class=\"text-body font-regular leading-[24px] pt-[9px] pb-[2px]\" dir=\"ltr\">Upplev ett mildare och mer njutbart intimt m\u00f6te med Just Glide, ett h\u00f6gkvalitativt, 100% veganskt, vattenbaserat analsm\u00f6rjmedel. Utvecklat f\u00f6r att g\u00f6ra penetrationen enklare och mer behaglig, \u00e4r detta sm\u00f6rjmedel tillverkat med en unik kombination av sju mjukg\u00f6rande \u00f6rter.<\/p>\n<h3 class=\"font-bold text-h4 leading-[30px] pt-[15px] pb-[2px] [&amp;_a]:underline-offset-[6px] [&amp;_.underline]:underline-offset-[6px]\" dir=\"ltr\">Viktiga egenskaper:<\/h3>\n<ul class=\"pt-[9px] pb-[2px] pl-[24px] list-disc [&amp;_ul]:pt-[5px] pt-[5px]\">\n<li class=\"text-body font-regular leading-[24px] my-[5px] [&amp;&gt;ol]:!pt-0 [&amp;&gt;ol]:!pb-0 [&amp;&gt;ul]:!pt-0 [&amp;&gt;ul]:!pb-0\" value=\"1\"><b><strong class=\"font-bold\">Oljefri<\/strong><\/b>: Inga oljiga rester.<\/li>\n<li class=\"text-body font-regular leading-[24px] my-[5px] [&amp;&gt;ol]:!pt-0 [&amp;&gt;ol]:!pb-0 [&amp;&gt;ul]:!pt-0 [&amp;&gt;ul]:!pb-0\" value=\"2\"><b><strong class=\"font-bold\">7-kryddor komplex<\/strong><\/b>: Fr\u00e4mjar avslappning och komfort.<\/li>\n<li class=\"text-body font-regular leading-[24px] my-[5px] [&amp;&gt;ol]:!pt-0 [&amp;&gt;ol]:!pb-0 [&amp;&gt;ul]:!pt-0 [&amp;&gt;ul]:!pb-0\" value=\"3\"><b><strong class=\"font-bold\">Luktfri och smakl\u00f6s<\/strong><\/b>: Perfekt f\u00f6r k\u00e4nsliga personer.<\/li>\n<li class=\"text-body font-regular leading-[24px] my-[5px] [&amp;&gt;ol]:!pt-0 [&amp;&gt;ol]:!pb-0 [&amp;&gt;ul]:!pt-0 [&amp;&gt;ul]:!pb-0\" value=\"4\"><b><strong class=\"font-bold\">Hudv\u00e4nlig<\/strong><\/b>: L\u00e4mplig f\u00f6r k\u00e4nsliga hudtyper.<\/li>\n<li class=\"text-body font-regular leading-[24px] my-[5px] [&amp;&gt;ol]:!pt-0 [&amp;&gt;ol]:!pb-0 [&amp;&gt;ul]:!pt-0 [&amp;&gt;ul]:!pb-0\" value=\"5\"><b><strong class=\"font-bold\">S\u00e4ker f\u00f6r latexkondomer<\/strong><\/b>: Kompatibel med latexkondomer f\u00f6r extra skydd.<\/li>\n<li class=\"text-body font-regular leading-[24px] my-[5px] [&amp;&gt;ol]:!pt-0 [&amp;&gt;ol]:!pb-0 [&amp;&gt;ul]:!pt-0 [&amp;&gt;ul]:!pb-0\" value=\"6\"><b><strong class=\"font-bold\">L\u00e5ngvarigt glid<\/strong><\/b>: H\u00e5ller glidningen l\u00e4ngre.<\/li>\n<\/ul>\n<h3 class=\"font-bold text-h4 leading-[30px] pt-[15px] pb-[2px] [&amp;_a]:underline-offset-[6px] [&amp;_.underline]:underline-offset-[6px]\" dir=\"ltr\">Produktinformation:<\/h3>\n<ul class=\"pt-[9px] pb-[2px] pl-[24px] list-disc [&amp;_ul]:pt-[5px] pt-[5px]\">\n<li class=\"text-body font-regular leading-[24px] my-[5px] [&amp;&gt;ol]:!pt-0 [&amp;&gt;ol]:!pb-0 [&amp;&gt;ul]:!pt-0 [&amp;&gt;ul]:!pb-0\" value=\"1\"><b><strong class=\"font-bold\">F\u00e4rg<\/strong><\/b>: Transparent<\/li>\n<li class=\"text-body font-regular leading-[24px] my-[5px] [&amp;&gt;ol]:!pt-0 [&amp;&gt;ol]:!pb-0 [&amp;&gt;ul]:!pt-0 [&amp;&gt;ul]:!pb-0\" value=\"2\"><b><strong class=\"font-bold\">Volym<\/strong><\/b>: 200 mL<\/li>\n<\/ul>\n<p class=\"text-body font-regular leading-[24px] pt-[9px] pb-[2px]\" dir=\"ltr\">Just Glide \u00e4r idealisk f\u00f6r vuxna som uppskattar intim njutning och komfort. Den \u00e4r ocks\u00e5 perfekt f\u00f6r anv\u00e4ndning vid oralsex, tack vare sin neutrala smak och lukt. Dess milda formel g\u00f6r den l\u00e4mplig \u00e4ven f\u00f6r den mest k\u00e4nsliga huden.<\/p>\n<h3 class=\"font-bold text-h4 leading-[30px] pt-[15px] pb-[2px] [&amp;_a]:underline-offset-[6px] [&amp;_.underline]:underline-offset-[6px]\" dir=\"ltr\">Ingredienslista:<\/h3>\n<p class=\"text-body font-regular leading-[24px] pt-[9px] pb-[2px]\" dir=\"ltr\">Aqua, Alcohol denat, Sorbitol, Hydroxyethylcellulose, Sodium Benzoate, Panthenol, Sodium Lactate, Glycerin, Citric Acid, Citrus Aurantium Dulcis (Orange) Fruit Extract, Myristica Fragrans (Muscatel Nut) Seed Extract, Cymbopogon Citratus Extract, Origanum Citrus Paradisi (Grapefruit) Fruit Extract, Rosmarinus Officinalis (Rosemary) Leaf Extract.<\/p>\n<p class=\"text-body font-regular leading-[24px] pt-[9px] pb-[2px]\" dir=\"ltr\">Uppt\u00e4ck den ultimata intima komforten med Just Glide - ditt sm\u00f6rjmedel f\u00f6r en njutbar, enkel upplevelse.<\/p>\n\n\n<p><\/p>","protected":false},"excerpt":{"rendered":"<p>Upplev ett mildare och mer njutbart intimt m\u00f6te med Just Glide, ett h\u00f6gkvalitativt, 100% veganskt, vattenbaserat analsm\u00f6rjmedel. Utvecklat f\u00f6r att g\u00f6ra penetrationen enklare och mer behaglig, \u00e4r detta sm\u00f6rjmedel tillverkat med en unik kombination av sju mjukg\u00f6rande \u00f6rter.<\/p>","protected":false},"featured_media":19400,"comment_status":"open","ping_status":"closed","template":"","meta":[],"product_brand":[770],"product_cat":[479,671],"product_tag":[],"class_list":{"0":"post-19423","1":"product","2":"type-product","3":"status-publish","4":"has-post-thumbnail","6":"product_brand-orion","7":"product_cat-drogist","8":"product_cat-glijmiddelen","10":"first","11":"outofstock","12":"sale","13":"taxable","14":"shipping-taxable","15":"purchasable","16":"product-type-simple"},"_links":{"self":[{"href":"https:\/\/stage.poppersparadise.eu\/sv\/wp-json\/wp\/v2\/product\/19423","targetHints":{"allow":["GET"]}}],"collection":[{"href":"https:\/\/stage.poppersparadise.eu\/sv\/wp-json\/wp\/v2\/product"}],"about":[{"href":"https:\/\/stage.poppersparadise.eu\/sv\/wp-json\/wp\/v2\/types\/product"}],"replies":[{"embeddable":true,"href":"https:\/\/stage.poppersparadise.eu\/sv\/wp-json\/wp\/v2\/comments?post=19423"}],"wp:featuredmedia":[{"embeddable":true,"href":"https:\/\/stage.poppersparadise.eu\/sv\/wp-json\/wp\/v2\/media\/19400"}],"wp:attachment":[{"href":"https:\/\/stage.poppersparadise.eu\/sv\/wp-json\/wp\/v2\/media?parent=19423"}],"wp:term":[{"taxonomy":"product_brand","embeddable":true,"href":"https:\/\/stage.poppersparadise.eu\/sv\/wp-json\/wp\/v2\/product_brand?post=19423"},{"taxonomy":"product_cat","embeddable":true,"href":"https:\/\/stage.poppersparadise.eu\/sv\/wp-json\/wp\/v2\/product_cat?post=19423"},{"taxonomy":"product_tag","embeddable":true,"href":"https:\/\/stage.poppersparadise.eu\/sv\/wp-json\/wp\/v2\/product_tag?post=19423"}],"curies":[{"name":"wp","href":"https:\/\/api.w.org\/{rel}","templated":true}]}}