{"id":19430,"date":"2025-07-03T08:25:45","date_gmt":"2025-07-03T06:25:45","guid":{"rendered":"https:\/\/stage.poppersparadise.eu\/product\/just-glide-premium-anaal-glijmiddel-200-ml\/"},"modified":"2025-09-16T17:41:15","modified_gmt":"2025-09-16T15:41:15","slug":"just-glide-premium-analglidmedel-200-ml","status":"publish","type":"product","link":"https:\/\/stage.poppersparadise.eu\/sv\/product\/just-glide-premium-analglidmedel-200-ml\/","title":{"rendered":"Just Glide Premium Anaal Glijmiddel 200 ml"},"content":{"rendered":"<h2 class=\"font-bold text-h3 leading-[36px] pt-[21px] pb-[2px] [&amp;_a]:underline-offset-[6px] [&amp;_.underline]:underline-offset-[6px]\" dir=\"ltr\">Njut av milj\u00f6medvetet skoj med veganska Just Glide Premium Anal<\/h2>\n<p class=\"text-body font-regular leading-[24px] pt-[9px] pb-[2px]\" dir=\"ltr\">F\u00f6rb\u00e4ttra dina intima stunder med Just Glide Premium Anal, speciellt utformad f\u00f6r anal njutning. Detta milj\u00f6medvetna val \u00e4r 100% vegan och tillverkat av f\u00f6rnybara resurser, vilket garanterar en njutbar upplevelse samtidigt som du tar hand om planeten.<\/p>\n<h3 class=\"font-bold text-h4 leading-[30px] pt-[15px] pb-[2px] [&amp;_a]:underline-offset-[6px] [&amp;_.underline]:underline-offset-[6px]\" dir=\"ltr\">Viktiga funktioner<\/h3>\n<ul class=\"pt-[9px] pb-[2px] pl-[24px] list-disc [&amp;_ul]:pt-[5px] pt-[5px]\">\n<li class=\"text-body font-regular leading-[24px] my-[5px] [&amp;&gt;ol]:!pt-0 [&amp;&gt;ol]:!pb-0 [&amp;&gt;ul]:!pt-0 [&amp;&gt;ul]:!pb-0\" value=\"1\"><b><strong class=\"font-bold\">Ett milj\u00f6medvetet val:<\/strong><\/b> Tillverkad med f\u00f6rnybara resurser och milj\u00f6v\u00e4nliga f\u00f6rpackningar.<\/li>\n<li class=\"text-body font-regular leading-[24px] my-[5px] [&amp;&gt;ol]:!pt-0 [&amp;&gt;ol]:!pb-0 [&amp;&gt;ul]:!pt-0 [&amp;&gt;ul]:!pb-0\" value=\"2\"><b><strong class=\"font-bold\">Optimerad f\u00f6r anal njutning:<\/strong><\/b> pH-balanserad f\u00f6r s\u00e4kerhet och komfort.<\/li>\n<li class=\"text-body font-regular leading-[24px] my-[5px] [&amp;&gt;ol]:!pt-0 [&amp;&gt;ol]:!pb-0 [&amp;&gt;ul]:!pt-0 [&amp;&gt;ul]:!pb-0\" value=\"3\"><b><strong class=\"font-bold\">Vegansk och djurfri:<\/strong><\/b> L\u00e4mplig f\u00f6r en bred publik, fri fr\u00e5n djurf\u00f6rs\u00f6k.<\/li>\n<li class=\"text-body font-regular leading-[24px] my-[5px] [&amp;&gt;ol]:!pt-0 [&amp;&gt;ol]:!pb-0 [&amp;&gt;ul]:!pt-0 [&amp;&gt;ul]:!pb-0\" value=\"4\"><b><strong class=\"font-bold\">\u00c5terfuktande och lugnande:<\/strong><\/b> Inneh\u00e5ller aloe vera, allantoin och panthenol f\u00f6r mjuk hud.<\/li>\n<li class=\"text-body font-regular leading-[24px] my-[5px] [&amp;&gt;ol]:!pt-0 [&amp;&gt;ol]:!pb-0 [&amp;&gt;ul]:!pt-0 [&amp;&gt;ul]:!pb-0\" value=\"5\"><b><strong class=\"font-bold\">Luktl\u00f6s och smakl\u00f6s:<\/strong><\/b> L\u00e4tt att tv\u00e4tta bort och l\u00e4mnar inga oljiga rester f\u00f6r en diskret upplevelse.<\/li>\n<li class=\"text-body font-regular leading-[24px] my-[5px] [&amp;&gt;ol]:!pt-0 [&amp;&gt;ol]:!pb-0 [&amp;&gt;ul]:!pt-0 [&amp;&gt;ul]:!pb-0\" value=\"6\"><b><strong class=\"font-bold\">Extremt bredbar:<\/strong><\/b> Inneh\u00e5ller silikonolja f\u00f6r en exceptionellt smidig konsistens, vilket \u00f6kar njutningen.<\/li>\n<\/ul>\n<h3 class=\"font-bold text-h4 leading-[30px] pt-[15px] pb-[2px] [&amp;_a]:underline-offset-[6px] [&amp;_.underline]:underline-offset-[6px]\" dir=\"ltr\">Produktspecifikationer<\/h3>\n<ul class=\"pt-[9px] pb-[2px] pl-[24px] list-disc [&amp;_ul]:pt-[5px] pt-[5px]\">\n<li class=\"text-body font-regular leading-[24px] my-[5px] [&amp;&gt;ol]:!pt-0 [&amp;&gt;ol]:!pb-0 [&amp;&gt;ul]:!pt-0 [&amp;&gt;ul]:!pb-0\" value=\"1\">Volym: 200 ml<\/li>\n<li class=\"text-body font-regular leading-[24px] my-[5px] [&amp;&gt;ol]:!pt-0 [&amp;&gt;ol]:!pb-0 [&amp;&gt;ul]:!pt-0 [&amp;&gt;ul]:!pb-0\" value=\"2\">Vegansk och djurfri<\/li>\n<li class=\"text-body font-regular leading-[24px] my-[5px] [&amp;&gt;ol]:!pt-0 [&amp;&gt;ol]:!pb-0 [&amp;&gt;ul]:!pt-0 [&amp;&gt;ul]:!pb-0\" value=\"3\">Milj\u00f6v\u00e4nliga ingredienser<\/li>\n<li class=\"text-body font-regular leading-[24px] my-[5px] [&amp;&gt;ol]:!pt-0 [&amp;&gt;ol]:!pb-0 [&amp;&gt;ul]:!pt-0 [&amp;&gt;ul]:!pb-0\" value=\"4\">pH-balanserad formel<\/li>\n<li class=\"text-body font-regular leading-[24px] my-[5px] [&amp;&gt;ol]:!pt-0 [&amp;&gt;ol]:!pb-0 [&amp;&gt;ul]:!pt-0 [&amp;&gt;ul]:!pb-0\" value=\"5\">Luktfri och smakl\u00f6s<\/li>\n<li class=\"text-body font-regular leading-[24px] my-[5px] [&amp;&gt;ol]:!pt-0 [&amp;&gt;ol]:!pb-0 [&amp;&gt;ul]:!pt-0 [&amp;&gt;ul]:!pb-0\" value=\"6\">\u00c5terfuktande ingredienser: aloe vera, allantoin, panthenol<\/li>\n<li class=\"text-body font-regular leading-[24px] my-[5px] [&amp;&gt;ol]:!pt-0 [&amp;&gt;ol]:!pb-0 [&amp;&gt;ul]:!pt-0 [&amp;&gt;ul]:!pb-0\" value=\"7\">Inneh\u00e5ller silikonolja f\u00f6r f\u00f6rb\u00e4ttrad sm\u00f6rjning<\/li>\n<\/ul>\n<p class=\"text-body font-regular leading-[24px] pt-[9px] pb-[2px]\" dir=\"ltr\"><b><strong class=\"font-bold\"><br \/>\nIngredienser:<\/strong><\/b> Aqua, Glycerin, Hydroxyethylcellulose, Dimethicon, Phenoxyethanol, Panthenol, Hydroxypropyl Guar Hydroxypropyltrimonium Chloride, Sodium hyaluronate, Ethylhexylglycerin, Citric acid<\/p>\n<p class=\"text-body font-regular leading-[24px] pt-[9px] pb-[2px]\" dir=\"ltr\">V\u00e4lj Just Glide Premium Anal f\u00f6r en njutbar och milj\u00f6medveten intim upplevelse.<\/p>","protected":false},"excerpt":{"rendered":"<p>Vegansk analgel med Aloe vera och panthenol f\u00f6r ultimat komfort och \u00e5terfuktning. Milj\u00f6v\u00e4nlig och luktfri, 200 ml.<\/p>","protected":false},"featured_media":19416,"comment_status":"open","ping_status":"closed","template":"","meta":[],"product_brand":[770],"product_cat":[479,671],"product_tag":[],"class_list":{"0":"post-19430","1":"product","2":"type-product","3":"status-publish","4":"has-post-thumbnail","6":"product_brand-orion","7":"product_cat-drogist","8":"product_cat-glijmiddelen","10":"first","11":"instock","12":"sale","13":"taxable","14":"shipping-taxable","15":"purchasable","16":"product-type-simple"},"_links":{"self":[{"href":"https:\/\/stage.poppersparadise.eu\/sv\/wp-json\/wp\/v2\/product\/19430","targetHints":{"allow":["GET"]}}],"collection":[{"href":"https:\/\/stage.poppersparadise.eu\/sv\/wp-json\/wp\/v2\/product"}],"about":[{"href":"https:\/\/stage.poppersparadise.eu\/sv\/wp-json\/wp\/v2\/types\/product"}],"replies":[{"embeddable":true,"href":"https:\/\/stage.poppersparadise.eu\/sv\/wp-json\/wp\/v2\/comments?post=19430"}],"wp:featuredmedia":[{"embeddable":true,"href":"https:\/\/stage.poppersparadise.eu\/sv\/wp-json\/wp\/v2\/media\/19416"}],"wp:attachment":[{"href":"https:\/\/stage.poppersparadise.eu\/sv\/wp-json\/wp\/v2\/media?parent=19430"}],"wp:term":[{"taxonomy":"product_brand","embeddable":true,"href":"https:\/\/stage.poppersparadise.eu\/sv\/wp-json\/wp\/v2\/product_brand?post=19430"},{"taxonomy":"product_cat","embeddable":true,"href":"https:\/\/stage.poppersparadise.eu\/sv\/wp-json\/wp\/v2\/product_cat?post=19430"},{"taxonomy":"product_tag","embeddable":true,"href":"https:\/\/stage.poppersparadise.eu\/sv\/wp-json\/wp\/v2\/product_tag?post=19430"}],"curies":[{"name":"wp","href":"https:\/\/api.w.org\/{rel}","templated":true}]}}