{"id":21528,"date":"2025-09-19T16:34:50","date_gmt":"2025-09-19T14:34:50","guid":{"rendered":"https:\/\/stage.poppersparadise.eu\/?post_type=product&#038;p=21528"},"modified":"2025-09-19T16:58:35","modified_gmt":"2025-09-19T14:58:35","slug":"xtrm-glidmedel-pulver-225-g","status":"publish","type":"product","link":"https:\/\/stage.poppersparadise.eu\/sv\/product\/xtrm-glidmedel-pulver-225-g\/","title":{"rendered":"XTRM Sm\u00f6rjmedelspulver 225 g - G\u00f6r 25 liter sm\u00f6rjmedel!"},"content":{"rendered":"<p class=\"text-body font-regular leading-[24px] pt-[9px] pb-xxs\" dir=\"ltr\">XTRM Lube Powder ger dig fullst\u00e4ndig kontroll \u00f6ver din njutning genom att l\u00e5ta dig skapa ett perfekt skr\u00e4ddarsytt, h\u00f6gkvalitativt sm\u00f6rjmedel f\u00f6r varje m\u00f6te. Detta h\u00f6gkoncentrerade pulver f\u00f6rvandlas till en kristallklar, luktfri och smakl\u00f6s vattenbaserad gel, s\u00e5 att du kan v\u00e4lja exakt den konsistens du vill ha. Oavsett om du beh\u00f6ver en tunn, sl\u00e4t bel\u00e4ggning f\u00f6r mild lek eller en ultrakr\u00e4mig, tjock gel f\u00f6r mer intensiva aktiviteter som fisting, har du kontrollen. <strong>En flaska ger hela 25 liter premiumsm\u00f6rjmedel, s\u00e5 att du alltid \u00e4r beredd p\u00e5 \u00e4ventyr<\/strong>.<\/p>\n<p class=\"text-body font-regular leading-[24px] pt-[9px] pb-xxs\" dir=\"ltr\">Upplev o\u00f6vertr\u00e4ffad glid och l\u00e5ngvarig prestanda med en formel som du blandar sj\u00e4lv. Tills\u00e4tt helt enkelt pulvret i ljummet vatten, skaka och l\u00e5t vila. Gelen utvecklas till ett silkeslent sm\u00f6rjmedel som \u00e4r perfekt f\u00f6r solospel, partnersex och anv\u00e4ndning med alla typer av leksaker. Eftersom den \u00e4r vattenbaserad \u00e4r reng\u00f6ringen enkel och l\u00e4mnar inga fl\u00e4ckar eller rester. Ta ansvar f\u00f6r dina k\u00e4nslor och blanda ditt glidmedel precis som du vill ha det.<\/p>\n<h3 class=\"font-semibold pdf-heading-class-replace text-h4 leading-[30px] pb-xxs [&amp;:not(:first-child)]:pt-[15px] [&amp;_a]:underline-offset-[6px] [&amp;_.underline]:underline-offset-[6px]\" dir=\"ltr\">Produktspecifikationer<\/h3>\n<ul class=\"pt-[9px] pb-xxs pl-5xl list-disc pt-[5px]\">\n<li class=\"text-body font-regular leading-[24px] my-[5px] [&amp;&gt;ol]:!pt-0 [&amp;&gt;ol]:!pb-0 [&amp;&gt;ul]:!pt-0 [&amp;&gt;ul]:!pb-0\" dir=\"ltr\" value=\"1\"><b><strong class=\"font-semibold\">Typ:<\/strong><\/b> Koncentrerat sm\u00f6rjmedelspulver (blandas med vatten)<\/li>\n<li class=\"text-body font-regular leading-[24px] my-[5px] [&amp;&gt;ol]:!pt-0 [&amp;&gt;ol]:!pb-0 [&amp;&gt;ul]:!pt-0 [&amp;&gt;ul]:!pb-0\" dir=\"ltr\" value=\"2\"><b><strong class=\"font-semibold\">Avkastning:<\/strong><\/b> 225 g pulver ger upp till 25 liter sm\u00f6rjmedel<\/li>\n<li class=\"text-body font-regular leading-[24px] my-[5px] [&amp;&gt;ol]:!pt-0 [&amp;&gt;ol]:!pb-0 [&amp;&gt;ul]:!pt-0 [&amp;&gt;ul]:!pb-0\" dir=\"ltr\" value=\"3\"><b><strong class=\"font-semibold\">Konsekvent:<\/strong><\/b> Fullst\u00e4ndigt anpassningsbar fr\u00e5n tunn till ultratunn<\/li>\n<li class=\"text-body font-regular leading-[24px] my-[5px] [&amp;&gt;ol]:!pt-0 [&amp;&gt;ol]:!pb-0 [&amp;&gt;ul]:!pt-0 [&amp;&gt;ul]:!pb-0\" dir=\"ltr\" value=\"4\"><b><strong class=\"font-semibold\">Funktioner:<\/strong><\/b> Vattenbaserad, kristallklar, smakl\u00f6s och luktfri<\/li>\n<li class=\"text-body font-regular leading-[24px] my-[5px] [&amp;&gt;ol]:!pt-0 [&amp;&gt;ol]:!pb-0 [&amp;&gt;ul]:!pt-0 [&amp;&gt;ul]:!pb-0\" dir=\"ltr\" value=\"5\"><b><strong class=\"font-semibold\">Kompatibilitet:<\/strong><\/b> S\u00e4ker f\u00f6r alla leksaksmaterial, kondomer och hud<\/li>\n<li class=\"text-body font-regular leading-[24px] my-[5px] [&amp;&gt;ol]:!pt-0 [&amp;&gt;ol]:!pb-0 [&amp;&gt;ul]:!pt-0 [&amp;&gt;ul]:!pb-0\" dir=\"ltr\" value=\"6\"><b><strong class=\"font-semibold\">Ingredienser:<\/strong><\/b> Natriumpolyakrylat (sockerfritt)<\/li>\n<\/ul>","protected":false},"excerpt":{"rendered":"<p>remium tyska glidmedel XTRM FIST erbjuder optimal glidning och stretching f\u00f6r intim lek. L\u00e5ngvarig, icke-klibbig och latexkondomv\u00e4nlig.<\/p>","protected":false},"featured_media":21529,"comment_status":"open","ping_status":"closed","template":"","meta":[],"product_brand":[],"product_cat":[479,671],"product_tag":[],"class_list":{"0":"post-21528","1":"product","2":"type-product","3":"status-publish","4":"has-post-thumbnail","6":"product_cat-drogist","7":"product_cat-glijmiddelen","9":"first","10":"instock","11":"sale","12":"taxable","13":"shipping-taxable","14":"purchasable","15":"product-type-simple"},"_links":{"self":[{"href":"https:\/\/stage.poppersparadise.eu\/sv\/wp-json\/wp\/v2\/product\/21528","targetHints":{"allow":["GET"]}}],"collection":[{"href":"https:\/\/stage.poppersparadise.eu\/sv\/wp-json\/wp\/v2\/product"}],"about":[{"href":"https:\/\/stage.poppersparadise.eu\/sv\/wp-json\/wp\/v2\/types\/product"}],"replies":[{"embeddable":true,"href":"https:\/\/stage.poppersparadise.eu\/sv\/wp-json\/wp\/v2\/comments?post=21528"}],"wp:featuredmedia":[{"embeddable":true,"href":"https:\/\/stage.poppersparadise.eu\/sv\/wp-json\/wp\/v2\/media\/21529"}],"wp:attachment":[{"href":"https:\/\/stage.poppersparadise.eu\/sv\/wp-json\/wp\/v2\/media?parent=21528"}],"wp:term":[{"taxonomy":"product_brand","embeddable":true,"href":"https:\/\/stage.poppersparadise.eu\/sv\/wp-json\/wp\/v2\/product_brand?post=21528"},{"taxonomy":"product_cat","embeddable":true,"href":"https:\/\/stage.poppersparadise.eu\/sv\/wp-json\/wp\/v2\/product_cat?post=21528"},{"taxonomy":"product_tag","embeddable":true,"href":"https:\/\/stage.poppersparadise.eu\/sv\/wp-json\/wp\/v2\/product_tag?post=21528"}],"curies":[{"name":"wp","href":"https:\/\/api.w.org\/{rel}","templated":true}]}}