{"id":21664,"date":"2025-09-23T09:36:02","date_gmt":"2025-09-23T07:36:02","guid":{"rendered":"https:\/\/stage.poppersparadise.eu\/product\/animals-dieren-dildo-bad-wolf-boze-wolf\/"},"modified":"2025-09-23T10:06:00","modified_gmt":"2025-09-23T08:06:00","slug":"djur-dildo-arg-varg","status":"publish","type":"product","link":"https:\/\/stage.poppersparadise.eu\/sv\/product\/djur-dildo-arg-varg\/","title":{"rendered":"Dieren Dildo Boze Wolf"},"content":{"rendered":"<h2 class=\"text-body font-regular leading-[24px] pt-[9px] pb-xxs\" dir=\"ltr\">Dieren Dildo Boze Wolf \u00e4r din inbjudan att svara p\u00e5 vildmarkens lockrop och erbjuder en kraftfullt stor och sp\u00e4nnande formad upplevelse f\u00f6r dem som l\u00e4ngtar efter en formidabel utmaning.<\/h2>\n<p class=\"text-body font-regular leading-[24px] pt-[9px] pb-xxs\" dir=\"ltr\">Den h\u00e4r dildon \u00e4r inspirerad av den legendariska Bad Wolf och \u00e4r utformad f\u00f6r att dominera dina sinnen med sitt rej\u00e4la, avsmalnande skaft som stiger fr\u00e5n 4,5 cm till imponerande 7,0 cm i diameter. Dess verklighetstrogna form och rena storlek \u00e4r gjorda f\u00f6r att ge en djup, tillfredsst\u00e4llande stretch och en k\u00e4nsla av fullst\u00e4ndig fullhet som f\u00e5r dig att gr\u00e5ta efter mer.<\/p>\n<p class=\"text-body font-regular leading-[24px] pt-[9px] pb-xxs\" dir=\"ltr\">Denna dildo \u00e4r tillverkad av mjuk, b\u00f6jlig PVC och kombinerar p\u00e5 ett m\u00e4sterligt s\u00e4tt en fast k\u00e4rna med en flexibel kropp, som anpassar sig till dina r\u00f6relser samtidigt som den erbjuder djup stimulering. Den \u00e4r expertdesignad f\u00f6r b\u00e5de vaginal och anal utforskning och lovar en tillfredsst\u00e4llande och hisnande upplevelse trots sin skr\u00e4mmande n\u00e4rvaro. Kompatibel med alla typer av glidmedel - vatten-, silikon- eller oljebaserade - ger den h\u00e4r leksaken dig friheten att sl\u00e4ppa loss dina mest prim\u00e4ra \u00f6nskningar och ge dig h\u00e4n till en of\u00f6rgl\u00f6mlig jakt p\u00e5 njutning.<\/p>\n<h3 class=\"font-semibold pdf-heading-class-replace text-h4 leading-[30px] pb-xxs [&amp;:not(:first-child)]:pt-[15px] [&amp;_a]:underline-offset-[6px] [&amp;_.underline]:underline-offset-[6px]\" dir=\"ltr\">Produktspecifikationer<\/h3>\n<ul class=\"pt-[9px] pb-xxs pl-5xl list-disc pt-[5px]\">\n<li class=\"text-body font-regular leading-[24px] my-[5px] [&amp;&gt;ol]:!pt-0 [&amp;&gt;ol]:!pb-0 [&amp;&gt;ul]:!pt-0 [&amp;&gt;ul]:!pb-0\" dir=\"ltr\" value=\"1\"><b><strong class=\"font-semibold\">Material:<\/strong><\/b> Mjuk, kroppss\u00e4ker PVC<\/li>\n<li class=\"text-body font-regular leading-[24px] my-[5px] [&amp;&gt;ol]:!pt-0 [&amp;&gt;ol]:!pb-0 [&amp;&gt;ul]:!pt-0 [&amp;&gt;ul]:!pb-0\" dir=\"ltr\" value=\"2\"><b><strong class=\"font-semibold\">Total h\u00f6jd:<\/strong><\/b> 25 cm<\/li>\n<li class=\"text-body font-regular leading-[24px] my-[5px] [&amp;&gt;ol]:!pt-0 [&amp;&gt;ol]:!pb-0 [&amp;&gt;ul]:!pt-0 [&amp;&gt;ul]:!pb-0\" dir=\"ltr\" value=\"3\"><b><strong class=\"font-semibold\">Insticksl\u00e4ngd:<\/strong><\/b> 22 cm<\/li>\n<li class=\"text-body font-regular leading-[24px] my-[5px] [&amp;&gt;ol]:!pt-0 [&amp;&gt;ol]:!pb-0 [&amp;&gt;ul]:!pt-0 [&amp;&gt;ul]:!pb-0\" dir=\"ltr\" value=\"4\"><b><strong class=\"font-semibold\">Diameter:<\/strong><\/b> 4,5 cm till 7,0 cm (avsmalnande)<\/li>\n<li class=\"text-body font-regular leading-[24px] my-[5px] [&amp;&gt;ol]:!pt-0 [&amp;&gt;ol]:!pb-0 [&amp;&gt;ul]:!pt-0 [&amp;&gt;ul]:!pb-0\" dir=\"ltr\" value=\"5\"><b><strong class=\"font-semibold\">Design:<\/strong><\/b> Verklighetstrogen replika av en Angry Wolf-penis<\/li>\n<\/ul>","protected":false},"excerpt":{"rendered":"<p>Animals Dildos \u00e4r ett absolut m\u00e5ste f\u00f6r alla \u00e4lskare av Petplay. Du kommer inte att hitta b\u00e4ttre repliker. Mycket bra, mjukt, kompakt och flexibelt material. Dessa leksaker \u00e4r tillverkade i Europa.<\/p>","protected":false},"featured_media":21663,"comment_status":"open","ping_status":"closed","template":"","meta":[],"product_brand":[786],"product_cat":[766,785],"product_tag":[],"class_list":{"0":"post-21664","1":"product","2":"type-product","3":"status-publish","4":"has-post-thumbnail","6":"product_brand-animals","7":"product_cat-dildos","8":"product_cat-realistische-dieren-dildos","10":"first","11":"instock","12":"sale","13":"taxable","14":"shipping-taxable","15":"purchasable","16":"product-type-simple"},"_links":{"self":[{"href":"https:\/\/stage.poppersparadise.eu\/sv\/wp-json\/wp\/v2\/product\/21664","targetHints":{"allow":["GET"]}}],"collection":[{"href":"https:\/\/stage.poppersparadise.eu\/sv\/wp-json\/wp\/v2\/product"}],"about":[{"href":"https:\/\/stage.poppersparadise.eu\/sv\/wp-json\/wp\/v2\/types\/product"}],"replies":[{"embeddable":true,"href":"https:\/\/stage.poppersparadise.eu\/sv\/wp-json\/wp\/v2\/comments?post=21664"}],"wp:featuredmedia":[{"embeddable":true,"href":"https:\/\/stage.poppersparadise.eu\/sv\/wp-json\/wp\/v2\/media\/21663"}],"wp:attachment":[{"href":"https:\/\/stage.poppersparadise.eu\/sv\/wp-json\/wp\/v2\/media?parent=21664"}],"wp:term":[{"taxonomy":"product_brand","embeddable":true,"href":"https:\/\/stage.poppersparadise.eu\/sv\/wp-json\/wp\/v2\/product_brand?post=21664"},{"taxonomy":"product_cat","embeddable":true,"href":"https:\/\/stage.poppersparadise.eu\/sv\/wp-json\/wp\/v2\/product_cat?post=21664"},{"taxonomy":"product_tag","embeddable":true,"href":"https:\/\/stage.poppersparadise.eu\/sv\/wp-json\/wp\/v2\/product_tag?post=21664"}],"curies":[{"name":"wp","href":"https:\/\/api.w.org\/{rel}","templated":true}]}}