{"id":21674,"date":"2025-09-23T09:36:23","date_gmt":"2025-09-23T07:36:23","guid":{"rendered":"https:\/\/stage.poppersparadise.eu\/product\/animals-dieren-dildo-hulok\/"},"modified":"2025-09-23T09:51:40","modified_gmt":"2025-09-23T07:51:40","slug":"djur-dildo-hulok","status":"publish","type":"product","link":"https:\/\/stage.poppersparadise.eu\/sv\/product\/djur-dildo-hulok\/","title":{"rendered":"Dieren Dildo Hulok"},"content":{"rendered":"<h2 class=\"wp-block-heading\">Dieren Dildo Hulok inbjuder dig att utforska din vilda sida med ett unikt utformat och naturtroget verktyg f\u00f6r ultimat njutning. <\/h2>\n\n\n\n<p>Den h\u00e4r dildon \u00e4r perfekt f\u00f6r dig som s\u00f6ker en annan typ av stimulans och har en distinkt design inspirerad av en Hulok-penis. Dess unika former och verklighetstrogna detaljer \u00e4r speciellt utformade f\u00f6r att erbjuda intensiva, sp\u00e4nnande sensationer och ta dig med p\u00e5 ett \u00e4ventyr utanf\u00f6r allfarv\u00e4garna.<\/p>\n\n\n\n<p>Denna dildo \u00e4r tillverkad av mjuk, flexibel PVC och kombinerar fasthet med flexibilitet f\u00f6r en otrolig upplevelse. Den \u00e4r l\u00e4mplig f\u00f6r b\u00e5de vaginal och anal stimulering och ger en bekv\u00e4m men tillfredsst\u00e4llande k\u00e4nsla. Materialet \u00e4r kompatibelt med alla typer av glidmedel - vatten-, silikon- eller oljebaserade - s\u00e5 att du alltid kan njuta p\u00e5 ditt s\u00e4tt. Sl\u00e4pp loss dina djuriska instinkter och upplev en helt ny form av extas.<\/p>\n\n\n\n<h3 class=\"wp-block-heading\">Produktspecifikationer<\/h3>\n\n\n\n<ul class=\"wp-block-list\">\n<li><strong>Material:<\/strong> Mjuk och kroppss\u00e4ker PVC<\/li>\n\n\n\n<li><strong>Total h\u00f6jd:<\/strong> 21,5 cm<\/li>\n\n\n\n<li><strong>Insticksl\u00e4ngd:<\/strong> 16,5 cm<\/li>\n\n\n\n<li><strong>Diameter:<\/strong> 3,8 cm till 4,8 cm<\/li>\n\n\n\n<li><strong>Design:<\/strong> Verklighetstrogen replika av en Hulok-penis<\/li>\n<\/ul>\n\n\n\n<h3 class=\"wp-block-heading\">Meta beskrivning<\/h3>\n\n\n\n<p>Uppt\u00e4ck din vilda sida med denna realistiska Animal Dildo. Inspirerad av en Hulok, erbjuder dess unika form sp\u00e4nnande och annorlunda njutning.<\/p>","protected":false},"excerpt":{"rendered":"<p>Animals Dildos \u00e4r ett absolut m\u00e5ste f\u00f6r alla \u00e4lskare av Petplay. Du kommer inte att hitta b\u00e4ttre repliker. Mycket bra, mjukt, kompakt och flexibelt material. Dessa leksaker \u00e4r tillverkade i Europa.<\/p>","protected":false},"featured_media":21673,"comment_status":"open","ping_status":"closed","template":"","meta":[],"product_brand":[786],"product_cat":[766,785],"product_tag":[],"class_list":{"0":"post-21674","1":"product","2":"type-product","3":"status-publish","4":"has-post-thumbnail","6":"product_brand-animals","7":"product_cat-dildos","8":"product_cat-realistische-dieren-dildos","10":"first","11":"instock","12":"sale","13":"taxable","14":"shipping-taxable","15":"purchasable","16":"product-type-simple"},"_links":{"self":[{"href":"https:\/\/stage.poppersparadise.eu\/sv\/wp-json\/wp\/v2\/product\/21674","targetHints":{"allow":["GET"]}}],"collection":[{"href":"https:\/\/stage.poppersparadise.eu\/sv\/wp-json\/wp\/v2\/product"}],"about":[{"href":"https:\/\/stage.poppersparadise.eu\/sv\/wp-json\/wp\/v2\/types\/product"}],"replies":[{"embeddable":true,"href":"https:\/\/stage.poppersparadise.eu\/sv\/wp-json\/wp\/v2\/comments?post=21674"}],"wp:featuredmedia":[{"embeddable":true,"href":"https:\/\/stage.poppersparadise.eu\/sv\/wp-json\/wp\/v2\/media\/21673"}],"wp:attachment":[{"href":"https:\/\/stage.poppersparadise.eu\/sv\/wp-json\/wp\/v2\/media?parent=21674"}],"wp:term":[{"taxonomy":"product_brand","embeddable":true,"href":"https:\/\/stage.poppersparadise.eu\/sv\/wp-json\/wp\/v2\/product_brand?post=21674"},{"taxonomy":"product_cat","embeddable":true,"href":"https:\/\/stage.poppersparadise.eu\/sv\/wp-json\/wp\/v2\/product_cat?post=21674"},{"taxonomy":"product_tag","embeddable":true,"href":"https:\/\/stage.poppersparadise.eu\/sv\/wp-json\/wp\/v2\/product_tag?post=21674"}],"curies":[{"name":"wp","href":"https:\/\/api.w.org\/{rel}","templated":true}]}}