{"id":866,"date":"2024-10-08T16:52:13","date_gmt":"2024-10-08T14:52:13","guid":{"rendered":"https:\/\/stage.poppersparadise.eu\/product\/amyl-titanium-24ml\/"},"modified":"2025-09-18T20:07:47","modified_gmt":"2025-09-18T18:07:47","slug":"amyl-titan-poppers-24ml","status":"publish","type":"product","link":"https:\/\/stage.poppersparadise.eu\/sv\/product\/amyl-titan-poppers-24ml\/","title":{"rendered":"Amyl Titanium 24ml"},"content":{"rendered":"<h2 class=\"wp-block-heading\">Sl\u00e4pp loss med v\u00e5r kraftfulla Amyl Titanium Poppers<\/h2>\n\n\n\n<p>Uppt\u00e4ck kraften i Amyl Titanium Poppers, f\u00f6rpackad i en praktisk 24 ml kvadratisk flaska. Denna h\u00f6gkvalitativa doftspridare erbjuder en intensiv och l\u00e5ngvarig doftupplevelse, speciellt utformad f\u00f6r erfarna anv\u00e4ndare som s\u00f6ker kvalitet och effektivitet.<\/p>\n\n\n\n<h3 class=\"wp-block-heading\">Viktiga funktioner<\/h3>\n\n\n\n<ul class=\"wp-block-list\">\n<li><strong>L\u00e5ngvarig luktspridning<\/strong>: Med en kapacitet p\u00e5 24 ml kan du njuta av en kraftfull doftupplevelse under l\u00e4ngre tid.<\/li>\n\n\n\n<li><strong>Kraftfull formel<\/strong>: Inneh\u00e5ller isoamylnitrit, en av de starkaste och mest effektiva formuleringarna.<\/li>\n\n\n\n<li><strong>Bekv\u00e4mt format<\/strong>: Den fyrkantiga flaskan \u00e4r kompakt och l\u00e4tt att f\u00f6rvara.<\/li>\n<\/ul>\n\n\n\n<h3 class=\"wp-block-heading\">Viktig anv\u00e4ndarinformation<\/h3>\n\n\n\n<ul class=\"wp-block-list\">\n<li>Denna produkt \u00e4r endast avsedd att anv\u00e4ndas som doftspridare eller reng\u00f6ringsmedel.<\/li>\n\n\n\n<li>Det \u00e4r inte l\u00e4mpligt f\u00f6r f\u00f6rt\u00e4ring eller inandning.<\/li>\n\n\n\n<li>Undvik direkt hudkontakt p\u00e5 grund av dess fr\u00e4tande egenskaper.<\/li>\n\n\n\n<li>F\u00f6rvara p\u00e5 en sval och m\u00f6rk plats och st\u00e4ng flaskan ordentligt efter anv\u00e4ndning.<\/li>\n<\/ul>\n\n\n\n<h3 class=\"wp-block-heading\">Varningar<\/h3>\n\n\n\n<ul class=\"wp-block-list\">\n<li>Mycket brandfarlig v\u00e4tska och \u00e5nga (H225).<\/li>\n\n\n\n<li>Orsakar hud- och \u00f6gonirritation (H315\/H319).<\/li>\n\n\n\n<li>Giftigt vid inandning (H331).<\/li>\n\n\n\n<li>Inte ett l\u00e4kemedel eller en medicinsk produkt.<\/li>\n\n\n\n<li>Anv\u00e4nd endast enligt anvisningarna.<\/li>\n<\/ul>\n\n\n\n<h3 class=\"wp-block-heading\">F\u00f6rvaring<\/h3>\n\n\n\n<ul class=\"wp-block-list\">\n<li>F\u00f6rvaras svalt och torrt.<\/li>\n\n\n\n<li>F\u00f6rvaras o\u00e5tkomligt f\u00f6r barn.<\/li>\n<\/ul>\n\n\n\n<p><strong>Land av ursprung<\/strong>: Luxemburg<\/p>\n\n\n\n<h3 class=\"wp-block-heading\">Best\u00e4ll Amyl Titanium Poppers idag<\/h3>\n\n\n\n<p>Med Amyl Titanium Poppers f\u00e5r du en kraftfull doftspridare som kombinerar kvalitet och funktionalitet. Best\u00e4ll idag och uppt\u00e4ck varf\u00f6r denna produkt \u00e4r en favorit bland doftspridarentusiaster!<\/p>","protected":false},"excerpt":{"rendered":"<p><strong><br \/>KOMPATIBLA TILLBEH\u00d6R:<\/strong><\/p>\n<ul>\n<li><a href=\"https:\/\/stage.poppersparadise.eu\/sv\/produktkategori\/tillbehor\/sniffare-stora\/\">Sniffers Large<\/a><\/li>\n<li><a href=\"https:\/\/stage.poppersparadise.eu\/sv\/product\/xtrm-poppershallare-stor-2\/\">XTRM Poppers H\u00e5llare stor<\/a><\/li>\n<li><a href=\"https:\/\/stage.poppersparadise.eu\/sv\/product\/xtrm-poppers-keeper-stor-24ml\/\">XTRM Poppers Keeper stor<\/a><\/li>\n<\/ul>","protected":false},"featured_media":330,"comment_status":"open","ping_status":"closed","template":"","meta":[],"product_brand":[736],"product_cat":[35],"product_tag":[],"class_list":{"0":"post-866","1":"product","2":"type-product","3":"status-publish","4":"has-post-thumbnail","6":"product_brand-amyl","7":"product_cat-grote-flesjes-poppers","9":"first","10":"instock","11":"taxable","12":"shipping-taxable","13":"purchasable","14":"product-type-simple"},"_links":{"self":[{"href":"https:\/\/stage.poppersparadise.eu\/sv\/wp-json\/wp\/v2\/product\/866","targetHints":{"allow":["GET"]}}],"collection":[{"href":"https:\/\/stage.poppersparadise.eu\/sv\/wp-json\/wp\/v2\/product"}],"about":[{"href":"https:\/\/stage.poppersparadise.eu\/sv\/wp-json\/wp\/v2\/types\/product"}],"replies":[{"embeddable":true,"href":"https:\/\/stage.poppersparadise.eu\/sv\/wp-json\/wp\/v2\/comments?post=866"}],"wp:featuredmedia":[{"embeddable":true,"href":"https:\/\/stage.poppersparadise.eu\/sv\/wp-json\/wp\/v2\/media\/330"}],"wp:attachment":[{"href":"https:\/\/stage.poppersparadise.eu\/sv\/wp-json\/wp\/v2\/media?parent=866"}],"wp:term":[{"taxonomy":"product_brand","embeddable":true,"href":"https:\/\/stage.poppersparadise.eu\/sv\/wp-json\/wp\/v2\/product_brand?post=866"},{"taxonomy":"product_cat","embeddable":true,"href":"https:\/\/stage.poppersparadise.eu\/sv\/wp-json\/wp\/v2\/product_cat?post=866"},{"taxonomy":"product_tag","embeddable":true,"href":"https:\/\/stage.poppersparadise.eu\/sv\/wp-json\/wp\/v2\/product_tag?post=866"}],"curies":[{"name":"wp","href":"https:\/\/api.w.org\/{rel}","templated":true}]}}