{"id":940,"date":"2024-10-08T14:52:35","date_gmt":"2024-10-08T14:52:35","guid":{"rendered":"https:\/\/stage.poppersparadise.eu\/product\/original-super30ml\/"},"modified":"2025-09-30T16:33:30","modified_gmt":"2025-09-30T14:33:30","slug":"original-super-poppers-30ml","status":"publish","type":"product","link":"https:\/\/stage.poppersparadise.eu\/sv\/product\/original-super-poppers-30ml\/","title":{"rendered":"\u26a1Original Super\u26a130ml"},"content":{"rendered":"<h2 class=\"wp-block-heading\">Upplev supersp\u00e4nningen Original<\/h2>\n\n\n\n<p>Ontdek een unieke geurbeleving met Original Super, ge\u00efnspireerd op de iconische Amyl-formule uit de jaren &#8217;90. Deze geurverspreider biedt een geleidelijke intensivering van aroma&#8217;s, perfect voor liefhebbers die op zoek zijn naar een krachtige en langdurige geurervaring.<\/p>\n\n\n\n<h3 class=\"wp-block-heading\">Produktspecifikationer<\/h3>\n\n\n\n<ul class=\"wp-block-list\">\n<li><strong>Herinterpretatie van een klassieker<\/strong>: Gebaseerd op de Amyl-formule uit de jaren &#8217;90<\/li>\n\n\n\n<li><strong>Unieke geurontwikkeling<\/strong>: Geleidelijk intensiverende aroma&#8217;s<\/li>\n\n\n\n<li><strong>Krachtige en langdurige geurverspreiding<\/strong><\/li>\n\n\n\n<li><strong>Tillg\u00e4ngliga storlekar<\/strong>: 10 ml \/ 30 ml<\/li>\n\n\n\n<li><strong>Sammans\u00e4ttning<\/strong>: Bevat isoamylnitriet<\/li>\n\n\n\n<li><strong>M\u00e5ngsidig anv\u00e4ndning<\/strong>: Ideaal voor speciale gelegenheden<\/li>\n\n\n\n<li><strong>Exklusivt erbjudande<\/strong>: Profiteer van aantrekkelijke bulkkortingen<\/li>\n<\/ul>\n\n\n\n<h3 class=\"wp-block-heading\">Viktig anv\u00e4ndarinformation<\/h3>\n\n\n\n<ul class=\"wp-block-list\">\n<li>Denna produkt \u00e4r endast avsedd att anv\u00e4ndas som doftspridare eller reng\u00f6ringsmedel.<\/li>\n\n\n\n<li>Det \u00e4r inte l\u00e4mpligt f\u00f6r f\u00f6rt\u00e4ring eller inandning.<\/li>\n\n\n\n<li>Undvik direktkontakt med hud eller \u00f6gon p\u00e5 grund av dess fr\u00e4tande egenskaper.<\/li>\n\n\n\n<li>F\u00f6rvara p\u00e5 en sval och m\u00f6rk plats och st\u00e4ng flaskan ordentligt efter anv\u00e4ndning.<\/li>\n<\/ul>\n\n\n\n<h3 class=\"wp-block-heading\">Varningar<\/h3>\n\n\n\n<ul class=\"wp-block-list\">\n<li>Mycket brandfarlig v\u00e4tska och \u00e5nga (H225).<\/li>\n\n\n\n<li>Orsakar hud- och \u00f6gonirritation (H315\/H319).<\/li>\n\n\n\n<li>Giftigt vid inandning (H331).<\/li>\n\n\n\n<li>Inte ett l\u00e4kemedel eller en medicinsk produkt.<\/li>\n\n\n\n<li>Anv\u00e4nd endast enligt anvisningarna.<\/li>\n<\/ul>\n\n\n\n<h3 class=\"wp-block-heading\">F\u00f6rvaring<\/h3>\n\n\n\n<ul class=\"wp-block-list\">\n<li>F\u00f6rvaras svalt och torrt.<\/li>\n\n\n\n<li>F\u00f6rvaras o\u00e5tkomligt f\u00f6r barn.<\/li>\n<\/ul>\n\n\n\n<p><strong>Land av ursprung<\/strong>: Luxemburg<\/p>\n\n\n\n<h3 class=\"wp-block-heading\">Bestel Original Super vandaag nog<\/h3>\n\n\n\n<p>Met Original Super haal je een hoogwaardige geurverspreider in huis die kwaliteit en functionaliteit combineert. Bestel vandaag nog en ontdek waarom dit product een favoriet is onder liefhebbers van geurverspreiders!<\/p>","protected":false},"excerpt":{"rendered":"<p>Amyl<\/p>","protected":false},"featured_media":452,"comment_status":"open","ping_status":"closed","template":"","meta":[],"product_brand":[748],"product_cat":[35],"product_tag":[],"class_list":{"0":"post-940","1":"product","2":"type-product","3":"status-publish","4":"has-post-thumbnail","6":"product_brand-original","7":"product_cat-grote-flesjes-poppers","9":"first","10":"instock","11":"taxable","12":"shipping-taxable","13":"purchasable","14":"product-type-simple"},"_links":{"self":[{"href":"https:\/\/stage.poppersparadise.eu\/sv\/wp-json\/wp\/v2\/product\/940","targetHints":{"allow":["GET"]}}],"collection":[{"href":"https:\/\/stage.poppersparadise.eu\/sv\/wp-json\/wp\/v2\/product"}],"about":[{"href":"https:\/\/stage.poppersparadise.eu\/sv\/wp-json\/wp\/v2\/types\/product"}],"replies":[{"embeddable":true,"href":"https:\/\/stage.poppersparadise.eu\/sv\/wp-json\/wp\/v2\/comments?post=940"}],"wp:featuredmedia":[{"embeddable":true,"href":"https:\/\/stage.poppersparadise.eu\/sv\/wp-json\/wp\/v2\/media\/452"}],"wp:attachment":[{"href":"https:\/\/stage.poppersparadise.eu\/sv\/wp-json\/wp\/v2\/media?parent=940"}],"wp:term":[{"taxonomy":"product_brand","embeddable":true,"href":"https:\/\/stage.poppersparadise.eu\/sv\/wp-json\/wp\/v2\/product_brand?post=940"},{"taxonomy":"product_cat","embeddable":true,"href":"https:\/\/stage.poppersparadise.eu\/sv\/wp-json\/wp\/v2\/product_cat?post=940"},{"taxonomy":"product_tag","embeddable":true,"href":"https:\/\/stage.poppersparadise.eu\/sv\/wp-json\/wp\/v2\/product_tag?post=940"}],"curies":[{"name":"wp","href":"https:\/\/api.w.org\/{rel}","templated":true}]}}